{"id":11491,"date":"2019-11-05T13:42:02","date_gmt":"2019-11-05T13:42:02","guid":{"rendered":"https:\/\/luggagehero.com\/siviglia\/"},"modified":"2023-08-22T13:11:56","modified_gmt":"2023-08-22T13:11:56","slug":"siviglia","status":"publish","type":"page","link":"https:\/\/luggagehero.com\/it\/siviglia\/","title":{"rendered":"Siviglia"},"content":{"rendered":"<p>Non hai pi\u00f9 bisogno di cercare degli armadietti per depositare il tuo bagaglio. La prossima volta che sarai a Siviglia, ricordati che LuggageHero \u00e8 qui per salvarti dai guai!<\/p>\n<p>Consegna le tue borse utilizzando il circuito di pi\u00f9 di 20 punti LuggageHero presso negozi della zona, situati attorno ai principali snodi della viabilit\u00e0 e ai quartieri pi\u00f9 famosi. Questi includono: la <a href=\"https:\/\/luggagehero.com\/seville\/sevilla-santa-justa-station\/\">Stazione Sevilla Santa Justa <\/a>, <a href=\"https:\/\/luggagehero.com\/seville\/plaza-nueva\/\">Plaza Nueva<\/a>, <a href=\"https:\/\/luggagehero.com\/seville\/plaza-de-armas\/\">Plaza De Armas<\/a> e la zona del <a href=\"https:\/\/luggagehero.com\/seville\/city-center\/\">Centro citt\u00e0<\/a>.<\/p>\n<p>Immagina di arrivare dall\u2019aeroporto di Siviglia diverse ore prima che il tuo alloggio sia disponibile e di voler visitare le bellezze della citt\u00e0 senza doverti trascinare dietro il tuo bagaglio. Magari vorresti visitare la <a href=\"https:\/\/luggagehero.com\/seville\/cathedral-de-sevilla\/\">Cattedrale di Siviglia<\/a> o la <a href=\"https:\/\/luggagehero.com\/seville\/plaza-de-espana\/\">Plaza de Espa\u00f1a<\/a>, oppure semplicemente passeggiare per le vie dello shopping <a href=\"https:\/\/luggagehero.com\/seville\/calle-sierpes\/\">Calle Sierpes<\/a> e <a href=\"https:\/\/luggagehero.com\/seville\/calle-tetuan\/\">Calle Tetu\u00e1n<\/a>. Qualsiasi cosa tu decida di fare, siamo qui per custodire il tuo bagaglio.<\/p>\n<p>&nbsp;<\/p>\n<p><img loading=\"lazy\" decoding=\"async\" class=\"aligncenter wp-image-2267\" title=\"Affida il tuo bagaglio a Londra a un LuggageHero\" src=\"https:\/\/luggagehero.com\/wp-content\/uploads\/2017\/06\/LuggageHero_figur_fod-paa-kufferter-1-720x907.png\" alt=\"Affida il tuo bagaglio a Londra a un LuggageHero\" width=\"333\" height=\"420\" \/><\/p>\n<p><b>Il nostro servizio \u00e8 simile al deposito bagagli dell&#8217;hotel<\/b><\/p>\n<p><span style=\"font-weight: 400;\">Quante volte ti sei chiesto \u201csi possono lasciare i bagagli in stazione, o nell\u2019hotel?\u201d \u201cstazione termini deposito bagagli prezzi?\u201d<\/span><\/p>\n<p><span style=\"font-weight: 400;\">Molti viaggiatori si fanno queste domande, e molte volte vengono fatte al personale della reception. Non c&#8217;\u00e8 pi\u00f9 bisogno di farsi queste domande: LuggageHero offre, pi\u00f9 o meno, lo stesso servizio per tutti, non importa se soggiorni in un hotel, Airbnb o altrove. Siamo sempre pronti ad aiutarti.<\/span><\/p>\n<p><b>Riponi le tue valigie nei negozi verificati con questo codice sconto<\/b><\/p>\n<p><span style=\"font-weight: 400;\">Ai nostri affezionati clienti e nuovi clienti offriamo un codice sconto per due ore di deposito bagagli GRATUITO. Il codice sconto \u00e8 valido per il resto dell\u2019anno in TUTTE le citt\u00e0 e in TUTTI i negozi, inclusi i negozi Premium Partner!<\/span><\/p>\n<p style=\"text-align: center;\"><span style=\"font-weight: 400;\">Utilizza semplicemente il seguente codice sconto al momento della prenotazione:<\/span><\/p>\n<p style=\"text-align: center;\"><b>LOVE2<\/b><\/p>\n<h2><strong>Ricordati di scaricare la nostra app!<\/strong><\/h2>\n<p>Grazie all&#8217; app di LuggageHero puoi facilmente trovarci a Siviglia e lasciarci il tuo bagaglio. 1000+ location ti aspettano, scarica la nostra app!<\/p>\n\n<div class=\"block-app-downloader\">\n\t<ul class=\"app-images\">\n\t\t\t\t\t<li class=\"app-img\">\n\t\t\t\t<img decoding=\"async\" loading=\"lazy\" src=\"https:\/\/luggagehero.com\/wp-content\/uploads\/2020\/08\/app-1.png\" alt=\"App screenshot\">\n\t\t\t<\/li>\n\t\t\t\t\t<li class=\"app-img\">\n\t\t\t\t<img decoding=\"async\" loading=\"lazy\" src=\"https:\/\/luggagehero.com\/wp-content\/uploads\/2020\/08\/app-2.png\" alt=\"App screenshot\">\n\t\t\t<\/li>\n\t\t\t\t\t<li class=\"app-img\">\n\t\t\t\t<img decoding=\"async\" loading=\"lazy\" src=\"https:\/\/luggagehero.com\/wp-content\/uploads\/2020\/08\/app-3.png\" alt=\"App screenshot\">\n\t\t\t<\/li>\n\t\t\t\t\t<li class=\"app-img\">\n\t\t\t\t<img decoding=\"async\" loading=\"lazy\" src=\"https:\/\/luggagehero.com\/wp-content\/uploads\/2020\/08\/app-4.png\" alt=\"App screenshot\">\n\t\t\t<\/li>\n\t\t\t\t\t<li class=\"app-img\">\n\t\t\t\t<img decoding=\"async\" loading=\"lazy\" src=\"https:\/\/luggagehero.com\/wp-content\/uploads\/2020\/08\/app-5.png\" alt=\"App screenshot\">\n\t\t\t<\/li>\n\t\t\t<\/ul>\n\n\t<div class=\"apps-box\">\n\t\t<p> Usa LuggageHero ovunque con l'app ufficiale per iPhone e Android<\/p>\n\t\t<a href=\"https:\/\/apps.apple.com\/us\/app\/luggagehero-luggage-storage\/id1481057935\" target=\"_blank\">\n\t\t\t<img decoding=\"async\" loading=\"lazy\" src=\"https:\/\/luggagehero.com\/wp-content\/uploads\/2020\/08\/badge-as.png\" alt=\"Download on the ios App Store\">\n\t\t<\/a>\n\n\t\t<a href=\"https:\/\/play.google.com\/store\/apps\/details?id=com.luggagehero.android\" target=\"_blank\">\n\t\t\t<img decoding=\"async\" loading=\"lazy\" src=\"https:\/\/luggagehero.com\/wp-content\/uploads\/2020\/08\/badge-gp.png\" alt=\"Get it on Google Play\">\n\t\t<\/a>\n\t<\/div>\n<\/div>\n<p>Basta andare sulla <a href=\"https:\/\/app.luggagehero.com\/home;location=Hamborg;lat=53,5510846;lon=9,993681899999956\">piattaforma di prenotazione LuggageHero<\/a> per trovare un punto di deposito a portata di mano, all\u2019interno di un negozio o di un altro esercizio commerciale, tutti <a href=\"https:\/\/luggagehero.com\/about\/certified-shops\/\">verificati da noi<\/a>. Utilizzando la nostra mappa potrai trovare i negozi che sono pi\u00f9 vicini alle stazioni che utilizzerai, oppure alle attrazioni turistiche che visiterai e potrai depositare l\u00ec il tuo bagaglio.<\/p>\n<p><strong>Ti stiamo aspettando<\/strong><\/p>\n<p>La tua protezione e la tua sicurezza sono la nostra priorit\u00e0. Ecco perch\u00e9 abbiamo degli impiegati LuggageHero che recensiscono e certificano tutti i nostri negozi a Siviglia. Inoltre, sigilliamo ogni singolo bagaglio per assicurarti che rimanga al sicuro da qualsiasi manomissione. Oltre a tutto questo, assicuriamo ogni singola borsa e il suo contenuto fino a <pricing-component type=\"insurancecoverage\"><\/pricing-component>. Se hai bisogno di parlare a qualcuno di noi di LuggageHero, siamo qui per te 24 ore su 24, 7 giorni su 7, attraverso il nostro sistema di chat online.<\/p>\n<h5><strong>Consulta la nostra mappa!<\/strong><\/h5>\n<map-of-shops><\/map-of-shops>\n<h4 style=\"text-align: left;\">Prenota\u00a0senza rischi<\/h4>\n<p>Vogliamo rendere i tuoi viaggi il pi\u00f9 snelli e semplici possibile: questo \u00e8 il motivo per cui per noi \u00e8 cos\u00ec importante che <strong>non ti venga addebitato NESSUN COSTO<\/strong> finch\u00e9 il tuo bagaglio non sia stato consegnato.<\/p>\n<p>Utilizza il nostro sistema di prenotazione online per scegliere il miglior deposito bagagli di Siviglia per la tua posizione e i tuoi programmi. Puoi sia prenotare al tuo arrivo presso il negozio, oppure prenotare online in anticipo per assicurarti il tuo posto. Prenota in anticipo per essere sicuro di avere lo spazio per il tuo bagaglio<\/p>\n<h4>Guida ai Depositi Bagagli a Siviglia<\/h4>\n<p>Il nostro team di LuggageHero ha preparato una guida e una mappa specificamente progettata per individuare i punti dove poter depositare il tuo bagaglio mentre visiti la meravigliosa citt\u00e0 di Siviglia. Clicca il link qui sotto per saperne di pi\u00f9 su dove e come depositare il tuo bagaglio a Siviglia: <a href=\"https:\/\/luggagehero.com\/find-luggage-storage-seville\/\">https:\/\/luggagehero.com\/find-luggage-storage-seville\/<\/a><\/p>\n","protected":false},"excerpt":{"rendered":"<p>Non hai pi\u00f9 bisogno di cercare degli armadietti per depositare il tuo bagaglio. La prossima volta che sarai a Siviglia, ricordati che LuggageHero \u00e8 qui per salvarti dai guai! Consegna le tue borse utilizzando il circuito di pi\u00f9 di 20 punti LuggageHero presso negozi della zona, situati attorno ai principali snodi della viabilit\u00e0 e ai [&hellip;]<\/p>\n","protected":false},"author":9,"featured_media":9108,"parent":0,"menu_order":0,"comment_status":"closed","ping_status":"closed","template":"template-location.php","meta":{"_acf_changed":false,"footnotes":""},"class_list":["post-11491","page","type-page","status-publish","has-post-thumbnail","hentry"],"acf":[],"yoast_head":"<!-- This site is optimized with the Yoast SEO Premium plugin v27.0 (Yoast SEO v27.0) - https:\/\/yoast.com\/product\/yoast-seo-premium-wordpress\/ -->\n<title>Siviglia - LuggageHero<\/title>\n<meta name=\"robots\" content=\"index, follow, max-snippet:-1, max-image-preview:large, max-video-preview:-1\" \/>\n<link rel=\"canonical\" href=\"https:\/\/luggagehero.com\/it\/siviglia\/\" \/>\n<meta property=\"og:locale\" content=\"it_IT\" \/>\n<meta property=\"og:type\" content=\"article\" \/>\n<meta property=\"og:title\" content=\"Siviglia\" \/>\n<meta property=\"og:description\" content=\"Non hai pi\u00f9 bisogno di cercare degli armadietti per depositare il tuo bagaglio. La prossima volta che sarai a Siviglia, ricordati che LuggageHero \u00e8 qui per salvarti dai guai! Consegna le tue borse utilizzando il circuito di pi\u00f9 di 20 punti LuggageHero presso negozi della zona, situati attorno ai principali snodi della viabilit\u00e0 e ai [&hellip;]\" \/>\n<meta property=\"og:url\" content=\"https:\/\/luggagehero.com\/it\/siviglia\/\" \/>\n<meta property=\"og:site_name\" content=\"LuggageHero\" \/>\n<meta property=\"article:publisher\" content=\"https:\/\/www.facebook.com\/luggagehero\" \/>\n<meta property=\"article:modified_time\" content=\"2023-08-22T13:11:56+00:00\" \/>\n<meta property=\"og:image\" content=\"https:\/\/luggagehero.com\/wp-content\/uploads\/2019\/08\/shutterstock_179024282-800x533.jpg\" \/>\n\t<meta property=\"og:image:width\" content=\"800\" \/>\n\t<meta property=\"og:image:height\" content=\"533\" \/>\n\t<meta property=\"og:image:type\" content=\"image\/jpeg\" \/>\n<meta name=\"twitter:card\" content=\"summary_large_image\" \/>\n<meta name=\"twitter:site\" content=\"@luggagehero\" \/>\n<meta name=\"twitter:label1\" content=\"Est. reading time\" \/>\n\t<meta name=\"twitter:data1\" content=\"3 minutes\" \/>\n<script type=\"application\/ld+json\" class=\"yoast-schema-graph\">{\"@context\":\"https:\/\/schema.org\",\"@graph\":[{\"@type\":\"WebPage\",\"@id\":\"https:\/\/luggagehero.com\/it\/siviglia\/\",\"url\":\"https:\/\/luggagehero.com\/it\/siviglia\/\",\"name\":\"Siviglia - LuggageHero\",\"isPartOf\":{\"@id\":\"https:\/\/luggagehero.com\/it\/#website\"},\"primaryImageOfPage\":{\"@id\":\"https:\/\/luggagehero.com\/it\/siviglia\/#primaryimage\"},\"image\":{\"@id\":\"https:\/\/luggagehero.com\/it\/siviglia\/#primaryimage\"},\"thumbnailUrl\":\"https:\/\/luggagehero.com\/wp-content\/uploads\/2019\/08\/shutterstock_179024282.jpg\",\"datePublished\":\"2019-11-05T13:42:02+00:00\",\"dateModified\":\"2023-08-22T13:11:56+00:00\",\"breadcrumb\":{\"@id\":\"https:\/\/luggagehero.com\/it\/siviglia\/#breadcrumb\"},\"inLanguage\":\"it-IT\",\"potentialAction\":[{\"@type\":\"ReadAction\",\"target\":[\"https:\/\/luggagehero.com\/it\/siviglia\/\"]}]},{\"@type\":\"ImageObject\",\"inLanguage\":\"it-IT\",\"@id\":\"https:\/\/luggagehero.com\/it\/siviglia\/#primaryimage\",\"url\":\"https:\/\/luggagehero.com\/wp-content\/uploads\/2019\/08\/shutterstock_179024282.jpg\",\"contentUrl\":\"https:\/\/luggagehero.com\/wp-content\/uploads\/2019\/08\/shutterstock_179024282.jpg\",\"width\":5616,\"height\":3744},{\"@type\":\"BreadcrumbList\",\"@id\":\"https:\/\/luggagehero.com\/it\/siviglia\/#breadcrumb\",\"itemListElement\":[{\"@type\":\"ListItem\",\"position\":1,\"name\":\"Home\",\"item\":\"https:\/\/luggagehero.com\/it\/\"},{\"@type\":\"ListItem\",\"position\":2,\"name\":\"Siviglia\"}]},{\"@type\":\"WebSite\",\"@id\":\"https:\/\/luggagehero.com\/it\/#website\",\"url\":\"https:\/\/luggagehero.com\/it\/\",\"name\":\"LuggageHero\",\"description\":\"Free yourself from luggage\",\"publisher\":{\"@id\":\"https:\/\/luggagehero.com\/it\/#organization\"},\"potentialAction\":[{\"@type\":\"SearchAction\",\"target\":{\"@type\":\"EntryPoint\",\"urlTemplate\":\"https:\/\/luggagehero.com\/it\/?s={search_term_string}\"},\"query-input\":{\"@type\":\"PropertyValueSpecification\",\"valueRequired\":true,\"valueName\":\"search_term_string\"}}],\"inLanguage\":\"it-IT\"},{\"@type\":\"Organization\",\"@id\":\"https:\/\/luggagehero.com\/it\/#organization\",\"name\":\"LuggageHero\",\"url\":\"https:\/\/luggagehero.com\/it\/\",\"logo\":{\"@type\":\"ImageObject\",\"inLanguage\":\"it-IT\",\"@id\":\"https:\/\/luggagehero.com\/it\/#\/schema\/logo\/image\/\",\"url\":\"https:\/\/luggagehero.com\/wp-content\/uploads\/2017\/04\/luggagehero_LOGO-RGB_kort_POS_200x200.png\",\"contentUrl\":\"https:\/\/luggagehero.com\/wp-content\/uploads\/2017\/04\/luggagehero_LOGO-RGB_kort_POS_200x200.png\",\"width\":200,\"height\":200,\"caption\":\"LuggageHero\"},\"image\":{\"@id\":\"https:\/\/luggagehero.com\/it\/#\/schema\/logo\/image\/\"},\"sameAs\":[\"https:\/\/www.facebook.com\/luggagehero\",\"https:\/\/x.com\/luggagehero\",\"https:\/\/www.instagram.com\/luggagehero\",\"https:\/\/www.linkedin.com\/company\/luggagehero\/\"]}]}<\/script>\n<!-- \/ Yoast SEO Premium plugin. -->","yoast_head_json":{"title":"Siviglia - LuggageHero","robots":{"index":"index","follow":"follow","max-snippet":"max-snippet:-1","max-image-preview":"max-image-preview:large","max-video-preview":"max-video-preview:-1"},"canonical":"https:\/\/luggagehero.com\/it\/siviglia\/","og_locale":"it_IT","og_type":"article","og_title":"Siviglia","og_description":"Non hai pi\u00f9 bisogno di cercare degli armadietti per depositare il tuo bagaglio. La prossima volta che sarai a Siviglia, ricordati che LuggageHero \u00e8 qui per salvarti dai guai! Consegna le tue borse utilizzando il circuito di pi\u00f9 di 20 punti LuggageHero presso negozi della zona, situati attorno ai principali snodi della viabilit\u00e0 e ai [&hellip;]","og_url":"https:\/\/luggagehero.com\/it\/siviglia\/","og_site_name":"LuggageHero","article_publisher":"https:\/\/www.facebook.com\/luggagehero","article_modified_time":"2023-08-22T13:11:56+00:00","og_image":[{"width":800,"height":533,"url":"https:\/\/luggagehero.com\/wp-content\/uploads\/2019\/08\/shutterstock_179024282-800x533.jpg","type":"image\/jpeg"}],"twitter_card":"summary_large_image","twitter_site":"@luggagehero","twitter_misc":{"Est. reading time":"3 minutes"},"schema":{"@context":"https:\/\/schema.org","@graph":[{"@type":"WebPage","@id":"https:\/\/luggagehero.com\/it\/siviglia\/","url":"https:\/\/luggagehero.com\/it\/siviglia\/","name":"Siviglia - LuggageHero","isPartOf":{"@id":"https:\/\/luggagehero.com\/it\/#website"},"primaryImageOfPage":{"@id":"https:\/\/luggagehero.com\/it\/siviglia\/#primaryimage"},"image":{"@id":"https:\/\/luggagehero.com\/it\/siviglia\/#primaryimage"},"thumbnailUrl":"https:\/\/luggagehero.com\/wp-content\/uploads\/2019\/08\/shutterstock_179024282.jpg","datePublished":"2019-11-05T13:42:02+00:00","dateModified":"2023-08-22T13:11:56+00:00","breadcrumb":{"@id":"https:\/\/luggagehero.com\/it\/siviglia\/#breadcrumb"},"inLanguage":"it-IT","potentialAction":[{"@type":"ReadAction","target":["https:\/\/luggagehero.com\/it\/siviglia\/"]}]},{"@type":"ImageObject","inLanguage":"it-IT","@id":"https:\/\/luggagehero.com\/it\/siviglia\/#primaryimage","url":"https:\/\/luggagehero.com\/wp-content\/uploads\/2019\/08\/shutterstock_179024282.jpg","contentUrl":"https:\/\/luggagehero.com\/wp-content\/uploads\/2019\/08\/shutterstock_179024282.jpg","width":5616,"height":3744},{"@type":"BreadcrumbList","@id":"https:\/\/luggagehero.com\/it\/siviglia\/#breadcrumb","itemListElement":[{"@type":"ListItem","position":1,"name":"Home","item":"https:\/\/luggagehero.com\/it\/"},{"@type":"ListItem","position":2,"name":"Siviglia"}]},{"@type":"WebSite","@id":"https:\/\/luggagehero.com\/it\/#website","url":"https:\/\/luggagehero.com\/it\/","name":"LuggageHero","description":"Free yourself from luggage","publisher":{"@id":"https:\/\/luggagehero.com\/it\/#organization"},"potentialAction":[{"@type":"SearchAction","target":{"@type":"EntryPoint","urlTemplate":"https:\/\/luggagehero.com\/it\/?s={search_term_string}"},"query-input":{"@type":"PropertyValueSpecification","valueRequired":true,"valueName":"search_term_string"}}],"inLanguage":"it-IT"},{"@type":"Organization","@id":"https:\/\/luggagehero.com\/it\/#organization","name":"LuggageHero","url":"https:\/\/luggagehero.com\/it\/","logo":{"@type":"ImageObject","inLanguage":"it-IT","@id":"https:\/\/luggagehero.com\/it\/#\/schema\/logo\/image\/","url":"https:\/\/luggagehero.com\/wp-content\/uploads\/2017\/04\/luggagehero_LOGO-RGB_kort_POS_200x200.png","contentUrl":"https:\/\/luggagehero.com\/wp-content\/uploads\/2017\/04\/luggagehero_LOGO-RGB_kort_POS_200x200.png","width":200,"height":200,"caption":"LuggageHero"},"image":{"@id":"https:\/\/luggagehero.com\/it\/#\/schema\/logo\/image\/"},"sameAs":["https:\/\/www.facebook.com\/luggagehero","https:\/\/x.com\/luggagehero","https:\/\/www.instagram.com\/luggagehero","https:\/\/www.linkedin.com\/company\/luggagehero\/"]}]}},"place_id":"","place_latitude_longitude":"37.3919,-5.9753","place_name":"Siviglia","criteria_title":"Deposito Bagagli in pi\u00f9 di 20 punti in tutta [location]","criteria_description":"Deposita i tuoi bagagli in un negozio certificato della zona a partire da 1\u20ac\/ora","meta_title":"Deposito Bagagli [location] - Pi\u00f9 di 20 punti - 24 ore su 24, 7 giorni su 7 - A partire da 1\u20ac\/ora","meta_description":"Utilizza oggi il pi\u00f9 grande circuito di Deposito Bagagli di [location]. Pi\u00f9 di 20 negozi disponibili a [location]. Aperto 24 ore su 24, 7 giorni su 7. Copertura assicurativa di 2.500\u20ac. Sigillo di sicurezza incluso.","children_criteria_title":"Deposito Bagagli [location]","children_criteria_description":"Deposita i tuoi bagagli in un negozio certificato della zona a partire da 1\u20ac\/ora","children_meta_title":"Deposito Bagagli [location] - 7 giorni su 7 - a partire da 1\u20ac\/ora","children_meta_description":"Servizio di deposito bagagli comodo ed economico vicino a [location]. A partire da 1\u20ac\/ora Include copertura assicurativa di 2.500\u20ac. Sigillo di sicurezza applicato a ogni borsa. Prenota online.","_edit_last":"46","use_global_content":"","poi_type":"","content_raw":"Non hai pi\u00f9 bisogno di cercare degli armadietti per depositare il tuo bagaglio. La prossima volta che sarai a Siviglia, ricordati che LuggageHero \u00e8 qui per salvarti dai guai!\r\n\r\nConsegna le tue borse utilizzando il circuito di pi\u00f9 di 20 punti LuggageHero presso negozi della zona, situati attorno ai principali snodi della viabilit\u00e0 e ai quartieri pi\u00f9 famosi. Questi includono: la <a href=\"https:\/\/luggagehero.com\/seville\/sevilla-santa-justa-station\/\">Stazione Sevilla Santa Justa <\/a>, <a href=\"https:\/\/luggagehero.com\/seville\/plaza-nueva\/\">Plaza Nueva<\/a>, <a href=\"https:\/\/luggagehero.com\/seville\/plaza-de-armas\/\">Plaza De Armas<\/a> e la zona del <a href=\"https:\/\/luggagehero.com\/seville\/city-center\/\">Centro citt\u00e0<\/a>.\r\n\r\nImmagina di arrivare dall\u2019aeroporto di Siviglia diverse ore prima che il tuo alloggio sia disponibile e di voler visitare le bellezze della citt\u00e0 senza doverti trascinare dietro il tuo bagaglio. Magari vorresti visitare la <a href=\"https:\/\/luggagehero.com\/seville\/cathedral-de-sevilla\/\">Cattedrale di Siviglia<\/a> o la <a href=\"https:\/\/luggagehero.com\/seville\/plaza-de-espana\/\">Plaza de Espa\u00f1a<\/a>, oppure semplicemente passeggiare per le vie dello shopping <a href=\"https:\/\/luggagehero.com\/seville\/calle-sierpes\/\">Calle Sierpes<\/a> e <a href=\"https:\/\/luggagehero.com\/seville\/calle-tetuan\/\">Calle Tetu\u00e1n<\/a>. Qualsiasi cosa tu decida di fare, siamo qui per custodire il tuo bagaglio.\r\n\r\n&nbsp;\r\n\r\n<img class=\"aligncenter wp-image-2267\" title=\"Affida il tuo bagaglio a Londra a un LuggageHero\" src=\"https:\/\/luggagehero.com\/wp-content\/uploads\/2017\/06\/LuggageHero_figur_fod-paa-kufferter-1-720x907.png\" alt=\"Affida il tuo bagaglio a Londra a un LuggageHero\" width=\"333\" height=\"420\" \/>\r\n\r\n<b>Il nostro servizio \u00e8 simile al deposito bagagli dell'hotel<\/b>\r\n\r\n<span style=\"font-weight: 400;\">Quante volte ti sei chiesto \u201csi possono lasciare i bagagli in stazione, o nell\u2019hotel?\u201d \u201cstazione termini deposito bagagli prezzi?\u201d<\/span>\r\n\r\n<span style=\"font-weight: 400;\">Molti viaggiatori si fanno queste domande, e molte volte vengono fatte al personale della reception. Non c'\u00e8 pi\u00f9 bisogno di farsi queste domande: LuggageHero offre, pi\u00f9 o meno, lo stesso servizio per tutti, non importa se soggiorni in un hotel, Airbnb o altrove. Siamo sempre pronti ad aiutarti.<\/span>\r\n\r\n<b>Riponi le tue valigie nei negozi verificati con questo codice sconto<\/b>\r\n\r\n<span style=\"font-weight: 400;\">Ai nostri affezionati clienti e nuovi clienti offriamo un codice sconto per due ore di deposito bagagli GRATUITO. Il codice sconto \u00e8 valido per il resto dell\u2019anno in TUTTE le citt\u00e0 e in TUTTI i negozi, inclusi i negozi Premium Partner!<\/span>\r\n<p style=\"text-align: center;\"><span style=\"font-weight: 400;\">Utilizza semplicemente il seguente codice sconto al momento della prenotazione:<\/span><\/p>\r\n<p style=\"text-align: center;\"><b>LOVE2<\/b><\/p>\r\n\r\n<h2><strong>Ricordati di scaricare la nostra app!<\/strong><\/h2>\r\nGrazie all' app di LuggageHero puoi facilmente trovarci a Siviglia e lasciarci il tuo bagaglio. 1000+ location ti aspettano, scarica la nostra app!\r\n\r\n[appdownloader]\r\n\r\nBasta andare sulla <a href=\"https:\/\/app.luggagehero.com\/home;location=Hamborg;lat=53,5510846;lon=9,993681899999956\">piattaforma di prenotazione LuggageHero<\/a> per trovare un punto di deposito a portata di mano, all\u2019interno di un negozio o di un altro esercizio commerciale, tutti <a href=\"https:\/\/luggagehero.com\/about\/certified-shops\/\">verificati da noi<\/a>. Utilizzando la nostra mappa potrai trovare i negozi che sono pi\u00f9 vicini alle stazioni che utilizzerai, oppure alle attrazioni turistiche che visiterai e potrai depositare l\u00ec il tuo bagaglio.\r\n\r\n<strong>Ti stiamo aspettando<\/strong>\r\n\r\nLa tua protezione e la tua sicurezza sono la nostra priorit\u00e0. Ecco perch\u00e9 abbiamo degli impiegati LuggageHero che recensiscono e certificano tutti i nostri negozi a Siviglia. Inoltre, sigilliamo ogni singolo bagaglio per assicurarti che rimanga al sicuro da qualsiasi manomissione. Oltre a tutto questo, assicuriamo ogni singola borsa e il suo contenuto fino a [pricing insurancecoverage]. Se hai bisogno di parlare a qualcuno di noi di LuggageHero, siamo qui per te 24 ore su 24, 7 giorni su 7, attraverso il nostro sistema di chat online.\r\n<h5><strong>Consulta la nostra mappa!<\/strong><\/h5>\r\n[mapofshops]\r\n<h4 style=\"text-align: left;\">Prenota\u00a0senza rischi<\/h4>\r\nVogliamo rendere i tuoi viaggi il pi\u00f9 snelli e semplici possibile: questo \u00e8 il motivo per cui per noi \u00e8 cos\u00ec importante che <strong>non ti venga addebitato NESSUN COSTO<\/strong> finch\u00e9 il tuo bagaglio non sia stato consegnato.\r\n\r\nUtilizza il nostro sistema di prenotazione online per scegliere il miglior deposito bagagli di Siviglia per la tua posizione e i tuoi programmi. Puoi sia prenotare al tuo arrivo presso il negozio, oppure prenotare online in anticipo per assicurarti il tuo posto. Prenota in anticipo per essere sicuro di avere lo spazio per il tuo bagaglio\r\n<h4>Guida ai Depositi Bagagli a Siviglia<\/h4>\r\nIl nostro team di LuggageHero ha preparato una guida e una mappa specificamente progettata per individuare i punti dove poter depositare il tuo bagaglio mentre visiti la meravigliosa citt\u00e0 di Siviglia. Clicca il link qui sotto per saperne di pi\u00f9 su dove e come depositare il tuo bagaglio a Siviglia: <a href=\"https:\/\/luggagehero.com\/find-luggage-storage-seville\/\">https:\/\/luggagehero.com\/find-luggage-storage-seville\/<\/a>","_links":{"self":[{"href":"https:\/\/luggagehero.com\/it\/wp-json\/wp\/v2\/pages\/11491","targetHints":{"allow":["GET"]}}],"collection":[{"href":"https:\/\/luggagehero.com\/it\/wp-json\/wp\/v2\/pages"}],"about":[{"href":"https:\/\/luggagehero.com\/it\/wp-json\/wp\/v2\/types\/page"}],"author":[{"embeddable":true,"href":"https:\/\/luggagehero.com\/it\/wp-json\/wp\/v2\/users\/9"}],"replies":[{"embeddable":true,"href":"https:\/\/luggagehero.com\/it\/wp-json\/wp\/v2\/comments?post=11491"}],"version-history":[{"count":0,"href":"https:\/\/luggagehero.com\/it\/wp-json\/wp\/v2\/pages\/11491\/revisions"}],"wp:featuredmedia":[{"embeddable":true,"href":"https:\/\/luggagehero.com\/it\/wp-json\/wp\/v2\/media\/9108"}],"wp:attachment":[{"href":"https:\/\/luggagehero.com\/it\/wp-json\/wp\/v2\/media?parent=11491"}],"curies":[{"name":"wp","href":"https:\/\/api.w.org\/{rel}","templated":true}]}}