{"id":11493,"date":"2019-11-05T13:42:04","date_gmt":"2019-11-05T13:42:04","guid":{"rendered":"https:\/\/luggagehero.com\/copenaghen\/stazione-centrale-di-copenaghen\/"},"modified":"2023-09-05T07:28:05","modified_gmt":"2023-09-05T07:28:05","slug":"stazione-centrale-di-copenaghen","status":"publish","type":"page","link":"https:\/\/luggagehero.com\/it\/copenaghen\/stazione-centrale-di-copenaghen\/","title":{"rendered":"Stazione Centrale di Copenaghen"},"content":{"rendered":"<p>Hai bisogno di depositare i tuoi bagagli presso la Stazione Centrale di Copenaghen? Depositare le tue borse con LuggageHero \u00e8 pi\u00f9 conveniente che mai. Forniamo un servizio di deposito bagagli sicuro e semplice nelle immediate vicinanze dell\u2019uscita della stazione. Depositando il tuo bagaglio vicino alla Stazione Centrale di Copenaghen, potrai accedere facilmente all\u2019<a href=\"https:\/\/luggagehero.com\/copenhagen\/copenhagen-airport\/\">Aeroporto di Copenhagen<\/a> utilizzando la linea metropolitana Copenhagen Metro e <a href=\"https:\/\/luggagehero.com\/copenhagen\/tivoli\/\">Tivoli<\/a>, dall\u2019altro lato della strada.<\/p>\n<p>I punti di deposito LuggageHero sono hotel, bar e negozi\u00a0<a href=\"https:\/\/luggagehero.com\/about\/certified-shops\/\">certificati<\/a>. Le prenotazioni effettuate in anticipo ti garantiscono un posto disponibile per le tue borse. L\u2019indirizzo e le indicazioni stradali dei nostri negozi partner vengono messi a disposizione al momento della prenotazione. Tutte le borse vengono protette dai nostri\u00a0<a href=\"https:\/\/luggagehero.com\/about\/security-seal\/\">sigilli di sicurezza<\/a> che garantiscono una copertura assicurativa fino a <pricing-component type=\"insurancecoverage\"><\/pricing-component> per ogni singolo bagaglio, una volta che siano state consegnate e che il timer di deposito sia stato avviato dalla tua pagina di prenotazione.<\/p>\n<p><img loading=\"lazy\" decoding=\"async\" class=\"aligncenter size-large wp-image-10297\" src=\"https:\/\/luggagehero.com\/wp-content\/uploads\/2019\/10\/shutterstock_1199662321-800x534.jpg\" alt=\"\" width=\"800\" height=\"534\" \/><\/p>\n<h2 style=\"text-align: center;\">Stazione Centrale di Copenaghen<\/h2>\n<p>La principale stazione ferroviaria di Copenaghen \u00e8 anche la pi\u00f9 grande stazione di tutta Danimarca, anche se il traffico di passeggeri \u00e8 maggiore nella <a href=\"https:\/\/luggagehero.com\/copenhagen\/norreport-station\/\">N\u00f8rreport Station<\/a>, se si includono i servizi delle linee S-train e Metro. La stazione centrale si trova tra i quartieri della Inner city, Vesterbro e nelle immediate vicinanze del famoso parco divertimenti <a href=\"https:\/\/luggagehero.com\/copenhagen\/tivoli\/\">Giardini di Tivoli <\/a>.<\/p>\n<p>Dalla Stazione Centrale di Copenaghen potrai accedere facilmente alla maggior parte delle zone di Copenaghen utilizzando le linee S-train e Metro. Vedrai anche come molte delle attrazioni turistiche della citt\u00e0 si trovino a breve distanza a piedi dalla stazione, se decidessi di depositare qui le tue borse. Alle spalle della Stazione Centrale, lungo la via chiamata Ingerslevsgade, troverai la stazione di DGI-byen, dove si trovano le aree di partenza e arrivo di numerose linee di pullman autostradali internazionali. Qui troverai pullman di diverse linee, tra cui: Nettbus, Flixbus, Neptun bus e il servizio Kambardo express.<\/p>\n","protected":false},"excerpt":{"rendered":"<p>Hai bisogno di depositare i tuoi bagagli presso la Stazione Centrale di Copenaghen? Depositare le tue borse con LuggageHero \u00e8 pi\u00f9 conveniente che mai. Forniamo un servizio di deposito bagagli sicuro e semplice nelle immediate vicinanze dell\u2019uscita della stazione. Depositando il tuo bagaglio vicino alla Stazione Centrale di Copenaghen, potrai accedere facilmente all\u2019Aeroporto di Copenhagen [&hellip;]<\/p>\n","protected":false},"author":9,"featured_media":39409,"parent":11433,"menu_order":0,"comment_status":"closed","ping_status":"closed","template":"template-location.php","meta":{"_acf_changed":false,"footnotes":""},"class_list":["post-11493","page","type-page","status-publish","has-post-thumbnail","hentry"],"acf":[],"yoast_head":"<!-- This site is optimized with the Yoast SEO Premium plugin v27.0 (Yoast SEO v27.0) - https:\/\/yoast.com\/product\/yoast-seo-premium-wordpress\/ -->\n<title>Stazione Centrale di Copenaghen - LuggageHero<\/title>\n<meta name=\"robots\" content=\"index, follow, max-snippet:-1, max-image-preview:large, max-video-preview:-1\" \/>\n<link rel=\"canonical\" href=\"https:\/\/luggagehero.com\/it\/copenaghen\/stazione-centrale-di-copenaghen\/\" \/>\n<meta property=\"og:locale\" content=\"it_IT\" \/>\n<meta property=\"og:type\" content=\"article\" \/>\n<meta property=\"og:title\" content=\"Stazione Centrale di Copenaghen\" \/>\n<meta property=\"og:description\" content=\"Hai bisogno di depositare i tuoi bagagli presso la Stazione Centrale di Copenaghen? Depositare le tue borse con LuggageHero \u00e8 pi\u00f9 conveniente che mai. Forniamo un servizio di deposito bagagli sicuro e semplice nelle immediate vicinanze dell\u2019uscita della stazione. Depositando il tuo bagaglio vicino alla Stazione Centrale di Copenaghen, potrai accedere facilmente all\u2019Aeroporto di Copenhagen [&hellip;]\" \/>\n<meta property=\"og:url\" content=\"https:\/\/luggagehero.com\/it\/copenaghen\/stazione-centrale-di-copenaghen\/\" \/>\n<meta property=\"og:site_name\" content=\"LuggageHero\" \/>\n<meta property=\"article:publisher\" content=\"https:\/\/www.facebook.com\/luggagehero\" \/>\n<meta property=\"article:modified_time\" content=\"2023-09-05T07:28:05+00:00\" \/>\n<meta property=\"og:image\" content=\"https:\/\/luggagehero.com\/wp-content\/uploads\/2021\/10\/copenhagen-station3.jpg\" \/>\n\t<meta property=\"og:image:width\" content=\"774\" \/>\n\t<meta property=\"og:image:height\" content=\"330\" \/>\n\t<meta property=\"og:image:type\" content=\"image\/jpeg\" \/>\n<meta name=\"twitter:card\" content=\"summary_large_image\" \/>\n<meta name=\"twitter:site\" content=\"@luggagehero\" \/>\n<meta name=\"twitter:label1\" content=\"Est. reading time\" \/>\n\t<meta name=\"twitter:data1\" content=\"2 minutes\" \/>\n<script type=\"application\/ld+json\" class=\"yoast-schema-graph\">{\"@context\":\"https:\/\/schema.org\",\"@graph\":[{\"@type\":\"WebPage\",\"@id\":\"https:\/\/luggagehero.com\/it\/copenaghen\/stazione-centrale-di-copenaghen\/\",\"url\":\"https:\/\/luggagehero.com\/it\/copenaghen\/stazione-centrale-di-copenaghen\/\",\"name\":\"Stazione Centrale di Copenaghen - LuggageHero\",\"isPartOf\":{\"@id\":\"https:\/\/luggagehero.com\/it\/#website\"},\"primaryImageOfPage\":{\"@id\":\"https:\/\/luggagehero.com\/it\/copenaghen\/stazione-centrale-di-copenaghen\/#primaryimage\"},\"image\":{\"@id\":\"https:\/\/luggagehero.com\/it\/copenaghen\/stazione-centrale-di-copenaghen\/#primaryimage\"},\"thumbnailUrl\":\"https:\/\/luggagehero.com\/wp-content\/uploads\/2021\/10\/copenhagen-station3.jpg\",\"datePublished\":\"2019-11-05T13:42:04+00:00\",\"dateModified\":\"2023-09-05T07:28:05+00:00\",\"breadcrumb\":{\"@id\":\"https:\/\/luggagehero.com\/it\/copenaghen\/stazione-centrale-di-copenaghen\/#breadcrumb\"},\"inLanguage\":\"it-IT\",\"potentialAction\":[{\"@type\":\"ReadAction\",\"target\":[\"https:\/\/luggagehero.com\/it\/copenaghen\/stazione-centrale-di-copenaghen\/\"]}]},{\"@type\":\"ImageObject\",\"inLanguage\":\"it-IT\",\"@id\":\"https:\/\/luggagehero.com\/it\/copenaghen\/stazione-centrale-di-copenaghen\/#primaryimage\",\"url\":\"https:\/\/luggagehero.com\/wp-content\/uploads\/2021\/10\/copenhagen-station3.jpg\",\"contentUrl\":\"https:\/\/luggagehero.com\/wp-content\/uploads\/2021\/10\/copenhagen-station3.jpg\",\"width\":774,\"height\":330,\"caption\":\"Luggage storage Copenhagen LuggageHero\"},{\"@type\":\"BreadcrumbList\",\"@id\":\"https:\/\/luggagehero.com\/it\/copenaghen\/stazione-centrale-di-copenaghen\/#breadcrumb\",\"itemListElement\":[{\"@type\":\"ListItem\",\"position\":1,\"name\":\"Home\",\"item\":\"https:\/\/luggagehero.com\/it\/\"},{\"@type\":\"ListItem\",\"position\":2,\"name\":\"Copenaghen\",\"item\":\"https:\/\/luggagehero.com\/it\/copenaghen\/\"},{\"@type\":\"ListItem\",\"position\":3,\"name\":\"Stazione Centrale di Copenaghen\"}]},{\"@type\":\"WebSite\",\"@id\":\"https:\/\/luggagehero.com\/it\/#website\",\"url\":\"https:\/\/luggagehero.com\/it\/\",\"name\":\"LuggageHero\",\"description\":\"Free yourself from luggage\",\"publisher\":{\"@id\":\"https:\/\/luggagehero.com\/it\/#organization\"},\"potentialAction\":[{\"@type\":\"SearchAction\",\"target\":{\"@type\":\"EntryPoint\",\"urlTemplate\":\"https:\/\/luggagehero.com\/it\/?s={search_term_string}\"},\"query-input\":{\"@type\":\"PropertyValueSpecification\",\"valueRequired\":true,\"valueName\":\"search_term_string\"}}],\"inLanguage\":\"it-IT\"},{\"@type\":\"Organization\",\"@id\":\"https:\/\/luggagehero.com\/it\/#organization\",\"name\":\"LuggageHero\",\"url\":\"https:\/\/luggagehero.com\/it\/\",\"logo\":{\"@type\":\"ImageObject\",\"inLanguage\":\"it-IT\",\"@id\":\"https:\/\/luggagehero.com\/it\/#\/schema\/logo\/image\/\",\"url\":\"https:\/\/luggagehero.com\/wp-content\/uploads\/2017\/04\/luggagehero_LOGO-RGB_kort_POS_200x200.png\",\"contentUrl\":\"https:\/\/luggagehero.com\/wp-content\/uploads\/2017\/04\/luggagehero_LOGO-RGB_kort_POS_200x200.png\",\"width\":200,\"height\":200,\"caption\":\"LuggageHero\"},\"image\":{\"@id\":\"https:\/\/luggagehero.com\/it\/#\/schema\/logo\/image\/\"},\"sameAs\":[\"https:\/\/www.facebook.com\/luggagehero\",\"https:\/\/x.com\/luggagehero\",\"https:\/\/www.instagram.com\/luggagehero\",\"https:\/\/www.linkedin.com\/company\/luggagehero\/\"]}]}<\/script>\n<!-- \/ Yoast SEO Premium plugin. -->","yoast_head_json":{"title":"Stazione Centrale di Copenaghen - LuggageHero","robots":{"index":"index","follow":"follow","max-snippet":"max-snippet:-1","max-image-preview":"max-image-preview:large","max-video-preview":"max-video-preview:-1"},"canonical":"https:\/\/luggagehero.com\/it\/copenaghen\/stazione-centrale-di-copenaghen\/","og_locale":"it_IT","og_type":"article","og_title":"Stazione Centrale di Copenaghen","og_description":"Hai bisogno di depositare i tuoi bagagli presso la Stazione Centrale di Copenaghen? Depositare le tue borse con LuggageHero \u00e8 pi\u00f9 conveniente che mai. Forniamo un servizio di deposito bagagli sicuro e semplice nelle immediate vicinanze dell\u2019uscita della stazione. Depositando il tuo bagaglio vicino alla Stazione Centrale di Copenaghen, potrai accedere facilmente all\u2019Aeroporto di Copenhagen [&hellip;]","og_url":"https:\/\/luggagehero.com\/it\/copenaghen\/stazione-centrale-di-copenaghen\/","og_site_name":"LuggageHero","article_publisher":"https:\/\/www.facebook.com\/luggagehero","article_modified_time":"2023-09-05T07:28:05+00:00","og_image":[{"width":774,"height":330,"url":"https:\/\/luggagehero.com\/wp-content\/uploads\/2021\/10\/copenhagen-station3.jpg","type":"image\/jpeg"}],"twitter_card":"summary_large_image","twitter_site":"@luggagehero","twitter_misc":{"Est. reading time":"2 minutes"},"schema":{"@context":"https:\/\/schema.org","@graph":[{"@type":"WebPage","@id":"https:\/\/luggagehero.com\/it\/copenaghen\/stazione-centrale-di-copenaghen\/","url":"https:\/\/luggagehero.com\/it\/copenaghen\/stazione-centrale-di-copenaghen\/","name":"Stazione Centrale di Copenaghen - LuggageHero","isPartOf":{"@id":"https:\/\/luggagehero.com\/it\/#website"},"primaryImageOfPage":{"@id":"https:\/\/luggagehero.com\/it\/copenaghen\/stazione-centrale-di-copenaghen\/#primaryimage"},"image":{"@id":"https:\/\/luggagehero.com\/it\/copenaghen\/stazione-centrale-di-copenaghen\/#primaryimage"},"thumbnailUrl":"https:\/\/luggagehero.com\/wp-content\/uploads\/2021\/10\/copenhagen-station3.jpg","datePublished":"2019-11-05T13:42:04+00:00","dateModified":"2023-09-05T07:28:05+00:00","breadcrumb":{"@id":"https:\/\/luggagehero.com\/it\/copenaghen\/stazione-centrale-di-copenaghen\/#breadcrumb"},"inLanguage":"it-IT","potentialAction":[{"@type":"ReadAction","target":["https:\/\/luggagehero.com\/it\/copenaghen\/stazione-centrale-di-copenaghen\/"]}]},{"@type":"ImageObject","inLanguage":"it-IT","@id":"https:\/\/luggagehero.com\/it\/copenaghen\/stazione-centrale-di-copenaghen\/#primaryimage","url":"https:\/\/luggagehero.com\/wp-content\/uploads\/2021\/10\/copenhagen-station3.jpg","contentUrl":"https:\/\/luggagehero.com\/wp-content\/uploads\/2021\/10\/copenhagen-station3.jpg","width":774,"height":330,"caption":"Luggage storage Copenhagen LuggageHero"},{"@type":"BreadcrumbList","@id":"https:\/\/luggagehero.com\/it\/copenaghen\/stazione-centrale-di-copenaghen\/#breadcrumb","itemListElement":[{"@type":"ListItem","position":1,"name":"Home","item":"https:\/\/luggagehero.com\/it\/"},{"@type":"ListItem","position":2,"name":"Copenaghen","item":"https:\/\/luggagehero.com\/it\/copenaghen\/"},{"@type":"ListItem","position":3,"name":"Stazione Centrale di Copenaghen"}]},{"@type":"WebSite","@id":"https:\/\/luggagehero.com\/it\/#website","url":"https:\/\/luggagehero.com\/it\/","name":"LuggageHero","description":"Free yourself from luggage","publisher":{"@id":"https:\/\/luggagehero.com\/it\/#organization"},"potentialAction":[{"@type":"SearchAction","target":{"@type":"EntryPoint","urlTemplate":"https:\/\/luggagehero.com\/it\/?s={search_term_string}"},"query-input":{"@type":"PropertyValueSpecification","valueRequired":true,"valueName":"search_term_string"}}],"inLanguage":"it-IT"},{"@type":"Organization","@id":"https:\/\/luggagehero.com\/it\/#organization","name":"LuggageHero","url":"https:\/\/luggagehero.com\/it\/","logo":{"@type":"ImageObject","inLanguage":"it-IT","@id":"https:\/\/luggagehero.com\/it\/#\/schema\/logo\/image\/","url":"https:\/\/luggagehero.com\/wp-content\/uploads\/2017\/04\/luggagehero_LOGO-RGB_kort_POS_200x200.png","contentUrl":"https:\/\/luggagehero.com\/wp-content\/uploads\/2017\/04\/luggagehero_LOGO-RGB_kort_POS_200x200.png","width":200,"height":200,"caption":"LuggageHero"},"image":{"@id":"https:\/\/luggagehero.com\/it\/#\/schema\/logo\/image\/"},"sameAs":["https:\/\/www.facebook.com\/luggagehero","https:\/\/x.com\/luggagehero","https:\/\/www.instagram.com\/luggagehero","https:\/\/www.linkedin.com\/company\/luggagehero\/"]}]}},"place_id":"","place_latitude_longitude":"55.6730,12.5766","place_name":"Stazione Centrale di Copenaghen","criteria_title":"","criteria_description":"","meta_title":"","meta_description":"","children_criteria_title":"","children_criteria_description":"","children_meta_title":"","children_meta_description":"","_edit_last":"46","use_global_content":"","poi_type":"","content_raw":"Hai bisogno di depositare i tuoi bagagli presso la Stazione Centrale di Copenaghen? Depositare le tue borse con LuggageHero \u00e8 pi\u00f9 conveniente che mai. Forniamo un servizio di deposito bagagli sicuro e semplice nelle immediate vicinanze dell\u2019uscita della stazione. Depositando il tuo bagaglio vicino alla Stazione Centrale di Copenaghen, potrai accedere facilmente all\u2019<a href=\"https:\/\/luggagehero.com\/copenhagen\/copenhagen-airport\/\">Aeroporto di Copenhagen<\/a> utilizzando la linea metropolitana Copenhagen Metro e <a href=\"https:\/\/luggagehero.com\/copenhagen\/tivoli\/\">Tivoli<\/a>, dall\u2019altro lato della strada.\r\n\r\nI punti di deposito LuggageHero sono hotel, bar e negozi\u00a0<a href=\"https:\/\/luggagehero.com\/about\/certified-shops\/\">certificati<\/a>. Le prenotazioni effettuate in anticipo ti garantiscono un posto disponibile per le tue borse. L\u2019indirizzo e le indicazioni stradali dei nostri negozi partner vengono messi a disposizione al momento della prenotazione. Tutte le borse vengono protette dai nostri\u00a0<a href=\"https:\/\/luggagehero.com\/about\/security-seal\/\">sigilli di sicurezza<\/a> che garantiscono una copertura assicurativa fino a [pricing insurancecoverage] per ogni singolo bagaglio, una volta che siano state consegnate e che il timer di deposito sia stato avviato dalla tua pagina di prenotazione.\r\n\r\n<img class=\"aligncenter size-large wp-image-10297\" src=\"https:\/\/luggagehero.com\/wp-content\/uploads\/2019\/10\/shutterstock_1199662321-800x534.jpg\" alt=\"\" width=\"800\" height=\"534\" \/>\r\n<h2 style=\"text-align: center;\">Stazione Centrale di Copenaghen<\/h2>\r\nLa principale stazione ferroviaria di Copenaghen \u00e8 anche la pi\u00f9 grande stazione di tutta Danimarca, anche se il traffico di passeggeri \u00e8 maggiore nella <a href=\"https:\/\/luggagehero.com\/copenhagen\/norreport-station\/\">N\u00f8rreport Station<\/a>, se si includono i servizi delle linee S-train e Metro. La stazione centrale si trova tra i quartieri della Inner city, Vesterbro e nelle immediate vicinanze del famoso parco divertimenti <a href=\"https:\/\/luggagehero.com\/copenhagen\/tivoli\/\">Giardini di Tivoli <\/a>.\r\n\r\nDalla Stazione Centrale di Copenaghen potrai accedere facilmente alla maggior parte delle zone di Copenaghen utilizzando le linee S-train e Metro. Vedrai anche come molte delle attrazioni turistiche della citt\u00e0 si trovino a breve distanza a piedi dalla stazione, se decidessi di depositare qui le tue borse. Alle spalle della Stazione Centrale, lungo la via chiamata Ingerslevsgade, troverai la stazione di DGI-byen, dove si trovano le aree di partenza e arrivo di numerose linee di pullman autostradali internazionali. Qui troverai pullman di diverse linee, tra cui: Nettbus, Flixbus, Neptun bus e il servizio Kambardo express.","_links":{"self":[{"href":"https:\/\/luggagehero.com\/it\/wp-json\/wp\/v2\/pages\/11493","targetHints":{"allow":["GET"]}}],"collection":[{"href":"https:\/\/luggagehero.com\/it\/wp-json\/wp\/v2\/pages"}],"about":[{"href":"https:\/\/luggagehero.com\/it\/wp-json\/wp\/v2\/types\/page"}],"author":[{"embeddable":true,"href":"https:\/\/luggagehero.com\/it\/wp-json\/wp\/v2\/users\/9"}],"replies":[{"embeddable":true,"href":"https:\/\/luggagehero.com\/it\/wp-json\/wp\/v2\/comments?post=11493"}],"version-history":[{"count":0,"href":"https:\/\/luggagehero.com\/it\/wp-json\/wp\/v2\/pages\/11493\/revisions"}],"up":[{"embeddable":true,"href":"https:\/\/luggagehero.com\/it\/wp-json\/wp\/v2\/pages\/11433"}],"wp:featuredmedia":[{"embeddable":true,"href":"https:\/\/luggagehero.com\/it\/wp-json\/wp\/v2\/media\/39409"}],"wp:attachment":[{"href":"https:\/\/luggagehero.com\/it\/wp-json\/wp\/v2\/media?parent=11493"}],"curies":[{"name":"wp","href":"https:\/\/api.w.org\/{rel}","templated":true}]}}