{"id":12274,"date":"2019-11-29T07:56:30","date_gmt":"2019-11-29T07:56:30","guid":{"rendered":"https:\/\/luggagehero.com\/parigi\/louvre\/"},"modified":"2023-08-22T11:51:20","modified_gmt":"2023-08-22T11:51:20","slug":"louvre","status":"publish","type":"page","link":"https:\/\/luggagehero.com\/it\/parigi\/louvre\/","title":{"rendered":"Louvre"},"content":{"rendered":"<p>Stai cercando un deposito bagagli vicino al Louvre? Puoi depositare le tue borse in uno dei nostri punti di deposito bagagli proprio dietro il Louvre e goderti la giornata al museo o a <a href=\"https:\/\/luggagehero.com\/paris\/\">Parigi<\/a> senza problemi.<\/p>\n<p>I punti di deposito LuggageHero sono hotel, bar e negozi\u00a0<a href=\"https:\/\/luggagehero.com\/about\/certified-shops\/\">certificati<\/a>. Le prenotazioni effettuate in anticipo ti garantiscono un posto disponibile per le tue borse. L\u2019indirizzo e le indicazioni per raggiungere i nostri punti di deposito vengono messi a disposizione al momento della prenotazione. Tutte le borse vengono protette da una copertura assicurativa fino a <pricing-component type=\"insurancecoverage\"><\/pricing-component> per ogni singolo bagaglio, una volta che siano state consegnate e che il timer di deposito sia stato avviato dalla tua pagina di prenotazione.<\/p>\n<h4 class=\"p1\"><span class=\"s1\"><b>Guarda la mappa per vedere shop certificati vicino Parigi<\/b><\/span><\/h4>\n<map-of-shops><\/map-of-shops>\n<h3 style=\"text-align: left;\"><strong>Ricordati di scaricare la nostra app!<\/strong><\/h3>\n<p>Grazie all&#8217; app di LuggageHero puoi facilmente trovarci a Roma e lasciarci il tuo bagaglio. 1000+ location ti aspettano, scarica la nostra app!<\/p>\n\n<div class=\"block-app-downloader\">\n\t<ul class=\"app-images\">\n\t\t\t\t\t<li class=\"app-img\">\n\t\t\t\t<img decoding=\"async\" loading=\"lazy\" src=\"https:\/\/luggagehero.com\/wp-content\/uploads\/2020\/08\/app-1.png\" alt=\"App screenshot\">\n\t\t\t<\/li>\n\t\t\t\t\t<li class=\"app-img\">\n\t\t\t\t<img decoding=\"async\" loading=\"lazy\" src=\"https:\/\/luggagehero.com\/wp-content\/uploads\/2020\/08\/app-2.png\" alt=\"App screenshot\">\n\t\t\t<\/li>\n\t\t\t\t\t<li class=\"app-img\">\n\t\t\t\t<img decoding=\"async\" loading=\"lazy\" src=\"https:\/\/luggagehero.com\/wp-content\/uploads\/2020\/08\/app-3.png\" alt=\"App screenshot\">\n\t\t\t<\/li>\n\t\t\t\t\t<li class=\"app-img\">\n\t\t\t\t<img decoding=\"async\" loading=\"lazy\" src=\"https:\/\/luggagehero.com\/wp-content\/uploads\/2020\/08\/app-4.png\" alt=\"App screenshot\">\n\t\t\t<\/li>\n\t\t\t\t\t<li class=\"app-img\">\n\t\t\t\t<img decoding=\"async\" loading=\"lazy\" src=\"https:\/\/luggagehero.com\/wp-content\/uploads\/2020\/08\/app-5.png\" alt=\"App screenshot\">\n\t\t\t<\/li>\n\t\t\t<\/ul>\n\n\t<div class=\"apps-box\">\n\t\t<p> Usa LuggageHero ovunque con l'app ufficiale per iPhone e Android<\/p>\n\t\t<a href=\"https:\/\/apps.apple.com\/us\/app\/luggagehero-luggage-storage\/id1481057935\" target=\"_blank\">\n\t\t\t<img decoding=\"async\" loading=\"lazy\" src=\"https:\/\/luggagehero.com\/wp-content\/uploads\/2020\/08\/badge-as.png\" alt=\"Download on the ios App Store\">\n\t\t<\/a>\n\n\t\t<a href=\"https:\/\/play.google.com\/store\/apps\/details?id=com.luggagehero.android\" target=\"_blank\">\n\t\t\t<img decoding=\"async\" loading=\"lazy\" src=\"https:\/\/luggagehero.com\/wp-content\/uploads\/2020\/08\/badge-gp.png\" alt=\"Get it on Google Play\">\n\t\t<\/a>\n\t<\/div>\n<\/div>\n<p><b>Il nostro servizio \u00e8 simile al deposito bagagli dell&#8217;hotel<\/b><\/p>\n<p><span style=\"font-weight: 400;\">Quante volte ti sei chiesto \u201csi possono lasciare i bagagli in stazione, o nell\u2019hotel?\u201d \u201cstazione termini deposito bagagli prezzi?\u201d<\/span><\/p>\n<p><span style=\"font-weight: 400;\">Molti viaggiatori si fanno queste domande, e molte volte vengono fatte al personale della reception. Non c&#8217;\u00e8 pi\u00f9 bisogno di farsi queste domande: LuggageHero offre, pi\u00f9 o meno, lo stesso servizio per tutti, non importa se soggiorni in un hotel, Airbnb o altrove. Siamo sempre pronti ad aiutarti.<\/span><\/p>\n<p><b>Riponi le tue valigie nei negozi verificati con questo codice sconto<\/b><\/p>\n<p><span style=\"font-weight: 400;\">Ai nostri affezionati clienti e nuovi clienti offriamo un codice sconto per due ore di deposito bagagli GRATUITO. Il codice sconto \u00e8 valido per il resto dell\u2019anno in TUTTE le citt\u00e0 e in TUTTI i negozi, inclusi i negozi Premium Partner!<\/span><\/p>\n<p>&nbsp;<\/p>\n<p><img loading=\"lazy\" decoding=\"async\" class=\"aligncenter size-large wp-image-7177\" src=\"https:\/\/luggagehero.com\/wp-content\/uploads\/2019\/05\/yeo-khee-612822-unsplash-800x450.jpg\" alt=\"\" width=\"800\" height=\"450\" srcset=\"https:\/\/luggagehero.com\/wp-content\/uploads\/2019\/05\/yeo-khee-612822-unsplash-800x450.jpg 800w, https:\/\/luggagehero.com\/wp-content\/uploads\/2019\/05\/yeo-khee-612822-unsplash-300x169.jpg 300w, https:\/\/luggagehero.com\/wp-content\/uploads\/2019\/05\/yeo-khee-612822-unsplash-600x338.jpg 600w\" sizes=\"auto, (max-width: 800px) 100vw, 800px\" \/><\/p>\n<p>&nbsp;<\/p>\n<h2 style=\"text-align: center;\">Museo del Louvre<\/h2>\n<p>Il Louvre, o Museo del Louvre, \u00e8 il museo d\u2019arte pi\u00f9 grande al mondo e un monumento storico di Parigi. Si trova in Rue de Rivoli, vicino alla stazione metropolitana di Louvre Rivoli. La collezione di dipinti del Louvre \u00e8 una delle pi\u00f9 ricche al mondo, includendo tutti i periodi dell\u2019arte Europea fino ai Moti del 1848. Qui si possono ammirare numerosi capolavori del Rinascimento Italiano, tra cui la \u201cGioconda\u201d di Leonardo da Vinci,oltre a pittori Fiamminghi e Olandesi dell\u2019epoca barocca.<\/p>\n<p>Molti turisti decidono di visitare il Louvre che, con 10,2 milioni di visitatori all\u2019anno, \u00e8 una delle destinazioni turistiche pi\u00f9 visitate di Parigi. Il momento migliore per visitare il Louvre \u00e8 tra le 12.00 e le 17.00 e i biglietti si possono comprare all\u2019ingresso. I biglietti con orario di ingresso acquistati online vi garantiranno l\u2019ingresso entro 30 minuti.<\/p>\n<h3 style=\"text-align: center;\">Regolamento Borse e Bagagli del Louvre<\/h3>\n<p>I visitatori muniti di biglietto o pass possono utilizzare il servizio guardaroba del museo gratuitamente. Per ragioni di sicurezza e di spazio \u00e8 vietato l\u2019accesso all\u2019interno del museo con borse voluminose. Si consiglia quindi ai visitatori del museo di non portare grosse borse o valigie al Louvre. Il servizio guardaroba, che si trova sotto la Piramide, \u00e8 chiuso tutti i Luned\u00ec e i Marted\u00ec<\/p>\n<p>Nota: Qualsiasi collo che superi le misure 55 x 30 x 20 cm non pu\u00f2 essere portato all\u2019interno del museo.<\/p>\n","protected":false},"excerpt":{"rendered":"<p>Stai cercando un deposito bagagli vicino al Louvre? Puoi depositare le tue borse in uno dei nostri punti di deposito bagagli proprio dietro il Louvre e goderti la giornata al museo o a Parigi senza problemi. I punti di deposito LuggageHero sono hotel, bar e negozi\u00a0certificati. Le prenotazioni effettuate in anticipo ti garantiscono un posto [&hellip;]<\/p>\n","protected":false},"author":9,"featured_media":42582,"parent":11420,"menu_order":0,"comment_status":"closed","ping_status":"closed","template":"template-location.php","meta":{"_acf_changed":false,"footnotes":""},"class_list":["post-12274","page","type-page","status-publish","has-post-thumbnail","hentry"],"acf":[],"yoast_head":"<!-- This site is optimized with the Yoast SEO Premium plugin v27.0 (Yoast SEO v27.0) - https:\/\/yoast.com\/product\/yoast-seo-premium-wordpress\/ -->\n<title>Louvre - LuggageHero<\/title>\n<meta name=\"robots\" content=\"index, follow, max-snippet:-1, max-image-preview:large, max-video-preview:-1\" \/>\n<link rel=\"canonical\" href=\"https:\/\/luggagehero.com\/it\/parigi\/louvre\/\" \/>\n<meta property=\"og:locale\" content=\"it_IT\" \/>\n<meta property=\"og:type\" content=\"article\" \/>\n<meta property=\"og:title\" content=\"Louvre\" \/>\n<meta property=\"og:description\" content=\"Stai cercando un deposito bagagli vicino al Louvre? Puoi depositare le tue borse in uno dei nostri punti di deposito bagagli proprio dietro il Louvre e goderti la giornata al museo o a Parigi senza problemi. I punti di deposito LuggageHero sono hotel, bar e negozi\u00a0certificati. Le prenotazioni effettuate in anticipo ti garantiscono un posto [&hellip;]\" \/>\n<meta property=\"og:url\" content=\"https:\/\/luggagehero.com\/it\/parigi\/louvre\/\" \/>\n<meta property=\"og:site_name\" content=\"LuggageHero\" \/>\n<meta property=\"article:publisher\" content=\"https:\/\/www.facebook.com\/luggagehero\" \/>\n<meta property=\"article:modified_time\" content=\"2023-08-22T11:51:20+00:00\" \/>\n<meta property=\"og:image\" content=\"https:\/\/luggagehero.com\/wp-content\/uploads\/2022\/02\/BFCC0932-99FC-439B-8A3F-183388F23749.jpeg\" \/>\n\t<meta property=\"og:image:width\" content=\"1000\" \/>\n\t<meta property=\"og:image:height\" content=\"563\" \/>\n\t<meta property=\"og:image:type\" content=\"image\/jpeg\" \/>\n<meta name=\"twitter:card\" content=\"summary_large_image\" \/>\n<meta name=\"twitter:site\" content=\"@luggagehero\" \/>\n<meta name=\"twitter:label1\" content=\"Est. reading time\" \/>\n\t<meta name=\"twitter:data1\" content=\"3 minutes\" \/>\n<script type=\"application\/ld+json\" class=\"yoast-schema-graph\">{\"@context\":\"https:\/\/schema.org\",\"@graph\":[{\"@type\":\"WebPage\",\"@id\":\"https:\/\/luggagehero.com\/it\/parigi\/louvre\/\",\"url\":\"https:\/\/luggagehero.com\/it\/parigi\/louvre\/\",\"name\":\"Louvre - LuggageHero\",\"isPartOf\":{\"@id\":\"https:\/\/luggagehero.com\/it\/#website\"},\"primaryImageOfPage\":{\"@id\":\"https:\/\/luggagehero.com\/it\/parigi\/louvre\/#primaryimage\"},\"image\":{\"@id\":\"https:\/\/luggagehero.com\/it\/parigi\/louvre\/#primaryimage\"},\"thumbnailUrl\":\"https:\/\/luggagehero.com\/wp-content\/uploads\/2022\/02\/BFCC0932-99FC-439B-8A3F-183388F23749.jpeg\",\"datePublished\":\"2019-11-29T07:56:30+00:00\",\"dateModified\":\"2023-08-22T11:51:20+00:00\",\"breadcrumb\":{\"@id\":\"https:\/\/luggagehero.com\/it\/parigi\/louvre\/#breadcrumb\"},\"inLanguage\":\"it-IT\",\"potentialAction\":[{\"@type\":\"ReadAction\",\"target\":[\"https:\/\/luggagehero.com\/it\/parigi\/louvre\/\"]}]},{\"@type\":\"ImageObject\",\"inLanguage\":\"it-IT\",\"@id\":\"https:\/\/luggagehero.com\/it\/parigi\/louvre\/#primaryimage\",\"url\":\"https:\/\/luggagehero.com\/wp-content\/uploads\/2022\/02\/BFCC0932-99FC-439B-8A3F-183388F23749.jpeg\",\"contentUrl\":\"https:\/\/luggagehero.com\/wp-content\/uploads\/2022\/02\/BFCC0932-99FC-439B-8A3F-183388F23749.jpeg\",\"width\":1000,\"height\":563},{\"@type\":\"BreadcrumbList\",\"@id\":\"https:\/\/luggagehero.com\/it\/parigi\/louvre\/#breadcrumb\",\"itemListElement\":[{\"@type\":\"ListItem\",\"position\":1,\"name\":\"Home\",\"item\":\"https:\/\/luggagehero.com\/it\/\"},{\"@type\":\"ListItem\",\"position\":2,\"name\":\"Parigi\",\"item\":\"https:\/\/luggagehero.com\/it\/parigi\/\"},{\"@type\":\"ListItem\",\"position\":3,\"name\":\"Louvre\"}]},{\"@type\":\"WebSite\",\"@id\":\"https:\/\/luggagehero.com\/it\/#website\",\"url\":\"https:\/\/luggagehero.com\/it\/\",\"name\":\"LuggageHero\",\"description\":\"Free yourself from luggage\",\"publisher\":{\"@id\":\"https:\/\/luggagehero.com\/it\/#organization\"},\"potentialAction\":[{\"@type\":\"SearchAction\",\"target\":{\"@type\":\"EntryPoint\",\"urlTemplate\":\"https:\/\/luggagehero.com\/it\/?s={search_term_string}\"},\"query-input\":{\"@type\":\"PropertyValueSpecification\",\"valueRequired\":true,\"valueName\":\"search_term_string\"}}],\"inLanguage\":\"it-IT\"},{\"@type\":\"Organization\",\"@id\":\"https:\/\/luggagehero.com\/it\/#organization\",\"name\":\"LuggageHero\",\"url\":\"https:\/\/luggagehero.com\/it\/\",\"logo\":{\"@type\":\"ImageObject\",\"inLanguage\":\"it-IT\",\"@id\":\"https:\/\/luggagehero.com\/it\/#\/schema\/logo\/image\/\",\"url\":\"https:\/\/luggagehero.com\/wp-content\/uploads\/2017\/04\/luggagehero_LOGO-RGB_kort_POS_200x200.png\",\"contentUrl\":\"https:\/\/luggagehero.com\/wp-content\/uploads\/2017\/04\/luggagehero_LOGO-RGB_kort_POS_200x200.png\",\"width\":200,\"height\":200,\"caption\":\"LuggageHero\"},\"image\":{\"@id\":\"https:\/\/luggagehero.com\/it\/#\/schema\/logo\/image\/\"},\"sameAs\":[\"https:\/\/www.facebook.com\/luggagehero\",\"https:\/\/x.com\/luggagehero\",\"https:\/\/www.instagram.com\/luggagehero\",\"https:\/\/www.linkedin.com\/company\/luggagehero\/\"]}]}<\/script>\n<!-- \/ Yoast SEO Premium plugin. -->","yoast_head_json":{"title":"Louvre - LuggageHero","robots":{"index":"index","follow":"follow","max-snippet":"max-snippet:-1","max-image-preview":"max-image-preview:large","max-video-preview":"max-video-preview:-1"},"canonical":"https:\/\/luggagehero.com\/it\/parigi\/louvre\/","og_locale":"it_IT","og_type":"article","og_title":"Louvre","og_description":"Stai cercando un deposito bagagli vicino al Louvre? Puoi depositare le tue borse in uno dei nostri punti di deposito bagagli proprio dietro il Louvre e goderti la giornata al museo o a Parigi senza problemi. I punti di deposito LuggageHero sono hotel, bar e negozi\u00a0certificati. Le prenotazioni effettuate in anticipo ti garantiscono un posto [&hellip;]","og_url":"https:\/\/luggagehero.com\/it\/parigi\/louvre\/","og_site_name":"LuggageHero","article_publisher":"https:\/\/www.facebook.com\/luggagehero","article_modified_time":"2023-08-22T11:51:20+00:00","og_image":[{"width":1000,"height":563,"url":"https:\/\/luggagehero.com\/wp-content\/uploads\/2022\/02\/BFCC0932-99FC-439B-8A3F-183388F23749.jpeg","type":"image\/jpeg"}],"twitter_card":"summary_large_image","twitter_site":"@luggagehero","twitter_misc":{"Est. reading time":"3 minutes"},"schema":{"@context":"https:\/\/schema.org","@graph":[{"@type":"WebPage","@id":"https:\/\/luggagehero.com\/it\/parigi\/louvre\/","url":"https:\/\/luggagehero.com\/it\/parigi\/louvre\/","name":"Louvre - LuggageHero","isPartOf":{"@id":"https:\/\/luggagehero.com\/it\/#website"},"primaryImageOfPage":{"@id":"https:\/\/luggagehero.com\/it\/parigi\/louvre\/#primaryimage"},"image":{"@id":"https:\/\/luggagehero.com\/it\/parigi\/louvre\/#primaryimage"},"thumbnailUrl":"https:\/\/luggagehero.com\/wp-content\/uploads\/2022\/02\/BFCC0932-99FC-439B-8A3F-183388F23749.jpeg","datePublished":"2019-11-29T07:56:30+00:00","dateModified":"2023-08-22T11:51:20+00:00","breadcrumb":{"@id":"https:\/\/luggagehero.com\/it\/parigi\/louvre\/#breadcrumb"},"inLanguage":"it-IT","potentialAction":[{"@type":"ReadAction","target":["https:\/\/luggagehero.com\/it\/parigi\/louvre\/"]}]},{"@type":"ImageObject","inLanguage":"it-IT","@id":"https:\/\/luggagehero.com\/it\/parigi\/louvre\/#primaryimage","url":"https:\/\/luggagehero.com\/wp-content\/uploads\/2022\/02\/BFCC0932-99FC-439B-8A3F-183388F23749.jpeg","contentUrl":"https:\/\/luggagehero.com\/wp-content\/uploads\/2022\/02\/BFCC0932-99FC-439B-8A3F-183388F23749.jpeg","width":1000,"height":563},{"@type":"BreadcrumbList","@id":"https:\/\/luggagehero.com\/it\/parigi\/louvre\/#breadcrumb","itemListElement":[{"@type":"ListItem","position":1,"name":"Home","item":"https:\/\/luggagehero.com\/it\/"},{"@type":"ListItem","position":2,"name":"Parigi","item":"https:\/\/luggagehero.com\/it\/parigi\/"},{"@type":"ListItem","position":3,"name":"Louvre"}]},{"@type":"WebSite","@id":"https:\/\/luggagehero.com\/it\/#website","url":"https:\/\/luggagehero.com\/it\/","name":"LuggageHero","description":"Free yourself from luggage","publisher":{"@id":"https:\/\/luggagehero.com\/it\/#organization"},"potentialAction":[{"@type":"SearchAction","target":{"@type":"EntryPoint","urlTemplate":"https:\/\/luggagehero.com\/it\/?s={search_term_string}"},"query-input":{"@type":"PropertyValueSpecification","valueRequired":true,"valueName":"search_term_string"}}],"inLanguage":"it-IT"},{"@type":"Organization","@id":"https:\/\/luggagehero.com\/it\/#organization","name":"LuggageHero","url":"https:\/\/luggagehero.com\/it\/","logo":{"@type":"ImageObject","inLanguage":"it-IT","@id":"https:\/\/luggagehero.com\/it\/#\/schema\/logo\/image\/","url":"https:\/\/luggagehero.com\/wp-content\/uploads\/2017\/04\/luggagehero_LOGO-RGB_kort_POS_200x200.png","contentUrl":"https:\/\/luggagehero.com\/wp-content\/uploads\/2017\/04\/luggagehero_LOGO-RGB_kort_POS_200x200.png","width":200,"height":200,"caption":"LuggageHero"},"image":{"@id":"https:\/\/luggagehero.com\/it\/#\/schema\/logo\/image\/"},"sameAs":["https:\/\/www.facebook.com\/luggagehero","https:\/\/x.com\/luggagehero","https:\/\/www.instagram.com\/luggagehero","https:\/\/www.linkedin.com\/company\/luggagehero\/"]}]}},"place_id":"","place_latitude_longitude":"48.860606, 2.337667","place_name":"Louvre","criteria_title":"","criteria_description":"","meta_title":"","meta_description":"","children_criteria_title":"","children_criteria_description":"","children_meta_title":"","children_meta_description":"","_edit_last":"46","use_global_content":"","poi_type":"","content_raw":"Stai cercando un deposito bagagli vicino al Louvre? Puoi depositare le tue borse in uno dei nostri punti di deposito bagagli proprio dietro il Louvre e goderti la giornata al museo o a <a href=\"https:\/\/luggagehero.com\/paris\/\">Parigi<\/a> senza problemi.\r\n\r\nI punti di deposito LuggageHero sono hotel, bar e negozi\u00a0<a href=\"https:\/\/luggagehero.com\/about\/certified-shops\/\">certificati<\/a>. Le prenotazioni effettuate in anticipo ti garantiscono un posto disponibile per le tue borse. L\u2019indirizzo e le indicazioni per raggiungere i nostri punti di deposito vengono messi a disposizione al momento della prenotazione. Tutte le borse vengono protette da una copertura assicurativa fino a [pricing insurancecoverage] per ogni singolo bagaglio, una volta che siano state consegnate e che il timer di deposito sia stato avviato dalla tua pagina di prenotazione.\r\n<h4 class=\"p1\"><span class=\"s1\"><b>Guarda la mappa per vedere shop certificati vicino Parigi<\/b><\/span><\/h4>\r\n[mapofshops]\r\n<h3 style=\"text-align: left;\"><strong>Ricordati di scaricare la nostra app!<\/strong><\/h3>\r\nGrazie all' app di LuggageHero puoi facilmente trovarci a Roma e lasciarci il tuo bagaglio. 1000+ location ti aspettano, scarica la nostra app!\r\n\r\n[appdownloader]\r\n\r\n<b>Il nostro servizio \u00e8 simile al deposito bagagli dell'hotel<\/b>\r\n\r\n<span style=\"font-weight: 400;\">Quante volte ti sei chiesto \u201csi possono lasciare i bagagli in stazione, o nell\u2019hotel?\u201d \u201cstazione termini deposito bagagli prezzi?\u201d<\/span>\r\n\r\n<span style=\"font-weight: 400;\">Molti viaggiatori si fanno queste domande, e molte volte vengono fatte al personale della reception. Non c'\u00e8 pi\u00f9 bisogno di farsi queste domande: LuggageHero offre, pi\u00f9 o meno, lo stesso servizio per tutti, non importa se soggiorni in un hotel, Airbnb o altrove. Siamo sempre pronti ad aiutarti.<\/span>\r\n\r\n<b>Riponi le tue valigie nei negozi verificati con questo codice sconto<\/b>\r\n\r\n<span style=\"font-weight: 400;\">Ai nostri affezionati clienti e nuovi clienti offriamo un codice sconto per due ore di deposito bagagli GRATUITO. Il codice sconto \u00e8 valido per il resto dell\u2019anno in TUTTE le citt\u00e0 e in TUTTI i negozi, inclusi i negozi Premium Partner!<\/span>\r\n\r\n&nbsp;\r\n\r\n<img class=\"aligncenter size-large wp-image-7177\" src=\"https:\/\/luggagehero.com\/wp-content\/uploads\/2019\/05\/yeo-khee-612822-unsplash-800x450.jpg\" alt=\"\" width=\"800\" height=\"450\" \/>\r\n\r\n&nbsp;\r\n<h2 style=\"text-align: center;\">Museo del Louvre<\/h2>\r\nIl Louvre, o Museo del Louvre, \u00e8 il museo d\u2019arte pi\u00f9 grande al mondo e un monumento storico di Parigi. Si trova in Rue de Rivoli, vicino alla stazione metropolitana di Louvre Rivoli. La collezione di dipinti del Louvre \u00e8 una delle pi\u00f9 ricche al mondo, includendo tutti i periodi dell\u2019arte Europea fino ai Moti del 1848. Qui si possono ammirare numerosi capolavori del Rinascimento Italiano, tra cui la \u201cGioconda\u201d di Leonardo da Vinci,oltre a pittori Fiamminghi e Olandesi dell\u2019epoca barocca.\r\n\r\nMolti turisti decidono di visitare il Louvre che, con 10,2 milioni di visitatori all\u2019anno, \u00e8 una delle destinazioni turistiche pi\u00f9 visitate di Parigi. Il momento migliore per visitare il Louvre \u00e8 tra le 12.00 e le 17.00 e i biglietti si possono comprare all\u2019ingresso. I biglietti con orario di ingresso acquistati online vi garantiranno l\u2019ingresso entro 30 minuti.\r\n<h3 style=\"text-align: center;\">Regolamento Borse e Bagagli del Louvre<\/h3>\r\nI visitatori muniti di biglietto o pass possono utilizzare il servizio guardaroba del museo gratuitamente. Per ragioni di sicurezza e di spazio \u00e8 vietato l\u2019accesso all\u2019interno del museo con borse voluminose. Si consiglia quindi ai visitatori del museo di non portare grosse borse o valigie al Louvre. Il servizio guardaroba, che si trova sotto la Piramide, \u00e8 chiuso tutti i Luned\u00ec e i Marted\u00ec\r\n\r\nNota: Qualsiasi collo che superi le misure 55 x 30 x 20 cm non pu\u00f2 essere portato all\u2019interno del museo.","_links":{"self":[{"href":"https:\/\/luggagehero.com\/it\/wp-json\/wp\/v2\/pages\/12274","targetHints":{"allow":["GET"]}}],"collection":[{"href":"https:\/\/luggagehero.com\/it\/wp-json\/wp\/v2\/pages"}],"about":[{"href":"https:\/\/luggagehero.com\/it\/wp-json\/wp\/v2\/types\/page"}],"author":[{"embeddable":true,"href":"https:\/\/luggagehero.com\/it\/wp-json\/wp\/v2\/users\/9"}],"replies":[{"embeddable":true,"href":"https:\/\/luggagehero.com\/it\/wp-json\/wp\/v2\/comments?post=12274"}],"version-history":[{"count":0,"href":"https:\/\/luggagehero.com\/it\/wp-json\/wp\/v2\/pages\/12274\/revisions"}],"up":[{"embeddable":true,"href":"https:\/\/luggagehero.com\/it\/wp-json\/wp\/v2\/pages\/11420"}],"wp:featuredmedia":[{"embeddable":true,"href":"https:\/\/luggagehero.com\/it\/wp-json\/wp\/v2\/media\/42582"}],"wp:attachment":[{"href":"https:\/\/luggagehero.com\/it\/wp-json\/wp\/v2\/media?parent=12274"}],"curies":[{"name":"wp","href":"https:\/\/api.w.org\/{rel}","templated":true}]}}