{"id":12276,"date":"2019-11-29T07:56:30","date_gmt":"2019-11-29T07:56:30","guid":{"rendered":"https:\/\/luggagehero.com\/amsterdam\/centraal-station\/"},"modified":"2023-08-28T07:16:51","modified_gmt":"2023-08-28T07:16:51","slug":"centraal-station","status":"publish","type":"page","link":"https:\/\/luggagehero.com\/it\/amsterdam\/centraal-station\/","title":{"rendered":"Centraal Station"},"content":{"rendered":"<p><span style=\"font-weight: 400;\">Stai cercando un deposito bagagli vicino alla stazione Amsterdam Centraal? Puoi depositare le tue borse in uno dei nostri punti di deposito bagagli proprio dietro l\u2019angolo e visitare <a href=\"https:\/\/luggagehero.com\/amsterdam\/\">Amsterdam<\/a> senza il peso del bagaglio.<br \/>\n<\/span><\/p>\n<p><span style=\"font-weight: 400;\">I punti di deposito LuggageHero sono hotel, bar e negozi <\/span><a href=\"https:\/\/luggagehero.com\/about\/certified-shops\/\"><span style=\"font-weight: 400;\">certificati<\/span><\/a><span style=\"font-weight: 400;\">Le prenotazioni effettuate in anticipo ti garantiscono un posto disponibile per le tue borse.L\u2019indirizzo e le indicazioni stradali ai nostri negozi partner vengono messi a disposizione al momento della prenotazione. Tutte le borse vengono protette da <\/span><span style=\"font-weight: 400;\">copertura assicurativa fino a <pricing-component type=\"insurancecoverage\"><\/pricing-component> per ogni singolo bagaglio, una volta che siano state consegnate e che il timer di deposito sia stato avviato dalla tua pagina di prenotazione.<\/span><\/p>\n<h2><img loading=\"lazy\" decoding=\"async\" class=\"aligncenter wp-image-11233 size-large\" src=\"https:\/\/luggagehero.com\/wp-content\/uploads\/2019\/11\/bruno-van-der-kraan-VXBzsO2KB8o-unsplash-1-800x1036.jpg\" alt=\"\" width=\"791\" height=\"1024\" srcset=\"https:\/\/luggagehero.com\/wp-content\/uploads\/2019\/11\/bruno-van-der-kraan-VXBzsO2KB8o-unsplash-1-800x1036.jpg 800w, https:\/\/luggagehero.com\/wp-content\/uploads\/2019\/11\/bruno-van-der-kraan-VXBzsO2KB8o-unsplash-1-300x389.jpg 300w, https:\/\/luggagehero.com\/wp-content\/uploads\/2019\/11\/bruno-van-der-kraan-VXBzsO2KB8o-unsplash-1-600x777.jpg 600w\" sizes=\"auto, (max-width: 791px) 100vw, 791px\" \/><\/h2>\n<h2 style=\"text-align: center;\">Centraal Station<\/h2>\n<p><span style=\"font-weight: 400;\">Centraal Station \u00e8 la pi\u00f9 grande stazione ferroviaria di <a href=\"https:\/\/luggagehero.com\/amsterdam\/\" target=\"_blank\" rel=\"noopener noreferrer\">Amsterdam<\/a>. <\/span><span style=\"font-weight: 400;\">La stazione \u00e8 connessa dal servizio ferroviario nazionale e internazionale e viene utilizzata da 162.000 passeggeri al giorno. <\/span><span style=\"font-weight: 400;\"><br \/>\n<\/span><span style=\"font-weight: 400;\"><br \/>\n<\/span><span style=\"font-weight: 400;\">Esteticamente la stazione appare come una cattedrale medioevale. <\/span><span style=\"font-weight: 400;\">\u00c8 stata progettata da Pierre Cuypers in stile Gotico, con una facciata in stile Neo Rinascimentale, mentre l\u2019edificio stesso venne realizzato dall\u2019impresario Phillipp Holzmann. <\/span><span style=\"font-weight: 400;\"><br \/>\n<\/span><span style=\"font-weight: 400;\"><br \/>\n<\/span><span style=\"font-weight: 400;\">A partire dal 1997 la stazione \u00e8 stata trasformata radicalmente per poter ospitare la linea Nord-Sud. <\/span><span style=\"font-weight: 400;\">Ulteriori ricostruzioni sono seguite nel 2017, per allargare le piattaforme e sostituire i vecchi ponti. <\/span><span style=\"font-weight: 400;\"><br \/>\n<\/span><span style=\"font-weight: 400;\"><br \/>\n<\/span><span style=\"font-weight: 400;\">Oggi la Centraal Station \u00e8 piena di negozi, bar e supermercati. <\/span><span style=\"font-weight: 400;\">Se ti dovessi trovare in stazione con diverse ore tra un treno e l\u2019altro e volessi allontanarti per andare a fare un giro, perch\u00e9 non sfruttare questa occasione? <\/span><span style=\"font-weight: 400;\">Oggi \u00e8 ancora pi\u00f9 facile, grazie alla possibilit\u00e0 di lasciare i tuoi bagagli in uno dei nostri punti di deposito situati a pochi passi dalla stazione. <\/span><span style=\"font-weight: 400;\"><br \/>\n<\/span><span style=\"font-weight: 400;\"><br \/>\n<\/span><span style=\"font-weight: 400;\">Lascia a noi la cura del tuo bagaglio e passeggia liberamente per Amsterdam, visitando i numerosi siti turistici come il <a href=\"https:\/\/luggagehero.com\/amsterdam\/Van-Gogh-Museum\/\" target=\"_blank\" rel=\"noopener noreferrer\">Museo Van Gogh<\/a>, il <a href=\"https:\/\/luggagehero.com\/amsterdam\/Rijksmuseum\/\" target=\"_blank\" rel=\"noopener noreferrer\">Rijksmuseum<\/a>, <a href=\"https:\/\/luggagehero.com\/amsterdam\/De-Wallen\/\" target=\"_blank\" rel=\"noopener noreferrer\">De Wallen<\/a> e <a href=\"https:\/\/luggagehero.com\/amsterdam\/dam\/\" target=\"_blank\" rel=\"noopener noreferrer\">Dam Square<\/a>. <\/span><span style=\"font-weight: 400;\"><br \/>\n<\/span><span style=\"font-weight: 400;\"><br \/>\n<\/span><span style=\"font-weight: 400;\">Viaggiare senza bagagli significa poter sfruttare meglio il tempo e le energie per fare e vedere le cose che ti interessano. Ti invitiamo a provare il nostro servizio: ci prendiamo cura del tuo bagaglio, mentre tu puoi goderti al massimo la tua permanenza ad Amsterdam.\u00a0<\/span><\/p>\n","protected":false},"excerpt":{"rendered":"<p>Stai cercando un deposito bagagli vicino alla stazione Amsterdam Centraal? Puoi depositare le tue borse in uno dei nostri punti di deposito bagagli proprio dietro l\u2019angolo e visitare Amsterdam senza il peso del bagaglio. I punti di deposito LuggageHero sono hotel, bar e negozi certificatiLe prenotazioni effettuate in anticipo ti garantiscono un posto disponibile per [&hellip;]<\/p>\n","protected":false},"author":9,"featured_media":39178,"parent":11483,"menu_order":0,"comment_status":"closed","ping_status":"closed","template":"template-location.php","meta":{"_acf_changed":false,"footnotes":""},"class_list":["post-12276","page","type-page","status-publish","has-post-thumbnail","hentry"],"acf":[],"yoast_head":"<!-- This site is optimized with the Yoast SEO Premium plugin v27.0 (Yoast SEO v27.0) - https:\/\/yoast.com\/product\/yoast-seo-premium-wordpress\/ -->\n<title>Centraal Station - LuggageHero<\/title>\n<meta name=\"robots\" content=\"index, follow, max-snippet:-1, max-image-preview:large, max-video-preview:-1\" \/>\n<link rel=\"canonical\" href=\"https:\/\/luggagehero.com\/it\/amsterdam\/centraal-station\/\" \/>\n<meta property=\"og:locale\" content=\"it_IT\" \/>\n<meta property=\"og:type\" content=\"article\" \/>\n<meta property=\"og:title\" content=\"Centraal Station\" \/>\n<meta property=\"og:description\" content=\"Stai cercando un deposito bagagli vicino alla stazione Amsterdam Centraal? Puoi depositare le tue borse in uno dei nostri punti di deposito bagagli proprio dietro l\u2019angolo e visitare Amsterdam senza il peso del bagaglio. I punti di deposito LuggageHero sono hotel, bar e negozi certificatiLe prenotazioni effettuate in anticipo ti garantiscono un posto disponibile per [&hellip;]\" \/>\n<meta property=\"og:url\" content=\"https:\/\/luggagehero.com\/it\/amsterdam\/centraal-station\/\" \/>\n<meta property=\"og:site_name\" content=\"LuggageHero\" \/>\n<meta property=\"article:publisher\" content=\"https:\/\/www.facebook.com\/luggagehero\" \/>\n<meta property=\"article:modified_time\" content=\"2023-08-28T07:16:51+00:00\" \/>\n<meta property=\"og:image\" content=\"https:\/\/luggagehero.com\/wp-content\/uploads\/2021\/10\/central-station-amsterdam.jpg\" \/>\n\t<meta property=\"og:image:width\" content=\"1360\" \/>\n\t<meta property=\"og:image:height\" content=\"430\" \/>\n\t<meta property=\"og:image:type\" content=\"image\/jpeg\" \/>\n<meta name=\"twitter:card\" content=\"summary_large_image\" \/>\n<meta name=\"twitter:site\" content=\"@luggagehero\" \/>\n<meta name=\"twitter:label1\" content=\"Est. reading time\" \/>\n\t<meta name=\"twitter:data1\" content=\"2 minutes\" \/>\n<script type=\"application\/ld+json\" class=\"yoast-schema-graph\">{\"@context\":\"https:\/\/schema.org\",\"@graph\":[{\"@type\":\"WebPage\",\"@id\":\"https:\/\/luggagehero.com\/it\/amsterdam\/centraal-station\/\",\"url\":\"https:\/\/luggagehero.com\/it\/amsterdam\/centraal-station\/\",\"name\":\"Centraal Station - LuggageHero\",\"isPartOf\":{\"@id\":\"https:\/\/luggagehero.com\/it\/#website\"},\"primaryImageOfPage\":{\"@id\":\"https:\/\/luggagehero.com\/it\/amsterdam\/centraal-station\/#primaryimage\"},\"image\":{\"@id\":\"https:\/\/luggagehero.com\/it\/amsterdam\/centraal-station\/#primaryimage\"},\"thumbnailUrl\":\"https:\/\/luggagehero.com\/wp-content\/uploads\/2021\/10\/central-station-amsterdam.jpg\",\"datePublished\":\"2019-11-29T07:56:30+00:00\",\"dateModified\":\"2023-08-28T07:16:51+00:00\",\"breadcrumb\":{\"@id\":\"https:\/\/luggagehero.com\/it\/amsterdam\/centraal-station\/#breadcrumb\"},\"inLanguage\":\"it-IT\",\"potentialAction\":[{\"@type\":\"ReadAction\",\"target\":[\"https:\/\/luggagehero.com\/it\/amsterdam\/centraal-station\/\"]}]},{\"@type\":\"ImageObject\",\"inLanguage\":\"it-IT\",\"@id\":\"https:\/\/luggagehero.com\/it\/amsterdam\/centraal-station\/#primaryimage\",\"url\":\"https:\/\/luggagehero.com\/wp-content\/uploads\/2021\/10\/central-station-amsterdam.jpg\",\"contentUrl\":\"https:\/\/luggagehero.com\/wp-content\/uploads\/2021\/10\/central-station-amsterdam.jpg\",\"width\":1360,\"height\":430},{\"@type\":\"BreadcrumbList\",\"@id\":\"https:\/\/luggagehero.com\/it\/amsterdam\/centraal-station\/#breadcrumb\",\"itemListElement\":[{\"@type\":\"ListItem\",\"position\":1,\"name\":\"Home\",\"item\":\"https:\/\/luggagehero.com\/it\/\"},{\"@type\":\"ListItem\",\"position\":2,\"name\":\"Amsterdam\",\"item\":\"https:\/\/luggagehero.com\/it\/amsterdam\/\"},{\"@type\":\"ListItem\",\"position\":3,\"name\":\"Centraal Station\"}]},{\"@type\":\"WebSite\",\"@id\":\"https:\/\/luggagehero.com\/it\/#website\",\"url\":\"https:\/\/luggagehero.com\/it\/\",\"name\":\"LuggageHero\",\"description\":\"Free yourself from luggage\",\"publisher\":{\"@id\":\"https:\/\/luggagehero.com\/it\/#organization\"},\"potentialAction\":[{\"@type\":\"SearchAction\",\"target\":{\"@type\":\"EntryPoint\",\"urlTemplate\":\"https:\/\/luggagehero.com\/it\/?s={search_term_string}\"},\"query-input\":{\"@type\":\"PropertyValueSpecification\",\"valueRequired\":true,\"valueName\":\"search_term_string\"}}],\"inLanguage\":\"it-IT\"},{\"@type\":\"Organization\",\"@id\":\"https:\/\/luggagehero.com\/it\/#organization\",\"name\":\"LuggageHero\",\"url\":\"https:\/\/luggagehero.com\/it\/\",\"logo\":{\"@type\":\"ImageObject\",\"inLanguage\":\"it-IT\",\"@id\":\"https:\/\/luggagehero.com\/it\/#\/schema\/logo\/image\/\",\"url\":\"https:\/\/luggagehero.com\/wp-content\/uploads\/2017\/04\/luggagehero_LOGO-RGB_kort_POS_200x200.png\",\"contentUrl\":\"https:\/\/luggagehero.com\/wp-content\/uploads\/2017\/04\/luggagehero_LOGO-RGB_kort_POS_200x200.png\",\"width\":200,\"height\":200,\"caption\":\"LuggageHero\"},\"image\":{\"@id\":\"https:\/\/luggagehero.com\/it\/#\/schema\/logo\/image\/\"},\"sameAs\":[\"https:\/\/www.facebook.com\/luggagehero\",\"https:\/\/x.com\/luggagehero\",\"https:\/\/www.instagram.com\/luggagehero\",\"https:\/\/www.linkedin.com\/company\/luggagehero\/\"]}]}<\/script>\n<!-- \/ Yoast SEO Premium plugin. -->","yoast_head_json":{"title":"Centraal Station - LuggageHero","robots":{"index":"index","follow":"follow","max-snippet":"max-snippet:-1","max-image-preview":"max-image-preview:large","max-video-preview":"max-video-preview:-1"},"canonical":"https:\/\/luggagehero.com\/it\/amsterdam\/centraal-station\/","og_locale":"it_IT","og_type":"article","og_title":"Centraal Station","og_description":"Stai cercando un deposito bagagli vicino alla stazione Amsterdam Centraal? Puoi depositare le tue borse in uno dei nostri punti di deposito bagagli proprio dietro l\u2019angolo e visitare Amsterdam senza il peso del bagaglio. I punti di deposito LuggageHero sono hotel, bar e negozi certificatiLe prenotazioni effettuate in anticipo ti garantiscono un posto disponibile per [&hellip;]","og_url":"https:\/\/luggagehero.com\/it\/amsterdam\/centraal-station\/","og_site_name":"LuggageHero","article_publisher":"https:\/\/www.facebook.com\/luggagehero","article_modified_time":"2023-08-28T07:16:51+00:00","og_image":[{"width":1360,"height":430,"url":"https:\/\/luggagehero.com\/wp-content\/uploads\/2021\/10\/central-station-amsterdam.jpg","type":"image\/jpeg"}],"twitter_card":"summary_large_image","twitter_site":"@luggagehero","twitter_misc":{"Est. reading time":"2 minutes"},"schema":{"@context":"https:\/\/schema.org","@graph":[{"@type":"WebPage","@id":"https:\/\/luggagehero.com\/it\/amsterdam\/centraal-station\/","url":"https:\/\/luggagehero.com\/it\/amsterdam\/centraal-station\/","name":"Centraal Station - LuggageHero","isPartOf":{"@id":"https:\/\/luggagehero.com\/it\/#website"},"primaryImageOfPage":{"@id":"https:\/\/luggagehero.com\/it\/amsterdam\/centraal-station\/#primaryimage"},"image":{"@id":"https:\/\/luggagehero.com\/it\/amsterdam\/centraal-station\/#primaryimage"},"thumbnailUrl":"https:\/\/luggagehero.com\/wp-content\/uploads\/2021\/10\/central-station-amsterdam.jpg","datePublished":"2019-11-29T07:56:30+00:00","dateModified":"2023-08-28T07:16:51+00:00","breadcrumb":{"@id":"https:\/\/luggagehero.com\/it\/amsterdam\/centraal-station\/#breadcrumb"},"inLanguage":"it-IT","potentialAction":[{"@type":"ReadAction","target":["https:\/\/luggagehero.com\/it\/amsterdam\/centraal-station\/"]}]},{"@type":"ImageObject","inLanguage":"it-IT","@id":"https:\/\/luggagehero.com\/it\/amsterdam\/centraal-station\/#primaryimage","url":"https:\/\/luggagehero.com\/wp-content\/uploads\/2021\/10\/central-station-amsterdam.jpg","contentUrl":"https:\/\/luggagehero.com\/wp-content\/uploads\/2021\/10\/central-station-amsterdam.jpg","width":1360,"height":430},{"@type":"BreadcrumbList","@id":"https:\/\/luggagehero.com\/it\/amsterdam\/centraal-station\/#breadcrumb","itemListElement":[{"@type":"ListItem","position":1,"name":"Home","item":"https:\/\/luggagehero.com\/it\/"},{"@type":"ListItem","position":2,"name":"Amsterdam","item":"https:\/\/luggagehero.com\/it\/amsterdam\/"},{"@type":"ListItem","position":3,"name":"Centraal Station"}]},{"@type":"WebSite","@id":"https:\/\/luggagehero.com\/it\/#website","url":"https:\/\/luggagehero.com\/it\/","name":"LuggageHero","description":"Free yourself from luggage","publisher":{"@id":"https:\/\/luggagehero.com\/it\/#organization"},"potentialAction":[{"@type":"SearchAction","target":{"@type":"EntryPoint","urlTemplate":"https:\/\/luggagehero.com\/it\/?s={search_term_string}"},"query-input":{"@type":"PropertyValueSpecification","valueRequired":true,"valueName":"search_term_string"}}],"inLanguage":"it-IT"},{"@type":"Organization","@id":"https:\/\/luggagehero.com\/it\/#organization","name":"LuggageHero","url":"https:\/\/luggagehero.com\/it\/","logo":{"@type":"ImageObject","inLanguage":"it-IT","@id":"https:\/\/luggagehero.com\/it\/#\/schema\/logo\/image\/","url":"https:\/\/luggagehero.com\/wp-content\/uploads\/2017\/04\/luggagehero_LOGO-RGB_kort_POS_200x200.png","contentUrl":"https:\/\/luggagehero.com\/wp-content\/uploads\/2017\/04\/luggagehero_LOGO-RGB_kort_POS_200x200.png","width":200,"height":200,"caption":"LuggageHero"},"image":{"@id":"https:\/\/luggagehero.com\/it\/#\/schema\/logo\/image\/"},"sameAs":["https:\/\/www.facebook.com\/luggagehero","https:\/\/x.com\/luggagehero","https:\/\/www.instagram.com\/luggagehero","https:\/\/www.linkedin.com\/company\/luggagehero\/"]}]}},"place_id":"","place_latitude_longitude":"52.3791,4.9003","place_name":"Centraal Station","criteria_title":"","criteria_description":"","meta_title":"","meta_description":"","children_criteria_title":"","children_criteria_description":"","children_meta_title":"","children_meta_description":"","_edit_last":"46","use_global_content":"","poi_type":"PublicTransit","content_raw":"<span style=\"font-weight: 400;\">Stai cercando un deposito bagagli vicino alla stazione Amsterdam Centraal? Puoi depositare le tue borse in uno dei nostri punti di deposito bagagli proprio dietro l\u2019angolo e visitare <a href=\"https:\/\/luggagehero.com\/amsterdam\/\">Amsterdam<\/a> senza il peso del bagaglio.\r\n<\/span>\r\n\r\n<span style=\"font-weight: 400;\">I punti di deposito LuggageHero sono hotel, bar e negozi <\/span><a href=\"https:\/\/luggagehero.com\/about\/certified-shops\/\"><span style=\"font-weight: 400;\">certificati<\/span><\/a><span style=\"font-weight: 400;\">Le prenotazioni effettuate in anticipo ti garantiscono un posto disponibile per le tue borse.L\u2019indirizzo e le indicazioni stradali ai nostri negozi partner vengono messi a disposizione al momento della prenotazione. Tutte le borse vengono protette da <\/span><span style=\"font-weight: 400;\">copertura assicurativa fino a [pricing insurancecoverage] per ogni singolo bagaglio, una volta che siano state consegnate e che il timer di deposito sia stato avviato dalla tua pagina di prenotazione.<\/span>\r\n<h2><img class=\"aligncenter wp-image-11233 size-large\" src=\"https:\/\/luggagehero.com\/wp-content\/uploads\/2019\/11\/bruno-van-der-kraan-VXBzsO2KB8o-unsplash-1-800x1036.jpg\" alt=\"\" width=\"791\" height=\"1024\" \/><\/h2>\r\n<h2 style=\"text-align: center;\">Centraal Station<\/h2>\r\n<span style=\"font-weight: 400;\">Centraal Station \u00e8 la pi\u00f9 grande stazione ferroviaria di <a href=\"https:\/\/luggagehero.com\/amsterdam\/\" target=\"_blank\" rel=\"noopener noreferrer\">Amsterdam<\/a>. <\/span><span style=\"font-weight: 400;\">La stazione \u00e8 connessa dal servizio ferroviario nazionale e internazionale e viene utilizzata da 162.000 passeggeri al giorno. <\/span><span style=\"font-weight: 400;\">\r\n<\/span><span style=\"font-weight: 400;\">\r\n<\/span><span style=\"font-weight: 400;\">Esteticamente la stazione appare come una cattedrale medioevale. <\/span><span style=\"font-weight: 400;\">\u00c8 stata progettata da Pierre Cuypers in stile Gotico, con una facciata in stile Neo Rinascimentale, mentre l\u2019edificio stesso venne realizzato dall\u2019impresario Phillipp Holzmann. <\/span><span style=\"font-weight: 400;\">\r\n<\/span><span style=\"font-weight: 400;\">\r\n<\/span><span style=\"font-weight: 400;\">A partire dal 1997 la stazione \u00e8 stata trasformata radicalmente per poter ospitare la linea Nord-Sud. <\/span><span style=\"font-weight: 400;\">Ulteriori ricostruzioni sono seguite nel 2017, per allargare le piattaforme e sostituire i vecchi ponti. <\/span><span style=\"font-weight: 400;\">\r\n<\/span><span style=\"font-weight: 400;\">\r\n<\/span><span style=\"font-weight: 400;\">Oggi la Centraal Station \u00e8 piena di negozi, bar e supermercati. <\/span><span style=\"font-weight: 400;\">Se ti dovessi trovare in stazione con diverse ore tra un treno e l\u2019altro e volessi allontanarti per andare a fare un giro, perch\u00e9 non sfruttare questa occasione? <\/span><span style=\"font-weight: 400;\">Oggi \u00e8 ancora pi\u00f9 facile, grazie alla possibilit\u00e0 di lasciare i tuoi bagagli in uno dei nostri punti di deposito situati a pochi passi dalla stazione. <\/span><span style=\"font-weight: 400;\">\r\n<\/span><span style=\"font-weight: 400;\">\r\n<\/span><span style=\"font-weight: 400;\">Lascia a noi la cura del tuo bagaglio e passeggia liberamente per Amsterdam, visitando i numerosi siti turistici come il <a href=\"https:\/\/luggagehero.com\/amsterdam\/Van-Gogh-Museum\/\" target=\"_blank\" rel=\"noopener noreferrer\">Museo Van Gogh<\/a>, il <a href=\"https:\/\/luggagehero.com\/amsterdam\/Rijksmuseum\/\" target=\"_blank\" rel=\"noopener noreferrer\">Rijksmuseum<\/a>, <a href=\"https:\/\/luggagehero.com\/amsterdam\/De-Wallen\/\" target=\"_blank\" rel=\"noopener noreferrer\">De Wallen<\/a> e <a href=\"https:\/\/luggagehero.com\/amsterdam\/dam\/\" target=\"_blank\" rel=\"noopener noreferrer\">Dam Square<\/a>. <\/span><span style=\"font-weight: 400;\">\r\n<\/span><span style=\"font-weight: 400;\">\r\n<\/span><span style=\"font-weight: 400;\">Viaggiare senza bagagli significa poter sfruttare meglio il tempo e le energie per fare e vedere le cose che ti interessano. Ti invitiamo a provare il nostro servizio: ci prendiamo cura del tuo bagaglio, mentre tu puoi goderti al massimo la tua permanenza ad Amsterdam.\u00a0<\/span>","_links":{"self":[{"href":"https:\/\/luggagehero.com\/it\/wp-json\/wp\/v2\/pages\/12276","targetHints":{"allow":["GET"]}}],"collection":[{"href":"https:\/\/luggagehero.com\/it\/wp-json\/wp\/v2\/pages"}],"about":[{"href":"https:\/\/luggagehero.com\/it\/wp-json\/wp\/v2\/types\/page"}],"author":[{"embeddable":true,"href":"https:\/\/luggagehero.com\/it\/wp-json\/wp\/v2\/users\/9"}],"replies":[{"embeddable":true,"href":"https:\/\/luggagehero.com\/it\/wp-json\/wp\/v2\/comments?post=12276"}],"version-history":[{"count":0,"href":"https:\/\/luggagehero.com\/it\/wp-json\/wp\/v2\/pages\/12276\/revisions"}],"up":[{"embeddable":true,"href":"https:\/\/luggagehero.com\/it\/wp-json\/wp\/v2\/pages\/11483"}],"wp:featuredmedia":[{"embeddable":true,"href":"https:\/\/luggagehero.com\/it\/wp-json\/wp\/v2\/media\/39178"}],"wp:attachment":[{"href":"https:\/\/luggagehero.com\/it\/wp-json\/wp\/v2\/media?parent=12276"}],"curies":[{"name":"wp","href":"https:\/\/api.w.org\/{rel}","templated":true}]}}