{"id":12278,"date":"2019-11-29T07:56:31","date_gmt":"2019-11-29T07:56:31","guid":{"rendered":"https:\/\/luggagehero.com\/manchester\/"},"modified":"2023-09-05T11:35:26","modified_gmt":"2023-09-05T11:35:26","slug":"manchester","status":"publish","type":"page","link":"https:\/\/luggagehero.com\/it\/manchester\/","title":{"rendered":"Manchester"},"content":{"rendered":"<p>Non hai pi\u00f9 bisogno di cercare armadietti per depositare il tuo bagaglio. La prossima volta che sarai a Manchester, ricordati che LuggageHero \u00e8 qui per salvarti dai guai e custodire il tuo bagaglio in sicurezza!<\/p>\n<p>Consegna le tue borse utilizzando il circuito di pi\u00f9 di 20 punti LuggageHero presso negozi della zona, situati attorno ai principali snodi della viabilit\u00e0 di oggi. Questi includono: <a href=\"https:\/\/luggagehero.com\/manchester\/manchester-piccadilly\/\">Manchester Piccadilly<\/a>, <a href=\"https:\/\/luggagehero.com\/manchester\/salford-central\/\">Salford Central<\/a> e <a href=\"https:\/\/luggagehero.com\/manchester\/manchester-victoria\/\">Manchester Victoria<\/a>.<\/p>\n<p>Immagina di arrivare a Manchester diverse ore prima che il tuo alloggio sia disponibile e di voler visitare le bellezze della citt\u00e0, senza doverti trascinare dietro il tuo bagaglio. Magari vorresti visitare il <a href=\"https:\/\/luggagehero.com\/manchester\/science-and-industry-museum\/\">Science and Industry Museum<\/a> o la <a href=\"https:\/\/luggagehero.com\/manchester\/manchester-art-gallery\/\">Manchester Art Gallery<\/a>, guardarti una partita all\u2019<a href=\"https:\/\/luggagehero.com\/manchester\/etihad-stadium\/\">Etihad Stadium<\/a> o all\u2019<a href=\"https:\/\/luggagehero.com\/manchester\/old-trafford\/\">Old Trafford<\/a>. Qualsiasi cosa tu decida di fare, siamo qui per alleggerirti.<\/p>\n<p>Basta andare sulla nostra <a href=\"https:\/\/app.luggagehero.com\/home;location=Manchester;lat=53,4807593;lon=-2,2426305000000184\">piattaforma di prenotazione LuggageHero<\/a> per trovare un punto di deposito a portata di mano, all\u2019interno di un negozio o di un altro esercizio commerciale, tutti <a href=\"https:\/\/luggagehero.com\/about\/certified-shops\/\">verificati da noi<\/a>. Utilizzando la nostra aggiornatissima mappa, potrai trovare i negozi che sono pi\u00f9 vicini alle stazioni della metropolitana che utilizzerai e potrai depositare l\u00ec il tuo bagaglio.<\/p>\n<p><img loading=\"lazy\" decoding=\"async\" class=\"aligncenter wp-image-2267\" title=\"Affida il tuo bagaglio a Londra a un LuggageHero\" src=\"https:\/\/luggagehero.com\/wp-content\/uploads\/2017\/06\/LuggageHero_figur_fod-paa-kufferter-1-720x907.png\" alt=\"Affida il tuo bagaglio a Londra a un LuggageHero\" width=\"333\" height=\"420\" \/><\/p>\n<h4><strong>A differenza di altri servizi, la nostra tariffa \u00e8 oraria!<\/strong><\/h4>\n<p>Offriamo un servizio veloce, comodo ed economico.<\/p>\n<p>Crediamo nell\u2019importanza di offrire ai nostri clienti diverse soluzioni per il pagamento. Infatti, LuggageHero applica ai suoi utenti una tariffa di 1\u00a3 solamente per ogni ora utilizzata, a differenza della maggior parte degli altri servizi di deposito bagagli, che spesso ti chiedono di pagare per l\u2019intera giornata. Se invece volessi depositare il tuo bagaglio per tutto il giorno o pi\u00f9 a lungo, ti offriamo un economico tetto massimo giornaliero di 8\u00a3. Questa \u00e8 la nostra idea di come il pagamento per il servizio di deposito bagagli dovrebbe essere, nel 2019.<\/p>\n<h4><strong>Siamo qui per te<\/strong><\/h4>\n<p>La tua protezione e sicurezza sono la nostra priorit\u00e0. Ecco perch\u00e9 abbiamo degli impiegati LuggageHero che recensiscono e certificano tutti i nostri negozi a Manchester. Inoltre, sigilliamo ogni singolo bagaglio per assicurarti che rimanga al sicuro da qualsiasi manomissione. Oltre a tutto questo, assicuriamo ogni singola borsa e il suo contenuto fino a <pricing-component type=\"insurancecoverage\"><\/pricing-component>. Se hai bisogno di parlare a qualcuno di noi di LuggageHero, siamo qui per te 24 ore su 24, 7 giorni su 7, grazie al nostro sistema di chat online.<\/p>\n<h4>Guida ai Depositi Bagagli &#8211; Manchester 2019<\/h4>\n<p>Abbiamo preparato per te la nostra <a href=\"https:\/\/luggagehero.com\/find-luggage-storage-manchester\/\">guida 2019 sui servizi di deposito bagagli a Manchester<\/a>.<\/p>\n<h3><strong>Sei pronto per depositare le tue borse?<\/strong><\/h3>\n<p>Trova il posto giusto per depositare i tuoi bagagli e scegli tra pi\u00f9 di <a href=\"https:\/\/app.luggagehero.com\/home;location=Manchester;lat=53,4807593;lon=-2,2426305000000184\"><strong>20 punti disponibili in tutta Manchester!<\/strong><\/a><\/p>\n<p><img loading=\"lazy\" decoding=\"async\" class=\"aligncenter wp-image-2271\" title=\"Deposito bagagli Londra\" src=\"https:\/\/luggagehero.com\/wp-content\/uploads\/2017\/06\/LuggageHero_figur_point-2_300x277.png\" alt=\"Deposito Bagagli Londra\" width=\"233\" height=\"215\" \/><\/p>\n<h4><\/h4>\n<h4 style=\"text-align: center;\">Sicurezza<\/h4>\n<p><a href=\"https:\/\/luggagehero.com\/about\/certified-shops\/\">Certifichiamo<\/a> e formiamo scrupolosamente gli operatori di tutti i nostri punti LuggageHero a Manchester su come maneggiare in sicurezza i tuoi effetti personali.<\/p>\n<p>Tutti i nostri negozi a Manchester sono stati recensiti da un impiegato LuggageHero, che inoltre esegue regolarmente controlli qualit\u00e0 per garantire che gli effetti personali dei nostri clienti siano conservati in modo sicuro e affidabile.<\/p>\n<p>In pi\u00f9, forniamo dei <a href=\"https:\/\/luggagehero.com\/about\/security-seal\/\"><strong>sigilli di sicurezza<\/strong><\/a> per ogni singolo bagaglio. Questi ti verranno forniti al tuo arrivo in negozio, garantendoti che nessuno possa aprire le tue borse.<\/p>\n<p>Inoltre, ogni singolo bagaglio e il suo contenuto sono assicurati fino a <pricing-component type=\"insurancecoverage\"><\/pricing-component>.<\/p>\n<p>Se hai bisogno di rivolgerti a qualcuno, ricordati che il nostro supporto ai clienti tramite chat online \u00e8 attivo 24 ore su 24, 7 giorni su 7.<\/p>\n<h4><\/h4>\n<h4 style=\"text-align: center;\">Prenota\u00a0senza rischi<\/h4>\n<p>Semplificare i tuoi viaggi \u00e8 la nostra missione, questo \u00e8 il motivo per cui per noi \u00e8 cos\u00ec importante che non ti venga addebitato NESSUN COSTO finch\u00e9 il tuo bagaglio non sia stato consegnato.<\/p>\n<p>Utilizza il nostro sistema di prenotazione online per scegliere il miglior deposito bagagli a Manchester per la tua posizione e i tuoi programmi. Puoi sia prenotare al tuo arrivo presso il negozio, oppure prenotare online in anticipo per assicurarti il tuo posto. Prenota in anticipo per essere sicuro di avere lo spazio per il tuo bagaglio.<\/p>\n<p>Ma sappiamo che a volte i programmi cambiano, soprattutto quando sei in viaggio. Cos\u00ec, se non ti presenti non ti verr\u00e0 addebitato nulla. Nada. Zero. Zip. Zilch. Nulla! E no, non c\u2019\u00e8 nemmeno bisogno di cancellare!<\/p>\n","protected":false},"excerpt":{"rendered":"<p>Non hai pi\u00f9 bisogno di cercare armadietti per depositare il tuo bagaglio. La prossima volta che sarai a Manchester, ricordati che LuggageHero \u00e8 qui per salvarti dai guai e custodire il tuo bagaglio in sicurezza! Consegna le tue borse utilizzando il circuito di pi\u00f9 di 20 punti LuggageHero presso negozi della zona, situati attorno ai [&hellip;]<\/p>\n","protected":false},"author":9,"featured_media":19471,"parent":0,"menu_order":0,"comment_status":"closed","ping_status":"closed","template":"template-location.php","meta":{"_acf_changed":false,"footnotes":""},"class_list":["post-12278","page","type-page","status-publish","has-post-thumbnail","hentry"],"acf":[],"yoast_head":"<!-- This site is optimized with the Yoast SEO Premium plugin v27.0 (Yoast SEO v27.0) - https:\/\/yoast.com\/product\/yoast-seo-premium-wordpress\/ -->\n<title>Manchester - LuggageHero<\/title>\n<meta name=\"robots\" content=\"index, follow, max-snippet:-1, max-image-preview:large, max-video-preview:-1\" \/>\n<link rel=\"canonical\" href=\"https:\/\/luggagehero.com\/it\/manchester\/\" \/>\n<meta property=\"og:locale\" content=\"it_IT\" \/>\n<meta property=\"og:type\" content=\"article\" \/>\n<meta property=\"og:title\" content=\"Manchester\" \/>\n<meta property=\"og:description\" content=\"Non hai pi\u00f9 bisogno di cercare armadietti per depositare il tuo bagaglio. La prossima volta che sarai a Manchester, ricordati che LuggageHero \u00e8 qui per salvarti dai guai e custodire il tuo bagaglio in sicurezza! Consegna le tue borse utilizzando il circuito di pi\u00f9 di 20 punti LuggageHero presso negozi della zona, situati attorno ai [&hellip;]\" \/>\n<meta property=\"og:url\" content=\"https:\/\/luggagehero.com\/it\/manchester\/\" \/>\n<meta property=\"og:site_name\" content=\"LuggageHero\" \/>\n<meta property=\"article:publisher\" content=\"https:\/\/www.facebook.com\/luggagehero\" \/>\n<meta property=\"article:modified_time\" content=\"2023-09-05T11:35:26+00:00\" \/>\n<meta property=\"og:image\" content=\"https:\/\/luggagehero.com\/wp-content\/uploads\/2020\/03\/shutterstock_709710901-1-800x534.jpg\" \/>\n\t<meta property=\"og:image:width\" content=\"800\" \/>\n\t<meta property=\"og:image:height\" content=\"534\" \/>\n\t<meta property=\"og:image:type\" content=\"image\/jpeg\" \/>\n<meta name=\"twitter:card\" content=\"summary_large_image\" \/>\n<meta name=\"twitter:site\" content=\"@luggagehero\" \/>\n<meta name=\"twitter:label1\" content=\"Est. reading time\" \/>\n\t<meta name=\"twitter:data1\" content=\"4 minutes\" \/>\n<script type=\"application\/ld+json\" class=\"yoast-schema-graph\">{\"@context\":\"https:\/\/schema.org\",\"@graph\":[{\"@type\":\"WebPage\",\"@id\":\"https:\/\/luggagehero.com\/it\/manchester\/\",\"url\":\"https:\/\/luggagehero.com\/it\/manchester\/\",\"name\":\"Manchester - LuggageHero\",\"isPartOf\":{\"@id\":\"https:\/\/luggagehero.com\/it\/#website\"},\"primaryImageOfPage\":{\"@id\":\"https:\/\/luggagehero.com\/it\/manchester\/#primaryimage\"},\"image\":{\"@id\":\"https:\/\/luggagehero.com\/it\/manchester\/#primaryimage\"},\"thumbnailUrl\":\"https:\/\/luggagehero.com\/wp-content\/uploads\/2020\/03\/shutterstock_709710901-1.jpg\",\"datePublished\":\"2019-11-29T07:56:31+00:00\",\"dateModified\":\"2023-09-05T11:35:26+00:00\",\"breadcrumb\":{\"@id\":\"https:\/\/luggagehero.com\/it\/manchester\/#breadcrumb\"},\"inLanguage\":\"it-IT\",\"potentialAction\":[{\"@type\":\"ReadAction\",\"target\":[\"https:\/\/luggagehero.com\/it\/manchester\/\"]}]},{\"@type\":\"ImageObject\",\"inLanguage\":\"it-IT\",\"@id\":\"https:\/\/luggagehero.com\/it\/manchester\/#primaryimage\",\"url\":\"https:\/\/luggagehero.com\/wp-content\/uploads\/2020\/03\/shutterstock_709710901-1.jpg\",\"contentUrl\":\"https:\/\/luggagehero.com\/wp-content\/uploads\/2020\/03\/shutterstock_709710901-1.jpg\",\"width\":2560,\"height\":1709},{\"@type\":\"BreadcrumbList\",\"@id\":\"https:\/\/luggagehero.com\/it\/manchester\/#breadcrumb\",\"itemListElement\":[{\"@type\":\"ListItem\",\"position\":1,\"name\":\"Home\",\"item\":\"https:\/\/luggagehero.com\/it\/\"},{\"@type\":\"ListItem\",\"position\":2,\"name\":\"Manchester\"}]},{\"@type\":\"WebSite\",\"@id\":\"https:\/\/luggagehero.com\/it\/#website\",\"url\":\"https:\/\/luggagehero.com\/it\/\",\"name\":\"LuggageHero\",\"description\":\"Free yourself from luggage\",\"publisher\":{\"@id\":\"https:\/\/luggagehero.com\/it\/#organization\"},\"potentialAction\":[{\"@type\":\"SearchAction\",\"target\":{\"@type\":\"EntryPoint\",\"urlTemplate\":\"https:\/\/luggagehero.com\/it\/?s={search_term_string}\"},\"query-input\":{\"@type\":\"PropertyValueSpecification\",\"valueRequired\":true,\"valueName\":\"search_term_string\"}}],\"inLanguage\":\"it-IT\"},{\"@type\":\"Organization\",\"@id\":\"https:\/\/luggagehero.com\/it\/#organization\",\"name\":\"LuggageHero\",\"url\":\"https:\/\/luggagehero.com\/it\/\",\"logo\":{\"@type\":\"ImageObject\",\"inLanguage\":\"it-IT\",\"@id\":\"https:\/\/luggagehero.com\/it\/#\/schema\/logo\/image\/\",\"url\":\"https:\/\/luggagehero.com\/wp-content\/uploads\/2017\/04\/luggagehero_LOGO-RGB_kort_POS_200x200.png\",\"contentUrl\":\"https:\/\/luggagehero.com\/wp-content\/uploads\/2017\/04\/luggagehero_LOGO-RGB_kort_POS_200x200.png\",\"width\":200,\"height\":200,\"caption\":\"LuggageHero\"},\"image\":{\"@id\":\"https:\/\/luggagehero.com\/it\/#\/schema\/logo\/image\/\"},\"sameAs\":[\"https:\/\/www.facebook.com\/luggagehero\",\"https:\/\/x.com\/luggagehero\",\"https:\/\/www.instagram.com\/luggagehero\",\"https:\/\/www.linkedin.com\/company\/luggagehero\/\"]}]}<\/script>\n<!-- \/ Yoast SEO Premium plugin. -->","yoast_head_json":{"title":"Manchester - LuggageHero","robots":{"index":"index","follow":"follow","max-snippet":"max-snippet:-1","max-image-preview":"max-image-preview:large","max-video-preview":"max-video-preview:-1"},"canonical":"https:\/\/luggagehero.com\/it\/manchester\/","og_locale":"it_IT","og_type":"article","og_title":"Manchester","og_description":"Non hai pi\u00f9 bisogno di cercare armadietti per depositare il tuo bagaglio. La prossima volta che sarai a Manchester, ricordati che LuggageHero \u00e8 qui per salvarti dai guai e custodire il tuo bagaglio in sicurezza! Consegna le tue borse utilizzando il circuito di pi\u00f9 di 20 punti LuggageHero presso negozi della zona, situati attorno ai [&hellip;]","og_url":"https:\/\/luggagehero.com\/it\/manchester\/","og_site_name":"LuggageHero","article_publisher":"https:\/\/www.facebook.com\/luggagehero","article_modified_time":"2023-09-05T11:35:26+00:00","og_image":[{"width":800,"height":534,"url":"https:\/\/luggagehero.com\/wp-content\/uploads\/2020\/03\/shutterstock_709710901-1-800x534.jpg","type":"image\/jpeg"}],"twitter_card":"summary_large_image","twitter_site":"@luggagehero","twitter_misc":{"Est. reading time":"4 minutes"},"schema":{"@context":"https:\/\/schema.org","@graph":[{"@type":"WebPage","@id":"https:\/\/luggagehero.com\/it\/manchester\/","url":"https:\/\/luggagehero.com\/it\/manchester\/","name":"Manchester - LuggageHero","isPartOf":{"@id":"https:\/\/luggagehero.com\/it\/#website"},"primaryImageOfPage":{"@id":"https:\/\/luggagehero.com\/it\/manchester\/#primaryimage"},"image":{"@id":"https:\/\/luggagehero.com\/it\/manchester\/#primaryimage"},"thumbnailUrl":"https:\/\/luggagehero.com\/wp-content\/uploads\/2020\/03\/shutterstock_709710901-1.jpg","datePublished":"2019-11-29T07:56:31+00:00","dateModified":"2023-09-05T11:35:26+00:00","breadcrumb":{"@id":"https:\/\/luggagehero.com\/it\/manchester\/#breadcrumb"},"inLanguage":"it-IT","potentialAction":[{"@type":"ReadAction","target":["https:\/\/luggagehero.com\/it\/manchester\/"]}]},{"@type":"ImageObject","inLanguage":"it-IT","@id":"https:\/\/luggagehero.com\/it\/manchester\/#primaryimage","url":"https:\/\/luggagehero.com\/wp-content\/uploads\/2020\/03\/shutterstock_709710901-1.jpg","contentUrl":"https:\/\/luggagehero.com\/wp-content\/uploads\/2020\/03\/shutterstock_709710901-1.jpg","width":2560,"height":1709},{"@type":"BreadcrumbList","@id":"https:\/\/luggagehero.com\/it\/manchester\/#breadcrumb","itemListElement":[{"@type":"ListItem","position":1,"name":"Home","item":"https:\/\/luggagehero.com\/it\/"},{"@type":"ListItem","position":2,"name":"Manchester"}]},{"@type":"WebSite","@id":"https:\/\/luggagehero.com\/it\/#website","url":"https:\/\/luggagehero.com\/it\/","name":"LuggageHero","description":"Free yourself from luggage","publisher":{"@id":"https:\/\/luggagehero.com\/it\/#organization"},"potentialAction":[{"@type":"SearchAction","target":{"@type":"EntryPoint","urlTemplate":"https:\/\/luggagehero.com\/it\/?s={search_term_string}"},"query-input":{"@type":"PropertyValueSpecification","valueRequired":true,"valueName":"search_term_string"}}],"inLanguage":"it-IT"},{"@type":"Organization","@id":"https:\/\/luggagehero.com\/it\/#organization","name":"LuggageHero","url":"https:\/\/luggagehero.com\/it\/","logo":{"@type":"ImageObject","inLanguage":"it-IT","@id":"https:\/\/luggagehero.com\/it\/#\/schema\/logo\/image\/","url":"https:\/\/luggagehero.com\/wp-content\/uploads\/2017\/04\/luggagehero_LOGO-RGB_kort_POS_200x200.png","contentUrl":"https:\/\/luggagehero.com\/wp-content\/uploads\/2017\/04\/luggagehero_LOGO-RGB_kort_POS_200x200.png","width":200,"height":200,"caption":"LuggageHero"},"image":{"@id":"https:\/\/luggagehero.com\/it\/#\/schema\/logo\/image\/"},"sameAs":["https:\/\/www.facebook.com\/luggagehero","https:\/\/x.com\/luggagehero","https:\/\/www.instagram.com\/luggagehero","https:\/\/www.linkedin.com\/company\/luggagehero\/"]}]}},"place_id":"","place_latitude_longitude":"53.48083684880882, -2.2419049145399326","place_name":"Manchester","criteria_title":"Deposito Bagagli in pi\u00f9 di 20 negozi in tutta [location]","criteria_description":"Deposita il tuo bagaglio a partire da 1\u00a3\/ora","meta_title":"Deposito Bagagli [location] - pi\u00f9 di20 punti - 24 ore su 24, 7 giorni su 7 - A partire da 1\u00a3\/ora","meta_description":"Utilizza oggi il pi\u00f9 grande circuito di Deposito Bagagli di [location]. Pi\u00f9 di 20 negozi disponibili a [location]. Aperto 24 ore su 24, 7 giorni su 7. Copertura assicurativa di 2.200\u00a3. Sigillo di sicurezza incluso.","children_criteria_title":"Deposito Bagagli [location]","children_criteria_description":"Deposita il tuo bagaglio a partire da 1\u00a3\/ora","children_meta_title":"Deposito Bagagli [location] - 7 giorni su 7 - a partire da 1\u00a3\/ora","children_meta_description":"Servizio di deposito bagagli comodo ed economico vicino a [location]. A partire da 1\u00a3\/ora Include copertura assicurativa di 2.200\u00a3. Sigillo di sicurezza applicato a ogni borsa. Prenota online.","_edit_last":"46","use_global_content":"","poi_type":"","content_raw":"Non hai pi\u00f9 bisogno di cercare armadietti per depositare il tuo bagaglio. La prossima volta che sarai a Manchester, ricordati che LuggageHero \u00e8 qui per salvarti dai guai e custodire il tuo bagaglio in sicurezza!\r\n\r\nConsegna le tue borse utilizzando il circuito di pi\u00f9 di 20 punti LuggageHero presso negozi della zona, situati attorno ai principali snodi della viabilit\u00e0 di oggi. Questi includono: <a href=\"https:\/\/luggagehero.com\/manchester\/manchester-piccadilly\/\">Manchester Piccadilly<\/a>, <a href=\"https:\/\/luggagehero.com\/manchester\/salford-central\/\">Salford Central<\/a> e <a href=\"https:\/\/luggagehero.com\/manchester\/manchester-victoria\/\">Manchester Victoria<\/a>.\r\n\r\nImmagina di arrivare a Manchester diverse ore prima che il tuo alloggio sia disponibile e di voler visitare le bellezze della citt\u00e0, senza doverti trascinare dietro il tuo bagaglio. Magari vorresti visitare il <a href=\"https:\/\/luggagehero.com\/manchester\/science-and-industry-museum\/\">Science and Industry Museum<\/a> o la <a href=\"https:\/\/luggagehero.com\/manchester\/manchester-art-gallery\/\">Manchester Art Gallery<\/a>, guardarti una partita all\u2019<a href=\"https:\/\/luggagehero.com\/manchester\/etihad-stadium\/\">Etihad Stadium<\/a> o all\u2019<a href=\"https:\/\/luggagehero.com\/manchester\/old-trafford\/\">Old Trafford<\/a>. Qualsiasi cosa tu decida di fare, siamo qui per alleggerirti.\r\n\r\nBasta andare sulla nostra <a href=\"https:\/\/app.luggagehero.com\/home;location=Manchester;lat=53,4807593;lon=-2,2426305000000184\">piattaforma di prenotazione LuggageHero<\/a> per trovare un punto di deposito a portata di mano, all\u2019interno di un negozio o di un altro esercizio commerciale, tutti <a href=\"https:\/\/luggagehero.com\/about\/certified-shops\/\">verificati da noi<\/a>. Utilizzando la nostra aggiornatissima mappa, potrai trovare i negozi che sono pi\u00f9 vicini alle stazioni della metropolitana che utilizzerai e potrai depositare l\u00ec il tuo bagaglio.\r\n\r\n<img class=\"aligncenter wp-image-2267\" title=\"Affida il tuo bagaglio a Londra a un LuggageHero\" src=\"https:\/\/luggagehero.com\/wp-content\/uploads\/2017\/06\/LuggageHero_figur_fod-paa-kufferter-1-720x907.png\" alt=\"Affida il tuo bagaglio a Londra a un LuggageHero\" width=\"333\" height=\"420\" \/>\r\n<h4><strong>A differenza di altri servizi, la nostra tariffa \u00e8 oraria!<\/strong><\/h4>\r\nOffriamo un servizio veloce, comodo ed economico.\r\n\r\nCrediamo nell\u2019importanza di offrire ai nostri clienti diverse soluzioni per il pagamento. Infatti, LuggageHero applica ai suoi utenti una tariffa di 1\u00a3 solamente per ogni ora utilizzata, a differenza della maggior parte degli altri servizi di deposito bagagli, che spesso ti chiedono di pagare per l\u2019intera giornata. Se invece volessi depositare il tuo bagaglio per tutto il giorno o pi\u00f9 a lungo, ti offriamo un economico tetto massimo giornaliero di 8\u00a3. Questa \u00e8 la nostra idea di come il pagamento per il servizio di deposito bagagli dovrebbe essere, nel 2019.\r\n<h4><strong>Siamo qui per te<\/strong><\/h4>\r\nLa tua protezione e sicurezza sono la nostra priorit\u00e0. Ecco perch\u00e9 abbiamo degli impiegati LuggageHero che recensiscono e certificano tutti i nostri negozi a Manchester. Inoltre, sigilliamo ogni singolo bagaglio per assicurarti che rimanga al sicuro da qualsiasi manomissione. Oltre a tutto questo, assicuriamo ogni singola borsa e il suo contenuto fino a [pricing insurancecoverage]. Se hai bisogno di parlare a qualcuno di noi di LuggageHero, siamo qui per te 24 ore su 24, 7 giorni su 7, grazie al nostro sistema di chat online.\r\n<h4>Guida ai Depositi Bagagli - Manchester 2019<\/h4>\r\nAbbiamo preparato per te la nostra <a href=\"https:\/\/luggagehero.com\/find-luggage-storage-manchester\/\">guida 2019 sui servizi di deposito bagagli a Manchester<\/a>.\r\n<h3><strong>Sei pronto per depositare le tue borse?<\/strong><\/h3>\r\nTrova il posto giusto per depositare i tuoi bagagli e scegli tra pi\u00f9 di <a href=\"https:\/\/app.luggagehero.com\/home;location=Manchester;lat=53,4807593;lon=-2,2426305000000184\"><strong>20 punti disponibili in tutta Manchester!<\/strong><\/a>\r\n\r\n<img class=\"aligncenter wp-image-2271\" title=\"Deposito bagagli Londra\" src=\"https:\/\/luggagehero.com\/wp-content\/uploads\/2017\/06\/LuggageHero_figur_point-2_300x277.png\" alt=\"Deposito Bagagli Londra\" width=\"233\" height=\"215\" \/>\r\n<h4><\/h4>\r\n<h4 style=\"text-align: center;\">Sicurezza<\/h4>\r\n<a href=\"https:\/\/luggagehero.com\/about\/certified-shops\/\">Certifichiamo<\/a> e formiamo scrupolosamente gli operatori di tutti i nostri punti LuggageHero a Manchester su come maneggiare in sicurezza i tuoi effetti personali.\r\n\r\nTutti i nostri negozi a Manchester sono stati recensiti da un impiegato LuggageHero, che inoltre esegue regolarmente controlli qualit\u00e0 per garantire che gli effetti personali dei nostri clienti siano conservati in modo sicuro e affidabile.\r\n\r\nIn pi\u00f9, forniamo dei <a href=\"https:\/\/luggagehero.com\/about\/security-seal\/\"><strong>sigilli di sicurezza<\/strong><\/a> per ogni singolo bagaglio. Questi ti verranno forniti al tuo arrivo in negozio, garantendoti che nessuno possa aprire le tue borse.\r\n\r\nInoltre, ogni singolo bagaglio e il suo contenuto sono assicurati fino a [pricing insurancecoverage].\r\n\r\nSe hai bisogno di rivolgerti a qualcuno, ricordati che il nostro supporto ai clienti tramite chat online \u00e8 attivo 24 ore su 24, 7 giorni su 7.\r\n<h4><\/h4>\r\n<h4 style=\"text-align: center;\">Prenota\u00a0senza rischi<\/h4>\r\nSemplificare i tuoi viaggi \u00e8 la nostra missione, questo \u00e8 il motivo per cui per noi \u00e8 cos\u00ec importante che non ti venga addebitato NESSUN COSTO finch\u00e9 il tuo bagaglio non sia stato consegnato.\r\n\r\nUtilizza il nostro sistema di prenotazione online per scegliere il miglior deposito bagagli a Manchester per la tua posizione e i tuoi programmi. Puoi sia prenotare al tuo arrivo presso il negozio, oppure prenotare online in anticipo per assicurarti il tuo posto. Prenota in anticipo per essere sicuro di avere lo spazio per il tuo bagaglio.\r\n\r\nMa sappiamo che a volte i programmi cambiano, soprattutto quando sei in viaggio. Cos\u00ec, se non ti presenti non ti verr\u00e0 addebitato nulla. Nada. Zero. Zip. Zilch. Nulla! E no, non c\u2019\u00e8 nemmeno bisogno di cancellare!","_links":{"self":[{"href":"https:\/\/luggagehero.com\/it\/wp-json\/wp\/v2\/pages\/12278","targetHints":{"allow":["GET"]}}],"collection":[{"href":"https:\/\/luggagehero.com\/it\/wp-json\/wp\/v2\/pages"}],"about":[{"href":"https:\/\/luggagehero.com\/it\/wp-json\/wp\/v2\/types\/page"}],"author":[{"embeddable":true,"href":"https:\/\/luggagehero.com\/it\/wp-json\/wp\/v2\/users\/9"}],"replies":[{"embeddable":true,"href":"https:\/\/luggagehero.com\/it\/wp-json\/wp\/v2\/comments?post=12278"}],"version-history":[{"count":0,"href":"https:\/\/luggagehero.com\/it\/wp-json\/wp\/v2\/pages\/12278\/revisions"}],"wp:featuredmedia":[{"embeddable":true,"href":"https:\/\/luggagehero.com\/it\/wp-json\/wp\/v2\/media\/19471"}],"wp:attachment":[{"href":"https:\/\/luggagehero.com\/it\/wp-json\/wp\/v2\/media?parent=12278"}],"curies":[{"name":"wp","href":"https:\/\/api.w.org\/{rel}","templated":true}]}}