{"id":17948,"date":"2020-03-12T16:35:44","date_gmt":"2020-03-12T16:35:44","guid":{"rendered":"https:\/\/luggagehero.com\/?page_id=17948"},"modified":"2023-08-21T13:19:37","modified_gmt":"2023-08-21T13:19:37","slug":"masarykovo-nadrazi","status":"publish","type":"page","link":"https:\/\/luggagehero.com\/it\/prague\/masarykovo-nadrazi\/","title":{"rendered":"Masarykovo N\u00e1dra\u017e\u00ed"},"content":{"rendered":"<p>Are you looking for lockers near Praha Masarykovo N\u00e1dra\u017e\u00ed? LuggageHero got you covered! You can bring your luggage to LuggageHero site just around the corner of Masarykovo N\u00e1dra\u017e\u00ed and the personnel will keep an eye on your belongings. All the LuggageHero hotels, shops and cafes have trained and helpful employees who store your luggage in a safe environment so you can enjoy <a href=\"https:\/\/luggagehero.com\/prague\/\">Prague<\/a> and stop worrying that your stuff might get stolen.<\/p>\n<p>LuggageHero luggage storage sites are all <a href=\"https:\/\/luggagehero.com\/about\/certified-shops\/\">certified<\/a> cafes, shops and hotels. You can come to any of our luggage storage Prague sites near Masarykovo\u00a0N\u00e1dra\u017e\u00ed, or make you booking online to ensure that there is a space for your luggage in your chosen site. Each and every piece of your luggage gets a <a href=\"https:\/\/luggagehero.com\/about\/security-seal\/\">security seal, <\/a>which insures each one of your bags and everything included inside up to from the moment you have left off your luggage and activated your storage timer on the booking page.<\/p>\n<p>&nbsp;<\/p>\n<p><img loading=\"lazy\" decoding=\"async\" class=\"alignright size-full wp-image-17949\" src=\"https:\/\/luggagehero.com\/wp-content\/uploads\/2020\/03\/Masarykovo-nadrazi-scaled.jpg\" sizes=\"auto, (max-width: 2560px) 100vw, 2560px\" srcset=\"https:\/\/luggagehero.com\/wp-content\/uploads\/2020\/03\/Masarykovo-nadrazi-scaled.jpg 2560w, https:\/\/luggagehero.com\/wp-content\/uploads\/2020\/03\/Masarykovo-nadrazi-300x200.jpg 300w, https:\/\/luggagehero.com\/wp-content\/uploads\/2020\/03\/Masarykovo-nadrazi-800x533.jpg 800w, https:\/\/luggagehero.com\/wp-content\/uploads\/2020\/03\/Masarykovo-nadrazi-600x400.jpg 600w, https:\/\/luggagehero.com\/wp-content\/uploads\/2020\/03\/Masarykovo-nadrazi-1536x1024.jpg 1536w, https:\/\/luggagehero.com\/wp-content\/uploads\/2020\/03\/Masarykovo-nadrazi-2048x1366.jpg 2048w\" alt=\"\" width=\"2560\" height=\"1707\" \/><\/p>\n<p>&nbsp;<\/p>\n<h2><\/h2>\n<h2><\/h2>\n<h2><\/h2>\n<h2><\/h2>\n<h2><\/h2>\n<h2><\/h2>\n<h2><\/h2>\n<h2><\/h2>\n<h2><\/h2>\n<h2><\/h2>\n<h2><\/h2>\n<h2 style=\"text-align: center;\">Praha Masarykovo N\u00e1dra\u017e\u00ed<\/h2>\n<p>The station Praha Masarykovo N\u00e1dra\u017e\u00ed was opened in 1845 and designed by an architect Anton\u00edn J\u00fcngling. Currently, the station operates with suburban and regional trains due to limited capacity of the larger <a href=\"https:\/\/luggagehero.com\/prague\/hlavni-nadrazi\/\">Praha Hlavn\u00ed N\u00e1dra\u017e\u00ed<\/a>. The station has 7 tracks in total on 4 platforms. Nearby the station is a stop for busses, night busses and trams. From Masarykovo N\u00e1dra\u017e\u00ed you can in walking distance reach B line Florenc metro station.<\/p>\n<p>&nbsp;<\/p>\n<p><strong>Download our free luggage storage app:<\/strong><\/p>\n<p>For even quicker booking, download LuggageHero luggage storage app, where you can easily find all LugaggeHero sits near Praha Masarykovo N\u00e1dra\u017e\u00ed, all the storage sites around Prague as well as other cities around the world where LuggageHero operates.<\/p>\n<p><img loading=\"lazy\" decoding=\"async\" class=\"aligncenter size-large wp-image-17384\" src=\"https:\/\/luggagehero.com\/wp-content\/uploads\/2020\/03\/apple-app-lh-800x388.jpg\" sizes=\"auto, (max-width: 800px) 100vw, 800px\" srcset=\"https:\/\/luggagehero.com\/wp-content\/uploads\/2020\/03\/apple-app-lh-800x388.jpg 800w, https:\/\/luggagehero.com\/wp-content\/uploads\/2020\/03\/apple-app-lh-300x146.jpg 300w, https:\/\/luggagehero.com\/wp-content\/uploads\/2020\/03\/apple-app-lh-600x291.jpg 600w, https:\/\/luggagehero.com\/wp-content\/uploads\/2020\/03\/apple-app-lh-1536x745.jpg 1536w, https:\/\/luggagehero.com\/wp-content\/uploads\/2020\/03\/apple-app-lh.jpg 1562w\" alt=\"LuggageHero bag storage app\" width=\"800\" height=\"388\" \/><\/p>\n<p>&nbsp;<\/p>\n<p><a href=\"https:\/\/apps.apple.com\/us\/app\/luggagehero-luggage-storage\/id1481057935\">For Apple click here<\/a><\/p>\n<p><a href=\"https:\/\/play.google.com\/store\/apps\/details?id=com.luggagehero.android\">For Android click here<\/a><\/p>\n","protected":false},"excerpt":{"rendered":"<p>Are you looking for lockers near Praha Masarykovo N\u00e1dra\u017e\u00ed? LuggageHero got you covered! You can bring your luggage to LuggageHero site just around the corner of Masarykovo N\u00e1dra\u017e\u00ed and the personnel will keep an eye on your belongings. All the LuggageHero hotels, shops and cafes have trained and helpful employees who store your luggage in [&hellip;]<\/p>\n","protected":false},"author":22,"featured_media":0,"parent":17847,"menu_order":0,"comment_status":"closed","ping_status":"closed","template":"template-location.php","meta":{"_acf_changed":false,"footnotes":""},"class_list":["post-17948","page","type-page","status-publish","hentry"],"acf":[],"yoast_head":"<!-- This site is optimized with the Yoast SEO Premium plugin v27.0 (Yoast SEO v27.0) - https:\/\/yoast.com\/product\/yoast-seo-premium-wordpress\/ -->\n<title>Masarykovo N\u00e1dra\u017e\u00ed - LuggageHero<\/title>\n<meta name=\"description\" content=\"Store your luggage using LuggageHero storage sites located near Masarykovo Nadrazi in Prague and enjoy the city freely. Luggage storage haven&#039;t been easier!\" \/>\n<meta name=\"robots\" content=\"index, follow, max-snippet:-1, max-image-preview:large, max-video-preview:-1\" \/>\n<link rel=\"canonical\" href=\"https:\/\/luggagehero.com\/it\/prague\/masarykovo-nadrazi\/\" \/>\n<meta property=\"og:locale\" content=\"it_IT\" \/>\n<meta property=\"og:type\" content=\"article\" \/>\n<meta property=\"og:title\" content=\"Masarykovo N\u00e1dra\u017e\u00ed\" \/>\n<meta property=\"og:description\" content=\"Store your luggage using LuggageHero storage sites located near Masarykovo Nadrazi in Prague and enjoy the city freely. Luggage storage haven&#039;t been easier!\" \/>\n<meta property=\"og:url\" content=\"https:\/\/luggagehero.com\/it\/prague\/masarykovo-nadrazi\/\" \/>\n<meta property=\"og:site_name\" content=\"LuggageHero\" \/>\n<meta property=\"article:publisher\" content=\"https:\/\/www.facebook.com\/luggagehero\" \/>\n<meta property=\"article:modified_time\" content=\"2023-08-21T13:19:37+00:00\" \/>\n<meta property=\"og:image\" content=\"https:\/\/luggagehero.com\/wp-content\/uploads\/2020\/03\/Masarykovo-nadrazi-scaled.jpg\" \/>\n<meta name=\"twitter:card\" content=\"summary_large_image\" \/>\n<meta name=\"twitter:site\" content=\"@luggagehero\" \/>\n<meta name=\"twitter:label1\" content=\"Est. reading time\" \/>\n\t<meta name=\"twitter:data1\" content=\"2 minutes\" \/>\n<script type=\"application\/ld+json\" class=\"yoast-schema-graph\">{\"@context\":\"https:\/\/schema.org\",\"@graph\":[{\"@type\":\"WebPage\",\"@id\":\"https:\/\/luggagehero.com\/it\/prague\/masarykovo-nadrazi\/\",\"url\":\"https:\/\/luggagehero.com\/it\/prague\/masarykovo-nadrazi\/\",\"name\":\"Masarykovo N\u00e1dra\u017e\u00ed - LuggageHero\",\"isPartOf\":{\"@id\":\"https:\/\/luggagehero.com\/it\/#website\"},\"primaryImageOfPage\":{\"@id\":\"https:\/\/luggagehero.com\/it\/prague\/masarykovo-nadrazi\/#primaryimage\"},\"image\":{\"@id\":\"https:\/\/luggagehero.com\/it\/prague\/masarykovo-nadrazi\/#primaryimage\"},\"thumbnailUrl\":\"https:\/\/luggagehero.com\/wp-content\/uploads\/2020\/03\/Masarykovo-nadrazi-scaled.jpg\",\"datePublished\":\"2020-03-12T16:35:44+00:00\",\"dateModified\":\"2023-08-21T13:19:37+00:00\",\"description\":\"Store your luggage using LuggageHero storage sites located near Masarykovo Nadrazi in Prague and enjoy the city freely. Luggage storage haven't been easier!\",\"breadcrumb\":{\"@id\":\"https:\/\/luggagehero.com\/it\/prague\/masarykovo-nadrazi\/#breadcrumb\"},\"inLanguage\":\"it-IT\",\"potentialAction\":[{\"@type\":\"ReadAction\",\"target\":[\"https:\/\/luggagehero.com\/it\/prague\/masarykovo-nadrazi\/\"]}]},{\"@type\":\"ImageObject\",\"inLanguage\":\"it-IT\",\"@id\":\"https:\/\/luggagehero.com\/it\/prague\/masarykovo-nadrazi\/#primaryimage\",\"url\":\"https:\/\/luggagehero.com\/wp-content\/uploads\/2020\/03\/Masarykovo-nadrazi-scaled.jpg\",\"contentUrl\":\"https:\/\/luggagehero.com\/wp-content\/uploads\/2020\/03\/Masarykovo-nadrazi-scaled.jpg\"},{\"@type\":\"BreadcrumbList\",\"@id\":\"https:\/\/luggagehero.com\/it\/prague\/masarykovo-nadrazi\/#breadcrumb\",\"itemListElement\":[{\"@type\":\"ListItem\",\"position\":1,\"name\":\"Home\",\"item\":\"https:\/\/luggagehero.com\/it\/\"},{\"@type\":\"ListItem\",\"position\":2,\"name\":\"Prague\",\"item\":\"https:\/\/luggagehero.com\/it\/prague\/\"},{\"@type\":\"ListItem\",\"position\":3,\"name\":\"Masarykovo N\u00e1dra\u017e\u00ed\"}]},{\"@type\":\"WebSite\",\"@id\":\"https:\/\/luggagehero.com\/it\/#website\",\"url\":\"https:\/\/luggagehero.com\/it\/\",\"name\":\"LuggageHero\",\"description\":\"Free yourself from luggage\",\"publisher\":{\"@id\":\"https:\/\/luggagehero.com\/it\/#organization\"},\"potentialAction\":[{\"@type\":\"SearchAction\",\"target\":{\"@type\":\"EntryPoint\",\"urlTemplate\":\"https:\/\/luggagehero.com\/it\/?s={search_term_string}\"},\"query-input\":{\"@type\":\"PropertyValueSpecification\",\"valueRequired\":true,\"valueName\":\"search_term_string\"}}],\"inLanguage\":\"it-IT\"},{\"@type\":\"Organization\",\"@id\":\"https:\/\/luggagehero.com\/it\/#organization\",\"name\":\"LuggageHero\",\"url\":\"https:\/\/luggagehero.com\/it\/\",\"logo\":{\"@type\":\"ImageObject\",\"inLanguage\":\"it-IT\",\"@id\":\"https:\/\/luggagehero.com\/it\/#\/schema\/logo\/image\/\",\"url\":\"https:\/\/luggagehero.com\/wp-content\/uploads\/2017\/04\/luggagehero_LOGO-RGB_kort_POS_200x200.png\",\"contentUrl\":\"https:\/\/luggagehero.com\/wp-content\/uploads\/2017\/04\/luggagehero_LOGO-RGB_kort_POS_200x200.png\",\"width\":200,\"height\":200,\"caption\":\"LuggageHero\"},\"image\":{\"@id\":\"https:\/\/luggagehero.com\/it\/#\/schema\/logo\/image\/\"},\"sameAs\":[\"https:\/\/www.facebook.com\/luggagehero\",\"https:\/\/x.com\/luggagehero\",\"https:\/\/www.instagram.com\/luggagehero\",\"https:\/\/www.linkedin.com\/company\/luggagehero\/\"]}]}<\/script>\n<!-- \/ Yoast SEO Premium plugin. -->","yoast_head_json":{"title":"Masarykovo N\u00e1dra\u017e\u00ed - LuggageHero","description":"Store your luggage using LuggageHero storage sites located near Masarykovo Nadrazi in Prague and enjoy the city freely. Luggage storage haven't been easier!","robots":{"index":"index","follow":"follow","max-snippet":"max-snippet:-1","max-image-preview":"max-image-preview:large","max-video-preview":"max-video-preview:-1"},"canonical":"https:\/\/luggagehero.com\/it\/prague\/masarykovo-nadrazi\/","og_locale":"it_IT","og_type":"article","og_title":"Masarykovo N\u00e1dra\u017e\u00ed","og_description":"Store your luggage using LuggageHero storage sites located near Masarykovo Nadrazi in Prague and enjoy the city freely. Luggage storage haven't been easier!","og_url":"https:\/\/luggagehero.com\/it\/prague\/masarykovo-nadrazi\/","og_site_name":"LuggageHero","article_publisher":"https:\/\/www.facebook.com\/luggagehero","article_modified_time":"2023-08-21T13:19:37+00:00","og_image":[{"url":"https:\/\/luggagehero.com\/wp-content\/uploads\/2020\/03\/Masarykovo-nadrazi-scaled.jpg","type":"","width":"","height":""}],"twitter_card":"summary_large_image","twitter_site":"@luggagehero","twitter_misc":{"Est. reading time":"2 minutes"},"schema":{"@context":"https:\/\/schema.org","@graph":[{"@type":"WebPage","@id":"https:\/\/luggagehero.com\/it\/prague\/masarykovo-nadrazi\/","url":"https:\/\/luggagehero.com\/it\/prague\/masarykovo-nadrazi\/","name":"Masarykovo N\u00e1dra\u017e\u00ed - LuggageHero","isPartOf":{"@id":"https:\/\/luggagehero.com\/it\/#website"},"primaryImageOfPage":{"@id":"https:\/\/luggagehero.com\/it\/prague\/masarykovo-nadrazi\/#primaryimage"},"image":{"@id":"https:\/\/luggagehero.com\/it\/prague\/masarykovo-nadrazi\/#primaryimage"},"thumbnailUrl":"https:\/\/luggagehero.com\/wp-content\/uploads\/2020\/03\/Masarykovo-nadrazi-scaled.jpg","datePublished":"2020-03-12T16:35:44+00:00","dateModified":"2023-08-21T13:19:37+00:00","description":"Store your luggage using LuggageHero storage sites located near Masarykovo Nadrazi in Prague and enjoy the city freely. Luggage storage haven't been easier!","breadcrumb":{"@id":"https:\/\/luggagehero.com\/it\/prague\/masarykovo-nadrazi\/#breadcrumb"},"inLanguage":"it-IT","potentialAction":[{"@type":"ReadAction","target":["https:\/\/luggagehero.com\/it\/prague\/masarykovo-nadrazi\/"]}]},{"@type":"ImageObject","inLanguage":"it-IT","@id":"https:\/\/luggagehero.com\/it\/prague\/masarykovo-nadrazi\/#primaryimage","url":"https:\/\/luggagehero.com\/wp-content\/uploads\/2020\/03\/Masarykovo-nadrazi-scaled.jpg","contentUrl":"https:\/\/luggagehero.com\/wp-content\/uploads\/2020\/03\/Masarykovo-nadrazi-scaled.jpg"},{"@type":"BreadcrumbList","@id":"https:\/\/luggagehero.com\/it\/prague\/masarykovo-nadrazi\/#breadcrumb","itemListElement":[{"@type":"ListItem","position":1,"name":"Home","item":"https:\/\/luggagehero.com\/it\/"},{"@type":"ListItem","position":2,"name":"Prague","item":"https:\/\/luggagehero.com\/it\/prague\/"},{"@type":"ListItem","position":3,"name":"Masarykovo N\u00e1dra\u017e\u00ed"}]},{"@type":"WebSite","@id":"https:\/\/luggagehero.com\/it\/#website","url":"https:\/\/luggagehero.com\/it\/","name":"LuggageHero","description":"Free yourself from luggage","publisher":{"@id":"https:\/\/luggagehero.com\/it\/#organization"},"potentialAction":[{"@type":"SearchAction","target":{"@type":"EntryPoint","urlTemplate":"https:\/\/luggagehero.com\/it\/?s={search_term_string}"},"query-input":{"@type":"PropertyValueSpecification","valueRequired":true,"valueName":"search_term_string"}}],"inLanguage":"it-IT"},{"@type":"Organization","@id":"https:\/\/luggagehero.com\/it\/#organization","name":"LuggageHero","url":"https:\/\/luggagehero.com\/it\/","logo":{"@type":"ImageObject","inLanguage":"it-IT","@id":"https:\/\/luggagehero.com\/it\/#\/schema\/logo\/image\/","url":"https:\/\/luggagehero.com\/wp-content\/uploads\/2017\/04\/luggagehero_LOGO-RGB_kort_POS_200x200.png","contentUrl":"https:\/\/luggagehero.com\/wp-content\/uploads\/2017\/04\/luggagehero_LOGO-RGB_kort_POS_200x200.png","width":200,"height":200,"caption":"LuggageHero"},"image":{"@id":"https:\/\/luggagehero.com\/it\/#\/schema\/logo\/image\/"},"sameAs":["https:\/\/www.facebook.com\/luggagehero","https:\/\/x.com\/luggagehero","https:\/\/www.instagram.com\/luggagehero","https:\/\/www.linkedin.com\/company\/luggagehero\/"]}]}},"place_id":"","place_latitude_longitude":"50.0879, 14.4325","place_name":"Masarykovo N\u00e1dra\u017e\u00ed","criteria_title":"","criteria_description":"","meta_title":"","meta_description":"","children_criteria_title":"","children_criteria_description":"","children_meta_title":"","children_meta_description":"","_edit_last":"46","use_global_content":"","poi_type":"PublicTransit","content_raw":"Are you looking for lockers near Praha Masarykovo N\u00e1dra\u017e\u00ed? LuggageHero got you covered! You can bring your luggage to LuggageHero site just around the corner of Masarykovo N\u00e1dra\u017e\u00ed and the personnel will keep an eye on your belongings. All the LuggageHero hotels, shops and cafes have trained and helpful employees who store your luggage in a safe environment so you can enjoy <a href=\"https:\/\/luggagehero.com\/prague\/\">Prague<\/a> and stop worrying that your stuff might get stolen.\r\n\r\nLuggageHero luggage storage sites are all <a href=\"https:\/\/luggagehero.com\/about\/certified-shops\/\">certified<\/a> cafes, shops and hotels. You can come to any of our luggage storage Prague sites near Masarykovo\u00a0N\u00e1dra\u017e\u00ed, or make you booking online to ensure that there is a space for your luggage in your chosen site. Each and every piece of your luggage gets a <a href=\"https:\/\/luggagehero.com\/about\/security-seal\/\">security seal, <\/a>which insures each one of your bags and everything included inside up to from the moment you have left off your luggage and activated your storage timer on the booking page.\r\n\r\n&nbsp;\r\n\r\n<img class=\"alignright size-full wp-image-17949\" src=\"https:\/\/luggagehero.com\/wp-content\/uploads\/2020\/03\/Masarykovo-nadrazi-scaled.jpg\" sizes=\"(max-width: 2560px) 100vw, 2560px\" srcset=\"https:\/\/luggagehero.com\/wp-content\/uploads\/2020\/03\/Masarykovo-nadrazi-scaled.jpg 2560w, https:\/\/luggagehero.com\/wp-content\/uploads\/2020\/03\/Masarykovo-nadrazi-300x200.jpg 300w, https:\/\/luggagehero.com\/wp-content\/uploads\/2020\/03\/Masarykovo-nadrazi-800x533.jpg 800w, https:\/\/luggagehero.com\/wp-content\/uploads\/2020\/03\/Masarykovo-nadrazi-600x400.jpg 600w, https:\/\/luggagehero.com\/wp-content\/uploads\/2020\/03\/Masarykovo-nadrazi-1536x1024.jpg 1536w, https:\/\/luggagehero.com\/wp-content\/uploads\/2020\/03\/Masarykovo-nadrazi-2048x1366.jpg 2048w\" alt=\"\" width=\"2560\" height=\"1707\" \/>\r\n\r\n&nbsp;\r\n<h2><\/h2>\r\n<h2><\/h2>\r\n<h2><\/h2>\r\n<h2><\/h2>\r\n<h2><\/h2>\r\n<h2><\/h2>\r\n<h2><\/h2>\r\n<h2><\/h2>\r\n<h2><\/h2>\r\n<h2><\/h2>\r\n<h2><\/h2>\r\n<h2 style=\"text-align: center;\">Praha Masarykovo N\u00e1dra\u017e\u00ed<\/h2>\r\nThe station Praha Masarykovo N\u00e1dra\u017e\u00ed was opened in 1845 and designed by an architect Anton\u00edn J\u00fcngling. Currently, the station operates with suburban and regional trains due to limited capacity of the larger <a href=\"https:\/\/luggagehero.com\/prague\/hlavni-nadrazi\/\">Praha Hlavn\u00ed N\u00e1dra\u017e\u00ed<\/a>. The station has 7 tracks in total on 4 platforms. Nearby the station is a stop for busses, night busses and trams. From Masarykovo N\u00e1dra\u017e\u00ed you can in walking distance reach B line Florenc metro station.\r\n\r\n&nbsp;\r\n\r\n<strong>Download our free luggage storage app:<\/strong>\r\n\r\nFor even quicker booking, download LuggageHero luggage storage app, where you can easily find all LugaggeHero sits near Praha Masarykovo N\u00e1dra\u017e\u00ed, all the storage sites around Prague as well as other cities around the world where LuggageHero operates.\r\n\r\n<img class=\"aligncenter size-large wp-image-17384\" src=\"https:\/\/luggagehero.com\/wp-content\/uploads\/2020\/03\/apple-app-lh-800x388.jpg\" sizes=\"(max-width: 800px) 100vw, 800px\" srcset=\"https:\/\/luggagehero.com\/wp-content\/uploads\/2020\/03\/apple-app-lh-800x388.jpg 800w, https:\/\/luggagehero.com\/wp-content\/uploads\/2020\/03\/apple-app-lh-300x146.jpg 300w, https:\/\/luggagehero.com\/wp-content\/uploads\/2020\/03\/apple-app-lh-600x291.jpg 600w, https:\/\/luggagehero.com\/wp-content\/uploads\/2020\/03\/apple-app-lh-1536x745.jpg 1536w, https:\/\/luggagehero.com\/wp-content\/uploads\/2020\/03\/apple-app-lh.jpg 1562w\" alt=\"LuggageHero bag storage app\" width=\"800\" height=\"388\" \/>\r\n\r\n&nbsp;\r\n\r\n<a href=\"https:\/\/apps.apple.com\/us\/app\/luggagehero-luggage-storage\/id1481057935\">For Apple click here<\/a>\r\n\r\n<a href=\"https:\/\/play.google.com\/store\/apps\/details?id=com.luggagehero.android\">For Android click here<\/a>","_links":{"self":[{"href":"https:\/\/luggagehero.com\/it\/wp-json\/wp\/v2\/pages\/17948","targetHints":{"allow":["GET"]}}],"collection":[{"href":"https:\/\/luggagehero.com\/it\/wp-json\/wp\/v2\/pages"}],"about":[{"href":"https:\/\/luggagehero.com\/it\/wp-json\/wp\/v2\/types\/page"}],"author":[{"embeddable":true,"href":"https:\/\/luggagehero.com\/it\/wp-json\/wp\/v2\/users\/22"}],"replies":[{"embeddable":true,"href":"https:\/\/luggagehero.com\/it\/wp-json\/wp\/v2\/comments?post=17948"}],"version-history":[{"count":0,"href":"https:\/\/luggagehero.com\/it\/wp-json\/wp\/v2\/pages\/17948\/revisions"}],"up":[{"embeddable":true,"href":"https:\/\/luggagehero.com\/it\/wp-json\/wp\/v2\/pages\/17847"}],"wp:attachment":[{"href":"https:\/\/luggagehero.com\/it\/wp-json\/wp\/v2\/media?parent=17948"}],"curies":[{"name":"wp","href":"https:\/\/api.w.org\/{rel}","templated":true}]}}