{"id":18188,"date":"2020-03-16T17:05:37","date_gmt":"2020-03-16T17:05:37","guid":{"rendered":"https:\/\/luggagehero.com\/?page_id=18188"},"modified":"2021-11-11T11:29:50","modified_gmt":"2021-11-11T11:29:50","slug":"staromestska","status":"publish","type":"page","link":"https:\/\/luggagehero.com\/it\/prague\/staromestska\/","title":{"rendered":"Starom\u011bstsk\u00e1"},"content":{"rendered":"<p>Are you looking for lockers or a place to store your luggage near Starom\u011bstsk\u00e1? LuggageHero has an easy fix! With LuggageHero, you can find cafes, shops<span style=\"letter-spacing: -0.01rem;\">, and hotels, where you can store your luggage. Its employees keep an eye on your belongings while you enjoy <\/span><a href=\"https:\/\/luggagehero.com\/prague\/\">Prague<\/a>\u2018s sightseeing <span style=\"letter-spacing: -0.01rem;\">without your luggage weighing you down.<\/span><\/p>\n<p>All of LuggageHero&#8217;s luggage storage locations near Starom\u011bstsk\u00e1 in Prague are selected by our scouting heroes and all of them are <a href=\"https:\/\/luggagehero.com\/about\/certified-shops\/\">certified<\/a>. The booking works in two ways. Either you go directly to your chosen LuggageHero luggage storage site near Starom\u011bstsk\u00e1 or you make a booking online using the LuggageHero website or an app. However, by making your booking online, you secure a spot for your bags in your chosen luggage storage location near Starom\u011bstsk\u00e1 since each site has its maximum capacity. On top of it, each piece of your luggage is secured with a <a href=\"https:\/\/luggagehero.com\/about\/security-seal\/\">security seal<\/a> from the moment of your arrival.<\/p>\n<p><img loading=\"lazy\" decoding=\"async\" class=\"alignright size-full wp-image-18189\" src=\"https:\/\/luggagehero.com\/wp-content\/uploads\/2020\/03\/Starome\u030cstska\u0301-scaled.jpg\" sizes=\"auto, (max-width: 2560px) 100vw, 2560px\" srcset=\"https:\/\/luggagehero.com\/wp-content\/uploads\/2020\/03\/Starome\u030cstska\u0301-scaled.jpg 2560w, https:\/\/luggagehero.com\/wp-content\/uploads\/2020\/03\/Starome\u030cstska\u0301-300x200.jpg 300w, https:\/\/luggagehero.com\/wp-content\/uploads\/2020\/03\/Starome\u030cstska\u0301-800x533.jpg 800w, https:\/\/luggagehero.com\/wp-content\/uploads\/2020\/03\/Starome\u030cstska\u0301-600x400.jpg 600w, https:\/\/luggagehero.com\/wp-content\/uploads\/2020\/03\/Starome\u030cstska\u0301-1536x1024.jpg 1536w, https:\/\/luggagehero.com\/wp-content\/uploads\/2020\/03\/Starome\u030cstska\u0301-2048x1365.jpg 2048w\" alt=\"\" width=\"2560\" height=\"1707\" \/><\/p>\n<p>&nbsp;<\/p>\n<h2 style=\"text-align: center;\">Starom\u011bstsk\u00e1<\/h2>\n<p>Starom\u011bstsk\u00e1 is a metro station of line A in Prague that opened in 1978. The station is conveniently located in the Old Town just two minutes walk from the Old Jewish Cemetery, Municipal Library, and Rudolfinum. The following station is <a href=\"https:\/\/luggagehero.com\/prague\/mustek\/\">M\u016fstek<\/a> where you can change to line B. There are many bars, cafes, and restaurants in the area where you can refresh yourself after a long day of exploring <a href=\"https:\/\/luggagehero.com\/prague\/\">Prague<\/a>.<\/p>\n<p>There is an apartment where a famous Czech musician Jaroslav Je\u017eek was living and composing during the period of 1906\u20131942, which is now a national memorial place opened for the public.<\/p>\n<p>&nbsp;<\/p>\n<p><strong>Download our free luggage storage app:<\/strong><\/p>\n<p>For an even smoother experience with luggage storage, download the LuggageHero app and find all of the LugaggeHero luggage storage sites near Starom\u011bstsk\u00e1 on your phone wherever you are, all luggage storage sites in Prague, as well as all other cities around the world. Don\u2019t wait and try LuggageHero right now!<\/p>\n<p><img loading=\"lazy\" decoding=\"async\" class=\"aligncenter size-large wp-image-17384\" src=\"https:\/\/4ba1rb1hcqqe3bl4de2xe0t1-wpengine.netdna-ssl.com\/wp-content\/uploads\/2020\/03\/apple-app-lh-800x388.jpg\" sizes=\"auto, (max-width: 800px) 100vw, 800px\" srcset=\"https:\/\/4ba1rb1hcqqe3bl4de2xe0t1-wpengine.netdna-ssl.com\/wp-content\/uploads\/2020\/03\/apple-app-lh-800x388.jpg 800w, https:\/\/4ba1rb1hcqqe3bl4de2xe0t1-wpengine.netdna-ssl.com\/wp-content\/uploads\/2020\/03\/apple-app-lh-300x146.jpg 300w, https:\/\/4ba1rb1hcqqe3bl4de2xe0t1-wpengine.netdna-ssl.com\/wp-content\/uploads\/2020\/03\/apple-app-lh-600x291.jpg 600w, https:\/\/4ba1rb1hcqqe3bl4de2xe0t1-wpengine.netdna-ssl.com\/wp-content\/uploads\/2020\/03\/apple-app-lh-1536x745.jpg 1536w, https:\/\/4ba1rb1hcqqe3bl4de2xe0t1-wpengine.netdna-ssl.com\/wp-content\/uploads\/2020\/03\/apple-app-lh.jpg 1562w\" alt=\"LuggageHero bag storage app\" width=\"800\" height=\"388\" \/><\/p>\n<p><a href=\"https:\/\/apps.apple.com\/us\/app\/luggagehero-luggage-storage\/id1481057935\">For Apple click here<\/a><\/p>\n<p><a href=\"https:\/\/play.google.com\/store\/apps\/details?id=com.luggagehero.android\">For Android click here<\/a><\/p>\n","protected":false},"excerpt":{"rendered":"<p>Are you looking for lockers or a place to store your luggage near Starom\u011bstsk\u00e1? LuggageHero has an easy fix! With LuggageHero, you can find cafes, shops, and hotels, where you can store your luggage. Its employees keep an eye on your belongings while you enjoy Prague\u2018s sightseeing without your luggage weighing you down. All of [&hellip;]<\/p>\n","protected":false},"author":22,"featured_media":40576,"parent":17847,"menu_order":0,"comment_status":"closed","ping_status":"closed","template":"template-location.php","meta":{"_acf_changed":false,"footnotes":""},"class_list":["post-18188","page","type-page","status-publish","has-post-thumbnail","hentry"],"acf":[],"yoast_head":"<!-- This site is optimized with the Yoast SEO Premium plugin v27.0 (Yoast SEO v27.0) - https:\/\/yoast.com\/product\/yoast-seo-premium-wordpress\/ -->\n<title>Starom\u011bstsk\u00e1 - LuggageHero<\/title>\n<meta name=\"description\" content=\"Drop off your luggage using LuggageHero network of local lockers located around Prague. Luggage storage in Prague has never been easier!\" \/>\n<meta name=\"robots\" content=\"index, follow, max-snippet:-1, max-image-preview:large, max-video-preview:-1\" \/>\n<link rel=\"canonical\" href=\"https:\/\/luggagehero.com\/it\/prague\/staromestska\/\" \/>\n<meta property=\"og:locale\" content=\"it_IT\" \/>\n<meta property=\"og:type\" content=\"article\" \/>\n<meta property=\"og:title\" content=\"Starom\u011bstsk\u00e1\" \/>\n<meta property=\"og:description\" content=\"Drop off your luggage using LuggageHero network of local lockers located around Prague. Luggage storage in Prague has never been easier!\" \/>\n<meta property=\"og:url\" content=\"https:\/\/luggagehero.com\/it\/prague\/staromestska\/\" \/>\n<meta property=\"og:site_name\" content=\"LuggageHero\" \/>\n<meta property=\"article:publisher\" content=\"https:\/\/www.facebook.com\/luggagehero\" \/>\n<meta property=\"article:modified_time\" content=\"2021-11-11T11:29:50+00:00\" \/>\n<meta property=\"og:image\" content=\"https:\/\/luggagehero.com\/wp-content\/uploads\/2021\/11\/staro.jpg\" \/>\n\t<meta property=\"og:image:width\" content=\"800\" \/>\n\t<meta property=\"og:image:height\" content=\"597\" \/>\n\t<meta property=\"og:image:type\" content=\"image\/jpeg\" \/>\n<meta name=\"twitter:card\" content=\"summary_large_image\" \/>\n<meta name=\"twitter:site\" content=\"@luggagehero\" \/>\n<meta name=\"twitter:label1\" content=\"Est. reading time\" \/>\n\t<meta name=\"twitter:data1\" content=\"2 minutes\" \/>\n<script type=\"application\/ld+json\" class=\"yoast-schema-graph\">{\"@context\":\"https:\/\/schema.org\",\"@graph\":[{\"@type\":\"WebPage\",\"@id\":\"https:\/\/luggagehero.com\/it\/prague\/staromestska\/\",\"url\":\"https:\/\/luggagehero.com\/it\/prague\/staromestska\/\",\"name\":\"Starom\u011bstsk\u00e1 - LuggageHero\",\"isPartOf\":{\"@id\":\"https:\/\/luggagehero.com\/it\/#website\"},\"primaryImageOfPage\":{\"@id\":\"https:\/\/luggagehero.com\/it\/prague\/staromestska\/#primaryimage\"},\"image\":{\"@id\":\"https:\/\/luggagehero.com\/it\/prague\/staromestska\/#primaryimage\"},\"thumbnailUrl\":\"https:\/\/luggagehero.com\/wp-content\/uploads\/2021\/11\/staro.jpg\",\"datePublished\":\"2020-03-16T17:05:37+00:00\",\"dateModified\":\"2021-11-11T11:29:50+00:00\",\"description\":\"Drop off your luggage using LuggageHero network of local lockers located around Prague. Luggage storage in Prague has never been easier!\",\"breadcrumb\":{\"@id\":\"https:\/\/luggagehero.com\/it\/prague\/staromestska\/#breadcrumb\"},\"inLanguage\":\"it-IT\",\"potentialAction\":[{\"@type\":\"ReadAction\",\"target\":[\"https:\/\/luggagehero.com\/it\/prague\/staromestska\/\"]}]},{\"@type\":\"ImageObject\",\"inLanguage\":\"it-IT\",\"@id\":\"https:\/\/luggagehero.com\/it\/prague\/staromestska\/#primaryimage\",\"url\":\"https:\/\/luggagehero.com\/wp-content\/uploads\/2021\/11\/staro.jpg\",\"contentUrl\":\"https:\/\/luggagehero.com\/wp-content\/uploads\/2021\/11\/staro.jpg\",\"width\":800,\"height\":597},{\"@type\":\"BreadcrumbList\",\"@id\":\"https:\/\/luggagehero.com\/it\/prague\/staromestska\/#breadcrumb\",\"itemListElement\":[{\"@type\":\"ListItem\",\"position\":1,\"name\":\"Home\",\"item\":\"https:\/\/luggagehero.com\/it\/\"},{\"@type\":\"ListItem\",\"position\":2,\"name\":\"Prague\",\"item\":\"https:\/\/luggagehero.com\/it\/prague\/\"},{\"@type\":\"ListItem\",\"position\":3,\"name\":\"Starom\u011bstsk\u00e1\"}]},{\"@type\":\"WebSite\",\"@id\":\"https:\/\/luggagehero.com\/it\/#website\",\"url\":\"https:\/\/luggagehero.com\/it\/\",\"name\":\"LuggageHero\",\"description\":\"Free yourself from luggage\",\"publisher\":{\"@id\":\"https:\/\/luggagehero.com\/it\/#organization\"},\"potentialAction\":[{\"@type\":\"SearchAction\",\"target\":{\"@type\":\"EntryPoint\",\"urlTemplate\":\"https:\/\/luggagehero.com\/it\/?s={search_term_string}\"},\"query-input\":{\"@type\":\"PropertyValueSpecification\",\"valueRequired\":true,\"valueName\":\"search_term_string\"}}],\"inLanguage\":\"it-IT\"},{\"@type\":\"Organization\",\"@id\":\"https:\/\/luggagehero.com\/it\/#organization\",\"name\":\"LuggageHero\",\"url\":\"https:\/\/luggagehero.com\/it\/\",\"logo\":{\"@type\":\"ImageObject\",\"inLanguage\":\"it-IT\",\"@id\":\"https:\/\/luggagehero.com\/it\/#\/schema\/logo\/image\/\",\"url\":\"https:\/\/luggagehero.com\/wp-content\/uploads\/2017\/04\/luggagehero_LOGO-RGB_kort_POS_200x200.png\",\"contentUrl\":\"https:\/\/luggagehero.com\/wp-content\/uploads\/2017\/04\/luggagehero_LOGO-RGB_kort_POS_200x200.png\",\"width\":200,\"height\":200,\"caption\":\"LuggageHero\"},\"image\":{\"@id\":\"https:\/\/luggagehero.com\/it\/#\/schema\/logo\/image\/\"},\"sameAs\":[\"https:\/\/www.facebook.com\/luggagehero\",\"https:\/\/x.com\/luggagehero\",\"https:\/\/www.instagram.com\/luggagehero\",\"https:\/\/www.linkedin.com\/company\/luggagehero\/\"]}]}<\/script>\n<!-- \/ Yoast SEO Premium plugin. -->","yoast_head_json":{"title":"Starom\u011bstsk\u00e1 - LuggageHero","description":"Drop off your luggage using LuggageHero network of local lockers located around Prague. Luggage storage in Prague has never been easier!","robots":{"index":"index","follow":"follow","max-snippet":"max-snippet:-1","max-image-preview":"max-image-preview:large","max-video-preview":"max-video-preview:-1"},"canonical":"https:\/\/luggagehero.com\/it\/prague\/staromestska\/","og_locale":"it_IT","og_type":"article","og_title":"Starom\u011bstsk\u00e1","og_description":"Drop off your luggage using LuggageHero network of local lockers located around Prague. Luggage storage in Prague has never been easier!","og_url":"https:\/\/luggagehero.com\/it\/prague\/staromestska\/","og_site_name":"LuggageHero","article_publisher":"https:\/\/www.facebook.com\/luggagehero","article_modified_time":"2021-11-11T11:29:50+00:00","og_image":[{"width":800,"height":597,"url":"https:\/\/luggagehero.com\/wp-content\/uploads\/2021\/11\/staro.jpg","type":"image\/jpeg"}],"twitter_card":"summary_large_image","twitter_site":"@luggagehero","twitter_misc":{"Est. reading time":"2 minutes"},"schema":{"@context":"https:\/\/schema.org","@graph":[{"@type":"WebPage","@id":"https:\/\/luggagehero.com\/it\/prague\/staromestska\/","url":"https:\/\/luggagehero.com\/it\/prague\/staromestska\/","name":"Starom\u011bstsk\u00e1 - LuggageHero","isPartOf":{"@id":"https:\/\/luggagehero.com\/it\/#website"},"primaryImageOfPage":{"@id":"https:\/\/luggagehero.com\/it\/prague\/staromestska\/#primaryimage"},"image":{"@id":"https:\/\/luggagehero.com\/it\/prague\/staromestska\/#primaryimage"},"thumbnailUrl":"https:\/\/luggagehero.com\/wp-content\/uploads\/2021\/11\/staro.jpg","datePublished":"2020-03-16T17:05:37+00:00","dateModified":"2021-11-11T11:29:50+00:00","description":"Drop off your luggage using LuggageHero network of local lockers located around Prague. Luggage storage in Prague has never been easier!","breadcrumb":{"@id":"https:\/\/luggagehero.com\/it\/prague\/staromestska\/#breadcrumb"},"inLanguage":"it-IT","potentialAction":[{"@type":"ReadAction","target":["https:\/\/luggagehero.com\/it\/prague\/staromestska\/"]}]},{"@type":"ImageObject","inLanguage":"it-IT","@id":"https:\/\/luggagehero.com\/it\/prague\/staromestska\/#primaryimage","url":"https:\/\/luggagehero.com\/wp-content\/uploads\/2021\/11\/staro.jpg","contentUrl":"https:\/\/luggagehero.com\/wp-content\/uploads\/2021\/11\/staro.jpg","width":800,"height":597},{"@type":"BreadcrumbList","@id":"https:\/\/luggagehero.com\/it\/prague\/staromestska\/#breadcrumb","itemListElement":[{"@type":"ListItem","position":1,"name":"Home","item":"https:\/\/luggagehero.com\/it\/"},{"@type":"ListItem","position":2,"name":"Prague","item":"https:\/\/luggagehero.com\/it\/prague\/"},{"@type":"ListItem","position":3,"name":"Starom\u011bstsk\u00e1"}]},{"@type":"WebSite","@id":"https:\/\/luggagehero.com\/it\/#website","url":"https:\/\/luggagehero.com\/it\/","name":"LuggageHero","description":"Free yourself from luggage","publisher":{"@id":"https:\/\/luggagehero.com\/it\/#organization"},"potentialAction":[{"@type":"SearchAction","target":{"@type":"EntryPoint","urlTemplate":"https:\/\/luggagehero.com\/it\/?s={search_term_string}"},"query-input":{"@type":"PropertyValueSpecification","valueRequired":true,"valueName":"search_term_string"}}],"inLanguage":"it-IT"},{"@type":"Organization","@id":"https:\/\/luggagehero.com\/it\/#organization","name":"LuggageHero","url":"https:\/\/luggagehero.com\/it\/","logo":{"@type":"ImageObject","inLanguage":"it-IT","@id":"https:\/\/luggagehero.com\/it\/#\/schema\/logo\/image\/","url":"https:\/\/luggagehero.com\/wp-content\/uploads\/2017\/04\/luggagehero_LOGO-RGB_kort_POS_200x200.png","contentUrl":"https:\/\/luggagehero.com\/wp-content\/uploads\/2017\/04\/luggagehero_LOGO-RGB_kort_POS_200x200.png","width":200,"height":200,"caption":"LuggageHero"},"image":{"@id":"https:\/\/luggagehero.com\/it\/#\/schema\/logo\/image\/"},"sameAs":["https:\/\/www.facebook.com\/luggagehero","https:\/\/x.com\/luggagehero","https:\/\/www.instagram.com\/luggagehero","https:\/\/www.linkedin.com\/company\/luggagehero\/"]}]}},"place_id":"","place_latitude_longitude":"50.0885,14.4165","place_name":"Starom\u011bstsk\u00e1","criteria_title":"","criteria_description":"","meta_title":"","meta_description":"","children_criteria_title":"","children_criteria_description":"","children_meta_title":"","children_meta_description":"","_edit_last":"47","use_global_content":"","poi_type":"PublicTransit","content_raw":"Are you looking for lockers or a place to store your luggage near Starom\u011bstsk\u00e1? LuggageHero has an easy fix! With LuggageHero, you can find cafes, shops<span style=\"letter-spacing: -0.01rem;\">, and hotels, where you can store your luggage. Its employees keep an eye on your belongings while you enjoy <\/span><a href=\"https:\/\/luggagehero.com\/prague\/\">Prague<\/a>\u2018s sightseeing <span style=\"letter-spacing: -0.01rem;\">without your luggage weighing you down.<\/span>\r\n\r\nAll of LuggageHero's luggage storage locations near Starom\u011bstsk\u00e1 in Prague are selected by our scouting heroes and all of them are <a href=\"https:\/\/luggagehero.com\/about\/certified-shops\/\">certified<\/a>. The booking works in two ways. Either you go directly to your chosen LuggageHero luggage storage site near Starom\u011bstsk\u00e1 or you make a booking online using the LuggageHero website or an app. However, by making your booking online, you secure a spot for your bags in your chosen luggage storage location near Starom\u011bstsk\u00e1 since each site has its maximum capacity. On top of it, each piece of your luggage is secured with a <a href=\"https:\/\/luggagehero.com\/about\/security-seal\/\">security seal<\/a> from the moment of your arrival.\r\n\r\n<img class=\"alignright size-full wp-image-18189\" src=\"https:\/\/luggagehero.com\/wp-content\/uploads\/2020\/03\/Starome\u030cstska\u0301-scaled.jpg\" sizes=\"(max-width: 2560px) 100vw, 2560px\" srcset=\"https:\/\/luggagehero.com\/wp-content\/uploads\/2020\/03\/Starome\u030cstska\u0301-scaled.jpg 2560w, https:\/\/luggagehero.com\/wp-content\/uploads\/2020\/03\/Starome\u030cstska\u0301-300x200.jpg 300w, https:\/\/luggagehero.com\/wp-content\/uploads\/2020\/03\/Starome\u030cstska\u0301-800x533.jpg 800w, https:\/\/luggagehero.com\/wp-content\/uploads\/2020\/03\/Starome\u030cstska\u0301-600x400.jpg 600w, https:\/\/luggagehero.com\/wp-content\/uploads\/2020\/03\/Starome\u030cstska\u0301-1536x1024.jpg 1536w, https:\/\/luggagehero.com\/wp-content\/uploads\/2020\/03\/Starome\u030cstska\u0301-2048x1365.jpg 2048w\" alt=\"\" width=\"2560\" height=\"1707\" \/>\r\n\r\n&nbsp;\r\n<h2 style=\"text-align: center;\">Starom\u011bstsk\u00e1<\/h2>\r\nStarom\u011bstsk\u00e1 is a metro station of line A in Prague that opened in 1978. The station is conveniently located in the Old Town just two minutes walk from the Old Jewish Cemetery, Municipal Library, and Rudolfinum. The following station is <a href=\"https:\/\/luggagehero.com\/prague\/mustek\/\">M\u016fstek<\/a> where you can change to line B. There are many bars, cafes, and restaurants in the area where you can refresh yourself after a long day of exploring <a href=\"https:\/\/luggagehero.com\/prague\/\">Prague<\/a>.\r\n\r\nThere is an apartment where a famous Czech musician Jaroslav Je\u017eek was living and composing during the period of 1906\u20131942, which is now a national memorial place opened for the public.\r\n\r\n&nbsp;\r\n\r\n<strong>Download our free luggage storage app:<\/strong>\r\n\r\nFor an even smoother experience with luggage storage, download the LuggageHero app and find all of the LugaggeHero luggage storage sites near Starom\u011bstsk\u00e1 on your phone wherever you are, all luggage storage sites in Prague, as well as all other cities around the world. Don\u2019t wait and try LuggageHero right now!\r\n\r\n<img class=\"aligncenter size-large wp-image-17384\" src=\"https:\/\/4ba1rb1hcqqe3bl4de2xe0t1-wpengine.netdna-ssl.com\/wp-content\/uploads\/2020\/03\/apple-app-lh-800x388.jpg\" sizes=\"(max-width: 800px) 100vw, 800px\" srcset=\"https:\/\/4ba1rb1hcqqe3bl4de2xe0t1-wpengine.netdna-ssl.com\/wp-content\/uploads\/2020\/03\/apple-app-lh-800x388.jpg 800w, https:\/\/4ba1rb1hcqqe3bl4de2xe0t1-wpengine.netdna-ssl.com\/wp-content\/uploads\/2020\/03\/apple-app-lh-300x146.jpg 300w, https:\/\/4ba1rb1hcqqe3bl4de2xe0t1-wpengine.netdna-ssl.com\/wp-content\/uploads\/2020\/03\/apple-app-lh-600x291.jpg 600w, https:\/\/4ba1rb1hcqqe3bl4de2xe0t1-wpengine.netdna-ssl.com\/wp-content\/uploads\/2020\/03\/apple-app-lh-1536x745.jpg 1536w, https:\/\/4ba1rb1hcqqe3bl4de2xe0t1-wpengine.netdna-ssl.com\/wp-content\/uploads\/2020\/03\/apple-app-lh.jpg 1562w\" alt=\"LuggageHero bag storage app\" width=\"800\" height=\"388\" \/>\r\n\r\n<a href=\"https:\/\/apps.apple.com\/us\/app\/luggagehero-luggage-storage\/id1481057935\">For Apple click here<\/a>\r\n\r\n<a href=\"https:\/\/play.google.com\/store\/apps\/details?id=com.luggagehero.android\">For Android click here<\/a>","_links":{"self":[{"href":"https:\/\/luggagehero.com\/it\/wp-json\/wp\/v2\/pages\/18188","targetHints":{"allow":["GET"]}}],"collection":[{"href":"https:\/\/luggagehero.com\/it\/wp-json\/wp\/v2\/pages"}],"about":[{"href":"https:\/\/luggagehero.com\/it\/wp-json\/wp\/v2\/types\/page"}],"author":[{"embeddable":true,"href":"https:\/\/luggagehero.com\/it\/wp-json\/wp\/v2\/users\/22"}],"replies":[{"embeddable":true,"href":"https:\/\/luggagehero.com\/it\/wp-json\/wp\/v2\/comments?post=18188"}],"version-history":[{"count":0,"href":"https:\/\/luggagehero.com\/it\/wp-json\/wp\/v2\/pages\/18188\/revisions"}],"up":[{"embeddable":true,"href":"https:\/\/luggagehero.com\/it\/wp-json\/wp\/v2\/pages\/17847"}],"wp:featuredmedia":[{"embeddable":true,"href":"https:\/\/luggagehero.com\/it\/wp-json\/wp\/v2\/media\/40576"}],"wp:attachment":[{"href":"https:\/\/luggagehero.com\/it\/wp-json\/wp\/v2\/media?parent=18188"}],"curies":[{"name":"wp","href":"https:\/\/api.w.org\/{rel}","templated":true}]}}