{"id":31916,"date":"2023-09-05T11:41:25","date_gmt":"2023-09-05T11:41:25","guid":{"rendered":"https:\/\/luggagehero.com\/?page_id=31916"},"modified":"2023-09-05T11:41:25","modified_gmt":"2023-09-05T11:41:25","slug":"ottaviano","status":"publish","type":"page","link":"https:\/\/luggagehero.com\/it\/roma\/ottaviano\/","title":{"rendered":"Ottaviano"},"content":{"rendered":"<p><span style=\"font-weight: 400;\">Stai cercando un deposito bagagli vicino alla stazione metropolitana Ottaviano? Puoi depositare le tue borse in uno dei nostri punti di deposito bagagli proprio dietro la stazione Ottaviano e visitare Roma o il rione Prati senza il peso del bagaglio.<\/span><\/p>\n<p><span style=\"font-weight: 400;\">I punti di deposito LuggageHero sono <\/span><a href=\"https:\/\/luggagehero.com\/about\/certified-shops\/\">hotel, bar e negozi<\/a> certificati.<span style=\"font-weight: 400;\">Le prenotazioni effettuate in anticipo ti garantiscono un posto disponibile per le tue borse.L\u2019indirizzo e le indicazioni stradali ai nostri negozi partner vengono messi a disposizione al momento della prenotazione. Tutte le borse vengono protette dai nostri <\/span><a href=\"https:\/\/luggagehero.com\/about\/security-seal\/\"><span style=\"font-weight: 400;\">sigilli di sicurezza<\/span><\/a><span style=\"font-weight: 400;\"> che garantiscono una copertura assicurativa fino a <pricing-component type=\"insurancecoverage\"><\/pricing-component> per ogni singolo bagaglio, una volta che siano state consegnate e che il timer di deposito sia stato avviato dalla tua pagina di prenotazione.<\/span><\/p>\n<p><img loading=\"lazy\" decoding=\"async\" class=\"size-large wp-image-6226 aligncenter\" src=\"https:\/\/luggagehero.com\/wp-content\/uploads\/2019\/04\/shutterstock_789411469-800x534.jpg\" alt=\"\" width=\"800\" height=\"534\" srcset=\"https:\/\/luggagehero.com\/wp-content\/uploads\/2019\/04\/shutterstock_789411469-800x534.jpg 800w, https:\/\/luggagehero.com\/wp-content\/uploads\/2019\/04\/shutterstock_789411469-300x200.jpg 300w, https:\/\/luggagehero.com\/wp-content\/uploads\/2019\/04\/shutterstock_789411469-600x400.jpg 600w, https:\/\/luggagehero.com\/wp-content\/uploads\/2019\/04\/shutterstock_789411469.jpg 1000w\" sizes=\"auto, (max-width: 800px) 100vw, 800px\" \/><\/p>\n<h2 style=\"text-align: center;\">Ottaviano<\/h2>\n<p>La stazione della metropolitana Ottaviano si trova nel rione Prati, a soli pochi minuti da Piazza San Pietro, la Basilica di San Pietro e il Vaticano. La zona \u00e8 ben collegata al centro da autobus e metropolitana.<\/p>\n<p>Prati \u00e8 un rione famoso per i suoi ampi viali, i palazzi eleganti e l\u2019atmosfera europea. Prati ha una personalit\u00e0 spiccata, uno stile che ricorda pi\u00f9 certi quartieri parigini che il suo passato di zona paludosa intorno a Roma. \u00c8 un quartiere collocato in una posizione perfetta, proprio sopra al <a href=\"https:\/\/luggagehero.com\/rome\/vatican\/\">Vaticano<\/a> e che si estende sul fiume Tevere, dove si possono trovare strade per lo shopping di lusso e ristoranti di grido, che ne fanno uno dei segreti meglio custoditi dai romani.<\/p>\n<p>La stazione di Ottaviano \u00e8 collegata a <a href=\"https:\/\/luggagehero.com\/rome\/roma-termini\/\">Roma Termini<\/a> e allo <a href=\"https:\/\/luggagehero.com\/rome\/olympic-stadium\/\">Stadio Olimpico<\/a>.<\/p>\n","protected":false},"excerpt":{"rendered":"<p>Stai cercando un deposito bagagli vicino alla stazione metropolitana Ottaviano? Puoi depositare le tue borse in uno dei nostri punti di deposito bagagli proprio dietro la stazione Ottaviano e visitare Roma o il rione Prati senza il peso del bagaglio. I punti di deposito LuggageHero sono hotel, bar e negozi certificati.Le prenotazioni effettuate in anticipo [&hellip;]<\/p>\n","protected":false},"author":23,"featured_media":0,"parent":6618,"menu_order":0,"comment_status":"closed","ping_status":"closed","template":"template-location.php","meta":{"_acf_changed":false,"footnotes":""},"class_list":["post-31916","page","type-page","status-publish","hentry"],"acf":[],"yoast_head":"<!-- This site is optimized with the Yoast SEO Premium plugin v27.0 (Yoast SEO v27.0) - https:\/\/yoast.com\/product\/yoast-seo-premium-wordpress\/ -->\n<title>Ottaviano - LuggageHero<\/title>\n<meta name=\"robots\" content=\"index, follow, max-snippet:-1, max-image-preview:large, max-video-preview:-1\" \/>\n<link rel=\"canonical\" href=\"https:\/\/luggagehero.com\/it\/roma\/ottaviano\/\" \/>\n<meta property=\"og:locale\" content=\"it_IT\" \/>\n<meta property=\"og:type\" content=\"article\" \/>\n<meta property=\"og:title\" content=\"Ottaviano\" \/>\n<meta property=\"og:description\" content=\"Stai cercando un deposito bagagli vicino alla stazione metropolitana Ottaviano? Puoi depositare le tue borse in uno dei nostri punti di deposito bagagli proprio dietro la stazione Ottaviano e visitare Roma o il rione Prati senza il peso del bagaglio. I punti di deposito LuggageHero sono hotel, bar e negozi certificati.Le prenotazioni effettuate in anticipo [&hellip;]\" \/>\n<meta property=\"og:url\" content=\"https:\/\/luggagehero.com\/it\/roma\/ottaviano\/\" \/>\n<meta property=\"og:site_name\" content=\"LuggageHero\" \/>\n<meta property=\"article:publisher\" content=\"https:\/\/www.facebook.com\/luggagehero\" \/>\n<meta property=\"og:image\" content=\"https:\/\/luggagehero.com\/wp-content\/uploads\/2019\/04\/shutterstock_789411469-800x534.jpg\" \/>\n<meta name=\"twitter:card\" content=\"summary_large_image\" \/>\n<meta name=\"twitter:site\" content=\"@luggagehero\" \/>\n<meta name=\"twitter:label1\" content=\"Est. reading time\" \/>\n\t<meta name=\"twitter:data1\" content=\"2 minutes\" \/>\n<script type=\"application\/ld+json\" class=\"yoast-schema-graph\">{\"@context\":\"https:\/\/schema.org\",\"@graph\":[{\"@type\":\"WebPage\",\"@id\":\"https:\/\/luggagehero.com\/it\/roma\/ottaviano\/\",\"url\":\"https:\/\/luggagehero.com\/it\/roma\/ottaviano\/\",\"name\":\"Ottaviano - LuggageHero\",\"isPartOf\":{\"@id\":\"https:\/\/luggagehero.com\/it\/#website\"},\"primaryImageOfPage\":{\"@id\":\"https:\/\/luggagehero.com\/it\/roma\/ottaviano\/#primaryimage\"},\"image\":{\"@id\":\"https:\/\/luggagehero.com\/it\/roma\/ottaviano\/#primaryimage\"},\"thumbnailUrl\":\"https:\/\/luggagehero.com\/wp-content\/uploads\/2019\/04\/shutterstock_789411469-800x534.jpg\",\"datePublished\":\"2023-09-05T11:41:25+00:00\",\"breadcrumb\":{\"@id\":\"https:\/\/luggagehero.com\/it\/roma\/ottaviano\/#breadcrumb\"},\"inLanguage\":\"it-IT\",\"potentialAction\":[{\"@type\":\"ReadAction\",\"target\":[\"https:\/\/luggagehero.com\/it\/roma\/ottaviano\/\"]}]},{\"@type\":\"ImageObject\",\"inLanguage\":\"it-IT\",\"@id\":\"https:\/\/luggagehero.com\/it\/roma\/ottaviano\/#primaryimage\",\"url\":\"https:\/\/luggagehero.com\/wp-content\/uploads\/2019\/04\/shutterstock_789411469-800x534.jpg\",\"contentUrl\":\"https:\/\/luggagehero.com\/wp-content\/uploads\/2019\/04\/shutterstock_789411469-800x534.jpg\"},{\"@type\":\"BreadcrumbList\",\"@id\":\"https:\/\/luggagehero.com\/it\/roma\/ottaviano\/#breadcrumb\",\"itemListElement\":[{\"@type\":\"ListItem\",\"position\":1,\"name\":\"Home\",\"item\":\"https:\/\/luggagehero.com\/it\/\"},{\"@type\":\"ListItem\",\"position\":2,\"name\":\"Roma\",\"item\":\"https:\/\/luggagehero.com\/it\/roma\/\"},{\"@type\":\"ListItem\",\"position\":3,\"name\":\"Ottaviano\"}]},{\"@type\":\"WebSite\",\"@id\":\"https:\/\/luggagehero.com\/it\/#website\",\"url\":\"https:\/\/luggagehero.com\/it\/\",\"name\":\"LuggageHero\",\"description\":\"Free yourself from luggage\",\"publisher\":{\"@id\":\"https:\/\/luggagehero.com\/it\/#organization\"},\"potentialAction\":[{\"@type\":\"SearchAction\",\"target\":{\"@type\":\"EntryPoint\",\"urlTemplate\":\"https:\/\/luggagehero.com\/it\/?s={search_term_string}\"},\"query-input\":{\"@type\":\"PropertyValueSpecification\",\"valueRequired\":true,\"valueName\":\"search_term_string\"}}],\"inLanguage\":\"it-IT\"},{\"@type\":\"Organization\",\"@id\":\"https:\/\/luggagehero.com\/it\/#organization\",\"name\":\"LuggageHero\",\"url\":\"https:\/\/luggagehero.com\/it\/\",\"logo\":{\"@type\":\"ImageObject\",\"inLanguage\":\"it-IT\",\"@id\":\"https:\/\/luggagehero.com\/it\/#\/schema\/logo\/image\/\",\"url\":\"https:\/\/luggagehero.com\/wp-content\/uploads\/2017\/04\/luggagehero_LOGO-RGB_kort_POS_200x200.png\",\"contentUrl\":\"https:\/\/luggagehero.com\/wp-content\/uploads\/2017\/04\/luggagehero_LOGO-RGB_kort_POS_200x200.png\",\"width\":200,\"height\":200,\"caption\":\"LuggageHero\"},\"image\":{\"@id\":\"https:\/\/luggagehero.com\/it\/#\/schema\/logo\/image\/\"},\"sameAs\":[\"https:\/\/www.facebook.com\/luggagehero\",\"https:\/\/x.com\/luggagehero\",\"https:\/\/www.instagram.com\/luggagehero\",\"https:\/\/www.linkedin.com\/company\/luggagehero\/\"]}]}<\/script>\n<!-- \/ Yoast SEO Premium plugin. -->","yoast_head_json":{"title":"Ottaviano - LuggageHero","robots":{"index":"index","follow":"follow","max-snippet":"max-snippet:-1","max-image-preview":"max-image-preview:large","max-video-preview":"max-video-preview:-1"},"canonical":"https:\/\/luggagehero.com\/it\/roma\/ottaviano\/","og_locale":"it_IT","og_type":"article","og_title":"Ottaviano","og_description":"Stai cercando un deposito bagagli vicino alla stazione metropolitana Ottaviano? Puoi depositare le tue borse in uno dei nostri punti di deposito bagagli proprio dietro la stazione Ottaviano e visitare Roma o il rione Prati senza il peso del bagaglio. I punti di deposito LuggageHero sono hotel, bar e negozi certificati.Le prenotazioni effettuate in anticipo [&hellip;]","og_url":"https:\/\/luggagehero.com\/it\/roma\/ottaviano\/","og_site_name":"LuggageHero","article_publisher":"https:\/\/www.facebook.com\/luggagehero","og_image":[{"url":"https:\/\/luggagehero.com\/wp-content\/uploads\/2019\/04\/shutterstock_789411469-800x534.jpg","type":"","width":"","height":""}],"twitter_card":"summary_large_image","twitter_site":"@luggagehero","twitter_misc":{"Est. reading time":"2 minutes"},"schema":{"@context":"https:\/\/schema.org","@graph":[{"@type":"WebPage","@id":"https:\/\/luggagehero.com\/it\/roma\/ottaviano\/","url":"https:\/\/luggagehero.com\/it\/roma\/ottaviano\/","name":"Ottaviano - LuggageHero","isPartOf":{"@id":"https:\/\/luggagehero.com\/it\/#website"},"primaryImageOfPage":{"@id":"https:\/\/luggagehero.com\/it\/roma\/ottaviano\/#primaryimage"},"image":{"@id":"https:\/\/luggagehero.com\/it\/roma\/ottaviano\/#primaryimage"},"thumbnailUrl":"https:\/\/luggagehero.com\/wp-content\/uploads\/2019\/04\/shutterstock_789411469-800x534.jpg","datePublished":"2023-09-05T11:41:25+00:00","breadcrumb":{"@id":"https:\/\/luggagehero.com\/it\/roma\/ottaviano\/#breadcrumb"},"inLanguage":"it-IT","potentialAction":[{"@type":"ReadAction","target":["https:\/\/luggagehero.com\/it\/roma\/ottaviano\/"]}]},{"@type":"ImageObject","inLanguage":"it-IT","@id":"https:\/\/luggagehero.com\/it\/roma\/ottaviano\/#primaryimage","url":"https:\/\/luggagehero.com\/wp-content\/uploads\/2019\/04\/shutterstock_789411469-800x534.jpg","contentUrl":"https:\/\/luggagehero.com\/wp-content\/uploads\/2019\/04\/shutterstock_789411469-800x534.jpg"},{"@type":"BreadcrumbList","@id":"https:\/\/luggagehero.com\/it\/roma\/ottaviano\/#breadcrumb","itemListElement":[{"@type":"ListItem","position":1,"name":"Home","item":"https:\/\/luggagehero.com\/it\/"},{"@type":"ListItem","position":2,"name":"Roma","item":"https:\/\/luggagehero.com\/it\/roma\/"},{"@type":"ListItem","position":3,"name":"Ottaviano"}]},{"@type":"WebSite","@id":"https:\/\/luggagehero.com\/it\/#website","url":"https:\/\/luggagehero.com\/it\/","name":"LuggageHero","description":"Free yourself from luggage","publisher":{"@id":"https:\/\/luggagehero.com\/it\/#organization"},"potentialAction":[{"@type":"SearchAction","target":{"@type":"EntryPoint","urlTemplate":"https:\/\/luggagehero.com\/it\/?s={search_term_string}"},"query-input":{"@type":"PropertyValueSpecification","valueRequired":true,"valueName":"search_term_string"}}],"inLanguage":"it-IT"},{"@type":"Organization","@id":"https:\/\/luggagehero.com\/it\/#organization","name":"LuggageHero","url":"https:\/\/luggagehero.com\/it\/","logo":{"@type":"ImageObject","inLanguage":"it-IT","@id":"https:\/\/luggagehero.com\/it\/#\/schema\/logo\/image\/","url":"https:\/\/luggagehero.com\/wp-content\/uploads\/2017\/04\/luggagehero_LOGO-RGB_kort_POS_200x200.png","contentUrl":"https:\/\/luggagehero.com\/wp-content\/uploads\/2017\/04\/luggagehero_LOGO-RGB_kort_POS_200x200.png","width":200,"height":200,"caption":"LuggageHero"},"image":{"@id":"https:\/\/luggagehero.com\/it\/#\/schema\/logo\/image\/"},"sameAs":["https:\/\/www.facebook.com\/luggagehero","https:\/\/x.com\/luggagehero","https:\/\/www.instagram.com\/luggagehero","https:\/\/www.linkedin.com\/company\/luggagehero\/"]}]}},"place_id":"","place_latitude_longitude":"41.8980,12.5002","place_name":"Ottaviano","criteria_title":"","criteria_description":"","meta_title":"","meta_description":"","children_criteria_title":"","children_criteria_description":"","children_meta_title":"","children_meta_description":"","_edit_last":"46","use_global_content":"","poi_type":"PublicTransit","content_raw":"<span style=\"font-weight: 400;\">Stai cercando un deposito bagagli vicino alla stazione metropolitana Ottaviano? Puoi depositare le tue borse in uno dei nostri punti di deposito bagagli proprio dietro la stazione Ottaviano e visitare Roma o il rione Prati senza il peso del bagaglio.<\/span>\r\n\r\n<span style=\"font-weight: 400;\">I punti di deposito LuggageHero sono <\/span><a href=\"https:\/\/luggagehero.com\/about\/certified-shops\/\">hotel, bar e negozi<\/a> certificati.<span style=\"font-weight: 400;\">Le prenotazioni effettuate in anticipo ti garantiscono un posto disponibile per le tue borse.L\u2019indirizzo e le indicazioni stradali ai nostri negozi partner vengono messi a disposizione al momento della prenotazione. Tutte le borse vengono protette dai nostri <\/span><a href=\"https:\/\/luggagehero.com\/about\/security-seal\/\"><span style=\"font-weight: 400;\">sigilli di sicurezza<\/span><\/a><span style=\"font-weight: 400;\"> che garantiscono una copertura assicurativa fino a [pricing insurancecoverage] per ogni singolo bagaglio, una volta che siano state consegnate e che il timer di deposito sia stato avviato dalla tua pagina di prenotazione.<\/span>\r\n\r\n<img class=\"size-large wp-image-6226 aligncenter\" src=\"https:\/\/luggagehero.com\/wp-content\/uploads\/2019\/04\/shutterstock_789411469-800x534.jpg\" alt=\"\" width=\"800\" height=\"534\" \/>\r\n<h2 style=\"text-align: center;\">Ottaviano<\/h2>\r\nLa stazione della metropolitana Ottaviano si trova nel rione Prati, a soli pochi minuti da Piazza San Pietro, la Basilica di San Pietro e il Vaticano. La zona \u00e8 ben collegata al centro da autobus e metropolitana.\r\n\r\nPrati \u00e8 un rione famoso per i suoi ampi viali, i palazzi eleganti e l\u2019atmosfera europea. Prati ha una personalit\u00e0 spiccata, uno stile che ricorda pi\u00f9 certi quartieri parigini che il suo passato di zona paludosa intorno a Roma. \u00c8 un quartiere collocato in una posizione perfetta, proprio sopra al <a href=\"https:\/\/luggagehero.com\/rome\/vatican\/\">Vaticano<\/a> e che si estende sul fiume Tevere, dove si possono trovare strade per lo shopping di lusso e ristoranti di grido, che ne fanno uno dei segreti meglio custoditi dai romani.\r\n\r\nLa stazione di Ottaviano \u00e8 collegata a <a href=\"https:\/\/luggagehero.com\/rome\/roma-termini\/\">Roma Termini<\/a> e allo <a href=\"https:\/\/luggagehero.com\/rome\/olympic-stadium\/\">Stadio Olimpico<\/a>.","_links":{"self":[{"href":"https:\/\/luggagehero.com\/it\/wp-json\/wp\/v2\/pages\/31916","targetHints":{"allow":["GET"]}}],"collection":[{"href":"https:\/\/luggagehero.com\/it\/wp-json\/wp\/v2\/pages"}],"about":[{"href":"https:\/\/luggagehero.com\/it\/wp-json\/wp\/v2\/types\/page"}],"author":[{"embeddable":true,"href":"https:\/\/luggagehero.com\/it\/wp-json\/wp\/v2\/users\/23"}],"replies":[{"embeddable":true,"href":"https:\/\/luggagehero.com\/it\/wp-json\/wp\/v2\/comments?post=31916"}],"version-history":[{"count":0,"href":"https:\/\/luggagehero.com\/it\/wp-json\/wp\/v2\/pages\/31916\/revisions"}],"up":[{"embeddable":true,"href":"https:\/\/luggagehero.com\/it\/wp-json\/wp\/v2\/pages\/6618"}],"wp:attachment":[{"href":"https:\/\/luggagehero.com\/it\/wp-json\/wp\/v2\/media?parent=31916"}],"curies":[{"name":"wp","href":"https:\/\/api.w.org\/{rel}","templated":true}]}}