{"id":41157,"date":"2021-11-29T10:53:07","date_gmt":"2021-11-29T10:53:07","guid":{"rendered":"https:\/\/luggagehero.com\/?page_id=41157"},"modified":"2021-11-29T13:02:17","modified_gmt":"2021-11-29T13:02:17","slug":"bologna","status":"publish","type":"page","link":"https:\/\/luggagehero.com\/it\/bologna\/","title":{"rendered":"Bologna"},"content":{"rendered":"<p>44.5059,11.3434<\/p>\n<p><span style=\"font-weight: 400;\">Non hai pi\u00f9 bisogno di cercare degli armadietti per depositare il tuo bagaglio. La prossima volta che sarai a Bologna, ricordati che LuggageHero \u00e8 qui per salvarti dai guai!<\/span><\/p>\n<p><span style=\"font-weight: 400;\">Consegna le tue borse utilizzando LuggageHero presso i negozi della zona, situati attorno ai principali snodi della viabilit\u00e0 e ai quartieri pi\u00f9 famosi. Immagina di arrivare dall\u2019aeroporto Marconi di Bologna diverse ore prima che il tuo alloggio sia disponibile e di voler visitare le bellezze della citt\u00e0, senza doversi trascinare dietro il tuo bagaglio.<\/span><\/p>\n<h2><strong>Ricordati di scaricare la nostra app!<\/strong><\/h2>\n<p><span style=\"font-weight: 400;\">Grazie all\u2019 app di LuggageHero puoi facilmente trovarci a Milano e lasciarci il tuo bagaglio. 1000+ location ti aspettano, scarica la nostra app!<\/span><\/p>\n\n<div class=\"block-app-downloader\">\n\t<ul class=\"app-images\">\n\t\t\t\t\t<li class=\"app-img\">\n\t\t\t\t<img decoding=\"async\" loading=\"lazy\" src=\"https:\/\/luggagehero.com\/wp-content\/uploads\/2020\/08\/app-1.png\" alt=\"App screenshot\">\n\t\t\t<\/li>\n\t\t\t\t\t<li class=\"app-img\">\n\t\t\t\t<img decoding=\"async\" loading=\"lazy\" src=\"https:\/\/luggagehero.com\/wp-content\/uploads\/2020\/08\/app-2.png\" alt=\"App screenshot\">\n\t\t\t<\/li>\n\t\t\t\t\t<li class=\"app-img\">\n\t\t\t\t<img decoding=\"async\" loading=\"lazy\" src=\"https:\/\/luggagehero.com\/wp-content\/uploads\/2020\/08\/app-3.png\" alt=\"App screenshot\">\n\t\t\t<\/li>\n\t\t\t\t\t<li class=\"app-img\">\n\t\t\t\t<img decoding=\"async\" loading=\"lazy\" src=\"https:\/\/luggagehero.com\/wp-content\/uploads\/2020\/08\/app-4.png\" alt=\"App screenshot\">\n\t\t\t<\/li>\n\t\t\t\t\t<li class=\"app-img\">\n\t\t\t\t<img decoding=\"async\" loading=\"lazy\" src=\"https:\/\/luggagehero.com\/wp-content\/uploads\/2020\/08\/app-5.png\" alt=\"App screenshot\">\n\t\t\t<\/li>\n\t\t\t<\/ul>\n\n\t<div class=\"apps-box\">\n\t\t<p> Usa LuggageHero ovunque con l'app ufficiale per iPhone e Android<\/p>\n\t\t<a href=\"https:\/\/apps.apple.com\/us\/app\/luggagehero-luggage-storage\/id1481057935\" target=\"_blank\">\n\t\t\t<img decoding=\"async\" loading=\"lazy\" src=\"https:\/\/luggagehero.com\/wp-content\/uploads\/2020\/08\/badge-as.png\" alt=\"Download on the ios App Store\">\n\t\t<\/a>\n\n\t\t<a href=\"https:\/\/play.google.com\/store\/apps\/details?id=com.luggagehero.android\" target=\"_blank\">\n\t\t\t<img decoding=\"async\" loading=\"lazy\" src=\"https:\/\/luggagehero.com\/wp-content\/uploads\/2020\/08\/badge-gp.png\" alt=\"Get it on Google Play\">\n\t\t<\/a>\n\t<\/div>\n<\/div>\n<p><span style=\"font-weight: 400;\">Paghi una tariffa oraria, a differenza di altri servizi!<\/span><\/p>\n<p><span style=\"font-weight: 400;\">Ti offriamo un servizio veloce, comodo e a basso costo.<\/span><\/p>\n<p><b>Sei pronto per depositare le tue borse?<\/b><\/p>\n<p><span style=\"font-weight: 400;\">Trova il posto giusto per te, c<\/span><span style=\"font-weight: 400;\">onsulta la nostra mappa:<\/span><\/p>\n<map-of-shops><\/map-of-shops>\n<p><span style=\"font-weight: 400;\">LuggageHero addebita ai suoi utenti una tariffa solamente per ogni ora utilizzata \u20ac1, a differenza della maggior parte degli altri servizi di deposito bagagli, che spesso ti chiedono di pagare per l\u2019intera giornata. Se vuoi depositare il tuo bagaglio per tutto il giorno o pi\u00f9 a lungo, ti offriamo un economico tetto massimo giornaliero di \u20ac8.<\/span><\/p>\n<h2 style=\"text-align: center;\">Bologna<\/h2>\n<p><img loading=\"lazy\" decoding=\"async\" class=\"alignnone size-full wp-image-41158\" src=\"https:\/\/luggagehero.com\/wp-content\/uploads\/2021\/11\/CITY-BLQ-1-2.jpg\" alt=\"\" width=\"1920\" height=\"960\" srcset=\"https:\/\/luggagehero.com\/wp-content\/uploads\/2021\/11\/CITY-BLQ-1-2.jpg 1920w, https:\/\/luggagehero.com\/wp-content\/uploads\/2021\/11\/CITY-BLQ-1-2-300x150.jpg 300w, https:\/\/luggagehero.com\/wp-content\/uploads\/2021\/11\/CITY-BLQ-1-2-800x400.jpg 800w, https:\/\/luggagehero.com\/wp-content\/uploads\/2021\/11\/CITY-BLQ-1-2-600x300.jpg 600w, https:\/\/luggagehero.com\/wp-content\/uploads\/2021\/11\/CITY-BLQ-1-2-1536x768.jpg 1536w\" sizes=\"auto, (max-width: 1920px) 100vw, 1920px\" \/><\/p>\n<h4><b>Protezione<\/b><\/h4>\n<p><a href=\"https:\/\/luggagehero.com\/it\/about\/negozi-certificati\/\"><span style=\"font-weight: 400;\">Certifichiamo<\/span><\/a><span style=\"font-weight: 400;\"> e formiamo scrupolosamente gli operatori di tutti i nostri punti LuggageHero a Bologna su come maneggiare in sicurezza i tuoi effetti personali.<\/span><\/p>\n<p><span style=\"font-weight: 400;\">Tutti i nostri negozi a Bologna sono stati recensiti da un impiegato LuggageHero, che inoltre esegue regolarmente controlli qualit\u00e0 per garantire che gli effetti personali dei nostri clienti siano conservati in modo sicuro e affidabile.<\/span><\/p>\n<p><span style=\"font-weight: 400;\">In pi\u00f9, forniamo dei <\/span><a href=\"https:\/\/luggagehero.com\/it\/about\/sigillo-di-sicurezza-luggagehero\/\"><span style=\"font-weight: 400;\">sigilli di sicurezza<\/span><\/a><span style=\"font-weight: 400;\"> per ogni singolo bagaglio. Questi ti verranno forniti al tuo arrivo in negozio, garantendo che nessuno possa aprire le tue borse.<\/span><\/p>\n<p><span style=\"font-weight: 400;\">Inoltre, ogni singolo bagaglio e il suo contenuto sono assicurati fino a \u20ac2500.<\/span><\/p>\n<p><span style=\"font-weight: 400;\">Se hai bisogno di rivolgerti a qualcuno, ricordati che il nostro supporto ai clienti tramite chat online \u00e8 attivo 24 ore su 24, 7 giorni su 7.<\/span><\/p>\n<p><img loading=\"lazy\" decoding=\"async\" class=\"aligncenter wp-image-2267\" title=\"Affida il tuo bagaglio a Londra a un LuggageHero\" src=\"https:\/\/luggagehero.com\/wp-content\/uploads\/2017\/06\/LuggageHero_figur_fod-paa-kufferter-1-720x907.png\" alt=\"Affida il tuo bagaglio a Londra a un LuggageHero\" width=\"239\" height=\"301\" \/><\/p>\n<h4><strong>Prenota senza rischi<\/strong><\/h4>\n<p><span style=\"font-weight: 400;\">Semplificare i tuoi viaggi \u00e8 la nostra missione, per questo per noi \u00e8 importante che non ti venga addebitato NESSUN COSTO finch\u00e9 il tuo bagaglio non sia stato consegnato.<\/span><\/p>\n<p><span style=\"font-weight: 400;\">Utilizza il nostro sistema di prenotazione online per scegliere il miglior deposito bagagli a Bologna\u00a0 per la tua posizione e i tuoi programmi. Puoi sia prenotare al tuo arrivo presso il negozio, oppure prenotare online in anticipo per assicurarti il tuo posto. Prenota in anticipo per essere sicuro di avere lo spazio per il tuo bagaglio<\/span><\/p>\n<p><span style=\"font-weight: 400;\">Ma sappiamo che a volte i programmi cambiano, soprattutto quando sei in viaggio. Cos\u00ec, se non ti presenti non ti verr\u00e0 addebitato nulla. Nada. Zero. Zip. Zilch. Nulla! E no, non c\u2019\u00e8 nemmeno bisogno di cancellare!<\/span><\/p>\n<p>&nbsp;<\/p>\n<p>&nbsp;<\/p>\n<p>&nbsp;<\/p>\n<p>&nbsp;<\/p>\n","protected":false},"excerpt":{"rendered":"<p>44.5059,11.3434 Non hai pi\u00f9 bisogno di cercare degli armadietti per depositare il tuo bagaglio. La prossima volta che sarai a Bologna, ricordati che LuggageHero \u00e8 qui per salvarti dai guai! Consegna le tue borse utilizzando LuggageHero presso i negozi della zona, situati attorno ai principali snodi della viabilit\u00e0 e ai quartieri pi\u00f9 famosi. Immagina di [&hellip;]<\/p>\n","protected":false},"author":46,"featured_media":0,"parent":0,"menu_order":0,"comment_status":"closed","ping_status":"closed","template":"template-location.php","meta":{"_acf_changed":false,"footnotes":""},"class_list":["post-41157","page","type-page","status-publish","hentry"],"acf":[],"yoast_head":"<!-- This site is optimized with the Yoast SEO Premium plugin v27.0 (Yoast SEO v27.0) - https:\/\/yoast.com\/product\/yoast-seo-premium-wordpress\/ -->\n<title>Deposito bagagli a Bologna, solo 1\u20ac all&#039;ora<\/title>\n<meta name=\"description\" content=\"L&#039;unico deposito bagagli ad offrire tariffe orarie o giornaliere a Bologna, inclusi $3000 di assicurazione\" \/>\n<meta name=\"robots\" content=\"index, follow, max-snippet:-1, max-image-preview:large, max-video-preview:-1\" \/>\n<link rel=\"canonical\" href=\"https:\/\/luggagehero.com\/it\/bologna\/\" \/>\n<meta property=\"og:locale\" content=\"it_IT\" \/>\n<meta property=\"og:type\" content=\"article\" \/>\n<meta property=\"og:title\" content=\"Bologna\" \/>\n<meta property=\"og:description\" content=\"L&#039;unico deposito bagagli ad offrire tariffe orarie o giornaliere a Bologna, inclusi $3000 di assicurazione\" \/>\n<meta property=\"og:url\" content=\"https:\/\/luggagehero.com\/it\/bologna\/\" \/>\n<meta property=\"og:site_name\" content=\"LuggageHero\" \/>\n<meta property=\"article:publisher\" content=\"https:\/\/www.facebook.com\/luggagehero\" \/>\n<meta property=\"article:modified_time\" content=\"2021-11-29T13:02:17+00:00\" \/>\n<meta property=\"og:image\" content=\"https:\/\/luggagehero.com\/wp-content\/uploads\/2021\/11\/CITY-BLQ-1-2.jpg\" \/>\n<meta name=\"twitter:card\" content=\"summary_large_image\" \/>\n<meta name=\"twitter:site\" content=\"@luggagehero\" \/>\n<meta name=\"twitter:label1\" content=\"Est. reading time\" \/>\n\t<meta name=\"twitter:data1\" content=\"3 minutes\" \/>\n<script type=\"application\/ld+json\" class=\"yoast-schema-graph\">{\"@context\":\"https:\/\/schema.org\",\"@graph\":[{\"@type\":\"WebPage\",\"@id\":\"https:\/\/luggagehero.com\/it\/bologna\/\",\"url\":\"https:\/\/luggagehero.com\/it\/bologna\/\",\"name\":\"Deposito bagagli a Bologna, solo 1\u20ac all'ora\",\"isPartOf\":{\"@id\":\"https:\/\/luggagehero.com\/it\/#website\"},\"primaryImageOfPage\":{\"@id\":\"https:\/\/luggagehero.com\/it\/bologna\/#primaryimage\"},\"image\":{\"@id\":\"https:\/\/luggagehero.com\/it\/bologna\/#primaryimage\"},\"thumbnailUrl\":\"https:\/\/luggagehero.com\/wp-content\/uploads\/2021\/11\/CITY-BLQ-1-2.jpg\",\"datePublished\":\"2021-11-29T10:53:07+00:00\",\"dateModified\":\"2021-11-29T13:02:17+00:00\",\"description\":\"L'unico deposito bagagli ad offrire tariffe orarie o giornaliere a Bologna, inclusi $3000 di assicurazione\",\"breadcrumb\":{\"@id\":\"https:\/\/luggagehero.com\/it\/bologna\/#breadcrumb\"},\"inLanguage\":\"it-IT\",\"potentialAction\":[{\"@type\":\"ReadAction\",\"target\":[\"https:\/\/luggagehero.com\/it\/bologna\/\"]}]},{\"@type\":\"ImageObject\",\"inLanguage\":\"it-IT\",\"@id\":\"https:\/\/luggagehero.com\/it\/bologna\/#primaryimage\",\"url\":\"https:\/\/luggagehero.com\/wp-content\/uploads\/2021\/11\/CITY-BLQ-1-2.jpg\",\"contentUrl\":\"https:\/\/luggagehero.com\/wp-content\/uploads\/2021\/11\/CITY-BLQ-1-2.jpg\"},{\"@type\":\"BreadcrumbList\",\"@id\":\"https:\/\/luggagehero.com\/it\/bologna\/#breadcrumb\",\"itemListElement\":[{\"@type\":\"ListItem\",\"position\":1,\"name\":\"Home\",\"item\":\"https:\/\/luggagehero.com\/it\/\"},{\"@type\":\"ListItem\",\"position\":2,\"name\":\"Bologna\"}]},{\"@type\":\"WebSite\",\"@id\":\"https:\/\/luggagehero.com\/it\/#website\",\"url\":\"https:\/\/luggagehero.com\/it\/\",\"name\":\"LuggageHero\",\"description\":\"Free yourself from luggage\",\"publisher\":{\"@id\":\"https:\/\/luggagehero.com\/it\/#organization\"},\"potentialAction\":[{\"@type\":\"SearchAction\",\"target\":{\"@type\":\"EntryPoint\",\"urlTemplate\":\"https:\/\/luggagehero.com\/it\/?s={search_term_string}\"},\"query-input\":{\"@type\":\"PropertyValueSpecification\",\"valueRequired\":true,\"valueName\":\"search_term_string\"}}],\"inLanguage\":\"it-IT\"},{\"@type\":\"Organization\",\"@id\":\"https:\/\/luggagehero.com\/it\/#organization\",\"name\":\"LuggageHero\",\"url\":\"https:\/\/luggagehero.com\/it\/\",\"logo\":{\"@type\":\"ImageObject\",\"inLanguage\":\"it-IT\",\"@id\":\"https:\/\/luggagehero.com\/it\/#\/schema\/logo\/image\/\",\"url\":\"https:\/\/luggagehero.com\/wp-content\/uploads\/2017\/04\/luggagehero_LOGO-RGB_kort_POS_200x200.png\",\"contentUrl\":\"https:\/\/luggagehero.com\/wp-content\/uploads\/2017\/04\/luggagehero_LOGO-RGB_kort_POS_200x200.png\",\"width\":200,\"height\":200,\"caption\":\"LuggageHero\"},\"image\":{\"@id\":\"https:\/\/luggagehero.com\/it\/#\/schema\/logo\/image\/\"},\"sameAs\":[\"https:\/\/www.facebook.com\/luggagehero\",\"https:\/\/x.com\/luggagehero\",\"https:\/\/www.instagram.com\/luggagehero\",\"https:\/\/www.linkedin.com\/company\/luggagehero\/\"]}]}<\/script>\n<!-- \/ Yoast SEO Premium plugin. -->","yoast_head_json":{"title":"Deposito bagagli a Bologna, solo 1\u20ac all'ora","description":"L'unico deposito bagagli ad offrire tariffe orarie o giornaliere a Bologna, inclusi $3000 di assicurazione","robots":{"index":"index","follow":"follow","max-snippet":"max-snippet:-1","max-image-preview":"max-image-preview:large","max-video-preview":"max-video-preview:-1"},"canonical":"https:\/\/luggagehero.com\/it\/bologna\/","og_locale":"it_IT","og_type":"article","og_title":"Bologna","og_description":"L'unico deposito bagagli ad offrire tariffe orarie o giornaliere a Bologna, inclusi $3000 di assicurazione","og_url":"https:\/\/luggagehero.com\/it\/bologna\/","og_site_name":"LuggageHero","article_publisher":"https:\/\/www.facebook.com\/luggagehero","article_modified_time":"2021-11-29T13:02:17+00:00","og_image":[{"url":"https:\/\/luggagehero.com\/wp-content\/uploads\/2021\/11\/CITY-BLQ-1-2.jpg","type":"","width":"","height":""}],"twitter_card":"summary_large_image","twitter_site":"@luggagehero","twitter_misc":{"Est. reading time":"3 minutes"},"schema":{"@context":"https:\/\/schema.org","@graph":[{"@type":"WebPage","@id":"https:\/\/luggagehero.com\/it\/bologna\/","url":"https:\/\/luggagehero.com\/it\/bologna\/","name":"Deposito bagagli a Bologna, solo 1\u20ac all'ora","isPartOf":{"@id":"https:\/\/luggagehero.com\/it\/#website"},"primaryImageOfPage":{"@id":"https:\/\/luggagehero.com\/it\/bologna\/#primaryimage"},"image":{"@id":"https:\/\/luggagehero.com\/it\/bologna\/#primaryimage"},"thumbnailUrl":"https:\/\/luggagehero.com\/wp-content\/uploads\/2021\/11\/CITY-BLQ-1-2.jpg","datePublished":"2021-11-29T10:53:07+00:00","dateModified":"2021-11-29T13:02:17+00:00","description":"L'unico deposito bagagli ad offrire tariffe orarie o giornaliere a Bologna, inclusi $3000 di assicurazione","breadcrumb":{"@id":"https:\/\/luggagehero.com\/it\/bologna\/#breadcrumb"},"inLanguage":"it-IT","potentialAction":[{"@type":"ReadAction","target":["https:\/\/luggagehero.com\/it\/bologna\/"]}]},{"@type":"ImageObject","inLanguage":"it-IT","@id":"https:\/\/luggagehero.com\/it\/bologna\/#primaryimage","url":"https:\/\/luggagehero.com\/wp-content\/uploads\/2021\/11\/CITY-BLQ-1-2.jpg","contentUrl":"https:\/\/luggagehero.com\/wp-content\/uploads\/2021\/11\/CITY-BLQ-1-2.jpg"},{"@type":"BreadcrumbList","@id":"https:\/\/luggagehero.com\/it\/bologna\/#breadcrumb","itemListElement":[{"@type":"ListItem","position":1,"name":"Home","item":"https:\/\/luggagehero.com\/it\/"},{"@type":"ListItem","position":2,"name":"Bologna"}]},{"@type":"WebSite","@id":"https:\/\/luggagehero.com\/it\/#website","url":"https:\/\/luggagehero.com\/it\/","name":"LuggageHero","description":"Free yourself from luggage","publisher":{"@id":"https:\/\/luggagehero.com\/it\/#organization"},"potentialAction":[{"@type":"SearchAction","target":{"@type":"EntryPoint","urlTemplate":"https:\/\/luggagehero.com\/it\/?s={search_term_string}"},"query-input":{"@type":"PropertyValueSpecification","valueRequired":true,"valueName":"search_term_string"}}],"inLanguage":"it-IT"},{"@type":"Organization","@id":"https:\/\/luggagehero.com\/it\/#organization","name":"LuggageHero","url":"https:\/\/luggagehero.com\/it\/","logo":{"@type":"ImageObject","inLanguage":"it-IT","@id":"https:\/\/luggagehero.com\/it\/#\/schema\/logo\/image\/","url":"https:\/\/luggagehero.com\/wp-content\/uploads\/2017\/04\/luggagehero_LOGO-RGB_kort_POS_200x200.png","contentUrl":"https:\/\/luggagehero.com\/wp-content\/uploads\/2017\/04\/luggagehero_LOGO-RGB_kort_POS_200x200.png","width":200,"height":200,"caption":"LuggageHero"},"image":{"@id":"https:\/\/luggagehero.com\/it\/#\/schema\/logo\/image\/"},"sameAs":["https:\/\/www.facebook.com\/luggagehero","https:\/\/x.com\/luggagehero","https:\/\/www.instagram.com\/luggagehero","https:\/\/www.linkedin.com\/company\/luggagehero\/"]}]}},"place_id":"","place_latitude_longitude":"44.5059,11.3434","place_name":"Bologna Centrale","criteria_title":"","criteria_description":"","meta_title":"","meta_description":"","children_criteria_title":"","children_criteria_description":"","children_meta_title":"","children_meta_description":"","_edit_last":"46","use_global_content":"","poi_type":"","content_raw":"44.5059,11.3434\r\n\r\n<span style=\"font-weight: 400;\">Non hai pi\u00f9 bisogno di cercare degli armadietti per depositare il tuo bagaglio. La prossima volta che sarai a Bologna, ricordati che LuggageHero \u00e8 qui per salvarti dai guai!<\/span>\r\n\r\n<span style=\"font-weight: 400;\">Consegna le tue borse utilizzando LuggageHero presso i negozi della zona, situati attorno ai principali snodi della viabilit\u00e0 e ai quartieri pi\u00f9 famosi. Immagina di arrivare dall\u2019aeroporto Marconi di Bologna diverse ore prima che il tuo alloggio sia disponibile e di voler visitare le bellezze della citt\u00e0, senza doversi trascinare dietro il tuo bagaglio.<\/span>\r\n<h2><strong>Ricordati di scaricare la nostra app!<\/strong><\/h2>\r\n<span style=\"font-weight: 400;\">Grazie all\u2019 app di LuggageHero puoi facilmente trovarci a Milano e lasciarci il tuo bagaglio. 1000+ location ti aspettano, scarica la nostra app!<\/span>\r\n\r\n[appdownloader]\r\n\r\n<span style=\"font-weight: 400;\">Paghi una tariffa oraria, a differenza di altri servizi!<\/span>\r\n\r\n<span style=\"font-weight: 400;\">Ti offriamo un servizio veloce, comodo e a basso costo.<\/span>\r\n\r\n<b>Sei pronto per depositare le tue borse?<\/b>\r\n\r\n<span style=\"font-weight: 400;\">Trova il posto giusto per te, c<\/span><span style=\"font-weight: 400;\">onsulta la nostra mappa:<\/span>\r\n\r\n[mapofshops]\r\n\r\n<span style=\"font-weight: 400;\">LuggageHero addebita ai suoi utenti una tariffa solamente per ogni ora utilizzata \u20ac1, a differenza della maggior parte degli altri servizi di deposito bagagli, che spesso ti chiedono di pagare per l\u2019intera giornata. Se vuoi depositare il tuo bagaglio per tutto il giorno o pi\u00f9 a lungo, ti offriamo un economico tetto massimo giornaliero di \u20ac8.<\/span>\r\n<h2 style=\"text-align: center;\">Bologna<\/h2>\r\n<img class=\"alignnone size-full wp-image-41158\" src=\"https:\/\/luggagehero.com\/wp-content\/uploads\/2021\/11\/CITY-BLQ-1-2.jpg\" alt=\"\" width=\"1920\" height=\"960\" \/>\r\n<h4><b>Protezione<\/b><\/h4>\r\n<a href=\"https:\/\/luggagehero.com\/it\/about\/negozi-certificati\/\"><span style=\"font-weight: 400;\">Certifichiamo<\/span><\/a><span style=\"font-weight: 400;\"> e formiamo scrupolosamente gli operatori di tutti i nostri punti LuggageHero a Bologna su come maneggiare in sicurezza i tuoi effetti personali.<\/span>\r\n\r\n<span style=\"font-weight: 400;\">Tutti i nostri negozi a Bologna sono stati recensiti da un impiegato LuggageHero, che inoltre esegue regolarmente controlli qualit\u00e0 per garantire che gli effetti personali dei nostri clienti siano conservati in modo sicuro e affidabile.<\/span>\r\n\r\n<span style=\"font-weight: 400;\">In pi\u00f9, forniamo dei <\/span><a href=\"https:\/\/luggagehero.com\/it\/about\/sigillo-di-sicurezza-luggagehero\/\"><span style=\"font-weight: 400;\">sigilli di sicurezza<\/span><\/a><span style=\"font-weight: 400;\"> per ogni singolo bagaglio. Questi ti verranno forniti al tuo arrivo in negozio, garantendo che nessuno possa aprire le tue borse.<\/span>\r\n\r\n<span style=\"font-weight: 400;\">Inoltre, ogni singolo bagaglio e il suo contenuto sono assicurati fino a \u20ac2500.<\/span>\r\n\r\n<span style=\"font-weight: 400;\">Se hai bisogno di rivolgerti a qualcuno, ricordati che il nostro supporto ai clienti tramite chat online \u00e8 attivo 24 ore su 24, 7 giorni su 7.<\/span>\r\n\r\n<img class=\"aligncenter wp-image-2267\" title=\"Affida il tuo bagaglio a Londra a un LuggageHero\" src=\"https:\/\/luggagehero.com\/wp-content\/uploads\/2017\/06\/LuggageHero_figur_fod-paa-kufferter-1-720x907.png\" alt=\"Affida il tuo bagaglio a Londra a un LuggageHero\" width=\"239\" height=\"301\" \/>\r\n<h4><strong>Prenota senza rischi<\/strong><\/h4>\r\n<span style=\"font-weight: 400;\">Semplificare i tuoi viaggi \u00e8 la nostra missione, per questo per noi \u00e8 importante che non ti venga addebitato NESSUN COSTO finch\u00e9 il tuo bagaglio non sia stato consegnato.<\/span>\r\n\r\n<span style=\"font-weight: 400;\">Utilizza il nostro sistema di prenotazione online per scegliere il miglior deposito bagagli a Bologna\u00a0 per la tua posizione e i tuoi programmi. Puoi sia prenotare al tuo arrivo presso il negozio, oppure prenotare online in anticipo per assicurarti il tuo posto. Prenota in anticipo per essere sicuro di avere lo spazio per il tuo bagaglio<\/span>\r\n\r\n<span style=\"font-weight: 400;\">Ma sappiamo che a volte i programmi cambiano, soprattutto quando sei in viaggio. Cos\u00ec, se non ti presenti non ti verr\u00e0 addebitato nulla. Nada. Zero. Zip. Zilch. Nulla! E no, non c\u2019\u00e8 nemmeno bisogno di cancellare!<\/span>\r\n\r\n&nbsp;\r\n\r\n&nbsp;\r\n\r\n&nbsp;\r\n\r\n&nbsp;","_links":{"self":[{"href":"https:\/\/luggagehero.com\/it\/wp-json\/wp\/v2\/pages\/41157","targetHints":{"allow":["GET"]}}],"collection":[{"href":"https:\/\/luggagehero.com\/it\/wp-json\/wp\/v2\/pages"}],"about":[{"href":"https:\/\/luggagehero.com\/it\/wp-json\/wp\/v2\/types\/page"}],"author":[{"embeddable":true,"href":"https:\/\/luggagehero.com\/it\/wp-json\/wp\/v2\/users\/46"}],"replies":[{"embeddable":true,"href":"https:\/\/luggagehero.com\/it\/wp-json\/wp\/v2\/comments?post=41157"}],"version-history":[{"count":0,"href":"https:\/\/luggagehero.com\/it\/wp-json\/wp\/v2\/pages\/41157\/revisions"}],"wp:attachment":[{"href":"https:\/\/luggagehero.com\/it\/wp-json\/wp\/v2\/media?parent=41157"}],"curies":[{"name":"wp","href":"https:\/\/api.w.org\/{rel}","templated":true}]}}