{"id":5378,"date":"2022-04-27T11:07:18","date_gmt":"2022-04-27T11:07:18","guid":{"rendered":"https:\/\/luggagehero.com\/?page_id=5378"},"modified":"2023-01-31T09:25:17","modified_gmt":"2023-01-31T09:25:17","slug":"la-sagrada-familia","status":"publish","type":"page","link":"https:\/\/luggagehero.com\/it\/barcelona\/la-sagrada-familia\/","title":{"rendered":"Sagrada Fam\u00edlia"},"content":{"rendered":"<p><img loading=\"lazy\" decoding=\"async\" class=\"size-large wp-image-5427 aligncenter\" src=\"https:\/\/luggagehero.com\/wp-content\/uploads\/2019\/03\/shutterstock_395162041-800x534.jpg\" alt=\"Store your luggage before spending your day at La Sagrada familia\" width=\"800\" height=\"534\" srcset=\"https:\/\/luggagehero.com\/wp-content\/uploads\/2019\/03\/shutterstock_395162041-800x534.jpg 800w, https:\/\/luggagehero.com\/wp-content\/uploads\/2019\/03\/shutterstock_395162041-300x200.jpg 300w, https:\/\/luggagehero.com\/wp-content\/uploads\/2019\/03\/shutterstock_395162041-600x400.jpg 600w, https:\/\/luggagehero.com\/wp-content\/uploads\/2019\/03\/shutterstock_395162041.jpg 1000w\" sizes=\"auto, (max-width: 800px) 100vw, 800px\" \/><\/p>\n<p>&nbsp;<\/p>\n<h2 style=\"text-align: center;\">La Sagrada Familia<\/h2>\n<p>The Bas\u00edlica temple Expiatori de la Sagrada Fam\u00edlia is a large Roman Catholic church designed by Antoni Gaud\u00ed. The Basilica has been under construction since 1882 and it&#8217;s not expected to be completed for some time yet.<\/p>\n<p>The site attracts millions of\u00a0visitors each year and La Sagrada Familia is either explored through guided tours or admired from the outside. If you want to go inside, please be advised that visitors will have their bags, rucksacks, luggage, and personal items checked. There are no self-service left lockers around the area or a cloakroom.<\/p>\n<p>You can leave your luggage and bags with one of LuggaeHero&#8217;s certified shops just around the corner or anywhere in <a href=\"https:\/\/luggagehero.com\/barcelona\/eixample\/\">Eixample<\/a> and have the freedom to truly explore this architectural masterpiece<\/p>\n","protected":false},"excerpt":{"rendered":"<p>&nbsp; La Sagrada Familia The Bas\u00edlica temple Expiatori de la Sagrada Fam\u00edlia is a large Roman Catholic church designed by Antoni Gaud\u00ed. The Basilica has been under construction since 1882 and it&#8217;s not expected to be completed for some time yet. The site attracts millions of\u00a0visitors each year and La Sagrada Familia is either explored [&hellip;]<\/p>\n","protected":false},"author":9,"featured_media":39235,"parent":5142,"menu_order":0,"comment_status":"closed","ping_status":"closed","template":"template-location.php","meta":{"_acf_changed":false,"footnotes":""},"class_list":["post-5378","page","type-page","status-publish","has-post-thumbnail","hentry"],"acf":[],"yoast_head":"<!-- This site is optimized with the Yoast SEO Premium plugin v27.0 (Yoast SEO v27.0) - https:\/\/yoast.com\/product\/yoast-seo-premium-wordpress\/ -->\n<title>Sagrada Fam\u00edlia - LuggageHero<\/title>\n<meta name=\"robots\" content=\"index, follow, max-snippet:-1, max-image-preview:large, max-video-preview:-1\" \/>\n<link rel=\"canonical\" href=\"https:\/\/luggagehero.com\/it\/barcelona\/la-sagrada-familia\/\" \/>\n<meta property=\"og:locale\" content=\"it_IT\" \/>\n<meta property=\"og:type\" content=\"article\" \/>\n<meta property=\"og:title\" content=\"Sagrada Fam\u00edlia\" \/>\n<meta property=\"og:description\" content=\"&nbsp; La Sagrada Familia The Bas\u00edlica temple Expiatori de la Sagrada Fam\u00edlia is a large Roman Catholic church designed by Antoni Gaud\u00ed. The Basilica has been under construction since 1882 and it&#8217;s not expected to be completed for some time yet. The site attracts millions of\u00a0visitors each year and La Sagrada Familia is either explored [&hellip;]\" \/>\n<meta property=\"og:url\" content=\"https:\/\/luggagehero.com\/it\/barcelona\/la-sagrada-familia\/\" \/>\n<meta property=\"og:site_name\" content=\"LuggageHero\" \/>\n<meta property=\"article:publisher\" content=\"https:\/\/www.facebook.com\/luggagehero\" \/>\n<meta property=\"article:modified_time\" content=\"2023-01-31T09:25:17+00:00\" \/>\n<meta property=\"og:image\" content=\"https:\/\/luggagehero.com\/wp-content\/uploads\/2021\/10\/Sagrada-Familia.jpg\" \/>\n\t<meta property=\"og:image:width\" content=\"490\" \/>\n\t<meta property=\"og:image:height\" content=\"373\" \/>\n\t<meta property=\"og:image:type\" content=\"image\/jpeg\" \/>\n<meta name=\"twitter:card\" content=\"summary_large_image\" \/>\n<meta name=\"twitter:site\" content=\"@luggagehero\" \/>\n<meta name=\"twitter:label1\" content=\"Est. reading time\" \/>\n\t<meta name=\"twitter:data1\" content=\"1 minute\" \/>\n<script type=\"application\/ld+json\" class=\"yoast-schema-graph\">{\"@context\":\"https:\/\/schema.org\",\"@graph\":[{\"@type\":\"WebPage\",\"@id\":\"https:\/\/luggagehero.com\/it\/barcelona\/la-sagrada-familia\/\",\"url\":\"https:\/\/luggagehero.com\/it\/barcelona\/la-sagrada-familia\/\",\"name\":\"Sagrada Fam\u00edlia - LuggageHero\",\"isPartOf\":{\"@id\":\"https:\/\/luggagehero.com\/it\/#website\"},\"primaryImageOfPage\":{\"@id\":\"https:\/\/luggagehero.com\/it\/barcelona\/la-sagrada-familia\/#primaryimage\"},\"image\":{\"@id\":\"https:\/\/luggagehero.com\/it\/barcelona\/la-sagrada-familia\/#primaryimage\"},\"thumbnailUrl\":\"https:\/\/luggagehero.com\/wp-content\/uploads\/2021\/10\/Sagrada-Familia.jpg\",\"datePublished\":\"2022-04-27T11:07:18+00:00\",\"dateModified\":\"2023-01-31T09:25:17+00:00\",\"breadcrumb\":{\"@id\":\"https:\/\/luggagehero.com\/it\/barcelona\/la-sagrada-familia\/#breadcrumb\"},\"inLanguage\":\"it-IT\",\"potentialAction\":[{\"@type\":\"ReadAction\",\"target\":[\"https:\/\/luggagehero.com\/it\/barcelona\/la-sagrada-familia\/\"]}]},{\"@type\":\"ImageObject\",\"inLanguage\":\"it-IT\",\"@id\":\"https:\/\/luggagehero.com\/it\/barcelona\/la-sagrada-familia\/#primaryimage\",\"url\":\"https:\/\/luggagehero.com\/wp-content\/uploads\/2021\/10\/Sagrada-Familia.jpg\",\"contentUrl\":\"https:\/\/luggagehero.com\/wp-content\/uploads\/2021\/10\/Sagrada-Familia.jpg\",\"width\":490,\"height\":373},{\"@type\":\"BreadcrumbList\",\"@id\":\"https:\/\/luggagehero.com\/it\/barcelona\/la-sagrada-familia\/#breadcrumb\",\"itemListElement\":[{\"@type\":\"ListItem\",\"position\":1,\"name\":\"Home\",\"item\":\"https:\/\/luggagehero.com\/it\/\"},{\"@type\":\"ListItem\",\"position\":2,\"name\":\"Barcelona\",\"item\":\"https:\/\/luggagehero.com\/it\/barcelona\/\"},{\"@type\":\"ListItem\",\"position\":3,\"name\":\"Sagrada Fam\u00edlia\"}]},{\"@type\":\"WebSite\",\"@id\":\"https:\/\/luggagehero.com\/it\/#website\",\"url\":\"https:\/\/luggagehero.com\/it\/\",\"name\":\"LuggageHero\",\"description\":\"Free yourself from luggage\",\"publisher\":{\"@id\":\"https:\/\/luggagehero.com\/it\/#organization\"},\"potentialAction\":[{\"@type\":\"SearchAction\",\"target\":{\"@type\":\"EntryPoint\",\"urlTemplate\":\"https:\/\/luggagehero.com\/it\/?s={search_term_string}\"},\"query-input\":{\"@type\":\"PropertyValueSpecification\",\"valueRequired\":true,\"valueName\":\"search_term_string\"}}],\"inLanguage\":\"it-IT\"},{\"@type\":\"Organization\",\"@id\":\"https:\/\/luggagehero.com\/it\/#organization\",\"name\":\"LuggageHero\",\"url\":\"https:\/\/luggagehero.com\/it\/\",\"logo\":{\"@type\":\"ImageObject\",\"inLanguage\":\"it-IT\",\"@id\":\"https:\/\/luggagehero.com\/it\/#\/schema\/logo\/image\/\",\"url\":\"https:\/\/luggagehero.com\/wp-content\/uploads\/2017\/04\/luggagehero_LOGO-RGB_kort_POS_200x200.png\",\"contentUrl\":\"https:\/\/luggagehero.com\/wp-content\/uploads\/2017\/04\/luggagehero_LOGO-RGB_kort_POS_200x200.png\",\"width\":200,\"height\":200,\"caption\":\"LuggageHero\"},\"image\":{\"@id\":\"https:\/\/luggagehero.com\/it\/#\/schema\/logo\/image\/\"},\"sameAs\":[\"https:\/\/www.facebook.com\/luggagehero\",\"https:\/\/x.com\/luggagehero\",\"https:\/\/www.instagram.com\/luggagehero\",\"https:\/\/www.linkedin.com\/company\/luggagehero\/\"]}]}<\/script>\n<!-- \/ Yoast SEO Premium plugin. -->","yoast_head_json":{"title":"Sagrada Fam\u00edlia - LuggageHero","robots":{"index":"index","follow":"follow","max-snippet":"max-snippet:-1","max-image-preview":"max-image-preview:large","max-video-preview":"max-video-preview:-1"},"canonical":"https:\/\/luggagehero.com\/it\/barcelona\/la-sagrada-familia\/","og_locale":"it_IT","og_type":"article","og_title":"Sagrada Fam\u00edlia","og_description":"&nbsp; La Sagrada Familia The Bas\u00edlica temple Expiatori de la Sagrada Fam\u00edlia is a large Roman Catholic church designed by Antoni Gaud\u00ed. The Basilica has been under construction since 1882 and it&#8217;s not expected to be completed for some time yet. The site attracts millions of\u00a0visitors each year and La Sagrada Familia is either explored [&hellip;]","og_url":"https:\/\/luggagehero.com\/it\/barcelona\/la-sagrada-familia\/","og_site_name":"LuggageHero","article_publisher":"https:\/\/www.facebook.com\/luggagehero","article_modified_time":"2023-01-31T09:25:17+00:00","og_image":[{"width":490,"height":373,"url":"https:\/\/luggagehero.com\/wp-content\/uploads\/2021\/10\/Sagrada-Familia.jpg","type":"image\/jpeg"}],"twitter_card":"summary_large_image","twitter_site":"@luggagehero","twitter_misc":{"Est. reading time":"1 minute"},"schema":{"@context":"https:\/\/schema.org","@graph":[{"@type":"WebPage","@id":"https:\/\/luggagehero.com\/it\/barcelona\/la-sagrada-familia\/","url":"https:\/\/luggagehero.com\/it\/barcelona\/la-sagrada-familia\/","name":"Sagrada Fam\u00edlia - LuggageHero","isPartOf":{"@id":"https:\/\/luggagehero.com\/it\/#website"},"primaryImageOfPage":{"@id":"https:\/\/luggagehero.com\/it\/barcelona\/la-sagrada-familia\/#primaryimage"},"image":{"@id":"https:\/\/luggagehero.com\/it\/barcelona\/la-sagrada-familia\/#primaryimage"},"thumbnailUrl":"https:\/\/luggagehero.com\/wp-content\/uploads\/2021\/10\/Sagrada-Familia.jpg","datePublished":"2022-04-27T11:07:18+00:00","dateModified":"2023-01-31T09:25:17+00:00","breadcrumb":{"@id":"https:\/\/luggagehero.com\/it\/barcelona\/la-sagrada-familia\/#breadcrumb"},"inLanguage":"it-IT","potentialAction":[{"@type":"ReadAction","target":["https:\/\/luggagehero.com\/it\/barcelona\/la-sagrada-familia\/"]}]},{"@type":"ImageObject","inLanguage":"it-IT","@id":"https:\/\/luggagehero.com\/it\/barcelona\/la-sagrada-familia\/#primaryimage","url":"https:\/\/luggagehero.com\/wp-content\/uploads\/2021\/10\/Sagrada-Familia.jpg","contentUrl":"https:\/\/luggagehero.com\/wp-content\/uploads\/2021\/10\/Sagrada-Familia.jpg","width":490,"height":373},{"@type":"BreadcrumbList","@id":"https:\/\/luggagehero.com\/it\/barcelona\/la-sagrada-familia\/#breadcrumb","itemListElement":[{"@type":"ListItem","position":1,"name":"Home","item":"https:\/\/luggagehero.com\/it\/"},{"@type":"ListItem","position":2,"name":"Barcelona","item":"https:\/\/luggagehero.com\/it\/barcelona\/"},{"@type":"ListItem","position":3,"name":"Sagrada Fam\u00edlia"}]},{"@type":"WebSite","@id":"https:\/\/luggagehero.com\/it\/#website","url":"https:\/\/luggagehero.com\/it\/","name":"LuggageHero","description":"Free yourself from luggage","publisher":{"@id":"https:\/\/luggagehero.com\/it\/#organization"},"potentialAction":[{"@type":"SearchAction","target":{"@type":"EntryPoint","urlTemplate":"https:\/\/luggagehero.com\/it\/?s={search_term_string}"},"query-input":{"@type":"PropertyValueSpecification","valueRequired":true,"valueName":"search_term_string"}}],"inLanguage":"it-IT"},{"@type":"Organization","@id":"https:\/\/luggagehero.com\/it\/#organization","name":"LuggageHero","url":"https:\/\/luggagehero.com\/it\/","logo":{"@type":"ImageObject","inLanguage":"it-IT","@id":"https:\/\/luggagehero.com\/it\/#\/schema\/logo\/image\/","url":"https:\/\/luggagehero.com\/wp-content\/uploads\/2017\/04\/luggagehero_LOGO-RGB_kort_POS_200x200.png","contentUrl":"https:\/\/luggagehero.com\/wp-content\/uploads\/2017\/04\/luggagehero_LOGO-RGB_kort_POS_200x200.png","width":200,"height":200,"caption":"LuggageHero"},"image":{"@id":"https:\/\/luggagehero.com\/it\/#\/schema\/logo\/image\/"},"sameAs":["https:\/\/www.facebook.com\/luggagehero","https:\/\/x.com\/luggagehero","https:\/\/www.instagram.com\/luggagehero","https:\/\/www.linkedin.com\/company\/luggagehero\/"]}]}},"place_id":"","place_latitude_longitude":"41.4045,2.1746","place_name":"Sagrada Fam\u00edlia","criteria_title":"","criteria_description":"","meta_title":"","meta_description":"","children_criteria_title":"","children_criteria_description":"","children_meta_title":"","children_meta_description":"","_edit_last":"46","use_global_content":"","poi_type":"PublicTransit","content_raw":"<img class=\"size-large wp-image-5427 aligncenter\" src=\"https:\/\/luggagehero.com\/wp-content\/uploads\/2019\/03\/shutterstock_395162041-800x534.jpg\" alt=\"Store your luggage before spending your day at La Sagrada familia\" width=\"800\" height=\"534\" \/>\r\n\r\n&nbsp;\r\n<h2 style=\"text-align: center;\">La Sagrada Familia<\/h2>\r\nThe Bas\u00edlica temple Expiatori de la Sagrada Fam\u00edlia is a large Roman Catholic church designed by Antoni Gaud\u00ed. The Basilica has been under construction since 1882 and it's not expected to be completed for some time yet.\r\n\r\nThe site attracts millions of\u00a0visitors each year and La Sagrada Familia is either explored through guided tours or admired from the outside. If you want to go inside, please be advised that visitors will have their bags, rucksacks, luggage, and personal items checked. There are no self-service left lockers around the area or a cloakroom.\r\n\r\nYou can leave your luggage and bags with one of LuggaeHero's certified shops just around the corner or anywhere in <a href=\"https:\/\/luggagehero.com\/barcelona\/eixample\/\">Eixample<\/a> and have the freedom to truly explore this architectural masterpiece","_links":{"self":[{"href":"https:\/\/luggagehero.com\/it\/wp-json\/wp\/v2\/pages\/5378","targetHints":{"allow":["GET"]}}],"collection":[{"href":"https:\/\/luggagehero.com\/it\/wp-json\/wp\/v2\/pages"}],"about":[{"href":"https:\/\/luggagehero.com\/it\/wp-json\/wp\/v2\/types\/page"}],"author":[{"embeddable":true,"href":"https:\/\/luggagehero.com\/it\/wp-json\/wp\/v2\/users\/9"}],"replies":[{"embeddable":true,"href":"https:\/\/luggagehero.com\/it\/wp-json\/wp\/v2\/comments?post=5378"}],"version-history":[{"count":0,"href":"https:\/\/luggagehero.com\/it\/wp-json\/wp\/v2\/pages\/5378\/revisions"}],"up":[{"embeddable":true,"href":"https:\/\/luggagehero.com\/it\/wp-json\/wp\/v2\/pages\/5142"}],"wp:featuredmedia":[{"embeddable":true,"href":"https:\/\/luggagehero.com\/it\/wp-json\/wp\/v2\/media\/39235"}],"wp:attachment":[{"href":"https:\/\/luggagehero.com\/it\/wp-json\/wp\/v2\/media?parent=5378"}],"curies":[{"name":"wp","href":"https:\/\/api.w.org\/{rel}","templated":true}]}}