{"id":5905,"date":"2019-04-23T20:06:37","date_gmt":"2019-04-23T20:06:37","guid":{"rendered":"https:\/\/luggagehero.com\/?page_id=5905"},"modified":"2023-09-04T08:34:13","modified_gmt":"2023-09-04T08:34:13","slug":"champ-de-mars","status":"publish","type":"page","link":"https:\/\/luggagehero.com\/it\/montreal\/champ-de-mars\/","title":{"rendered":"Champ-de-mars"},"content":{"rendered":"<p>Are you looking for luggage storage near Champ-de-mars, <a href=\"https:\/\/luggagehero.com\/montreal\/\">Montreal<\/a> metro station? You can store your bags with one of our luggage storage locations nearby, and explore <a href=\"https:\/\/luggagehero.com\/montreal\/\">Montreal<\/a> hassle-free.<\/p>\n<p>LuggageHero storage sites are\u00a0<a href=\"https:\/\/luggagehero.com\/about\/certified-shops\/\">certified<\/a>\u00a0hotels, cafes, and shops. Advance bookings ensure space for your bags. The address and directions to our partner shops are available at the time of booking.\u00a0All bags are sealed off with our\u00a0<a href=\"https:\/\/luggagehero.com\/about\/security-seal\/\">security seals<\/a> ensuring each piece of luggage up to once you have dropped off your bags and started our storage timer on your booking page.<\/p>\n<p>&nbsp;<\/p>\n<p><img loading=\"lazy\" decoding=\"async\" class=\"aligncenter wp-image-5940 size-large\" src=\"https:\/\/luggagehero.com\/wp-content\/uploads\/2019\/04\/shutterstock_1271541013-800x534.jpg\" sizes=\"auto, (max-width: 800px) 100vw, 800px\" srcset=\"https:\/\/luggagehero.com\/wp-content\/uploads\/2019\/04\/shutterstock_1271541013-800x534.jpg 800w, https:\/\/luggagehero.com\/wp-content\/uploads\/2019\/04\/shutterstock_1271541013-300x200.jpg 300w, https:\/\/luggagehero.com\/wp-content\/uploads\/2019\/04\/shutterstock_1271541013-600x400.jpg 600w, https:\/\/luggagehero.com\/wp-content\/uploads\/2019\/04\/shutterstock_1271541013.jpg 1000w\" alt=\"\" width=\"800\" height=\"534\" \/><\/p>\n<p>&nbsp;<\/p>\n<h2 style=\"text-align: center;\">Champ-de-Mars<\/h2>\n<p>Champ-de-Mars station is a Montreal Metro station in the borough of Ville-Marie in <a href=\"https:\/\/luggagehero.com\/montreal\/\">Montreal<\/a>, Quebec. It is operated by the Soci\u00e9t\u00e9 de transport de Montr\u00e9al (STM) and serves the Orange Line. Being located in Old Montreal by the Champ de Mars park, staying there in between your trips will definitely be a great opportunity to take on Old Montreal guided walking tour, visit a City Hall and Edifice Lucien-Saulnier, where there are remnants of the old city wall.<\/p>\n<p>Champ de Mars park is a beautiful green space on the edge of <a href=\"https:\/\/luggagehero.com\/montreal\/old-montreal\/\">Old Montreal<\/a>, is also a great place to see. Drop off your luggage risk-free and at a very affordable price at one of our <a href=\"https:\/\/luggagehero.com\/about\/certified-shops\/\">certified<\/a> locations in the area.<\/p>\n","protected":false},"excerpt":{"rendered":"<p>Are you looking for luggage storage near Champ-de-mars, Montreal metro station? You can store your bags with one of our luggage storage locations nearby, and explore Montreal hassle-free. LuggageHero storage sites are\u00a0certified\u00a0hotels, cafes, and shops. Advance bookings ensure space for your bags. The address and directions to our partner shops are available at the time [&hellip;]<\/p>\n","protected":false},"author":9,"featured_media":0,"parent":5895,"menu_order":0,"comment_status":"closed","ping_status":"closed","template":"template-location.php","meta":{"_acf_changed":false,"footnotes":""},"class_list":["post-5905","page","type-page","status-publish","hentry"],"acf":[],"yoast_head":"<!-- This site is optimized with the Yoast SEO Premium plugin v27.0 (Yoast SEO v27.0) - https:\/\/yoast.com\/product\/yoast-seo-premium-wordpress\/ -->\n<title>Champ-de-mars - LuggageHero<\/title>\n<meta name=\"robots\" content=\"index, follow, max-snippet:-1, max-image-preview:large, max-video-preview:-1\" \/>\n<link rel=\"canonical\" href=\"https:\/\/luggagehero.com\/it\/montreal\/champ-de-mars\/\" \/>\n<meta property=\"og:locale\" content=\"it_IT\" \/>\n<meta property=\"og:type\" content=\"article\" \/>\n<meta property=\"og:title\" content=\"Champ-de-mars\" \/>\n<meta property=\"og:description\" content=\"Are you looking for luggage storage near Champ-de-mars, Montreal metro station? You can store your bags with one of our luggage storage locations nearby, and explore Montreal hassle-free. LuggageHero storage sites are\u00a0certified\u00a0hotels, cafes, and shops. Advance bookings ensure space for your bags. The address and directions to our partner shops are available at the time [&hellip;]\" \/>\n<meta property=\"og:url\" content=\"https:\/\/luggagehero.com\/it\/montreal\/champ-de-mars\/\" \/>\n<meta property=\"og:site_name\" content=\"LuggageHero\" \/>\n<meta property=\"article:publisher\" content=\"https:\/\/www.facebook.com\/luggagehero\" \/>\n<meta property=\"article:modified_time\" content=\"2023-09-04T08:34:13+00:00\" \/>\n<meta property=\"og:image\" content=\"https:\/\/luggagehero.com\/wp-content\/uploads\/2019\/04\/shutterstock_1271541013-800x534.jpg\" \/>\n<meta name=\"twitter:card\" content=\"summary_large_image\" \/>\n<meta name=\"twitter:site\" content=\"@luggagehero\" \/>\n<meta name=\"twitter:label1\" content=\"Est. reading time\" \/>\n\t<meta name=\"twitter:data1\" content=\"2 minutes\" \/>\n<script type=\"application\/ld+json\" class=\"yoast-schema-graph\">{\"@context\":\"https:\/\/schema.org\",\"@graph\":[{\"@type\":\"WebPage\",\"@id\":\"https:\/\/luggagehero.com\/it\/montreal\/champ-de-mars\/\",\"url\":\"https:\/\/luggagehero.com\/it\/montreal\/champ-de-mars\/\",\"name\":\"Champ-de-mars - LuggageHero\",\"isPartOf\":{\"@id\":\"https:\/\/luggagehero.com\/it\/#website\"},\"primaryImageOfPage\":{\"@id\":\"https:\/\/luggagehero.com\/it\/montreal\/champ-de-mars\/#primaryimage\"},\"image\":{\"@id\":\"https:\/\/luggagehero.com\/it\/montreal\/champ-de-mars\/#primaryimage\"},\"thumbnailUrl\":\"https:\/\/luggagehero.com\/wp-content\/uploads\/2019\/04\/shutterstock_1271541013-800x534.jpg\",\"datePublished\":\"2019-04-23T20:06:37+00:00\",\"dateModified\":\"2023-09-04T08:34:13+00:00\",\"breadcrumb\":{\"@id\":\"https:\/\/luggagehero.com\/it\/montreal\/champ-de-mars\/#breadcrumb\"},\"inLanguage\":\"it-IT\",\"potentialAction\":[{\"@type\":\"ReadAction\",\"target\":[\"https:\/\/luggagehero.com\/it\/montreal\/champ-de-mars\/\"]}]},{\"@type\":\"ImageObject\",\"inLanguage\":\"it-IT\",\"@id\":\"https:\/\/luggagehero.com\/it\/montreal\/champ-de-mars\/#primaryimage\",\"url\":\"https:\/\/luggagehero.com\/wp-content\/uploads\/2019\/04\/shutterstock_1271541013-800x534.jpg\",\"contentUrl\":\"https:\/\/luggagehero.com\/wp-content\/uploads\/2019\/04\/shutterstock_1271541013-800x534.jpg\"},{\"@type\":\"BreadcrumbList\",\"@id\":\"https:\/\/luggagehero.com\/it\/montreal\/champ-de-mars\/#breadcrumb\",\"itemListElement\":[{\"@type\":\"ListItem\",\"position\":1,\"name\":\"Home\",\"item\":\"https:\/\/luggagehero.com\/it\/\"},{\"@type\":\"ListItem\",\"position\":2,\"name\":\"Montreal\",\"item\":\"https:\/\/luggagehero.com\/it\/montreal\/\"},{\"@type\":\"ListItem\",\"position\":3,\"name\":\"Champ-de-mars\"}]},{\"@type\":\"WebSite\",\"@id\":\"https:\/\/luggagehero.com\/it\/#website\",\"url\":\"https:\/\/luggagehero.com\/it\/\",\"name\":\"LuggageHero\",\"description\":\"Free yourself from luggage\",\"publisher\":{\"@id\":\"https:\/\/luggagehero.com\/it\/#organization\"},\"potentialAction\":[{\"@type\":\"SearchAction\",\"target\":{\"@type\":\"EntryPoint\",\"urlTemplate\":\"https:\/\/luggagehero.com\/it\/?s={search_term_string}\"},\"query-input\":{\"@type\":\"PropertyValueSpecification\",\"valueRequired\":true,\"valueName\":\"search_term_string\"}}],\"inLanguage\":\"it-IT\"},{\"@type\":\"Organization\",\"@id\":\"https:\/\/luggagehero.com\/it\/#organization\",\"name\":\"LuggageHero\",\"url\":\"https:\/\/luggagehero.com\/it\/\",\"logo\":{\"@type\":\"ImageObject\",\"inLanguage\":\"it-IT\",\"@id\":\"https:\/\/luggagehero.com\/it\/#\/schema\/logo\/image\/\",\"url\":\"https:\/\/luggagehero.com\/wp-content\/uploads\/2017\/04\/luggagehero_LOGO-RGB_kort_POS_200x200.png\",\"contentUrl\":\"https:\/\/luggagehero.com\/wp-content\/uploads\/2017\/04\/luggagehero_LOGO-RGB_kort_POS_200x200.png\",\"width\":200,\"height\":200,\"caption\":\"LuggageHero\"},\"image\":{\"@id\":\"https:\/\/luggagehero.com\/it\/#\/schema\/logo\/image\/\"},\"sameAs\":[\"https:\/\/www.facebook.com\/luggagehero\",\"https:\/\/x.com\/luggagehero\",\"https:\/\/www.instagram.com\/luggagehero\",\"https:\/\/www.linkedin.com\/company\/luggagehero\/\"]}]}<\/script>\n<!-- \/ Yoast SEO Premium plugin. -->","yoast_head_json":{"title":"Champ-de-mars - LuggageHero","robots":{"index":"index","follow":"follow","max-snippet":"max-snippet:-1","max-image-preview":"max-image-preview:large","max-video-preview":"max-video-preview:-1"},"canonical":"https:\/\/luggagehero.com\/it\/montreal\/champ-de-mars\/","og_locale":"it_IT","og_type":"article","og_title":"Champ-de-mars","og_description":"Are you looking for luggage storage near Champ-de-mars, Montreal metro station? You can store your bags with one of our luggage storage locations nearby, and explore Montreal hassle-free. LuggageHero storage sites are\u00a0certified\u00a0hotels, cafes, and shops. Advance bookings ensure space for your bags. The address and directions to our partner shops are available at the time [&hellip;]","og_url":"https:\/\/luggagehero.com\/it\/montreal\/champ-de-mars\/","og_site_name":"LuggageHero","article_publisher":"https:\/\/www.facebook.com\/luggagehero","article_modified_time":"2023-09-04T08:34:13+00:00","og_image":[{"url":"https:\/\/luggagehero.com\/wp-content\/uploads\/2019\/04\/shutterstock_1271541013-800x534.jpg","type":"","width":"","height":""}],"twitter_card":"summary_large_image","twitter_site":"@luggagehero","twitter_misc":{"Est. reading time":"2 minutes"},"schema":{"@context":"https:\/\/schema.org","@graph":[{"@type":"WebPage","@id":"https:\/\/luggagehero.com\/it\/montreal\/champ-de-mars\/","url":"https:\/\/luggagehero.com\/it\/montreal\/champ-de-mars\/","name":"Champ-de-mars - LuggageHero","isPartOf":{"@id":"https:\/\/luggagehero.com\/it\/#website"},"primaryImageOfPage":{"@id":"https:\/\/luggagehero.com\/it\/montreal\/champ-de-mars\/#primaryimage"},"image":{"@id":"https:\/\/luggagehero.com\/it\/montreal\/champ-de-mars\/#primaryimage"},"thumbnailUrl":"https:\/\/luggagehero.com\/wp-content\/uploads\/2019\/04\/shutterstock_1271541013-800x534.jpg","datePublished":"2019-04-23T20:06:37+00:00","dateModified":"2023-09-04T08:34:13+00:00","breadcrumb":{"@id":"https:\/\/luggagehero.com\/it\/montreal\/champ-de-mars\/#breadcrumb"},"inLanguage":"it-IT","potentialAction":[{"@type":"ReadAction","target":["https:\/\/luggagehero.com\/it\/montreal\/champ-de-mars\/"]}]},{"@type":"ImageObject","inLanguage":"it-IT","@id":"https:\/\/luggagehero.com\/it\/montreal\/champ-de-mars\/#primaryimage","url":"https:\/\/luggagehero.com\/wp-content\/uploads\/2019\/04\/shutterstock_1271541013-800x534.jpg","contentUrl":"https:\/\/luggagehero.com\/wp-content\/uploads\/2019\/04\/shutterstock_1271541013-800x534.jpg"},{"@type":"BreadcrumbList","@id":"https:\/\/luggagehero.com\/it\/montreal\/champ-de-mars\/#breadcrumb","itemListElement":[{"@type":"ListItem","position":1,"name":"Home","item":"https:\/\/luggagehero.com\/it\/"},{"@type":"ListItem","position":2,"name":"Montreal","item":"https:\/\/luggagehero.com\/it\/montreal\/"},{"@type":"ListItem","position":3,"name":"Champ-de-mars"}]},{"@type":"WebSite","@id":"https:\/\/luggagehero.com\/it\/#website","url":"https:\/\/luggagehero.com\/it\/","name":"LuggageHero","description":"Free yourself from luggage","publisher":{"@id":"https:\/\/luggagehero.com\/it\/#organization"},"potentialAction":[{"@type":"SearchAction","target":{"@type":"EntryPoint","urlTemplate":"https:\/\/luggagehero.com\/it\/?s={search_term_string}"},"query-input":{"@type":"PropertyValueSpecification","valueRequired":true,"valueName":"search_term_string"}}],"inLanguage":"it-IT"},{"@type":"Organization","@id":"https:\/\/luggagehero.com\/it\/#organization","name":"LuggageHero","url":"https:\/\/luggagehero.com\/it\/","logo":{"@type":"ImageObject","inLanguage":"it-IT","@id":"https:\/\/luggagehero.com\/it\/#\/schema\/logo\/image\/","url":"https:\/\/luggagehero.com\/wp-content\/uploads\/2017\/04\/luggagehero_LOGO-RGB_kort_POS_200x200.png","contentUrl":"https:\/\/luggagehero.com\/wp-content\/uploads\/2017\/04\/luggagehero_LOGO-RGB_kort_POS_200x200.png","width":200,"height":200,"caption":"LuggageHero"},"image":{"@id":"https:\/\/luggagehero.com\/it\/#\/schema\/logo\/image\/"},"sameAs":["https:\/\/www.facebook.com\/luggagehero","https:\/\/x.com\/luggagehero","https:\/\/www.instagram.com\/luggagehero","https:\/\/www.linkedin.com\/company\/luggagehero\/"]}]}},"place_id":"","place_latitude_longitude":"45.51020030550709, -73.55661020430226","place_name":"Champ-de-mars","criteria_title":"","criteria_description":"","meta_title":"","meta_description":"","children_criteria_title":"","children_criteria_description":"","children_meta_title":"","children_meta_description":"","_edit_last":"9","use_global_content":"","poi_type":"PublicTransit","content_raw":"Are you looking for luggage storage near Champ-de-mars, <a href=\"https:\/\/luggagehero.com\/montreal\/\">Montreal<\/a> metro station? You can store your bags with one of our luggage storage locations nearby, and explore <a href=\"https:\/\/luggagehero.com\/montreal\/\">Montreal<\/a> hassle-free.\r\n\r\nLuggageHero storage sites are\u00a0<a href=\"https:\/\/luggagehero.com\/about\/certified-shops\/\">certified<\/a>\u00a0hotels, cafes, and shops. Advance bookings ensure space for your bags. The address and directions to our partner shops are available at the time of booking.\u00a0All bags are sealed off with our\u00a0<a href=\"https:\/\/luggagehero.com\/about\/security-seal\/\">security seals<\/a> ensuring each piece of luggage up to once you have dropped off your bags and started our storage timer on your booking page.\r\n\r\n&nbsp;\r\n\r\n<img class=\"aligncenter wp-image-5940 size-large\" src=\"https:\/\/luggagehero.com\/wp-content\/uploads\/2019\/04\/shutterstock_1271541013-800x534.jpg\" sizes=\"(max-width: 800px) 100vw, 800px\" srcset=\"https:\/\/luggagehero.com\/wp-content\/uploads\/2019\/04\/shutterstock_1271541013-800x534.jpg 800w, https:\/\/luggagehero.com\/wp-content\/uploads\/2019\/04\/shutterstock_1271541013-300x200.jpg 300w, https:\/\/luggagehero.com\/wp-content\/uploads\/2019\/04\/shutterstock_1271541013-600x400.jpg 600w, https:\/\/luggagehero.com\/wp-content\/uploads\/2019\/04\/shutterstock_1271541013.jpg 1000w\" alt=\"\" width=\"800\" height=\"534\" \/>\r\n\r\n&nbsp;\r\n<h2 style=\"text-align: center;\">Champ-de-Mars<\/h2>\r\nChamp-de-Mars station is a Montreal Metro station in the borough of Ville-Marie in <a href=\"https:\/\/luggagehero.com\/montreal\/\">Montreal<\/a>, Quebec. It is operated by the Soci\u00e9t\u00e9 de transport de Montr\u00e9al (STM) and serves the Orange Line. Being located in Old Montreal by the Champ de Mars park, staying there in between your trips will definitely be a great opportunity to take on Old Montreal guided walking tour, visit a City Hall and Edifice Lucien-Saulnier, where there are remnants of the old city wall.\r\n\r\nChamp de Mars park is a beautiful green space on the edge of <a href=\"https:\/\/luggagehero.com\/montreal\/old-montreal\/\">Old Montreal<\/a>, is also a great place to see. Drop off your luggage risk-free and at a very affordable price at one of our <a href=\"https:\/\/luggagehero.com\/about\/certified-shops\/\">certified<\/a> locations in the area.","_links":{"self":[{"href":"https:\/\/luggagehero.com\/it\/wp-json\/wp\/v2\/pages\/5905","targetHints":{"allow":["GET"]}}],"collection":[{"href":"https:\/\/luggagehero.com\/it\/wp-json\/wp\/v2\/pages"}],"about":[{"href":"https:\/\/luggagehero.com\/it\/wp-json\/wp\/v2\/types\/page"}],"author":[{"embeddable":true,"href":"https:\/\/luggagehero.com\/it\/wp-json\/wp\/v2\/users\/9"}],"replies":[{"embeddable":true,"href":"https:\/\/luggagehero.com\/it\/wp-json\/wp\/v2\/comments?post=5905"}],"version-history":[{"count":0,"href":"https:\/\/luggagehero.com\/it\/wp-json\/wp\/v2\/pages\/5905\/revisions"}],"up":[{"embeddable":true,"href":"https:\/\/luggagehero.com\/it\/wp-json\/wp\/v2\/pages\/5895"}],"wp:attachment":[{"href":"https:\/\/luggagehero.com\/it\/wp-json\/wp\/v2\/media?parent=5905"}],"curies":[{"name":"wp","href":"https:\/\/api.w.org\/{rel}","templated":true}]}}