{"id":6560,"date":"2019-04-22T18:53:25","date_gmt":"2019-04-22T18:53:25","guid":{"rendered":"https:\/\/luggagehero.com\/codice-promozionale\/"},"modified":"2023-12-21T10:04:16","modified_gmt":"2023-12-21T10:04:16","slug":"codice-promozionale","status":"publish","type":"page","link":"https:\/\/luggagehero.com\/it\/codice-promozionale\/","title":{"rendered":"Codice promozionale"},"content":{"rendered":"<h1 style=\"text-align: center;\"><strong>Campagna promozionale: Il tuo buono sconto per il deposito bagagli<\/strong><\/h1>\n<p>&nbsp;<\/p>\n<p><img loading=\"lazy\" decoding=\"async\" class=\"wp-image-1716 aligncenter\" src=\"https:\/\/luggagehero.com\/wp-content\/uploads\/2017\/11\/luggagehero_LOGO-V2-RGB_kort_POS-720x475.png\" alt=\"\" width=\"277\" height=\"183\" \/><\/p>\n<p>LuggageHero \u00e8 la soluzione che stavi cercando, grazie al nostro circuito di depositi bagagli sempre in crescita a <a href=\"https:\/\/luggagehero.com\/newyork\/\">New York<\/a>, <a href=\"https:\/\/luggagehero.com\/london\/\">Londra<\/a>, <a href=\"https:\/\/luggagehero.com\/barcelona\/\">Barcellona<\/a>, <a href=\"https:\/\/luggagehero.com\/madrid\/\">Madrid<\/a>, <a href=\"https:\/\/luggagehero.com\/lisbon\/\">Lisbona<\/a>, <a href=\"https:\/\/luggagehero.com\/rome\/\">Roma<\/a>, <a href=\"https:\/\/luggagehero.com\/boston\/\">Boston<\/a>, <a href=\"https:\/\/luggagehero.com\/montreal\/\">Montreal<\/a>, <a href=\"https:\/\/luggagehero.com\/copenhagen\/\">Copenaghen<\/a> e molti altri disponibili a breve.<\/p>\n<p>Vogliamo quindi premiare i nostri primi clienti con questo buono sconto:<\/p>\n<h4 style=\"text-align: center;\">UTILIZZA QUESTO CODICE PER USUFRUIRE DI 1 ORA DI DEPOSITO BAGAGLI GRATUITO:<\/h4>\n<h3 style=\"text-align: center;\"><span style=\"text-decoration: underline;\">MYSUPERHERO<\/span><\/h3>\n<p>Questo buono sconto pu\u00f2 essere utilizzato solamente una volta.<\/p>\n<h4>Come utilizzare il tuo buono sconto:<\/h4>\n<ol>\n<li>Prenota il tuo LuggageHero in zona a <a href=\"https:\/\/luggagehero.com\/london\/\">Londra<\/a>, <a href=\"https:\/\/luggagehero.com\/newyork\/\">New York<\/a>, <a href=\"https:\/\/luggagehero.com\/madrid\/\">Madrid<\/a>, <a href=\"https:\/\/luggagehero.com\/barcelona\/\">Barcellona<\/a>, <a href=\"https:\/\/luggagehero.com\/lisbon\/\">Lisbona<\/a>, <a href=\"https:\/\/luggagehero.com\/rome\/\">Roma<\/a>, <a href=\"https:\/\/luggagehero.com\/montreal\/\">Montreal<\/a>, Boston o <a href=\"https:\/\/luggagehero.com\/copenhagen\/\">Copenaghen<\/a>\u00a0cliccando sul nome della citt\u00e0<\/li>\n<li>Premi Cerca e scegli il tuo LuggageHero preferito.<\/li>\n<li>Le indicazioni stradali ti verranno inviate via email e SMS se hai scelto questa opzione.<\/li>\n<li>Aggiungi le informazioni relative al pagamento e utilizza il tuo buono sconto come indicato sotto.<\/li>\n<li>Avvia il timer del deposito quando arrivi<\/li>\n<li>Interrompi il timer del deposito e verr\u00e0 avviata l\u2019operazione di pagamento.<\/li>\n<\/ol>\n<p>&nbsp;<\/p>\n<p><img loading=\"lazy\" decoding=\"async\" class=\"wp-image-3454 aligncenter\" src=\"https:\/\/luggagehero.com\/wp-content\/uploads\/2018\/08\/Submit-Discount-voucher-720x573.png\" alt=\"Utilizza il buono sconto\" width=\"499\" height=\"397\" \/><\/p>\n<p>&nbsp;<\/p>\n<p>Ricordati che LuggageHero \u00e8 l\u2019unica piattaforma di deposito bagagli a offrirti una prenotazione senza rischi al 100%. Non ti verr\u00e0 addebitata NESSUNA SPESA fino a quando non consegnerai il tuo bagaglio. Non devi nemmeno cancellare la tua prenotazione (se lo fai \u00e8 cosa gradita, ma non \u00e8 obbligatorio). Questo \u00e8 il nostro modo di premiare ogni viaggiatore, perch\u00e9 sappiamo bene come i piani di viaggio possano cambiare all&#8217;ultimo minuto.<\/p>\n<h2>Scegli la citt\u00e0 dove utilizzare il tuo buono sconto:<\/h2>\n<ol>\n<li><a href=\"https:\/\/luggagehero.com\/london\/\">Londra<\/a>,<\/li>\n<li><a href=\"https:\/\/luggagehero.com\/newyork\/\">New York<\/a><\/li>\n<li><a href=\"https:\/\/luggagehero.com\/copenhagen\/\">Copenaghen<\/a><\/li>\n<li><a href=\"https:\/\/luggagehero.com\/barcelona\/\">Barcellona<\/a><\/li>\n<li><a href=\"https:\/\/luggagehero.com\/madrid\/\">Madrid<\/a><\/li>\n<li><a href=\"https:\/\/luggagehero.com\/lisbon\/\">Lisbona<\/a><\/li>\n<li><a href=\"https:\/\/luggagehero.com\/rome\/\">Roma<\/a><\/li>\n<li><a href=\"https:\/\/luggagehero.com\/boston\/\">Boston<\/a><\/li>\n<li><a href=\"https:\/\/luggagehero.com\/montreal\/\">Montreal<\/a><\/li>\n<\/ol>\n","protected":false},"excerpt":{"rendered":"<p>Campagna promozionale: Il tuo buono sconto per il deposito bagagli &nbsp; LuggageHero \u00e8 la soluzione che stavi cercando, grazie al nostro circuito di depositi bagagli sempre in crescita a New York, Londra, Barcellona, Madrid, Lisbona, Roma, Boston, Montreal, Copenaghen e molti altri disponibili a breve. Vogliamo quindi premiare i nostri primi clienti con questo buono [&hellip;]<\/p>\n","protected":false},"author":4,"featured_media":0,"parent":0,"menu_order":0,"comment_status":"closed","ping_status":"closed","template":"","meta":{"_acf_changed":false,"footnotes":""},"class_list":["post-6560","page","type-page","status-publish","hentry"],"acf":[],"yoast_head":"<!-- This site is optimized with the Yoast SEO Premium plugin v27.0 (Yoast SEO v27.0) - https:\/\/yoast.com\/product\/yoast-seo-premium-wordpress\/ -->\n<title>Codice promozionale - LuggageHero<\/title>\n<meta name=\"description\" content=\"Usufruisci di 1 ora di deposito bagagli gratuito qui. Coupon per deposito bagagli gratuito da LuggageHero. Deposito bagagli a tariffa oraria a Londra, New York e Copenaghen. Assicurazione gratuita inclusa\" \/>\n<meta name=\"robots\" content=\"index, follow, max-snippet:-1, max-image-preview:large, max-video-preview:-1\" \/>\n<link rel=\"canonical\" href=\"https:\/\/luggagehero.com\/it\/codice-promozionale\/\" \/>\n<meta property=\"og:locale\" content=\"it_IT\" \/>\n<meta property=\"og:type\" content=\"article\" \/>\n<meta property=\"og:title\" content=\"Codice promozionale\" \/>\n<meta property=\"og:description\" content=\"Usufruisci di 1 ora di deposito bagagli gratuito qui. Coupon per deposito bagagli gratuito da LuggageHero. Deposito bagagli a tariffa oraria a Londra, New York e Copenaghen. Assicurazione gratuita inclusa\" \/>\n<meta property=\"og:url\" content=\"https:\/\/luggagehero.com\/it\/codice-promozionale\/\" \/>\n<meta property=\"og:site_name\" content=\"LuggageHero\" \/>\n<meta property=\"article:publisher\" content=\"https:\/\/www.facebook.com\/luggagehero\" \/>\n<meta property=\"article:modified_time\" content=\"2023-12-21T10:04:16+00:00\" \/>\n<meta property=\"og:image\" content=\"https:\/\/luggagehero.com\/wp-content\/uploads\/2017\/11\/luggagehero_LOGO-V2-RGB_kort_POS-720x475.png\" \/>\n<meta name=\"twitter:card\" content=\"summary_large_image\" \/>\n<meta name=\"twitter:site\" content=\"@luggagehero\" \/>\n<meta name=\"twitter:label1\" content=\"Est. reading time\" \/>\n\t<meta name=\"twitter:data1\" content=\"2 minutes\" \/>\n<script type=\"application\/ld+json\" class=\"yoast-schema-graph\">{\"@context\":\"https:\/\/schema.org\",\"@graph\":[{\"@type\":\"WebPage\",\"@id\":\"https:\/\/luggagehero.com\/it\/codice-promozionale\/\",\"url\":\"https:\/\/luggagehero.com\/it\/codice-promozionale\/\",\"name\":\"Codice promozionale - LuggageHero\",\"isPartOf\":{\"@id\":\"https:\/\/luggagehero.com\/it\/#website\"},\"primaryImageOfPage\":{\"@id\":\"https:\/\/luggagehero.com\/it\/codice-promozionale\/#primaryimage\"},\"image\":{\"@id\":\"https:\/\/luggagehero.com\/it\/codice-promozionale\/#primaryimage\"},\"thumbnailUrl\":\"https:\/\/luggagehero.com\/wp-content\/uploads\/2017\/11\/luggagehero_LOGO-V2-RGB_kort_POS-720x475.png\",\"datePublished\":\"2019-04-22T18:53:25+00:00\",\"dateModified\":\"2023-12-21T10:04:16+00:00\",\"description\":\"Usufruisci di 1 ora di deposito bagagli gratuito qui. Coupon per deposito bagagli gratuito da LuggageHero. Deposito bagagli a tariffa oraria a Londra, New York e Copenaghen. Assicurazione gratuita inclusa\",\"breadcrumb\":{\"@id\":\"https:\/\/luggagehero.com\/it\/codice-promozionale\/#breadcrumb\"},\"inLanguage\":\"it-IT\",\"potentialAction\":[{\"@type\":\"ReadAction\",\"target\":[\"https:\/\/luggagehero.com\/it\/codice-promozionale\/\"]}]},{\"@type\":\"ImageObject\",\"inLanguage\":\"it-IT\",\"@id\":\"https:\/\/luggagehero.com\/it\/codice-promozionale\/#primaryimage\",\"url\":\"https:\/\/luggagehero.com\/wp-content\/uploads\/2017\/11\/luggagehero_LOGO-V2-RGB_kort_POS-720x475.png\",\"contentUrl\":\"https:\/\/luggagehero.com\/wp-content\/uploads\/2017\/11\/luggagehero_LOGO-V2-RGB_kort_POS-720x475.png\"},{\"@type\":\"BreadcrumbList\",\"@id\":\"https:\/\/luggagehero.com\/it\/codice-promozionale\/#breadcrumb\",\"itemListElement\":[{\"@type\":\"ListItem\",\"position\":1,\"name\":\"Home\",\"item\":\"https:\/\/luggagehero.com\/it\/\"},{\"@type\":\"ListItem\",\"position\":2,\"name\":\"Codice promozionale\"}]},{\"@type\":\"WebSite\",\"@id\":\"https:\/\/luggagehero.com\/it\/#website\",\"url\":\"https:\/\/luggagehero.com\/it\/\",\"name\":\"LuggageHero\",\"description\":\"Free yourself from luggage\",\"publisher\":{\"@id\":\"https:\/\/luggagehero.com\/it\/#organization\"},\"potentialAction\":[{\"@type\":\"SearchAction\",\"target\":{\"@type\":\"EntryPoint\",\"urlTemplate\":\"https:\/\/luggagehero.com\/it\/?s={search_term_string}\"},\"query-input\":{\"@type\":\"PropertyValueSpecification\",\"valueRequired\":true,\"valueName\":\"search_term_string\"}}],\"inLanguage\":\"it-IT\"},{\"@type\":\"Organization\",\"@id\":\"https:\/\/luggagehero.com\/it\/#organization\",\"name\":\"LuggageHero\",\"url\":\"https:\/\/luggagehero.com\/it\/\",\"logo\":{\"@type\":\"ImageObject\",\"inLanguage\":\"it-IT\",\"@id\":\"https:\/\/luggagehero.com\/it\/#\/schema\/logo\/image\/\",\"url\":\"https:\/\/luggagehero.com\/wp-content\/uploads\/2017\/04\/luggagehero_LOGO-RGB_kort_POS_200x200.png\",\"contentUrl\":\"https:\/\/luggagehero.com\/wp-content\/uploads\/2017\/04\/luggagehero_LOGO-RGB_kort_POS_200x200.png\",\"width\":200,\"height\":200,\"caption\":\"LuggageHero\"},\"image\":{\"@id\":\"https:\/\/luggagehero.com\/it\/#\/schema\/logo\/image\/\"},\"sameAs\":[\"https:\/\/www.facebook.com\/luggagehero\",\"https:\/\/x.com\/luggagehero\",\"https:\/\/www.instagram.com\/luggagehero\",\"https:\/\/www.linkedin.com\/company\/luggagehero\/\"]}]}<\/script>\n<!-- \/ Yoast SEO Premium plugin. -->","yoast_head_json":{"title":"Codice promozionale - LuggageHero","description":"Usufruisci di 1 ora di deposito bagagli gratuito qui. Coupon per deposito bagagli gratuito da LuggageHero. Deposito bagagli a tariffa oraria a Londra, New York e Copenaghen. Assicurazione gratuita inclusa","robots":{"index":"index","follow":"follow","max-snippet":"max-snippet:-1","max-image-preview":"max-image-preview:large","max-video-preview":"max-video-preview:-1"},"canonical":"https:\/\/luggagehero.com\/it\/codice-promozionale\/","og_locale":"it_IT","og_type":"article","og_title":"Codice promozionale","og_description":"Usufruisci di 1 ora di deposito bagagli gratuito qui. Coupon per deposito bagagli gratuito da LuggageHero. Deposito bagagli a tariffa oraria a Londra, New York e Copenaghen. Assicurazione gratuita inclusa","og_url":"https:\/\/luggagehero.com\/it\/codice-promozionale\/","og_site_name":"LuggageHero","article_publisher":"https:\/\/www.facebook.com\/luggagehero","article_modified_time":"2023-12-21T10:04:16+00:00","og_image":[{"url":"https:\/\/luggagehero.com\/wp-content\/uploads\/2017\/11\/luggagehero_LOGO-V2-RGB_kort_POS-720x475.png","type":"","width":"","height":""}],"twitter_card":"summary_large_image","twitter_site":"@luggagehero","twitter_misc":{"Est. reading time":"2 minutes"},"schema":{"@context":"https:\/\/schema.org","@graph":[{"@type":"WebPage","@id":"https:\/\/luggagehero.com\/it\/codice-promozionale\/","url":"https:\/\/luggagehero.com\/it\/codice-promozionale\/","name":"Codice promozionale - LuggageHero","isPartOf":{"@id":"https:\/\/luggagehero.com\/it\/#website"},"primaryImageOfPage":{"@id":"https:\/\/luggagehero.com\/it\/codice-promozionale\/#primaryimage"},"image":{"@id":"https:\/\/luggagehero.com\/it\/codice-promozionale\/#primaryimage"},"thumbnailUrl":"https:\/\/luggagehero.com\/wp-content\/uploads\/2017\/11\/luggagehero_LOGO-V2-RGB_kort_POS-720x475.png","datePublished":"2019-04-22T18:53:25+00:00","dateModified":"2023-12-21T10:04:16+00:00","description":"Usufruisci di 1 ora di deposito bagagli gratuito qui. Coupon per deposito bagagli gratuito da LuggageHero. Deposito bagagli a tariffa oraria a Londra, New York e Copenaghen. Assicurazione gratuita inclusa","breadcrumb":{"@id":"https:\/\/luggagehero.com\/it\/codice-promozionale\/#breadcrumb"},"inLanguage":"it-IT","potentialAction":[{"@type":"ReadAction","target":["https:\/\/luggagehero.com\/it\/codice-promozionale\/"]}]},{"@type":"ImageObject","inLanguage":"it-IT","@id":"https:\/\/luggagehero.com\/it\/codice-promozionale\/#primaryimage","url":"https:\/\/luggagehero.com\/wp-content\/uploads\/2017\/11\/luggagehero_LOGO-V2-RGB_kort_POS-720x475.png","contentUrl":"https:\/\/luggagehero.com\/wp-content\/uploads\/2017\/11\/luggagehero_LOGO-V2-RGB_kort_POS-720x475.png"},{"@type":"BreadcrumbList","@id":"https:\/\/luggagehero.com\/it\/codice-promozionale\/#breadcrumb","itemListElement":[{"@type":"ListItem","position":1,"name":"Home","item":"https:\/\/luggagehero.com\/it\/"},{"@type":"ListItem","position":2,"name":"Codice promozionale"}]},{"@type":"WebSite","@id":"https:\/\/luggagehero.com\/it\/#website","url":"https:\/\/luggagehero.com\/it\/","name":"LuggageHero","description":"Free yourself from luggage","publisher":{"@id":"https:\/\/luggagehero.com\/it\/#organization"},"potentialAction":[{"@type":"SearchAction","target":{"@type":"EntryPoint","urlTemplate":"https:\/\/luggagehero.com\/it\/?s={search_term_string}"},"query-input":{"@type":"PropertyValueSpecification","valueRequired":true,"valueName":"search_term_string"}}],"inLanguage":"it-IT"},{"@type":"Organization","@id":"https:\/\/luggagehero.com\/it\/#organization","name":"LuggageHero","url":"https:\/\/luggagehero.com\/it\/","logo":{"@type":"ImageObject","inLanguage":"it-IT","@id":"https:\/\/luggagehero.com\/it\/#\/schema\/logo\/image\/","url":"https:\/\/luggagehero.com\/wp-content\/uploads\/2017\/04\/luggagehero_LOGO-RGB_kort_POS_200x200.png","contentUrl":"https:\/\/luggagehero.com\/wp-content\/uploads\/2017\/04\/luggagehero_LOGO-RGB_kort_POS_200x200.png","width":200,"height":200,"caption":"LuggageHero"},"image":{"@id":"https:\/\/luggagehero.com\/it\/#\/schema\/logo\/image\/"},"sameAs":["https:\/\/www.facebook.com\/luggagehero","https:\/\/x.com\/luggagehero","https:\/\/www.instagram.com\/luggagehero","https:\/\/www.linkedin.com\/company\/luggagehero\/"]}]}},"place_id":"","place_latitude_longitude":"","place_name":"","criteria_title":"","criteria_description":"","meta_title":"","meta_description":"","children_criteria_title":"","children_criteria_description":"","children_meta_title":"","children_meta_description":"","_edit_last":"46","use_global_content":"","poi_type":"","content_raw":"<h1 style=\"text-align: center;\"><strong>Campagna promozionale: Il tuo buono sconto per il deposito bagagli<\/strong><\/h1>\r\n&nbsp;\r\n\r\n<img class=\"wp-image-1716 aligncenter\" src=\"https:\/\/luggagehero.com\/wp-content\/uploads\/2017\/11\/luggagehero_LOGO-V2-RGB_kort_POS-720x475.png\" alt=\"\" width=\"277\" height=\"183\" \/>\r\n\r\nLuggageHero \u00e8 la soluzione che stavi cercando, grazie al nostro circuito di depositi bagagli sempre in crescita a <a href=\"https:\/\/luggagehero.com\/newyork\/\">New York<\/a>, <a href=\"https:\/\/luggagehero.com\/london\/\">Londra<\/a>, <a href=\"https:\/\/luggagehero.com\/barcelona\/\">Barcellona<\/a>, <a href=\"https:\/\/luggagehero.com\/madrid\/\">Madrid<\/a>, <a href=\"https:\/\/luggagehero.com\/lisbon\/\">Lisbona<\/a>, <a href=\"https:\/\/luggagehero.com\/rome\/\">Roma<\/a>, <a href=\"https:\/\/luggagehero.com\/boston\/\">Boston<\/a>, <a href=\"https:\/\/luggagehero.com\/montreal\/\">Montreal<\/a>, <a href=\"https:\/\/luggagehero.com\/copenhagen\/\">Copenaghen<\/a> e molti altri disponibili a breve.\r\n\r\nVogliamo quindi premiare i nostri primi clienti con questo buono sconto:\r\n<h4 style=\"text-align: center;\">UTILIZZA QUESTO CODICE PER USUFRUIRE DI 1 ORA DI DEPOSITO BAGAGLI GRATUITO:<\/h4>\r\n<h3 style=\"text-align: center;\"><span style=\"text-decoration: underline;\">MYSUPERHERO<\/span><\/h3>\r\nQuesto buono sconto pu\u00f2 essere utilizzato solamente una volta.\r\n<h4>Come utilizzare il tuo buono sconto:<\/h4>\r\n<ol>\r\n \t<li>Prenota il tuo LuggageHero in zona a <a href=\"https:\/\/luggagehero.com\/london\/\">Londra<\/a>, <a href=\"https:\/\/luggagehero.com\/newyork\/\">New York<\/a>, <a href=\"https:\/\/luggagehero.com\/madrid\/\">Madrid<\/a>, <a href=\"https:\/\/luggagehero.com\/barcelona\/\">Barcellona<\/a>, <a href=\"https:\/\/luggagehero.com\/lisbon\/\">Lisbona<\/a>, <a href=\"https:\/\/luggagehero.com\/rome\/\">Roma<\/a>, <a href=\"https:\/\/luggagehero.com\/montreal\/\">Montreal<\/a>, Boston o <a href=\"https:\/\/luggagehero.com\/copenhagen\/\">Copenaghen<\/a>\u00a0cliccando sul nome della citt\u00e0<\/li>\r\n \t<li>Premi Cerca e scegli il tuo LuggageHero preferito.<\/li>\r\n \t<li>Le indicazioni stradali ti verranno inviate via email e SMS se hai scelto questa opzione.<\/li>\r\n \t<li>Aggiungi le informazioni relative al pagamento e utilizza il tuo buono sconto come indicato sotto.<\/li>\r\n \t<li>Avvia il timer del deposito quando arrivi<\/li>\r\n \t<li>Interrompi il timer del deposito e verr\u00e0 avviata l\u2019operazione di pagamento.<\/li>\r\n<\/ol>\r\n&nbsp;\r\n\r\n<img class=\"wp-image-3454 aligncenter\" src=\"https:\/\/luggagehero.com\/wp-content\/uploads\/2018\/08\/Submit-Discount-voucher-720x573.png\" alt=\"Utilizza il buono sconto\" width=\"499\" height=\"397\" \/>\r\n\r\n&nbsp;\r\n\r\nRicordati che LuggageHero \u00e8 l\u2019unica piattaforma di deposito bagagli a offrirti una prenotazione senza rischi al 100%. Non ti verr\u00e0 addebitata NESSUNA SPESA fino a quando non consegnerai il tuo bagaglio. Non devi nemmeno cancellare la tua prenotazione (se lo fai \u00e8 cosa gradita, ma non \u00e8 obbligatorio). Questo \u00e8 il nostro modo di premiare ogni viaggiatore, perch\u00e9 sappiamo bene come i piani di viaggio possano cambiare all'ultimo minuto.\r\n<h2>Scegli la citt\u00e0 dove utilizzare il tuo buono sconto:<\/h2>\r\n<ol>\r\n \t<li><a href=\"https:\/\/luggagehero.com\/london\/\">Londra<\/a>,<\/li>\r\n \t<li><a href=\"https:\/\/luggagehero.com\/newyork\/\">New York<\/a><\/li>\r\n \t<li><a href=\"https:\/\/luggagehero.com\/copenhagen\/\">Copenaghen<\/a><\/li>\r\n \t<li><a href=\"https:\/\/luggagehero.com\/barcelona\/\">Barcellona<\/a><\/li>\r\n \t<li><a href=\"https:\/\/luggagehero.com\/madrid\/\">Madrid<\/a><\/li>\r\n \t<li><a href=\"https:\/\/luggagehero.com\/lisbon\/\">Lisbona<\/a><\/li>\r\n \t<li><a href=\"https:\/\/luggagehero.com\/rome\/\">Roma<\/a><\/li>\r\n \t<li><a href=\"https:\/\/luggagehero.com\/boston\/\">Boston<\/a><\/li>\r\n \t<li><a href=\"https:\/\/luggagehero.com\/montreal\/\">Montreal<\/a><\/li>\r\n<\/ol>","_links":{"self":[{"href":"https:\/\/luggagehero.com\/it\/wp-json\/wp\/v2\/pages\/6560","targetHints":{"allow":["GET"]}}],"collection":[{"href":"https:\/\/luggagehero.com\/it\/wp-json\/wp\/v2\/pages"}],"about":[{"href":"https:\/\/luggagehero.com\/it\/wp-json\/wp\/v2\/types\/page"}],"author":[{"embeddable":true,"href":"https:\/\/luggagehero.com\/it\/wp-json\/wp\/v2\/users\/4"}],"replies":[{"embeddable":true,"href":"https:\/\/luggagehero.com\/it\/wp-json\/wp\/v2\/comments?post=6560"}],"version-history":[{"count":0,"href":"https:\/\/luggagehero.com\/it\/wp-json\/wp\/v2\/pages\/6560\/revisions"}],"wp:attachment":[{"href":"https:\/\/luggagehero.com\/it\/wp-json\/wp\/v2\/media?parent=6560"}],"curies":[{"name":"wp","href":"https:\/\/api.w.org\/{rel}","templated":true}]}}