{"id":6777,"date":"2019-05-01T12:30:24","date_gmt":"2019-05-01T12:30:24","guid":{"rendered":"https:\/\/luggagehero.com\/roma\/colosseo\/"},"modified":"2023-09-04T08:58:31","modified_gmt":"2023-09-04T08:58:31","slug":"colosseo","status":"publish","type":"page","link":"https:\/\/luggagehero.com\/it\/roma\/colosseo\/","title":{"rendered":"Colosseo"},"content":{"rendered":"<p><span style=\"font-weight: 400;\">Stai cercando un deposito bagagli vicino al Colosseo? Puoi depositare le tue borse in uno dei nostri punti di deposito bagagli proprio dietro il Colosseo e visitare <a href=\"https:\/\/luggagehero.com\/rome\/\">Roma<\/a> e una delle Nuove Sette Meraviglie del Mondo senza il peso del bagaglio.<\/span><\/p>\n<p><span style=\"font-weight: 400;\">I punti di deposito LuggageHero sono <\/span><a href=\"https:\/\/luggagehero.com\/about\/certified-shops\/\">hotel, bar e negozi<\/a> certificati.<span style=\"font-weight: 400;\">Le prenotazioni effettuate in anticipo ti garantiscono un posto disponibile per le tue borse.L\u2019indirizzo e le indicazioni stradali ai nostri negozi partner vengono messi a disposizione al momento della prenotazione. Tutte le borse vengono protette dai nostri <\/span><a href=\"https:\/\/luggagehero.com\/about\/security-seal\/\"><span style=\"font-weight: 400;\">sigilli di sicurezza<\/span><\/a><span style=\"font-weight: 400;\"> che garantiscono una copertura assicurativa fino a <pricing-component type=\"insurancecoverage\"><\/pricing-component> per ogni singolo bagaglio, una volta che siano state consegnate e che il timer di deposito sia stato avviato dalla tua pagina di prenotazione.<\/span><\/p>\n<p><img loading=\"lazy\" decoding=\"async\" class=\"size-large wp-image-6174 aligncenter\" src=\"https:\/\/luggagehero.com\/wp-content\/uploads\/2019\/04\/shutterstock_1030169584-800x421.jpg\" alt=\"\" width=\"800\" height=\"421\" \/><\/p>\n<h2 style=\"text-align: center;\">Colosseo<\/h2>\n<p>La costruzione dell\u2019Anfiteatro Flavio, meglio conosciuto come Colosseo, cominci\u00f2 nel 72 d.C. sotto l\u2019Imperatore Vespasiano e venne terminata nell\u2019anno 80 d.C.: al suo interno poteva ospitare pi\u00f9 di 50.000 spettatori.<\/p>\n<p>Oggi ci restano solamente le rovine di questo imponente monumento, che continua a lasciare a bocca aperta milioni di visitatori ogni giorno e viene annoverato tra i monumenti pi\u00f9 visitati di tutta Italia. Oggi il Colosseo \u00e8 conosciuto in tutto il mondo come simbolo della citt\u00e0 di Roma. Una visita alla scoperta dei segreti della Roma antica viene annoverata in quasi tutti gli elenchi delle cose da fare almeno una volta nella vita.<\/p>\n<p>Affida a LuggageHero i tuoi bagagli mentre visiti il Colosseo, per goderti una giornata di libert\u00e0 visitando questo meraviglioso monumento.<\/p>\n<p>Il Colosseo si trova nella zona Est di Roma, vicino a <a href=\"https:\/\/luggagehero.com\/rome\/roma-termini\/\">Roma Termini<\/a> e alla stazione della <a href=\"https:\/\/luggagehero.com\/rome\/repubblica\/\">metropolitana Repubblica<\/a>. La stazione di Termini e la stazione Colosseo della metropolitana hanno un collegamento diretto.<\/p>\n","protected":false},"excerpt":{"rendered":"<p>Stai cercando un deposito bagagli vicino al Colosseo? Puoi depositare le tue borse in uno dei nostri punti di deposito bagagli proprio dietro il Colosseo e visitare Roma e una delle Nuove Sette Meraviglie del Mondo senza il peso del bagaglio. I punti di deposito LuggageHero sono hotel, bar e negozi certificati.Le prenotazioni effettuate in [&hellip;]<\/p>\n","protected":false},"author":9,"featured_media":0,"parent":6618,"menu_order":0,"comment_status":"closed","ping_status":"closed","template":"template-location.php","meta":{"_acf_changed":false,"footnotes":""},"class_list":["post-6777","page","type-page","status-publish","hentry"],"acf":[],"yoast_head":"<!-- This site is optimized with the Yoast SEO Premium plugin v27.0 (Yoast SEO v27.0) - https:\/\/yoast.com\/product\/yoast-seo-premium-wordpress\/ -->\n<title>Colosseo - LuggageHero<\/title>\n<meta name=\"robots\" content=\"index, follow, max-snippet:-1, max-image-preview:large, max-video-preview:-1\" \/>\n<link rel=\"canonical\" href=\"https:\/\/luggagehero.com\/it\/roma\/colosseo\/\" \/>\n<meta property=\"og:locale\" content=\"it_IT\" \/>\n<meta property=\"og:type\" content=\"article\" \/>\n<meta property=\"og:title\" content=\"Colosseo\" \/>\n<meta property=\"og:description\" content=\"Stai cercando un deposito bagagli vicino al Colosseo? Puoi depositare le tue borse in uno dei nostri punti di deposito bagagli proprio dietro il Colosseo e visitare Roma e una delle Nuove Sette Meraviglie del Mondo senza il peso del bagaglio. I punti di deposito LuggageHero sono hotel, bar e negozi certificati.Le prenotazioni effettuate in [&hellip;]\" \/>\n<meta property=\"og:url\" content=\"https:\/\/luggagehero.com\/it\/roma\/colosseo\/\" \/>\n<meta property=\"og:site_name\" content=\"LuggageHero\" \/>\n<meta property=\"article:publisher\" content=\"https:\/\/www.facebook.com\/luggagehero\" \/>\n<meta property=\"article:modified_time\" content=\"2023-09-04T08:58:31+00:00\" \/>\n<meta property=\"og:image\" content=\"https:\/\/luggagehero.com\/wp-content\/uploads\/2019\/04\/shutterstock_1030169584-800x421.jpg\" \/>\n<meta name=\"twitter:card\" content=\"summary_large_image\" \/>\n<meta name=\"twitter:site\" content=\"@luggagehero\" \/>\n<meta name=\"twitter:label1\" content=\"Est. reading time\" \/>\n\t<meta name=\"twitter:data1\" content=\"2 minutes\" \/>\n<script type=\"application\/ld+json\" class=\"yoast-schema-graph\">{\"@context\":\"https:\/\/schema.org\",\"@graph\":[{\"@type\":\"WebPage\",\"@id\":\"https:\/\/luggagehero.com\/it\/roma\/colosseo\/\",\"url\":\"https:\/\/luggagehero.com\/it\/roma\/colosseo\/\",\"name\":\"Colosseo - LuggageHero\",\"isPartOf\":{\"@id\":\"https:\/\/luggagehero.com\/it\/#website\"},\"primaryImageOfPage\":{\"@id\":\"https:\/\/luggagehero.com\/it\/roma\/colosseo\/#primaryimage\"},\"image\":{\"@id\":\"https:\/\/luggagehero.com\/it\/roma\/colosseo\/#primaryimage\"},\"thumbnailUrl\":\"https:\/\/luggagehero.com\/wp-content\/uploads\/2019\/04\/shutterstock_1030169584-800x421.jpg\",\"datePublished\":\"2019-05-01T12:30:24+00:00\",\"dateModified\":\"2023-09-04T08:58:31+00:00\",\"breadcrumb\":{\"@id\":\"https:\/\/luggagehero.com\/it\/roma\/colosseo\/#breadcrumb\"},\"inLanguage\":\"it-IT\",\"potentialAction\":[{\"@type\":\"ReadAction\",\"target\":[\"https:\/\/luggagehero.com\/it\/roma\/colosseo\/\"]}]},{\"@type\":\"ImageObject\",\"inLanguage\":\"it-IT\",\"@id\":\"https:\/\/luggagehero.com\/it\/roma\/colosseo\/#primaryimage\",\"url\":\"https:\/\/luggagehero.com\/wp-content\/uploads\/2019\/04\/shutterstock_1030169584-800x421.jpg\",\"contentUrl\":\"https:\/\/luggagehero.com\/wp-content\/uploads\/2019\/04\/shutterstock_1030169584-800x421.jpg\"},{\"@type\":\"BreadcrumbList\",\"@id\":\"https:\/\/luggagehero.com\/it\/roma\/colosseo\/#breadcrumb\",\"itemListElement\":[{\"@type\":\"ListItem\",\"position\":1,\"name\":\"Home\",\"item\":\"https:\/\/luggagehero.com\/it\/\"},{\"@type\":\"ListItem\",\"position\":2,\"name\":\"Roma\",\"item\":\"https:\/\/luggagehero.com\/it\/roma\/\"},{\"@type\":\"ListItem\",\"position\":3,\"name\":\"Colosseo\"}]},{\"@type\":\"WebSite\",\"@id\":\"https:\/\/luggagehero.com\/it\/#website\",\"url\":\"https:\/\/luggagehero.com\/it\/\",\"name\":\"LuggageHero\",\"description\":\"Free yourself from luggage\",\"publisher\":{\"@id\":\"https:\/\/luggagehero.com\/it\/#organization\"},\"potentialAction\":[{\"@type\":\"SearchAction\",\"target\":{\"@type\":\"EntryPoint\",\"urlTemplate\":\"https:\/\/luggagehero.com\/it\/?s={search_term_string}\"},\"query-input\":{\"@type\":\"PropertyValueSpecification\",\"valueRequired\":true,\"valueName\":\"search_term_string\"}}],\"inLanguage\":\"it-IT\"},{\"@type\":\"Organization\",\"@id\":\"https:\/\/luggagehero.com\/it\/#organization\",\"name\":\"LuggageHero\",\"url\":\"https:\/\/luggagehero.com\/it\/\",\"logo\":{\"@type\":\"ImageObject\",\"inLanguage\":\"it-IT\",\"@id\":\"https:\/\/luggagehero.com\/it\/#\/schema\/logo\/image\/\",\"url\":\"https:\/\/luggagehero.com\/wp-content\/uploads\/2017\/04\/luggagehero_LOGO-RGB_kort_POS_200x200.png\",\"contentUrl\":\"https:\/\/luggagehero.com\/wp-content\/uploads\/2017\/04\/luggagehero_LOGO-RGB_kort_POS_200x200.png\",\"width\":200,\"height\":200,\"caption\":\"LuggageHero\"},\"image\":{\"@id\":\"https:\/\/luggagehero.com\/it\/#\/schema\/logo\/image\/\"},\"sameAs\":[\"https:\/\/www.facebook.com\/luggagehero\",\"https:\/\/x.com\/luggagehero\",\"https:\/\/www.instagram.com\/luggagehero\",\"https:\/\/www.linkedin.com\/company\/luggagehero\/\"]}]}<\/script>\n<!-- \/ Yoast SEO Premium plugin. -->","yoast_head_json":{"title":"Colosseo - LuggageHero","robots":{"index":"index","follow":"follow","max-snippet":"max-snippet:-1","max-image-preview":"max-image-preview:large","max-video-preview":"max-video-preview:-1"},"canonical":"https:\/\/luggagehero.com\/it\/roma\/colosseo\/","og_locale":"it_IT","og_type":"article","og_title":"Colosseo","og_description":"Stai cercando un deposito bagagli vicino al Colosseo? Puoi depositare le tue borse in uno dei nostri punti di deposito bagagli proprio dietro il Colosseo e visitare Roma e una delle Nuove Sette Meraviglie del Mondo senza il peso del bagaglio. I punti di deposito LuggageHero sono hotel, bar e negozi certificati.Le prenotazioni effettuate in [&hellip;]","og_url":"https:\/\/luggagehero.com\/it\/roma\/colosseo\/","og_site_name":"LuggageHero","article_publisher":"https:\/\/www.facebook.com\/luggagehero","article_modified_time":"2023-09-04T08:58:31+00:00","og_image":[{"url":"https:\/\/luggagehero.com\/wp-content\/uploads\/2019\/04\/shutterstock_1030169584-800x421.jpg","type":"","width":"","height":""}],"twitter_card":"summary_large_image","twitter_site":"@luggagehero","twitter_misc":{"Est. reading time":"2 minutes"},"schema":{"@context":"https:\/\/schema.org","@graph":[{"@type":"WebPage","@id":"https:\/\/luggagehero.com\/it\/roma\/colosseo\/","url":"https:\/\/luggagehero.com\/it\/roma\/colosseo\/","name":"Colosseo - LuggageHero","isPartOf":{"@id":"https:\/\/luggagehero.com\/it\/#website"},"primaryImageOfPage":{"@id":"https:\/\/luggagehero.com\/it\/roma\/colosseo\/#primaryimage"},"image":{"@id":"https:\/\/luggagehero.com\/it\/roma\/colosseo\/#primaryimage"},"thumbnailUrl":"https:\/\/luggagehero.com\/wp-content\/uploads\/2019\/04\/shutterstock_1030169584-800x421.jpg","datePublished":"2019-05-01T12:30:24+00:00","dateModified":"2023-09-04T08:58:31+00:00","breadcrumb":{"@id":"https:\/\/luggagehero.com\/it\/roma\/colosseo\/#breadcrumb"},"inLanguage":"it-IT","potentialAction":[{"@type":"ReadAction","target":["https:\/\/luggagehero.com\/it\/roma\/colosseo\/"]}]},{"@type":"ImageObject","inLanguage":"it-IT","@id":"https:\/\/luggagehero.com\/it\/roma\/colosseo\/#primaryimage","url":"https:\/\/luggagehero.com\/wp-content\/uploads\/2019\/04\/shutterstock_1030169584-800x421.jpg","contentUrl":"https:\/\/luggagehero.com\/wp-content\/uploads\/2019\/04\/shutterstock_1030169584-800x421.jpg"},{"@type":"BreadcrumbList","@id":"https:\/\/luggagehero.com\/it\/roma\/colosseo\/#breadcrumb","itemListElement":[{"@type":"ListItem","position":1,"name":"Home","item":"https:\/\/luggagehero.com\/it\/"},{"@type":"ListItem","position":2,"name":"Roma","item":"https:\/\/luggagehero.com\/it\/roma\/"},{"@type":"ListItem","position":3,"name":"Colosseo"}]},{"@type":"WebSite","@id":"https:\/\/luggagehero.com\/it\/#website","url":"https:\/\/luggagehero.com\/it\/","name":"LuggageHero","description":"Free yourself from luggage","publisher":{"@id":"https:\/\/luggagehero.com\/it\/#organization"},"potentialAction":[{"@type":"SearchAction","target":{"@type":"EntryPoint","urlTemplate":"https:\/\/luggagehero.com\/it\/?s={search_term_string}"},"query-input":{"@type":"PropertyValueSpecification","valueRequired":true,"valueName":"search_term_string"}}],"inLanguage":"it-IT"},{"@type":"Organization","@id":"https:\/\/luggagehero.com\/it\/#organization","name":"LuggageHero","url":"https:\/\/luggagehero.com\/it\/","logo":{"@type":"ImageObject","inLanguage":"it-IT","@id":"https:\/\/luggagehero.com\/it\/#\/schema\/logo\/image\/","url":"https:\/\/luggagehero.com\/wp-content\/uploads\/2017\/04\/luggagehero_LOGO-RGB_kort_POS_200x200.png","contentUrl":"https:\/\/luggagehero.com\/wp-content\/uploads\/2017\/04\/luggagehero_LOGO-RGB_kort_POS_200x200.png","width":200,"height":200,"caption":"LuggageHero"},"image":{"@id":"https:\/\/luggagehero.com\/it\/#\/schema\/logo\/image\/"},"sameAs":["https:\/\/www.facebook.com\/luggagehero","https:\/\/x.com\/luggagehero","https:\/\/www.instagram.com\/luggagehero","https:\/\/www.linkedin.com\/company\/luggagehero\/"]}]}},"place_id":"","place_latitude_longitude":"41.8915,12.4915","place_name":"Colosseo","criteria_title":"","criteria_description":"","meta_title":"","meta_description":"","children_criteria_title":"","children_criteria_description":"","children_meta_title":"","children_meta_description":"","_edit_last":"9","use_global_content":"","poi_type":"PublicTransit","content_raw":"<span style=\"font-weight: 400;\">Stai cercando un deposito bagagli vicino al Colosseo? Puoi depositare le tue borse in uno dei nostri punti di deposito bagagli proprio dietro il Colosseo e visitare <a href=\"https:\/\/luggagehero.com\/rome\/\">Roma<\/a> e una delle Nuove Sette Meraviglie del Mondo senza il peso del bagaglio.<\/span>\r\n\r\n<span style=\"font-weight: 400;\">I punti di deposito LuggageHero sono <\/span><a href=\"https:\/\/luggagehero.com\/about\/certified-shops\/\">hotel, bar e negozi<\/a> certificati.<span style=\"font-weight: 400;\">Le prenotazioni effettuate in anticipo ti garantiscono un posto disponibile per le tue borse.L\u2019indirizzo e le indicazioni stradali ai nostri negozi partner vengono messi a disposizione al momento della prenotazione. Tutte le borse vengono protette dai nostri <\/span><a href=\"https:\/\/luggagehero.com\/about\/security-seal\/\"><span style=\"font-weight: 400;\">sigilli di sicurezza<\/span><\/a><span style=\"font-weight: 400;\"> che garantiscono una copertura assicurativa fino a [pricing insurancecoverage] per ogni singolo bagaglio, una volta che siano state consegnate e che il timer di deposito sia stato avviato dalla tua pagina di prenotazione.<\/span>\r\n\r\n<img class=\"size-large wp-image-6174 aligncenter\" src=\"https:\/\/luggagehero.com\/wp-content\/uploads\/2019\/04\/shutterstock_1030169584-800x421.jpg\" alt=\"\" width=\"800\" height=\"421\" \/>\r\n<h2 style=\"text-align: center;\">Colosseo<\/h2>\r\nLa costruzione dell\u2019Anfiteatro Flavio, meglio conosciuto come Colosseo, cominci\u00f2 nel 72 d.C. sotto l\u2019Imperatore Vespasiano e venne terminata nell\u2019anno 80 d.C.: al suo interno poteva ospitare pi\u00f9 di 50.000 spettatori.\r\n\r\nOggi ci restano solamente le rovine di questo imponente monumento, che continua a lasciare a bocca aperta milioni di visitatori ogni giorno e viene annoverato tra i monumenti pi\u00f9 visitati di tutta Italia. Oggi il Colosseo \u00e8 conosciuto in tutto il mondo come simbolo della citt\u00e0 di Roma. Una visita alla scoperta dei segreti della Roma antica viene annoverata in quasi tutti gli elenchi delle cose da fare almeno una volta nella vita.\r\n\r\nAffida a LuggageHero i tuoi bagagli mentre visiti il Colosseo, per goderti una giornata di libert\u00e0 visitando questo meraviglioso monumento.\r\n\r\nIl Colosseo si trova nella zona Est di Roma, vicino a <a href=\"https:\/\/luggagehero.com\/rome\/roma-termini\/\">Roma Termini<\/a> e alla stazione della <a href=\"https:\/\/luggagehero.com\/rome\/repubblica\/\">metropolitana Repubblica<\/a>. La stazione di Termini e la stazione Colosseo della metropolitana hanno un collegamento diretto.","_links":{"self":[{"href":"https:\/\/luggagehero.com\/it\/wp-json\/wp\/v2\/pages\/6777","targetHints":{"allow":["GET"]}}],"collection":[{"href":"https:\/\/luggagehero.com\/it\/wp-json\/wp\/v2\/pages"}],"about":[{"href":"https:\/\/luggagehero.com\/it\/wp-json\/wp\/v2\/types\/page"}],"author":[{"embeddable":true,"href":"https:\/\/luggagehero.com\/it\/wp-json\/wp\/v2\/users\/9"}],"replies":[{"embeddable":true,"href":"https:\/\/luggagehero.com\/it\/wp-json\/wp\/v2\/comments?post=6777"}],"version-history":[{"count":0,"href":"https:\/\/luggagehero.com\/it\/wp-json\/wp\/v2\/pages\/6777\/revisions"}],"up":[{"embeddable":true,"href":"https:\/\/luggagehero.com\/it\/wp-json\/wp\/v2\/pages\/6618"}],"wp:attachment":[{"href":"https:\/\/luggagehero.com\/it\/wp-json\/wp\/v2\/media?parent=6777"}],"curies":[{"name":"wp","href":"https:\/\/api.w.org\/{rel}","templated":true}]}}