{"id":6778,"date":"2019-05-01T12:30:26","date_gmt":"2019-05-01T12:30:26","guid":{"rendered":"https:\/\/luggagehero.com\/roma\/stadio-olimpico\/"},"modified":"2023-08-22T13:20:31","modified_gmt":"2023-08-22T13:20:31","slug":"stadio-olimpico","status":"publish","type":"page","link":"https:\/\/luggagehero.com\/it\/roma\/stadio-olimpico\/","title":{"rendered":"Stadio Olimpico"},"content":{"rendered":"<p><span style=\"font-weight: 400;\">Stai cercando un deposito bagagli vicino allo Stadio Olimpico? Puoi depositare le tue borse in uno dei nostri punti di deposito bagagli proprio dietro lo Stadio Olimpico o in qualsiasi altra parte di <a href=\"https:\/\/luggagehero.com\/rome\/\">Roma<\/a> e goderti la partita senza il peso del bagaglio.<\/span><\/p>\n<p><span style=\"font-weight: 400;\">I punti di deposito LuggageHero sono <\/span><a href=\"https:\/\/luggagehero.com\/about\/certified-shops\/\">hotel, bar e negozi<\/a> certificati.<span style=\"font-weight: 400;\">Le prenotazioni effettuate in anticipo ti garantiscono un posto disponibile per le tue borse.L\u2019indirizzo e le indicazioni stradali ai nostri negozi partner vengono messi a disposizione al momento della prenotazione. Tutte le borse vengono protette dai nostri <\/span><a href=\"https:\/\/luggagehero.com\/about\/security-seal\/\"><span style=\"font-weight: 400;\">sigilli di sicurezza<\/span><\/a><span style=\"font-weight: 400;\"> che garantiscono una copertura assicurativa fino a <pricing-component type=\"insurancecoverage\"><\/pricing-component> per ogni singolo bagaglio, una volta che siano state consegnate e che il timer di deposito sia stato avviato dalla tua pagina di prenotazione.<\/span><\/p>\n<p><b>Il nostro servizio \u00e8 simile al deposito bagagli dell&#8217;hotel<\/b><\/p>\n<p><span style=\"font-weight: 400;\">Quante volte ti sei chiesto \u201csi possono lasciare i bagagli in stazione, o nell\u2019hotel?\u201d \u201cstazione termini deposito bagagli prezzi?\u201d<\/span><\/p>\n<p><span style=\"font-weight: 400;\">Molti viaggiatori si fanno queste domande, e molte volte vengono fatte al personale della reception. Non c&#8217;\u00e8 pi\u00f9 bisogno di farsi queste domande: LuggageHero offre, pi\u00f9 o meno, lo stesso servizio per tutti, non importa se soggiorni in un hotel, Airbnb o altrove. Siamo sempre pronti ad aiutarti.<\/span><\/p>\n<p><b>Riponi le tue valigie nei negozi verificati con questo codice sconto<\/b><\/p>\n<p><span style=\"font-weight: 400;\">Ai nostri affezionati clienti e nuovi clienti offriamo un codice sconto per due ore di deposito bagagli GRATUITO. Il codice sconto \u00e8 valido per il resto dell\u2019anno in TUTTE le citt\u00e0 e in TUTTI i negozi, inclusi i negozi Premium Partner!<\/span><\/p>\n<p style=\"text-align: center;\"><span style=\"font-weight: 400;\">Utilizza semplicemente il seguente codice sconto al momento della prenotazione:<\/span><\/p>\n<p style=\"text-align: center;\"><b>LOVE2<\/b><\/p>\n<p>&nbsp;<\/p>\n<p><img loading=\"lazy\" decoding=\"async\" class=\"size-large wp-image-6221 aligncenter\" src=\"https:\/\/luggagehero.com\/wp-content\/uploads\/2019\/04\/shutterstock_1044794239-800x450.jpg\" alt=\"\" width=\"800\" height=\"450\" srcset=\"https:\/\/luggagehero.com\/wp-content\/uploads\/2019\/04\/shutterstock_1044794239-800x450.jpg 800w, https:\/\/luggagehero.com\/wp-content\/uploads\/2019\/04\/shutterstock_1044794239-300x169.jpg 300w, https:\/\/luggagehero.com\/wp-content\/uploads\/2019\/04\/shutterstock_1044794239-600x337.jpg 600w, https:\/\/luggagehero.com\/wp-content\/uploads\/2019\/04\/shutterstock_1044794239.jpg 1000w\" sizes=\"auto, (max-width: 800px) 100vw, 800px\" \/><\/p>\n<h2 style=\"text-align: center;\">Stadio Olimpico<\/h2>\n<p>Lo Stadio Olimpico \u00e8 lo stadio sportivo pi\u00f9 importante e pi\u00f9 grande di Roma. Si trova a nord della citt\u00e0, proprio di fronte al quartiere <a href=\"https:\/\/luggagehero.com\/rome\/flaminio-station\/\">Flaminio<\/a>. Non ci sono collegamenti diretti da <a href=\"https:\/\/luggagehero.com\/rome\/roma-termini\/\">Roma Termini<\/a>, ma puoi trovare molte stazioni a pochi minuti a piedi dallo stadio.<\/p>\n<p>Lo Stadio Olimpico \u00e8 sede degli incontri casalinghi di Roma e Lazio e ospita la finale della Coppa Italia. A parte il calcio, l\u2019Olimpico \u00e8 lo stadio nazionale italiano di atletica e viene utilizzato occasionalmente anche per ospitare concerti ed eventi.<\/p>\n<p>Si consiglia di entrare solo con borse di piccole dimensioni, poich\u00e9 qualsiasi zaino pi\u00f9 ingombrante, o valigia, verr\u00e0 perquisito ai controlli della sicurezza prima di poter accedere allo stadio.<\/p>\n","protected":false},"excerpt":{"rendered":"<p>Stai cercando un deposito bagagli vicino allo Stadio Olimpico? Puoi depositare le tue borse in uno dei nostri punti di deposito bagagli proprio dietro lo Stadio Olimpico o in qualsiasi altra parte di Roma e goderti la partita senza il peso del bagaglio. I punti di deposito LuggageHero sono hotel, bar e negozi certificati.Le prenotazioni [&hellip;]<\/p>\n","protected":false},"author":9,"featured_media":0,"parent":6618,"menu_order":0,"comment_status":"closed","ping_status":"closed","template":"template-location.php","meta":{"_acf_changed":false,"footnotes":""},"class_list":["post-6778","page","type-page","status-publish","hentry"],"acf":[],"yoast_head":"<!-- This site is optimized with the Yoast SEO Premium plugin v27.0 (Yoast SEO v27.0) - https:\/\/yoast.com\/product\/yoast-seo-premium-wordpress\/ -->\n<title>Stadio Olimpico - LuggageHero<\/title>\n<meta name=\"robots\" content=\"index, follow, max-snippet:-1, max-image-preview:large, max-video-preview:-1\" \/>\n<link rel=\"canonical\" href=\"https:\/\/luggagehero.com\/it\/roma\/stadio-olimpico\/\" \/>\n<meta property=\"og:locale\" content=\"it_IT\" \/>\n<meta property=\"og:type\" content=\"article\" \/>\n<meta property=\"og:title\" content=\"Stadio Olimpico\" \/>\n<meta property=\"og:description\" content=\"Stai cercando un deposito bagagli vicino allo Stadio Olimpico? Puoi depositare le tue borse in uno dei nostri punti di deposito bagagli proprio dietro lo Stadio Olimpico o in qualsiasi altra parte di Roma e goderti la partita senza il peso del bagaglio. I punti di deposito LuggageHero sono hotel, bar e negozi certificati.Le prenotazioni [&hellip;]\" \/>\n<meta property=\"og:url\" content=\"https:\/\/luggagehero.com\/it\/roma\/stadio-olimpico\/\" \/>\n<meta property=\"og:site_name\" content=\"LuggageHero\" \/>\n<meta property=\"article:publisher\" content=\"https:\/\/www.facebook.com\/luggagehero\" \/>\n<meta property=\"article:modified_time\" content=\"2023-08-22T13:20:31+00:00\" \/>\n<meta property=\"og:image\" content=\"https:\/\/luggagehero.com\/wp-content\/uploads\/2019\/04\/shutterstock_1044794239-800x450.jpg\" \/>\n<meta name=\"twitter:card\" content=\"summary_large_image\" \/>\n<meta name=\"twitter:site\" content=\"@luggagehero\" \/>\n<meta name=\"twitter:label1\" content=\"Est. reading time\" \/>\n\t<meta name=\"twitter:data1\" content=\"2 minutes\" \/>\n<script type=\"application\/ld+json\" class=\"yoast-schema-graph\">{\"@context\":\"https:\/\/schema.org\",\"@graph\":[{\"@type\":\"WebPage\",\"@id\":\"https:\/\/luggagehero.com\/it\/roma\/stadio-olimpico\/\",\"url\":\"https:\/\/luggagehero.com\/it\/roma\/stadio-olimpico\/\",\"name\":\"Stadio Olimpico - LuggageHero\",\"isPartOf\":{\"@id\":\"https:\/\/luggagehero.com\/it\/#website\"},\"primaryImageOfPage\":{\"@id\":\"https:\/\/luggagehero.com\/it\/roma\/stadio-olimpico\/#primaryimage\"},\"image\":{\"@id\":\"https:\/\/luggagehero.com\/it\/roma\/stadio-olimpico\/#primaryimage\"},\"thumbnailUrl\":\"https:\/\/luggagehero.com\/wp-content\/uploads\/2019\/04\/shutterstock_1044794239-800x450.jpg\",\"datePublished\":\"2019-05-01T12:30:26+00:00\",\"dateModified\":\"2023-08-22T13:20:31+00:00\",\"breadcrumb\":{\"@id\":\"https:\/\/luggagehero.com\/it\/roma\/stadio-olimpico\/#breadcrumb\"},\"inLanguage\":\"it-IT\",\"potentialAction\":[{\"@type\":\"ReadAction\",\"target\":[\"https:\/\/luggagehero.com\/it\/roma\/stadio-olimpico\/\"]}]},{\"@type\":\"ImageObject\",\"inLanguage\":\"it-IT\",\"@id\":\"https:\/\/luggagehero.com\/it\/roma\/stadio-olimpico\/#primaryimage\",\"url\":\"https:\/\/luggagehero.com\/wp-content\/uploads\/2019\/04\/shutterstock_1044794239-800x450.jpg\",\"contentUrl\":\"https:\/\/luggagehero.com\/wp-content\/uploads\/2019\/04\/shutterstock_1044794239-800x450.jpg\"},{\"@type\":\"BreadcrumbList\",\"@id\":\"https:\/\/luggagehero.com\/it\/roma\/stadio-olimpico\/#breadcrumb\",\"itemListElement\":[{\"@type\":\"ListItem\",\"position\":1,\"name\":\"Home\",\"item\":\"https:\/\/luggagehero.com\/it\/\"},{\"@type\":\"ListItem\",\"position\":2,\"name\":\"Roma\",\"item\":\"https:\/\/luggagehero.com\/it\/roma\/\"},{\"@type\":\"ListItem\",\"position\":3,\"name\":\"Stadio Olimpico\"}]},{\"@type\":\"WebSite\",\"@id\":\"https:\/\/luggagehero.com\/it\/#website\",\"url\":\"https:\/\/luggagehero.com\/it\/\",\"name\":\"LuggageHero\",\"description\":\"Free yourself from luggage\",\"publisher\":{\"@id\":\"https:\/\/luggagehero.com\/it\/#organization\"},\"potentialAction\":[{\"@type\":\"SearchAction\",\"target\":{\"@type\":\"EntryPoint\",\"urlTemplate\":\"https:\/\/luggagehero.com\/it\/?s={search_term_string}\"},\"query-input\":{\"@type\":\"PropertyValueSpecification\",\"valueRequired\":true,\"valueName\":\"search_term_string\"}}],\"inLanguage\":\"it-IT\"},{\"@type\":\"Organization\",\"@id\":\"https:\/\/luggagehero.com\/it\/#organization\",\"name\":\"LuggageHero\",\"url\":\"https:\/\/luggagehero.com\/it\/\",\"logo\":{\"@type\":\"ImageObject\",\"inLanguage\":\"it-IT\",\"@id\":\"https:\/\/luggagehero.com\/it\/#\/schema\/logo\/image\/\",\"url\":\"https:\/\/luggagehero.com\/wp-content\/uploads\/2017\/04\/luggagehero_LOGO-RGB_kort_POS_200x200.png\",\"contentUrl\":\"https:\/\/luggagehero.com\/wp-content\/uploads\/2017\/04\/luggagehero_LOGO-RGB_kort_POS_200x200.png\",\"width\":200,\"height\":200,\"caption\":\"LuggageHero\"},\"image\":{\"@id\":\"https:\/\/luggagehero.com\/it\/#\/schema\/logo\/image\/\"},\"sameAs\":[\"https:\/\/www.facebook.com\/luggagehero\",\"https:\/\/x.com\/luggagehero\",\"https:\/\/www.instagram.com\/luggagehero\",\"https:\/\/www.linkedin.com\/company\/luggagehero\/\"]}]}<\/script>\n<!-- \/ Yoast SEO Premium plugin. -->","yoast_head_json":{"title":"Stadio Olimpico - LuggageHero","robots":{"index":"index","follow":"follow","max-snippet":"max-snippet:-1","max-image-preview":"max-image-preview:large","max-video-preview":"max-video-preview:-1"},"canonical":"https:\/\/luggagehero.com\/it\/roma\/stadio-olimpico\/","og_locale":"it_IT","og_type":"article","og_title":"Stadio Olimpico","og_description":"Stai cercando un deposito bagagli vicino allo Stadio Olimpico? Puoi depositare le tue borse in uno dei nostri punti di deposito bagagli proprio dietro lo Stadio Olimpico o in qualsiasi altra parte di Roma e goderti la partita senza il peso del bagaglio. I punti di deposito LuggageHero sono hotel, bar e negozi certificati.Le prenotazioni [&hellip;]","og_url":"https:\/\/luggagehero.com\/it\/roma\/stadio-olimpico\/","og_site_name":"LuggageHero","article_publisher":"https:\/\/www.facebook.com\/luggagehero","article_modified_time":"2023-08-22T13:20:31+00:00","og_image":[{"url":"https:\/\/luggagehero.com\/wp-content\/uploads\/2019\/04\/shutterstock_1044794239-800x450.jpg","type":"","width":"","height":""}],"twitter_card":"summary_large_image","twitter_site":"@luggagehero","twitter_misc":{"Est. reading time":"2 minutes"},"schema":{"@context":"https:\/\/schema.org","@graph":[{"@type":"WebPage","@id":"https:\/\/luggagehero.com\/it\/roma\/stadio-olimpico\/","url":"https:\/\/luggagehero.com\/it\/roma\/stadio-olimpico\/","name":"Stadio Olimpico - LuggageHero","isPartOf":{"@id":"https:\/\/luggagehero.com\/it\/#website"},"primaryImageOfPage":{"@id":"https:\/\/luggagehero.com\/it\/roma\/stadio-olimpico\/#primaryimage"},"image":{"@id":"https:\/\/luggagehero.com\/it\/roma\/stadio-olimpico\/#primaryimage"},"thumbnailUrl":"https:\/\/luggagehero.com\/wp-content\/uploads\/2019\/04\/shutterstock_1044794239-800x450.jpg","datePublished":"2019-05-01T12:30:26+00:00","dateModified":"2023-08-22T13:20:31+00:00","breadcrumb":{"@id":"https:\/\/luggagehero.com\/it\/roma\/stadio-olimpico\/#breadcrumb"},"inLanguage":"it-IT","potentialAction":[{"@type":"ReadAction","target":["https:\/\/luggagehero.com\/it\/roma\/stadio-olimpico\/"]}]},{"@type":"ImageObject","inLanguage":"it-IT","@id":"https:\/\/luggagehero.com\/it\/roma\/stadio-olimpico\/#primaryimage","url":"https:\/\/luggagehero.com\/wp-content\/uploads\/2019\/04\/shutterstock_1044794239-800x450.jpg","contentUrl":"https:\/\/luggagehero.com\/wp-content\/uploads\/2019\/04\/shutterstock_1044794239-800x450.jpg"},{"@type":"BreadcrumbList","@id":"https:\/\/luggagehero.com\/it\/roma\/stadio-olimpico\/#breadcrumb","itemListElement":[{"@type":"ListItem","position":1,"name":"Home","item":"https:\/\/luggagehero.com\/it\/"},{"@type":"ListItem","position":2,"name":"Roma","item":"https:\/\/luggagehero.com\/it\/roma\/"},{"@type":"ListItem","position":3,"name":"Stadio Olimpico"}]},{"@type":"WebSite","@id":"https:\/\/luggagehero.com\/it\/#website","url":"https:\/\/luggagehero.com\/it\/","name":"LuggageHero","description":"Free yourself from luggage","publisher":{"@id":"https:\/\/luggagehero.com\/it\/#organization"},"potentialAction":[{"@type":"SearchAction","target":{"@type":"EntryPoint","urlTemplate":"https:\/\/luggagehero.com\/it\/?s={search_term_string}"},"query-input":{"@type":"PropertyValueSpecification","valueRequired":true,"valueName":"search_term_string"}}],"inLanguage":"it-IT"},{"@type":"Organization","@id":"https:\/\/luggagehero.com\/it\/#organization","name":"LuggageHero","url":"https:\/\/luggagehero.com\/it\/","logo":{"@type":"ImageObject","inLanguage":"it-IT","@id":"https:\/\/luggagehero.com\/it\/#\/schema\/logo\/image\/","url":"https:\/\/luggagehero.com\/wp-content\/uploads\/2017\/04\/luggagehero_LOGO-RGB_kort_POS_200x200.png","contentUrl":"https:\/\/luggagehero.com\/wp-content\/uploads\/2017\/04\/luggagehero_LOGO-RGB_kort_POS_200x200.png","width":200,"height":200,"caption":"LuggageHero"},"image":{"@id":"https:\/\/luggagehero.com\/it\/#\/schema\/logo\/image\/"},"sameAs":["https:\/\/www.facebook.com\/luggagehero","https:\/\/x.com\/luggagehero","https:\/\/www.instagram.com\/luggagehero","https:\/\/www.linkedin.com\/company\/luggagehero\/"]}]}},"place_id":"","place_latitude_longitude":"51.53868941819682, -0.016620287062950403","place_name":"Stadio Olimpico","criteria_title":"","criteria_description":"","meta_title":"","meta_description":"","children_criteria_title":"","children_criteria_description":"","children_meta_title":"","children_meta_description":"","_edit_last":"46","use_global_content":"","poi_type":"","content_raw":"<span style=\"font-weight: 400;\">Stai cercando un deposito bagagli vicino allo Stadio Olimpico? Puoi depositare le tue borse in uno dei nostri punti di deposito bagagli proprio dietro lo Stadio Olimpico o in qualsiasi altra parte di <a href=\"https:\/\/luggagehero.com\/rome\/\">Roma<\/a> e goderti la partita senza il peso del bagaglio.<\/span>\r\n\r\n<span style=\"font-weight: 400;\">I punti di deposito LuggageHero sono <\/span><a href=\"https:\/\/luggagehero.com\/about\/certified-shops\/\">hotel, bar e negozi<\/a> certificati.<span style=\"font-weight: 400;\">Le prenotazioni effettuate in anticipo ti garantiscono un posto disponibile per le tue borse.L\u2019indirizzo e le indicazioni stradali ai nostri negozi partner vengono messi a disposizione al momento della prenotazione. Tutte le borse vengono protette dai nostri <\/span><a href=\"https:\/\/luggagehero.com\/about\/security-seal\/\"><span style=\"font-weight: 400;\">sigilli di sicurezza<\/span><\/a><span style=\"font-weight: 400;\"> che garantiscono una copertura assicurativa fino a [pricing insurancecoverage] per ogni singolo bagaglio, una volta che siano state consegnate e che il timer di deposito sia stato avviato dalla tua pagina di prenotazione.<\/span>\r\n\r\n<b>Il nostro servizio \u00e8 simile al deposito bagagli dell'hotel<\/b>\r\n\r\n<span style=\"font-weight: 400;\">Quante volte ti sei chiesto \u201csi possono lasciare i bagagli in stazione, o nell\u2019hotel?\u201d \u201cstazione termini deposito bagagli prezzi?\u201d<\/span>\r\n\r\n<span style=\"font-weight: 400;\">Molti viaggiatori si fanno queste domande, e molte volte vengono fatte al personale della reception. Non c'\u00e8 pi\u00f9 bisogno di farsi queste domande: LuggageHero offre, pi\u00f9 o meno, lo stesso servizio per tutti, non importa se soggiorni in un hotel, Airbnb o altrove. Siamo sempre pronti ad aiutarti.<\/span>\r\n\r\n<b>Riponi le tue valigie nei negozi verificati con questo codice sconto<\/b>\r\n\r\n<span style=\"font-weight: 400;\">Ai nostri affezionati clienti e nuovi clienti offriamo un codice sconto per due ore di deposito bagagli GRATUITO. Il codice sconto \u00e8 valido per il resto dell\u2019anno in TUTTE le citt\u00e0 e in TUTTI i negozi, inclusi i negozi Premium Partner!<\/span>\r\n<p style=\"text-align: center;\"><span style=\"font-weight: 400;\">Utilizza semplicemente il seguente codice sconto al momento della prenotazione:<\/span><\/p>\r\n<p style=\"text-align: center;\"><b>LOVE2<\/b><\/p>\r\n&nbsp;\r\n\r\n<img class=\"size-large wp-image-6221 aligncenter\" src=\"https:\/\/luggagehero.com\/wp-content\/uploads\/2019\/04\/shutterstock_1044794239-800x450.jpg\" alt=\"\" width=\"800\" height=\"450\" \/>\r\n<h2 style=\"text-align: center;\">Stadio Olimpico<\/h2>\r\nLo Stadio Olimpico \u00e8 lo stadio sportivo pi\u00f9 importante e pi\u00f9 grande di Roma. Si trova a nord della citt\u00e0, proprio di fronte al quartiere <a href=\"https:\/\/luggagehero.com\/rome\/flaminio-station\/\">Flaminio<\/a>. Non ci sono collegamenti diretti da <a href=\"https:\/\/luggagehero.com\/rome\/roma-termini\/\">Roma Termini<\/a>, ma puoi trovare molte stazioni a pochi minuti a piedi dallo stadio.\r\n\r\nLo Stadio Olimpico \u00e8 sede degli incontri casalinghi di Roma e Lazio e ospita la finale della Coppa Italia. A parte il calcio, l\u2019Olimpico \u00e8 lo stadio nazionale italiano di atletica e viene utilizzato occasionalmente anche per ospitare concerti ed eventi.\r\n\r\nSi consiglia di entrare solo con borse di piccole dimensioni, poich\u00e9 qualsiasi zaino pi\u00f9 ingombrante, o valigia, verr\u00e0 perquisito ai controlli della sicurezza prima di poter accedere allo stadio.","_links":{"self":[{"href":"https:\/\/luggagehero.com\/it\/wp-json\/wp\/v2\/pages\/6778","targetHints":{"allow":["GET"]}}],"collection":[{"href":"https:\/\/luggagehero.com\/it\/wp-json\/wp\/v2\/pages"}],"about":[{"href":"https:\/\/luggagehero.com\/it\/wp-json\/wp\/v2\/types\/page"}],"author":[{"embeddable":true,"href":"https:\/\/luggagehero.com\/it\/wp-json\/wp\/v2\/users\/9"}],"replies":[{"embeddable":true,"href":"https:\/\/luggagehero.com\/it\/wp-json\/wp\/v2\/comments?post=6778"}],"version-history":[{"count":0,"href":"https:\/\/luggagehero.com\/it\/wp-json\/wp\/v2\/pages\/6778\/revisions"}],"up":[{"embeddable":true,"href":"https:\/\/luggagehero.com\/it\/wp-json\/wp\/v2\/pages\/6618"}],"wp:attachment":[{"href":"https:\/\/luggagehero.com\/it\/wp-json\/wp\/v2\/media?parent=6778"}],"curies":[{"name":"wp","href":"https:\/\/api.w.org\/{rel}","templated":true}]}}