{"id":6781,"date":"2019-05-01T12:30:34","date_gmt":"2019-05-01T12:30:34","guid":{"rendered":"https:\/\/luggagehero.com\/roma\/repubblica\/"},"modified":"2023-09-04T08:58:42","modified_gmt":"2023-09-04T08:58:42","slug":"repubblica","status":"publish","type":"page","link":"https:\/\/luggagehero.com\/it\/roma\/repubblica\/","title":{"rendered":"Repubblica"},"content":{"rendered":"<p><span style=\"font-weight: 400;\">Stai cercando un deposito bagagli vicino a Piazza della Repubblica? Puoi depositare le tue borse in uno dei nostri punti di deposito bagagli proprio dietro Piazza della Repubblica e visitare <a href=\"https:\/\/luggagehero.com\/rome\/\">Roma<\/a> senza il peso del bagaglio.<\/span><\/p>\n<p><span style=\"font-weight: 400;\">I punti di deposito LuggageHero sono <\/span><a href=\"https:\/\/luggagehero.com\/about\/certified-shops\/\">hotel, bar e negozi<\/a> certificati.<span style=\"font-weight: 400;\">Le prenotazioni effettuate in anticipo ti garantiscono un posto disponibile per le tue borse.L\u2019indirizzo e le indicazioni stradali ai nostri negozi partner vengono messi a disposizione al momento della prenotazione. Tutte le borse vengono protette dai nostri <\/span><a href=\"https:\/\/luggagehero.com\/about\/security-seal\/\"><span style=\"font-weight: 400;\">sigilli di sicurezza<\/span><\/a><span style=\"font-weight: 400;\"> che garantiscono una copertura assicurativa fino a <pricing-component type=\"insurancecoverage\"><\/pricing-component> per ogni singolo bagaglio, una volta che siano state consegnate e che il timer di deposito sia stato avviato dalla tua pagina di prenotazione.<\/span><\/p>\n<p><img loading=\"lazy\" decoding=\"async\" class=\"size-large wp-image-6231 aligncenter\" src=\"https:\/\/luggagehero.com\/wp-content\/uploads\/2019\/04\/shutterstock_101055568-800x577.jpg\" alt=\"\" width=\"800\" height=\"577\" srcset=\"https:\/\/luggagehero.com\/wp-content\/uploads\/2019\/04\/shutterstock_101055568-800x577.jpg 800w, https:\/\/luggagehero.com\/wp-content\/uploads\/2019\/04\/shutterstock_101055568-300x216.jpg 300w, https:\/\/luggagehero.com\/wp-content\/uploads\/2019\/04\/shutterstock_101055568-600x433.jpg 600w, https:\/\/luggagehero.com\/wp-content\/uploads\/2019\/04\/shutterstock_101055568.jpg 1000w\" sizes=\"auto, (max-width: 800px) 100vw, 800px\" \/><\/p>\n<h2 style=\"text-align: center;\">Piazza della Repubblica<\/h2>\n<p>Piazza della Repubblica \u00e8 una piazza semi-circolare di Roma, situata alla sommit\u00e0 del Colle Viminale e a poche centinaia di metri dalla <a href=\"https:\/\/luggagehero.com\/rome\/roma-termini\/\">stazione Termini<\/a>. Al centro della piazza si pu\u00f2 ammirare la maestosa Fontana Delle Naiadi, realizzata tra il 1870 e il 1888. Piazza della Repubblica \u00e8 una delle pi\u00f9 celebri piazze di Roma: nelle sue vicinanze si trova la chiesa di Santa Maria degli Angeli e dei Martiri, l\u2019unica chiesa rinascimentale in Roma progettata da Michelangelo.<\/p>\n<p>La stazione ferroviaria di Roma Termini si trova a soli 500 metri, facendo di questa piazza un punto di partenza ottimale per una visita alla citt\u00e0. Se i tuoi orari di partenza e di arrivo sono scomodi, puoi depositare le tue borse con LuggageHero e goderti la tua giornata a Roma senza l\u2019ingombro delle valige.<\/p>\n","protected":false},"excerpt":{"rendered":"<p>Stai cercando un deposito bagagli vicino a Piazza della Repubblica? Puoi depositare le tue borse in uno dei nostri punti di deposito bagagli proprio dietro Piazza della Repubblica e visitare Roma senza il peso del bagaglio. I punti di deposito LuggageHero sono hotel, bar e negozi certificati.Le prenotazioni effettuate in anticipo ti garantiscono un posto [&hellip;]<\/p>\n","protected":false},"author":9,"featured_media":0,"parent":6618,"menu_order":0,"comment_status":"closed","ping_status":"closed","template":"template-location.php","meta":{"_acf_changed":false,"footnotes":""},"class_list":["post-6781","page","type-page","status-publish","hentry"],"acf":[],"yoast_head":"<!-- This site is optimized with the Yoast SEO Premium plugin v27.0 (Yoast SEO v27.0) - https:\/\/yoast.com\/product\/yoast-seo-premium-wordpress\/ -->\n<title>Repubblica - LuggageHero<\/title>\n<meta name=\"robots\" content=\"index, follow, max-snippet:-1, max-image-preview:large, max-video-preview:-1\" \/>\n<link rel=\"canonical\" href=\"https:\/\/luggagehero.com\/it\/roma\/repubblica\/\" \/>\n<meta property=\"og:locale\" content=\"it_IT\" \/>\n<meta property=\"og:type\" content=\"article\" \/>\n<meta property=\"og:title\" content=\"Repubblica\" \/>\n<meta property=\"og:description\" content=\"Stai cercando un deposito bagagli vicino a Piazza della Repubblica? Puoi depositare le tue borse in uno dei nostri punti di deposito bagagli proprio dietro Piazza della Repubblica e visitare Roma senza il peso del bagaglio. I punti di deposito LuggageHero sono hotel, bar e negozi certificati.Le prenotazioni effettuate in anticipo ti garantiscono un posto [&hellip;]\" \/>\n<meta property=\"og:url\" content=\"https:\/\/luggagehero.com\/it\/roma\/repubblica\/\" \/>\n<meta property=\"og:site_name\" content=\"LuggageHero\" \/>\n<meta property=\"article:publisher\" content=\"https:\/\/www.facebook.com\/luggagehero\" \/>\n<meta property=\"article:modified_time\" content=\"2023-09-04T08:58:42+00:00\" \/>\n<meta property=\"og:image\" content=\"https:\/\/luggagehero.com\/wp-content\/uploads\/2019\/04\/shutterstock_101055568-800x577.jpg\" \/>\n<meta name=\"twitter:card\" content=\"summary_large_image\" \/>\n<meta name=\"twitter:site\" content=\"@luggagehero\" \/>\n<meta name=\"twitter:label1\" content=\"Est. reading time\" \/>\n\t<meta name=\"twitter:data1\" content=\"2 minutes\" \/>\n<script type=\"application\/ld+json\" class=\"yoast-schema-graph\">{\"@context\":\"https:\/\/schema.org\",\"@graph\":[{\"@type\":\"WebPage\",\"@id\":\"https:\/\/luggagehero.com\/it\/roma\/repubblica\/\",\"url\":\"https:\/\/luggagehero.com\/it\/roma\/repubblica\/\",\"name\":\"Repubblica - LuggageHero\",\"isPartOf\":{\"@id\":\"https:\/\/luggagehero.com\/it\/#website\"},\"primaryImageOfPage\":{\"@id\":\"https:\/\/luggagehero.com\/it\/roma\/repubblica\/#primaryimage\"},\"image\":{\"@id\":\"https:\/\/luggagehero.com\/it\/roma\/repubblica\/#primaryimage\"},\"thumbnailUrl\":\"https:\/\/luggagehero.com\/wp-content\/uploads\/2019\/04\/shutterstock_101055568-800x577.jpg\",\"datePublished\":\"2019-05-01T12:30:34+00:00\",\"dateModified\":\"2023-09-04T08:58:42+00:00\",\"breadcrumb\":{\"@id\":\"https:\/\/luggagehero.com\/it\/roma\/repubblica\/#breadcrumb\"},\"inLanguage\":\"it-IT\",\"potentialAction\":[{\"@type\":\"ReadAction\",\"target\":[\"https:\/\/luggagehero.com\/it\/roma\/repubblica\/\"]}]},{\"@type\":\"ImageObject\",\"inLanguage\":\"it-IT\",\"@id\":\"https:\/\/luggagehero.com\/it\/roma\/repubblica\/#primaryimage\",\"url\":\"https:\/\/luggagehero.com\/wp-content\/uploads\/2019\/04\/shutterstock_101055568-800x577.jpg\",\"contentUrl\":\"https:\/\/luggagehero.com\/wp-content\/uploads\/2019\/04\/shutterstock_101055568-800x577.jpg\"},{\"@type\":\"BreadcrumbList\",\"@id\":\"https:\/\/luggagehero.com\/it\/roma\/repubblica\/#breadcrumb\",\"itemListElement\":[{\"@type\":\"ListItem\",\"position\":1,\"name\":\"Home\",\"item\":\"https:\/\/luggagehero.com\/it\/\"},{\"@type\":\"ListItem\",\"position\":2,\"name\":\"Roma\",\"item\":\"https:\/\/luggagehero.com\/it\/roma\/\"},{\"@type\":\"ListItem\",\"position\":3,\"name\":\"Repubblica\"}]},{\"@type\":\"WebSite\",\"@id\":\"https:\/\/luggagehero.com\/it\/#website\",\"url\":\"https:\/\/luggagehero.com\/it\/\",\"name\":\"LuggageHero\",\"description\":\"Free yourself from luggage\",\"publisher\":{\"@id\":\"https:\/\/luggagehero.com\/it\/#organization\"},\"potentialAction\":[{\"@type\":\"SearchAction\",\"target\":{\"@type\":\"EntryPoint\",\"urlTemplate\":\"https:\/\/luggagehero.com\/it\/?s={search_term_string}\"},\"query-input\":{\"@type\":\"PropertyValueSpecification\",\"valueRequired\":true,\"valueName\":\"search_term_string\"}}],\"inLanguage\":\"it-IT\"},{\"@type\":\"Organization\",\"@id\":\"https:\/\/luggagehero.com\/it\/#organization\",\"name\":\"LuggageHero\",\"url\":\"https:\/\/luggagehero.com\/it\/\",\"logo\":{\"@type\":\"ImageObject\",\"inLanguage\":\"it-IT\",\"@id\":\"https:\/\/luggagehero.com\/it\/#\/schema\/logo\/image\/\",\"url\":\"https:\/\/luggagehero.com\/wp-content\/uploads\/2017\/04\/luggagehero_LOGO-RGB_kort_POS_200x200.png\",\"contentUrl\":\"https:\/\/luggagehero.com\/wp-content\/uploads\/2017\/04\/luggagehero_LOGO-RGB_kort_POS_200x200.png\",\"width\":200,\"height\":200,\"caption\":\"LuggageHero\"},\"image\":{\"@id\":\"https:\/\/luggagehero.com\/it\/#\/schema\/logo\/image\/\"},\"sameAs\":[\"https:\/\/www.facebook.com\/luggagehero\",\"https:\/\/x.com\/luggagehero\",\"https:\/\/www.instagram.com\/luggagehero\",\"https:\/\/www.linkedin.com\/company\/luggagehero\/\"]}]}<\/script>\n<!-- \/ Yoast SEO Premium plugin. -->","yoast_head_json":{"title":"Repubblica - LuggageHero","robots":{"index":"index","follow":"follow","max-snippet":"max-snippet:-1","max-image-preview":"max-image-preview:large","max-video-preview":"max-video-preview:-1"},"canonical":"https:\/\/luggagehero.com\/it\/roma\/repubblica\/","og_locale":"it_IT","og_type":"article","og_title":"Repubblica","og_description":"Stai cercando un deposito bagagli vicino a Piazza della Repubblica? Puoi depositare le tue borse in uno dei nostri punti di deposito bagagli proprio dietro Piazza della Repubblica e visitare Roma senza il peso del bagaglio. I punti di deposito LuggageHero sono hotel, bar e negozi certificati.Le prenotazioni effettuate in anticipo ti garantiscono un posto [&hellip;]","og_url":"https:\/\/luggagehero.com\/it\/roma\/repubblica\/","og_site_name":"LuggageHero","article_publisher":"https:\/\/www.facebook.com\/luggagehero","article_modified_time":"2023-09-04T08:58:42+00:00","og_image":[{"url":"https:\/\/luggagehero.com\/wp-content\/uploads\/2019\/04\/shutterstock_101055568-800x577.jpg","type":"","width":"","height":""}],"twitter_card":"summary_large_image","twitter_site":"@luggagehero","twitter_misc":{"Est. reading time":"2 minutes"},"schema":{"@context":"https:\/\/schema.org","@graph":[{"@type":"WebPage","@id":"https:\/\/luggagehero.com\/it\/roma\/repubblica\/","url":"https:\/\/luggagehero.com\/it\/roma\/repubblica\/","name":"Repubblica - LuggageHero","isPartOf":{"@id":"https:\/\/luggagehero.com\/it\/#website"},"primaryImageOfPage":{"@id":"https:\/\/luggagehero.com\/it\/roma\/repubblica\/#primaryimage"},"image":{"@id":"https:\/\/luggagehero.com\/it\/roma\/repubblica\/#primaryimage"},"thumbnailUrl":"https:\/\/luggagehero.com\/wp-content\/uploads\/2019\/04\/shutterstock_101055568-800x577.jpg","datePublished":"2019-05-01T12:30:34+00:00","dateModified":"2023-09-04T08:58:42+00:00","breadcrumb":{"@id":"https:\/\/luggagehero.com\/it\/roma\/repubblica\/#breadcrumb"},"inLanguage":"it-IT","potentialAction":[{"@type":"ReadAction","target":["https:\/\/luggagehero.com\/it\/roma\/repubblica\/"]}]},{"@type":"ImageObject","inLanguage":"it-IT","@id":"https:\/\/luggagehero.com\/it\/roma\/repubblica\/#primaryimage","url":"https:\/\/luggagehero.com\/wp-content\/uploads\/2019\/04\/shutterstock_101055568-800x577.jpg","contentUrl":"https:\/\/luggagehero.com\/wp-content\/uploads\/2019\/04\/shutterstock_101055568-800x577.jpg"},{"@type":"BreadcrumbList","@id":"https:\/\/luggagehero.com\/it\/roma\/repubblica\/#breadcrumb","itemListElement":[{"@type":"ListItem","position":1,"name":"Home","item":"https:\/\/luggagehero.com\/it\/"},{"@type":"ListItem","position":2,"name":"Roma","item":"https:\/\/luggagehero.com\/it\/roma\/"},{"@type":"ListItem","position":3,"name":"Repubblica"}]},{"@type":"WebSite","@id":"https:\/\/luggagehero.com\/it\/#website","url":"https:\/\/luggagehero.com\/it\/","name":"LuggageHero","description":"Free yourself from luggage","publisher":{"@id":"https:\/\/luggagehero.com\/it\/#organization"},"potentialAction":[{"@type":"SearchAction","target":{"@type":"EntryPoint","urlTemplate":"https:\/\/luggagehero.com\/it\/?s={search_term_string}"},"query-input":{"@type":"PropertyValueSpecification","valueRequired":true,"valueName":"search_term_string"}}],"inLanguage":"it-IT"},{"@type":"Organization","@id":"https:\/\/luggagehero.com\/it\/#organization","name":"LuggageHero","url":"https:\/\/luggagehero.com\/it\/","logo":{"@type":"ImageObject","inLanguage":"it-IT","@id":"https:\/\/luggagehero.com\/it\/#\/schema\/logo\/image\/","url":"https:\/\/luggagehero.com\/wp-content\/uploads\/2017\/04\/luggagehero_LOGO-RGB_kort_POS_200x200.png","contentUrl":"https:\/\/luggagehero.com\/wp-content\/uploads\/2017\/04\/luggagehero_LOGO-RGB_kort_POS_200x200.png","width":200,"height":200,"caption":"LuggageHero"},"image":{"@id":"https:\/\/luggagehero.com\/it\/#\/schema\/logo\/image\/"},"sameAs":["https:\/\/www.facebook.com\/luggagehero","https:\/\/x.com\/luggagehero","https:\/\/www.instagram.com\/luggagehero","https:\/\/www.linkedin.com\/company\/luggagehero\/"]}]}},"place_id":"","place_latitude_longitude":"41.9025,12.4958","place_name":"Repubblica","criteria_title":"","criteria_description":"","meta_title":"","meta_description":"","children_criteria_title":"","children_criteria_description":"","children_meta_title":"","children_meta_description":"","_edit_last":"9","use_global_content":"","poi_type":"PublicTransit","content_raw":"<span style=\"font-weight: 400;\">Stai cercando un deposito bagagli vicino a Piazza della Repubblica? Puoi depositare le tue borse in uno dei nostri punti di deposito bagagli proprio dietro Piazza della Repubblica e visitare <a href=\"https:\/\/luggagehero.com\/rome\/\">Roma<\/a> senza il peso del bagaglio.<\/span>\r\n\r\n<span style=\"font-weight: 400;\">I punti di deposito LuggageHero sono <\/span><a href=\"https:\/\/luggagehero.com\/about\/certified-shops\/\">hotel, bar e negozi<\/a> certificati.<span style=\"font-weight: 400;\">Le prenotazioni effettuate in anticipo ti garantiscono un posto disponibile per le tue borse.L\u2019indirizzo e le indicazioni stradali ai nostri negozi partner vengono messi a disposizione al momento della prenotazione. Tutte le borse vengono protette dai nostri <\/span><a href=\"https:\/\/luggagehero.com\/about\/security-seal\/\"><span style=\"font-weight: 400;\">sigilli di sicurezza<\/span><\/a><span style=\"font-weight: 400;\"> che garantiscono una copertura assicurativa fino a [pricing insurancecoverage] per ogni singolo bagaglio, una volta che siano state consegnate e che il timer di deposito sia stato avviato dalla tua pagina di prenotazione.<\/span>\r\n\r\n<img class=\"size-large wp-image-6231 aligncenter\" src=\"https:\/\/luggagehero.com\/wp-content\/uploads\/2019\/04\/shutterstock_101055568-800x577.jpg\" alt=\"\" width=\"800\" height=\"577\" \/>\r\n<h2 style=\"text-align: center;\">Piazza della Repubblica<\/h2>\r\nPiazza della Repubblica \u00e8 una piazza semi-circolare di Roma, situata alla sommit\u00e0 del Colle Viminale e a poche centinaia di metri dalla <a href=\"https:\/\/luggagehero.com\/rome\/roma-termini\/\">stazione Termini<\/a>. Al centro della piazza si pu\u00f2 ammirare la maestosa Fontana Delle Naiadi, realizzata tra il 1870 e il 1888. Piazza della Repubblica \u00e8 una delle pi\u00f9 celebri piazze di Roma: nelle sue vicinanze si trova la chiesa di Santa Maria degli Angeli e dei Martiri, l\u2019unica chiesa rinascimentale in Roma progettata da Michelangelo.\r\n\r\nLa stazione ferroviaria di Roma Termini si trova a soli 500 metri, facendo di questa piazza un punto di partenza ottimale per una visita alla citt\u00e0. Se i tuoi orari di partenza e di arrivo sono scomodi, puoi depositare le tue borse con LuggageHero e goderti la tua giornata a Roma senza l\u2019ingombro delle valige.","_links":{"self":[{"href":"https:\/\/luggagehero.com\/it\/wp-json\/wp\/v2\/pages\/6781","targetHints":{"allow":["GET"]}}],"collection":[{"href":"https:\/\/luggagehero.com\/it\/wp-json\/wp\/v2\/pages"}],"about":[{"href":"https:\/\/luggagehero.com\/it\/wp-json\/wp\/v2\/types\/page"}],"author":[{"embeddable":true,"href":"https:\/\/luggagehero.com\/it\/wp-json\/wp\/v2\/users\/9"}],"replies":[{"embeddable":true,"href":"https:\/\/luggagehero.com\/it\/wp-json\/wp\/v2\/comments?post=6781"}],"version-history":[{"count":0,"href":"https:\/\/luggagehero.com\/it\/wp-json\/wp\/v2\/pages\/6781\/revisions"}],"up":[{"embeddable":true,"href":"https:\/\/luggagehero.com\/it\/wp-json\/wp\/v2\/pages\/6618"}],"wp:attachment":[{"href":"https:\/\/luggagehero.com\/it\/wp-json\/wp\/v2\/media?parent=6781"}],"curies":[{"name":"wp","href":"https:\/\/api.w.org\/{rel}","templated":true}]}}