{"id":8155,"date":"2019-07-06T05:26:54","date_gmt":"2019-07-06T05:26:54","guid":{"rendered":"https:\/\/luggagehero.com\/milano\/porta-garibaldi\/"},"modified":"2023-08-22T13:10:45","modified_gmt":"2023-08-22T13:10:45","slug":"porta-garibaldi","status":"publish","type":"page","link":"https:\/\/luggagehero.com\/it\/milano\/porta-garibaldi\/","title":{"rendered":"Porta Garibaldi"},"content":{"rendered":"<p><span style=\"font-weight: 400;\">Stai cercando un deposito bagagli vicino alla stazione di Porta Garibaldi? Puoi depositare le tue borse in uno dei nostri punti di deposito bagagli proprio dietro l&#8217;angolo e visitare <a href=\"http:\/\/luggagehero.com\/it\/milano\/\">Milano<\/a> o il quartiere alla moda di Porta Garibaldi senza il peso del bagaglio.<\/span><\/p>\n<p><span style=\"font-weight: 400;\">I punti di deposito LuggageHero sono <\/span> <a href=\"https:\/\/luggagehero.com\/about\/certified-shops\/\">hotel, bar e negozi certificati.<\/a><span style=\"font-weight: 400;\">Le prenotazioni effettuate in anticipo ti garantiscono un posto disponibile per le tue borse.L\u2019indirizzo e le indicazioni stradali ai nostri negozi partner vengono messi a disposizione al momento della prenotazione. Tutte le borse vengono protette dai nostri <\/span><a href=\"https:\/\/luggagehero.com\/about\/security-seal\/\"><span style=\"font-weight: 400;\">sigilli di sicurezza<\/span><\/a><span style=\"font-weight: 400;\"> che garantiscono una copertura assicurativa fino a <pricing-component type=\"insurancecoverage\"><\/pricing-component> per ogni singolo bagaglio, una volta che siano state consegnate e che il timer di deposito sia stato avviato dalla tua pagina di prenotazione.<\/span><\/p>\n<h2><strong>Ricordati di scaricare la nostra app!<\/strong><\/h2>\n<p>Grazie all&#8217; app di LuggageHero puoi facilmente trovarci a Milano e lasciarci il tuo bagaglio. 1000+ location ti aspettano, scarica la nostra app!<\/p>\n\n<div class=\"block-app-downloader\">\n\t<ul class=\"app-images\">\n\t\t\t\t\t<li class=\"app-img\">\n\t\t\t\t<img decoding=\"async\" loading=\"lazy\" src=\"https:\/\/luggagehero.com\/wp-content\/uploads\/2020\/08\/app-1.png\" alt=\"App screenshot\">\n\t\t\t<\/li>\n\t\t\t\t\t<li class=\"app-img\">\n\t\t\t\t<img decoding=\"async\" loading=\"lazy\" src=\"https:\/\/luggagehero.com\/wp-content\/uploads\/2020\/08\/app-2.png\" alt=\"App screenshot\">\n\t\t\t<\/li>\n\t\t\t\t\t<li class=\"app-img\">\n\t\t\t\t<img decoding=\"async\" loading=\"lazy\" src=\"https:\/\/luggagehero.com\/wp-content\/uploads\/2020\/08\/app-3.png\" alt=\"App screenshot\">\n\t\t\t<\/li>\n\t\t\t\t\t<li class=\"app-img\">\n\t\t\t\t<img decoding=\"async\" loading=\"lazy\" src=\"https:\/\/luggagehero.com\/wp-content\/uploads\/2020\/08\/app-4.png\" alt=\"App screenshot\">\n\t\t\t<\/li>\n\t\t\t\t\t<li class=\"app-img\">\n\t\t\t\t<img decoding=\"async\" loading=\"lazy\" src=\"https:\/\/luggagehero.com\/wp-content\/uploads\/2020\/08\/app-5.png\" alt=\"App screenshot\">\n\t\t\t<\/li>\n\t\t\t<\/ul>\n\n\t<div class=\"apps-box\">\n\t\t<p> Usa LuggageHero ovunque con l'app ufficiale per iPhone e Android<\/p>\n\t\t<a href=\"https:\/\/apps.apple.com\/us\/app\/luggagehero-luggage-storage\/id1481057935\" target=\"_blank\">\n\t\t\t<img decoding=\"async\" loading=\"lazy\" src=\"https:\/\/luggagehero.com\/wp-content\/uploads\/2020\/08\/badge-as.png\" alt=\"Download on the ios App Store\">\n\t\t<\/a>\n\n\t\t<a href=\"https:\/\/play.google.com\/store\/apps\/details?id=com.luggagehero.android\" target=\"_blank\">\n\t\t\t<img decoding=\"async\" loading=\"lazy\" src=\"https:\/\/luggagehero.com\/wp-content\/uploads\/2020\/08\/badge-gp.png\" alt=\"Get it on Google Play\">\n\t\t<\/a>\n\t<\/div>\n<\/div>\n<p><b>Il nostro servizio \u00e8 simile al deposito bagagli dell&#8217;hotel<\/b><\/p>\n<p><span style=\"font-weight: 400;\">Quante volte ti sei chiesto \u201csi possono lasciare i bagagli in stazione, o nell\u2019hotel?\u201d \u201cstazione termini deposito bagagli prezzi?\u201d<\/span><\/p>\n<p><span style=\"font-weight: 400;\">Molti viaggiatori si fanno queste domande, e molte volte vengono fatte al personale della reception. Non c&#8217;\u00e8 pi\u00f9 bisogno di farsi queste domande: LuggageHero offre, pi\u00f9 o meno, lo stesso servizio per tutti, non importa se soggiorni in un hotel, Airbnb o altrove. Siamo sempre pronti ad aiutarti.<\/span><\/p>\n<p><b>Riponi le tue valigie nei negozi verificati con questo codice sconto<\/b><\/p>\n<p><span style=\"font-weight: 400;\">Ai nostri affezionati clienti e nuovi clienti offriamo un codice sconto per due ore di deposito bagagli GRATUITO. Il codice sconto \u00e8 valido per il resto dell\u2019anno in TUTTE le citt\u00e0 e in TUTTI i negozi, inclusi i negozi Premium Partner!<\/span><\/p>\n<p style=\"text-align: center;\"><span style=\"font-weight: 400;\">Utilizza semplicemente il seguente codice sconto al momento della prenotazione:<\/span><\/p>\n<p style=\"text-align: center;\"><b>LOVE2<\/b><\/p>\n<p><img loading=\"lazy\" decoding=\"async\" class=\"aligncenter size-large wp-image-8087\" src=\"https:\/\/luggagehero.com\/wp-content\/uploads\/2019\/06\/shutterstock_646954060-800x534.jpg\" alt=\"\" width=\"800\" height=\"534\" srcset=\"https:\/\/luggagehero.com\/wp-content\/uploads\/2019\/06\/shutterstock_646954060-800x534.jpg 800w, https:\/\/luggagehero.com\/wp-content\/uploads\/2019\/06\/shutterstock_646954060-300x200.jpg 300w, https:\/\/luggagehero.com\/wp-content\/uploads\/2019\/06\/shutterstock_646954060-600x401.jpg 600w, https:\/\/luggagehero.com\/wp-content\/uploads\/2019\/06\/shutterstock_646954060.jpg 1000w\" sizes=\"auto, (max-width: 800px) 100vw, 800px\" \/><\/p>\n<h2 style=\"text-align: center;\">Porta Garibaldi<\/h2>\n<p>Porta Garibaldi \u00e8 una zona alla moda con numerosi bar esclusivi, boutique indipendenti e locali alla moda frequentati da vip e persone in vista di tutta Milano. Questa zona si trova subito a nord di <a href=\"https:\/\/luggagehero.com\/it\/milano\/duomo\/\">Piazza del Duomo<\/a> e in prossimit\u00e0 del Parco Sempione, che circonda il <a href=\"https:\/\/luggagehero.com\/it\/milano\/castello-sforzesco\/\">Castello Sforzesco<\/a>.<\/p>\n<p>Nella parte pi\u00f9 a nord del quartiere di Porta Garibaldi si trova la stazione ferroviaria di Porta Garibaldi, che serve ogni anno 25 milioni di passeggeri, facendone la principale stazione utilizzata dai pendolari della citt\u00e0.<\/p>\n<p>Porta Garibaldi \u00e8 collegata direttamente all&#8217;aeroporto di Malpensa, alla linea metropolitana della citt\u00e0 e a quella ferroviaria, con collegamenti verso <a href=\"https:\/\/luggagehero.com\/it\/firenze\/\">Firenze<\/a>, <a href=\"https:\/\/luggagehero.com\/paris\/\">Parigi<\/a> e <a href=\"https:\/\/luggagehero.com\/rome\/\">Roma<\/a>. La stazione di Porta Garibaldi, cos\u00ec come molte altre stazioni ferroviarie italiane, non offre il servizio di deposito bagagli per motivi di sicurezza.<\/p>\n<h2><strong>Consulta la nostra mappa!<\/strong><\/h2>\n<map-of-shops><\/map-of-shops>\n<p>&nbsp;<\/p>\n","protected":false},"excerpt":{"rendered":"<p>Stai cercando un deposito bagagli vicino alla stazione di Porta Garibaldi? Puoi depositare le tue borse in uno dei nostri punti di deposito bagagli proprio dietro l&#8217;angolo e visitare Milano o il quartiere alla moda di Porta Garibaldi senza il peso del bagaglio. I punti di deposito LuggageHero sono hotel, bar e negozi certificati.Le prenotazioni [&hellip;]<\/p>\n","protected":false},"author":9,"featured_media":48721,"parent":8152,"menu_order":0,"comment_status":"closed","ping_status":"closed","template":"template-location.php","meta":{"_acf_changed":false,"footnotes":""},"class_list":["post-8155","page","type-page","status-publish","has-post-thumbnail","hentry"],"acf":[],"yoast_head":"<!-- This site is optimized with the Yoast SEO Premium plugin v27.0 (Yoast SEO v27.0) - https:\/\/yoast.com\/product\/yoast-seo-premium-wordpress\/ -->\n<title>Porta Garibaldi - LuggageHero<\/title>\n<meta name=\"robots\" content=\"index, follow, max-snippet:-1, max-image-preview:large, max-video-preview:-1\" \/>\n<link rel=\"canonical\" href=\"https:\/\/luggagehero.com\/it\/milano\/porta-garibaldi\/\" \/>\n<meta property=\"og:locale\" content=\"it_IT\" \/>\n<meta property=\"og:type\" content=\"article\" \/>\n<meta property=\"og:title\" content=\"Porta Garibaldi\" \/>\n<meta property=\"og:description\" content=\"Stai cercando un deposito bagagli vicino alla stazione di Porta Garibaldi? Puoi depositare le tue borse in uno dei nostri punti di deposito bagagli proprio dietro l&#8217;angolo e visitare Milano o il quartiere alla moda di Porta Garibaldi senza il peso del bagaglio. I punti di deposito LuggageHero sono hotel, bar e negozi certificati.Le prenotazioni [&hellip;]\" \/>\n<meta property=\"og:url\" content=\"https:\/\/luggagehero.com\/it\/milano\/porta-garibaldi\/\" \/>\n<meta property=\"og:site_name\" content=\"LuggageHero\" \/>\n<meta property=\"article:publisher\" content=\"https:\/\/www.facebook.com\/luggagehero\" \/>\n<meta property=\"article:modified_time\" content=\"2023-08-22T13:10:45+00:00\" \/>\n<meta property=\"og:image\" content=\"https:\/\/luggagehero.com\/wp-content\/uploads\/2022\/08\/Stazione_Garibaldi_di_Milano_veduta_generale-scaled.jpg\" \/>\n\t<meta property=\"og:image:width\" content=\"2560\" \/>\n\t<meta property=\"og:image:height\" content=\"1707\" \/>\n\t<meta property=\"og:image:type\" content=\"image\/jpeg\" \/>\n<meta name=\"twitter:card\" content=\"summary_large_image\" \/>\n<meta name=\"twitter:site\" content=\"@luggagehero\" \/>\n<meta name=\"twitter:label1\" content=\"Est. reading time\" \/>\n\t<meta name=\"twitter:data1\" content=\"3 minutes\" \/>\n<script type=\"application\/ld+json\" class=\"yoast-schema-graph\">{\"@context\":\"https:\/\/schema.org\",\"@graph\":[{\"@type\":\"WebPage\",\"@id\":\"https:\/\/luggagehero.com\/it\/milano\/porta-garibaldi\/\",\"url\":\"https:\/\/luggagehero.com\/it\/milano\/porta-garibaldi\/\",\"name\":\"Porta Garibaldi - LuggageHero\",\"isPartOf\":{\"@id\":\"https:\/\/luggagehero.com\/it\/#website\"},\"primaryImageOfPage\":{\"@id\":\"https:\/\/luggagehero.com\/it\/milano\/porta-garibaldi\/#primaryimage\"},\"image\":{\"@id\":\"https:\/\/luggagehero.com\/it\/milano\/porta-garibaldi\/#primaryimage\"},\"thumbnailUrl\":\"https:\/\/luggagehero.com\/wp-content\/uploads\/2022\/08\/Stazione_Garibaldi_di_Milano_veduta_generale-scaled.jpg\",\"datePublished\":\"2019-07-06T05:26:54+00:00\",\"dateModified\":\"2023-08-22T13:10:45+00:00\",\"breadcrumb\":{\"@id\":\"https:\/\/luggagehero.com\/it\/milano\/porta-garibaldi\/#breadcrumb\"},\"inLanguage\":\"it-IT\",\"potentialAction\":[{\"@type\":\"ReadAction\",\"target\":[\"https:\/\/luggagehero.com\/it\/milano\/porta-garibaldi\/\"]}]},{\"@type\":\"ImageObject\",\"inLanguage\":\"it-IT\",\"@id\":\"https:\/\/luggagehero.com\/it\/milano\/porta-garibaldi\/#primaryimage\",\"url\":\"https:\/\/luggagehero.com\/wp-content\/uploads\/2022\/08\/Stazione_Garibaldi_di_Milano_veduta_generale-scaled.jpg\",\"contentUrl\":\"https:\/\/luggagehero.com\/wp-content\/uploads\/2022\/08\/Stazione_Garibaldi_di_Milano_veduta_generale-scaled.jpg\",\"width\":2560,\"height\":1707},{\"@type\":\"BreadcrumbList\",\"@id\":\"https:\/\/luggagehero.com\/it\/milano\/porta-garibaldi\/#breadcrumb\",\"itemListElement\":[{\"@type\":\"ListItem\",\"position\":1,\"name\":\"Home\",\"item\":\"https:\/\/luggagehero.com\/it\/\"},{\"@type\":\"ListItem\",\"position\":2,\"name\":\"Milano\",\"item\":\"https:\/\/luggagehero.com\/it\/milano\/\"},{\"@type\":\"ListItem\",\"position\":3,\"name\":\"Porta Garibaldi\"}]},{\"@type\":\"WebSite\",\"@id\":\"https:\/\/luggagehero.com\/it\/#website\",\"url\":\"https:\/\/luggagehero.com\/it\/\",\"name\":\"LuggageHero\",\"description\":\"Free yourself from luggage\",\"publisher\":{\"@id\":\"https:\/\/luggagehero.com\/it\/#organization\"},\"potentialAction\":[{\"@type\":\"SearchAction\",\"target\":{\"@type\":\"EntryPoint\",\"urlTemplate\":\"https:\/\/luggagehero.com\/it\/?s={search_term_string}\"},\"query-input\":{\"@type\":\"PropertyValueSpecification\",\"valueRequired\":true,\"valueName\":\"search_term_string\"}}],\"inLanguage\":\"it-IT\"},{\"@type\":\"Organization\",\"@id\":\"https:\/\/luggagehero.com\/it\/#organization\",\"name\":\"LuggageHero\",\"url\":\"https:\/\/luggagehero.com\/it\/\",\"logo\":{\"@type\":\"ImageObject\",\"inLanguage\":\"it-IT\",\"@id\":\"https:\/\/luggagehero.com\/it\/#\/schema\/logo\/image\/\",\"url\":\"https:\/\/luggagehero.com\/wp-content\/uploads\/2017\/04\/luggagehero_LOGO-RGB_kort_POS_200x200.png\",\"contentUrl\":\"https:\/\/luggagehero.com\/wp-content\/uploads\/2017\/04\/luggagehero_LOGO-RGB_kort_POS_200x200.png\",\"width\":200,\"height\":200,\"caption\":\"LuggageHero\"},\"image\":{\"@id\":\"https:\/\/luggagehero.com\/it\/#\/schema\/logo\/image\/\"},\"sameAs\":[\"https:\/\/www.facebook.com\/luggagehero\",\"https:\/\/x.com\/luggagehero\",\"https:\/\/www.instagram.com\/luggagehero\",\"https:\/\/www.linkedin.com\/company\/luggagehero\/\"]}]}<\/script>\n<!-- \/ Yoast SEO Premium plugin. -->","yoast_head_json":{"title":"Porta Garibaldi - LuggageHero","robots":{"index":"index","follow":"follow","max-snippet":"max-snippet:-1","max-image-preview":"max-image-preview:large","max-video-preview":"max-video-preview:-1"},"canonical":"https:\/\/luggagehero.com\/it\/milano\/porta-garibaldi\/","og_locale":"it_IT","og_type":"article","og_title":"Porta Garibaldi","og_description":"Stai cercando un deposito bagagli vicino alla stazione di Porta Garibaldi? Puoi depositare le tue borse in uno dei nostri punti di deposito bagagli proprio dietro l&#8217;angolo e visitare Milano o il quartiere alla moda di Porta Garibaldi senza il peso del bagaglio. I punti di deposito LuggageHero sono hotel, bar e negozi certificati.Le prenotazioni [&hellip;]","og_url":"https:\/\/luggagehero.com\/it\/milano\/porta-garibaldi\/","og_site_name":"LuggageHero","article_publisher":"https:\/\/www.facebook.com\/luggagehero","article_modified_time":"2023-08-22T13:10:45+00:00","og_image":[{"width":2560,"height":1707,"url":"https:\/\/luggagehero.com\/wp-content\/uploads\/2022\/08\/Stazione_Garibaldi_di_Milano_veduta_generale-scaled.jpg","type":"image\/jpeg"}],"twitter_card":"summary_large_image","twitter_site":"@luggagehero","twitter_misc":{"Est. reading time":"3 minutes"},"schema":{"@context":"https:\/\/schema.org","@graph":[{"@type":"WebPage","@id":"https:\/\/luggagehero.com\/it\/milano\/porta-garibaldi\/","url":"https:\/\/luggagehero.com\/it\/milano\/porta-garibaldi\/","name":"Porta Garibaldi - LuggageHero","isPartOf":{"@id":"https:\/\/luggagehero.com\/it\/#website"},"primaryImageOfPage":{"@id":"https:\/\/luggagehero.com\/it\/milano\/porta-garibaldi\/#primaryimage"},"image":{"@id":"https:\/\/luggagehero.com\/it\/milano\/porta-garibaldi\/#primaryimage"},"thumbnailUrl":"https:\/\/luggagehero.com\/wp-content\/uploads\/2022\/08\/Stazione_Garibaldi_di_Milano_veduta_generale-scaled.jpg","datePublished":"2019-07-06T05:26:54+00:00","dateModified":"2023-08-22T13:10:45+00:00","breadcrumb":{"@id":"https:\/\/luggagehero.com\/it\/milano\/porta-garibaldi\/#breadcrumb"},"inLanguage":"it-IT","potentialAction":[{"@type":"ReadAction","target":["https:\/\/luggagehero.com\/it\/milano\/porta-garibaldi\/"]}]},{"@type":"ImageObject","inLanguage":"it-IT","@id":"https:\/\/luggagehero.com\/it\/milano\/porta-garibaldi\/#primaryimage","url":"https:\/\/luggagehero.com\/wp-content\/uploads\/2022\/08\/Stazione_Garibaldi_di_Milano_veduta_generale-scaled.jpg","contentUrl":"https:\/\/luggagehero.com\/wp-content\/uploads\/2022\/08\/Stazione_Garibaldi_di_Milano_veduta_generale-scaled.jpg","width":2560,"height":1707},{"@type":"BreadcrumbList","@id":"https:\/\/luggagehero.com\/it\/milano\/porta-garibaldi\/#breadcrumb","itemListElement":[{"@type":"ListItem","position":1,"name":"Home","item":"https:\/\/luggagehero.com\/it\/"},{"@type":"ListItem","position":2,"name":"Milano","item":"https:\/\/luggagehero.com\/it\/milano\/"},{"@type":"ListItem","position":3,"name":"Porta Garibaldi"}]},{"@type":"WebSite","@id":"https:\/\/luggagehero.com\/it\/#website","url":"https:\/\/luggagehero.com\/it\/","name":"LuggageHero","description":"Free yourself from luggage","publisher":{"@id":"https:\/\/luggagehero.com\/it\/#organization"},"potentialAction":[{"@type":"SearchAction","target":{"@type":"EntryPoint","urlTemplate":"https:\/\/luggagehero.com\/it\/?s={search_term_string}"},"query-input":{"@type":"PropertyValueSpecification","valueRequired":true,"valueName":"search_term_string"}}],"inLanguage":"it-IT"},{"@type":"Organization","@id":"https:\/\/luggagehero.com\/it\/#organization","name":"LuggageHero","url":"https:\/\/luggagehero.com\/it\/","logo":{"@type":"ImageObject","inLanguage":"it-IT","@id":"https:\/\/luggagehero.com\/it\/#\/schema\/logo\/image\/","url":"https:\/\/luggagehero.com\/wp-content\/uploads\/2017\/04\/luggagehero_LOGO-RGB_kort_POS_200x200.png","contentUrl":"https:\/\/luggagehero.com\/wp-content\/uploads\/2017\/04\/luggagehero_LOGO-RGB_kort_POS_200x200.png","width":200,"height":200,"caption":"LuggageHero"},"image":{"@id":"https:\/\/luggagehero.com\/it\/#\/schema\/logo\/image\/"},"sameAs":["https:\/\/www.facebook.com\/luggagehero","https:\/\/x.com\/luggagehero","https:\/\/www.instagram.com\/luggagehero","https:\/\/www.linkedin.com\/company\/luggagehero\/"]}]}},"place_id":"","place_latitude_longitude":"45.4845,9.1874","place_name":"Porta Garibaldi","criteria_title":"","criteria_description":"","meta_title":"","meta_description":"","children_criteria_title":"","children_criteria_description":"","children_meta_title":"","children_meta_description":"","_edit_last":"46","use_global_content":"","poi_type":"PublicTransit","content_raw":"<span style=\"font-weight: 400;\">Stai cercando un deposito bagagli vicino alla stazione di Porta Garibaldi? Puoi depositare le tue borse in uno dei nostri punti di deposito bagagli proprio dietro l'angolo e visitare <a href=\"http:\/\/luggagehero.com\/it\/milano\/\">Milano<\/a> o il quartiere alla moda di Porta Garibaldi senza il peso del bagaglio.<\/span>\r\n\r\n<span style=\"font-weight: 400;\">I punti di deposito LuggageHero sono <\/span> <a href=\"https:\/\/luggagehero.com\/about\/certified-shops\/\">hotel, bar e negozi certificati.<\/a><span style=\"font-weight: 400;\">Le prenotazioni effettuate in anticipo ti garantiscono un posto disponibile per le tue borse.L\u2019indirizzo e le indicazioni stradali ai nostri negozi partner vengono messi a disposizione al momento della prenotazione. Tutte le borse vengono protette dai nostri <\/span><a href=\"https:\/\/luggagehero.com\/about\/security-seal\/\"><span style=\"font-weight: 400;\">sigilli di sicurezza<\/span><\/a><span style=\"font-weight: 400;\"> che garantiscono una copertura assicurativa fino a [pricing insurancecoverage] per ogni singolo bagaglio, una volta che siano state consegnate e che il timer di deposito sia stato avviato dalla tua pagina di prenotazione.<\/span>\r\n<h2><strong>Ricordati di scaricare la nostra app!<\/strong><\/h2>\r\nGrazie all' app di LuggageHero puoi facilmente trovarci a Milano e lasciarci il tuo bagaglio. 1000+ location ti aspettano, scarica la nostra app!\r\n\r\n[appdownloader]\r\n\r\n<b>Il nostro servizio \u00e8 simile al deposito bagagli dell'hotel<\/b>\r\n\r\n<span style=\"font-weight: 400;\">Quante volte ti sei chiesto \u201csi possono lasciare i bagagli in stazione, o nell\u2019hotel?\u201d \u201cstazione termini deposito bagagli prezzi?\u201d<\/span>\r\n\r\n<span style=\"font-weight: 400;\">Molti viaggiatori si fanno queste domande, e molte volte vengono fatte al personale della reception. Non c'\u00e8 pi\u00f9 bisogno di farsi queste domande: LuggageHero offre, pi\u00f9 o meno, lo stesso servizio per tutti, non importa se soggiorni in un hotel, Airbnb o altrove. Siamo sempre pronti ad aiutarti.<\/span>\r\n\r\n<b>Riponi le tue valigie nei negozi verificati con questo codice sconto<\/b>\r\n\r\n<span style=\"font-weight: 400;\">Ai nostri affezionati clienti e nuovi clienti offriamo un codice sconto per due ore di deposito bagagli GRATUITO. Il codice sconto \u00e8 valido per il resto dell\u2019anno in TUTTE le citt\u00e0 e in TUTTI i negozi, inclusi i negozi Premium Partner!<\/span>\r\n<p style=\"text-align: center;\"><span style=\"font-weight: 400;\">Utilizza semplicemente il seguente codice sconto al momento della prenotazione:<\/span><\/p>\r\n<p style=\"text-align: center;\"><b>LOVE2<\/b><\/p>\r\n<img class=\"aligncenter size-large wp-image-8087\" src=\"https:\/\/luggagehero.com\/wp-content\/uploads\/2019\/06\/shutterstock_646954060-800x534.jpg\" alt=\"\" width=\"800\" height=\"534\" \/>\r\n<h2 style=\"text-align: center;\">Porta Garibaldi<\/h2>\r\nPorta Garibaldi \u00e8 una zona alla moda con numerosi bar esclusivi, boutique indipendenti e locali alla moda frequentati da vip e persone in vista di tutta Milano. Questa zona si trova subito a nord di <a href=\"https:\/\/luggagehero.com\/it\/milano\/duomo\/\">Piazza del Duomo<\/a> e in prossimit\u00e0 del Parco Sempione, che circonda il <a href=\"https:\/\/luggagehero.com\/it\/milano\/castello-sforzesco\/\">Castello Sforzesco<\/a>.\r\n\r\nNella parte pi\u00f9 a nord del quartiere di Porta Garibaldi si trova la stazione ferroviaria di Porta Garibaldi, che serve ogni anno 25 milioni di passeggeri, facendone la principale stazione utilizzata dai pendolari della citt\u00e0.\r\n\r\nPorta Garibaldi \u00e8 collegata direttamente all'aeroporto di Malpensa, alla linea metropolitana della citt\u00e0 e a quella ferroviaria, con collegamenti verso <a href=\"https:\/\/luggagehero.com\/it\/firenze\/\">Firenze<\/a>, <a href=\"https:\/\/luggagehero.com\/paris\/\">Parigi<\/a> e <a href=\"https:\/\/luggagehero.com\/rome\/\">Roma<\/a>. La stazione di Porta Garibaldi, cos\u00ec come molte altre stazioni ferroviarie italiane, non offre il servizio di deposito bagagli per motivi di sicurezza.\r\n<h2><strong>Consulta la nostra mappa!<\/strong><\/h2>\r\n[mapofshops]\r\n\r\n&nbsp;","_links":{"self":[{"href":"https:\/\/luggagehero.com\/it\/wp-json\/wp\/v2\/pages\/8155","targetHints":{"allow":["GET"]}}],"collection":[{"href":"https:\/\/luggagehero.com\/it\/wp-json\/wp\/v2\/pages"}],"about":[{"href":"https:\/\/luggagehero.com\/it\/wp-json\/wp\/v2\/types\/page"}],"author":[{"embeddable":true,"href":"https:\/\/luggagehero.com\/it\/wp-json\/wp\/v2\/users\/9"}],"replies":[{"embeddable":true,"href":"https:\/\/luggagehero.com\/it\/wp-json\/wp\/v2\/comments?post=8155"}],"version-history":[{"count":0,"href":"https:\/\/luggagehero.com\/it\/wp-json\/wp\/v2\/pages\/8155\/revisions"}],"up":[{"embeddable":true,"href":"https:\/\/luggagehero.com\/it\/wp-json\/wp\/v2\/pages\/8152"}],"wp:featuredmedia":[{"embeddable":true,"href":"https:\/\/luggagehero.com\/it\/wp-json\/wp\/v2\/media\/48721"}],"wp:attachment":[{"href":"https:\/\/luggagehero.com\/it\/wp-json\/wp\/v2\/media?parent=8155"}],"curies":[{"name":"wp","href":"https:\/\/api.w.org\/{rel}","templated":true}]}}