{"id":8156,"date":"2019-07-06T05:26:55","date_gmt":"2019-07-06T05:26:55","guid":{"rendered":"https:\/\/luggagehero.com\/milano\/stazione-cadorna\/"},"modified":"2023-08-22T13:12:23","modified_gmt":"2023-08-22T13:12:23","slug":"stazione-cadorna","status":"publish","type":"page","link":"https:\/\/luggagehero.com\/it\/milano\/stazione-cadorna\/","title":{"rendered":"Stazione Cadorna"},"content":{"rendered":"<p><span style=\"font-weight: 400;\">Stai cercando un deposito bagagli vicino alla stazione di Cadorna? Puoi depositare le tue borse in uno dei nostri punti di deposito bagagli proprio dietro la stazione e visitare <a href=\"http:\/\/luggagehero.com\/it\/milano\/\">Milano<\/a> senza il peso del bagaglio.<\/span><br \/>\nI punti di deposito LuggageHero sono<br \/>\n<span style=\"font-weight: 400;\">hotel, bar e negozi<\/span><a href=\"https:\/\/luggagehero.com\/about\/certified-shops\/\"><span style=\"font-weight: 400;\"> certificati.<\/span><\/a><span style=\"font-weight: 400;\">Le prenotazioni effettuate in anticipo ti garantiscono un posto disponibile per le tue borse.L\u2019indirizzo e le indicazioni stradali ai nostri negozi partner vengono messi a disposizione al momento della prenotazione. Tutte le borse vengono protette dai nostri <\/span><a href=\"https:\/\/luggagehero.com\/about\/security-seal\/\"><span style=\"font-weight: 400;\">sigilli di sicurezza<\/span><\/a><span style=\"font-weight: 400;\"> che garantiscono una copertura assicurativa fino a <pricing-component type=\"insurancecoverage\"><\/pricing-component> per ogni singolo bagaglio, una volta che siano state consegnate e che il timer di deposito sia stato avviato dalla tua pagina di prenotazione.<\/span><\/p>\n<h3 style=\"text-align: left;\"><strong>Ricordati di scaricare la nostra app!<\/strong><\/h3>\n<p>Grazie all&#8217; app di LuggageHero puoi facilmente trovarci a Roma e lasciarci il tuo bagaglio. 1000+ location ti aspettano, scarica la nostra app!<\/p>\n\n<div class=\"block-app-downloader\">\n\t<ul class=\"app-images\">\n\t\t\t\t\t<li class=\"app-img\">\n\t\t\t\t<img decoding=\"async\" loading=\"lazy\" src=\"https:\/\/luggagehero.com\/wp-content\/uploads\/2020\/08\/app-1.png\" alt=\"App screenshot\">\n\t\t\t<\/li>\n\t\t\t\t\t<li class=\"app-img\">\n\t\t\t\t<img decoding=\"async\" loading=\"lazy\" src=\"https:\/\/luggagehero.com\/wp-content\/uploads\/2020\/08\/app-2.png\" alt=\"App screenshot\">\n\t\t\t<\/li>\n\t\t\t\t\t<li class=\"app-img\">\n\t\t\t\t<img decoding=\"async\" loading=\"lazy\" src=\"https:\/\/luggagehero.com\/wp-content\/uploads\/2020\/08\/app-3.png\" alt=\"App screenshot\">\n\t\t\t<\/li>\n\t\t\t\t\t<li class=\"app-img\">\n\t\t\t\t<img decoding=\"async\" loading=\"lazy\" src=\"https:\/\/luggagehero.com\/wp-content\/uploads\/2020\/08\/app-4.png\" alt=\"App screenshot\">\n\t\t\t<\/li>\n\t\t\t\t\t<li class=\"app-img\">\n\t\t\t\t<img decoding=\"async\" loading=\"lazy\" src=\"https:\/\/luggagehero.com\/wp-content\/uploads\/2020\/08\/app-5.png\" alt=\"App screenshot\">\n\t\t\t<\/li>\n\t\t\t<\/ul>\n\n\t<div class=\"apps-box\">\n\t\t<p> Usa LuggageHero ovunque con l'app ufficiale per iPhone e Android<\/p>\n\t\t<a href=\"https:\/\/apps.apple.com\/us\/app\/luggagehero-luggage-storage\/id1481057935\" target=\"_blank\">\n\t\t\t<img decoding=\"async\" loading=\"lazy\" src=\"https:\/\/luggagehero.com\/wp-content\/uploads\/2020\/08\/badge-as.png\" alt=\"Download on the ios App Store\">\n\t\t<\/a>\n\n\t\t<a href=\"https:\/\/play.google.com\/store\/apps\/details?id=com.luggagehero.android\" target=\"_blank\">\n\t\t\t<img decoding=\"async\" loading=\"lazy\" src=\"https:\/\/luggagehero.com\/wp-content\/uploads\/2020\/08\/badge-gp.png\" alt=\"Get it on Google Play\">\n\t\t<\/a>\n\t<\/div>\n<\/div>\n<p><b>Il nostro servizio \u00e8 simile al deposito bagagli dell&#8217;hotel<\/b><\/p>\n<p><span style=\"font-weight: 400;\">Quante volte ti sei chiesto \u201csi possono lasciare i bagagli in stazione, o nell\u2019hotel?\u201d \u201cstazione termini deposito bagagli prezzi?\u201d<\/span><\/p>\n<p><span style=\"font-weight: 400;\">Molti viaggiatori si fanno queste domande, e molte volte vengono fatte al personale della reception. Non c&#8217;\u00e8 pi\u00f9 bisogno di farsi queste domande: LuggageHero offre, pi\u00f9 o meno, lo stesso servizio per tutti, non importa se soggiorni in un hotel, Airbnb o altrove. Siamo sempre pronti ad aiutarti.<\/span><\/p>\n<p><b>Riponi le tue valigie nei negozi verificati con questo codice sconto<\/b><\/p>\n<p><span style=\"font-weight: 400;\">Ai nostri affezionati clienti e nuovi clienti offriamo un codice sconto per due ore di deposito bagagli GRATUITO. Il codice sconto \u00e8 valido per il resto dell\u2019anno in TUTTE le citt\u00e0 e in TUTTI i negozi, inclusi i negozi Premium Partner!<\/span><\/p>\n<p style=\"text-align: center;\"><span style=\"font-weight: 400;\">Utilizza semplicemente il seguente codice sconto al momento della prenotazione:<\/span><\/p>\n<p style=\"text-align: center;\"><b>LOVE2<\/b><\/p>\n<p><img loading=\"lazy\" decoding=\"async\" class=\"aligncenter size-large wp-image-8056\" src=\"https:\/\/luggagehero.com\/wp-content\/uploads\/2019\/06\/shutterstock_786578662-800x534.jpg\" alt=\"\" width=\"800\" height=\"534\" srcset=\"https:\/\/luggagehero.com\/wp-content\/uploads\/2019\/06\/shutterstock_786578662-800x534.jpg 800w, https:\/\/luggagehero.com\/wp-content\/uploads\/2019\/06\/shutterstock_786578662-300x200.jpg 300w, https:\/\/luggagehero.com\/wp-content\/uploads\/2019\/06\/shutterstock_786578662-600x400.jpg 600w, https:\/\/luggagehero.com\/wp-content\/uploads\/2019\/06\/shutterstock_786578662.jpg 1000w\" sizes=\"auto, (max-width: 800px) 100vw, 800px\" \/><\/p>\n<h2 style=\"text-align: center;\">Stazione Cadorna<\/h2>\n<p>Dalla stazione ferroviaria di Cadorna \u00e8 disponibile il collegamento diretto con l&#8217;aeroporto tramite il treno Malpensa Express e tutti i collegamenti ferroviari utilizzati dai pendolari, quelli verso l&#8217;hinterland, regionali e ad alta velocit\u00e0. Di fronte alla stazione di Cadorna si trova Piazzale Cadorna, la grande piazza che ospita uno dei centri nevralgici del trasporto pubblico di tutta Milano. Qui si trova lo snodo della linea metropolitana di Cadorna, oltre a una linea tranviaria e undici linee di autobus.<\/p>\n<p>Se atterri all&#8217;aeroporto di Malpensa puoi prendere un treno per la stazione di Cadorna o di <a href=\"https:\/\/luggagehero.com\/it\/milano\/stazione-centrale\/\">Milano Centrale<\/a>. La stazione di Cadorna \u00e8 pi\u00f9 vicina al <a href=\"https:\/\/luggagehero.com\/it\/milano\/duomo\/\">Duomo<\/a>, la famosa cattedrale di Milano, ma viaggiare verso la stazione di Cadorna pu\u00f2 essere leggermente pi\u00f9 costoso che non verso Milano Centrale.<\/p>\n<h2><strong>Consulta la nostra mappa!<\/strong><\/h2>\n<map-of-shops><\/map-of-shops>\n<p>&nbsp;<\/p>\n<style><\/style>\n","protected":false},"excerpt":{"rendered":"<p>Stai cercando un deposito bagagli vicino alla stazione di Cadorna? Puoi depositare le tue borse in uno dei nostri punti di deposito bagagli proprio dietro la stazione e visitare Milano senza il peso del bagaglio. I punti di deposito LuggageHero sono hotel, bar e negozi certificati.Le prenotazioni effettuate in anticipo ti garantiscono un posto disponibile [&hellip;]<\/p>\n","protected":false},"author":9,"featured_media":0,"parent":8152,"menu_order":0,"comment_status":"closed","ping_status":"closed","template":"template-location.php","meta":{"_acf_changed":false,"footnotes":""},"class_list":["post-8156","page","type-page","status-publish","hentry"],"acf":[],"yoast_head":"<!-- This site is optimized with the Yoast SEO Premium plugin v27.0 (Yoast SEO v27.0) - https:\/\/yoast.com\/product\/yoast-seo-premium-wordpress\/ -->\n<title>Stazione Cadorna - LuggageHero<\/title>\n<meta name=\"robots\" content=\"index, follow, max-snippet:-1, max-image-preview:large, max-video-preview:-1\" \/>\n<link rel=\"canonical\" href=\"https:\/\/luggagehero.com\/it\/milano\/stazione-cadorna\/\" \/>\n<meta property=\"og:locale\" content=\"it_IT\" \/>\n<meta property=\"og:type\" content=\"article\" \/>\n<meta property=\"og:title\" content=\"Stazione Cadorna\" \/>\n<meta property=\"og:description\" content=\"Stai cercando un deposito bagagli vicino alla stazione di Cadorna? Puoi depositare le tue borse in uno dei nostri punti di deposito bagagli proprio dietro la stazione e visitare Milano senza il peso del bagaglio. I punti di deposito LuggageHero sono hotel, bar e negozi certificati.Le prenotazioni effettuate in anticipo ti garantiscono un posto disponibile [&hellip;]\" \/>\n<meta property=\"og:url\" content=\"https:\/\/luggagehero.com\/it\/milano\/stazione-cadorna\/\" \/>\n<meta property=\"og:site_name\" content=\"LuggageHero\" \/>\n<meta property=\"article:publisher\" content=\"https:\/\/www.facebook.com\/luggagehero\" \/>\n<meta property=\"article:modified_time\" content=\"2023-08-22T13:12:23+00:00\" \/>\n<meta property=\"og:image\" content=\"https:\/\/luggagehero.com\/wp-content\/uploads\/2019\/06\/shutterstock_786578662-800x534.jpg\" \/>\n<meta name=\"twitter:card\" content=\"summary_large_image\" \/>\n<meta name=\"twitter:site\" content=\"@luggagehero\" \/>\n<meta name=\"twitter:label1\" content=\"Est. reading time\" \/>\n\t<meta name=\"twitter:data1\" content=\"3 minutes\" \/>\n<script type=\"application\/ld+json\" class=\"yoast-schema-graph\">{\"@context\":\"https:\/\/schema.org\",\"@graph\":[{\"@type\":\"WebPage\",\"@id\":\"https:\/\/luggagehero.com\/it\/milano\/stazione-cadorna\/\",\"url\":\"https:\/\/luggagehero.com\/it\/milano\/stazione-cadorna\/\",\"name\":\"Stazione Cadorna - LuggageHero\",\"isPartOf\":{\"@id\":\"https:\/\/luggagehero.com\/it\/#website\"},\"primaryImageOfPage\":{\"@id\":\"https:\/\/luggagehero.com\/it\/milano\/stazione-cadorna\/#primaryimage\"},\"image\":{\"@id\":\"https:\/\/luggagehero.com\/it\/milano\/stazione-cadorna\/#primaryimage\"},\"thumbnailUrl\":\"https:\/\/luggagehero.com\/wp-content\/uploads\/2019\/06\/shutterstock_786578662-800x534.jpg\",\"datePublished\":\"2019-07-06T05:26:55+00:00\",\"dateModified\":\"2023-08-22T13:12:23+00:00\",\"breadcrumb\":{\"@id\":\"https:\/\/luggagehero.com\/it\/milano\/stazione-cadorna\/#breadcrumb\"},\"inLanguage\":\"it-IT\",\"potentialAction\":[{\"@type\":\"ReadAction\",\"target\":[\"https:\/\/luggagehero.com\/it\/milano\/stazione-cadorna\/\"]}]},{\"@type\":\"ImageObject\",\"inLanguage\":\"it-IT\",\"@id\":\"https:\/\/luggagehero.com\/it\/milano\/stazione-cadorna\/#primaryimage\",\"url\":\"https:\/\/luggagehero.com\/wp-content\/uploads\/2019\/06\/shutterstock_786578662-800x534.jpg\",\"contentUrl\":\"https:\/\/luggagehero.com\/wp-content\/uploads\/2019\/06\/shutterstock_786578662-800x534.jpg\"},{\"@type\":\"BreadcrumbList\",\"@id\":\"https:\/\/luggagehero.com\/it\/milano\/stazione-cadorna\/#breadcrumb\",\"itemListElement\":[{\"@type\":\"ListItem\",\"position\":1,\"name\":\"Home\",\"item\":\"https:\/\/luggagehero.com\/it\/\"},{\"@type\":\"ListItem\",\"position\":2,\"name\":\"Milano\",\"item\":\"https:\/\/luggagehero.com\/it\/milano\/\"},{\"@type\":\"ListItem\",\"position\":3,\"name\":\"Stazione Cadorna\"}]},{\"@type\":\"WebSite\",\"@id\":\"https:\/\/luggagehero.com\/it\/#website\",\"url\":\"https:\/\/luggagehero.com\/it\/\",\"name\":\"LuggageHero\",\"description\":\"Free yourself from luggage\",\"publisher\":{\"@id\":\"https:\/\/luggagehero.com\/it\/#organization\"},\"potentialAction\":[{\"@type\":\"SearchAction\",\"target\":{\"@type\":\"EntryPoint\",\"urlTemplate\":\"https:\/\/luggagehero.com\/it\/?s={search_term_string}\"},\"query-input\":{\"@type\":\"PropertyValueSpecification\",\"valueRequired\":true,\"valueName\":\"search_term_string\"}}],\"inLanguage\":\"it-IT\"},{\"@type\":\"Organization\",\"@id\":\"https:\/\/luggagehero.com\/it\/#organization\",\"name\":\"LuggageHero\",\"url\":\"https:\/\/luggagehero.com\/it\/\",\"logo\":{\"@type\":\"ImageObject\",\"inLanguage\":\"it-IT\",\"@id\":\"https:\/\/luggagehero.com\/it\/#\/schema\/logo\/image\/\",\"url\":\"https:\/\/luggagehero.com\/wp-content\/uploads\/2017\/04\/luggagehero_LOGO-RGB_kort_POS_200x200.png\",\"contentUrl\":\"https:\/\/luggagehero.com\/wp-content\/uploads\/2017\/04\/luggagehero_LOGO-RGB_kort_POS_200x200.png\",\"width\":200,\"height\":200,\"caption\":\"LuggageHero\"},\"image\":{\"@id\":\"https:\/\/luggagehero.com\/it\/#\/schema\/logo\/image\/\"},\"sameAs\":[\"https:\/\/www.facebook.com\/luggagehero\",\"https:\/\/x.com\/luggagehero\",\"https:\/\/www.instagram.com\/luggagehero\",\"https:\/\/www.linkedin.com\/company\/luggagehero\/\"]}]}<\/script>\n<!-- \/ Yoast SEO Premium plugin. -->","yoast_head_json":{"title":"Stazione Cadorna - LuggageHero","robots":{"index":"index","follow":"follow","max-snippet":"max-snippet:-1","max-image-preview":"max-image-preview:large","max-video-preview":"max-video-preview:-1"},"canonical":"https:\/\/luggagehero.com\/it\/milano\/stazione-cadorna\/","og_locale":"it_IT","og_type":"article","og_title":"Stazione Cadorna","og_description":"Stai cercando un deposito bagagli vicino alla stazione di Cadorna? Puoi depositare le tue borse in uno dei nostri punti di deposito bagagli proprio dietro la stazione e visitare Milano senza il peso del bagaglio. I punti di deposito LuggageHero sono hotel, bar e negozi certificati.Le prenotazioni effettuate in anticipo ti garantiscono un posto disponibile [&hellip;]","og_url":"https:\/\/luggagehero.com\/it\/milano\/stazione-cadorna\/","og_site_name":"LuggageHero","article_publisher":"https:\/\/www.facebook.com\/luggagehero","article_modified_time":"2023-08-22T13:12:23+00:00","og_image":[{"url":"https:\/\/luggagehero.com\/wp-content\/uploads\/2019\/06\/shutterstock_786578662-800x534.jpg","type":"","width":"","height":""}],"twitter_card":"summary_large_image","twitter_site":"@luggagehero","twitter_misc":{"Est. reading time":"3 minutes"},"schema":{"@context":"https:\/\/schema.org","@graph":[{"@type":"WebPage","@id":"https:\/\/luggagehero.com\/it\/milano\/stazione-cadorna\/","url":"https:\/\/luggagehero.com\/it\/milano\/stazione-cadorna\/","name":"Stazione Cadorna - LuggageHero","isPartOf":{"@id":"https:\/\/luggagehero.com\/it\/#website"},"primaryImageOfPage":{"@id":"https:\/\/luggagehero.com\/it\/milano\/stazione-cadorna\/#primaryimage"},"image":{"@id":"https:\/\/luggagehero.com\/it\/milano\/stazione-cadorna\/#primaryimage"},"thumbnailUrl":"https:\/\/luggagehero.com\/wp-content\/uploads\/2019\/06\/shutterstock_786578662-800x534.jpg","datePublished":"2019-07-06T05:26:55+00:00","dateModified":"2023-08-22T13:12:23+00:00","breadcrumb":{"@id":"https:\/\/luggagehero.com\/it\/milano\/stazione-cadorna\/#breadcrumb"},"inLanguage":"it-IT","potentialAction":[{"@type":"ReadAction","target":["https:\/\/luggagehero.com\/it\/milano\/stazione-cadorna\/"]}]},{"@type":"ImageObject","inLanguage":"it-IT","@id":"https:\/\/luggagehero.com\/it\/milano\/stazione-cadorna\/#primaryimage","url":"https:\/\/luggagehero.com\/wp-content\/uploads\/2019\/06\/shutterstock_786578662-800x534.jpg","contentUrl":"https:\/\/luggagehero.com\/wp-content\/uploads\/2019\/06\/shutterstock_786578662-800x534.jpg"},{"@type":"BreadcrumbList","@id":"https:\/\/luggagehero.com\/it\/milano\/stazione-cadorna\/#breadcrumb","itemListElement":[{"@type":"ListItem","position":1,"name":"Home","item":"https:\/\/luggagehero.com\/it\/"},{"@type":"ListItem","position":2,"name":"Milano","item":"https:\/\/luggagehero.com\/it\/milano\/"},{"@type":"ListItem","position":3,"name":"Stazione Cadorna"}]},{"@type":"WebSite","@id":"https:\/\/luggagehero.com\/it\/#website","url":"https:\/\/luggagehero.com\/it\/","name":"LuggageHero","description":"Free yourself from luggage","publisher":{"@id":"https:\/\/luggagehero.com\/it\/#organization"},"potentialAction":[{"@type":"SearchAction","target":{"@type":"EntryPoint","urlTemplate":"https:\/\/luggagehero.com\/it\/?s={search_term_string}"},"query-input":{"@type":"PropertyValueSpecification","valueRequired":true,"valueName":"search_term_string"}}],"inLanguage":"it-IT"},{"@type":"Organization","@id":"https:\/\/luggagehero.com\/it\/#organization","name":"LuggageHero","url":"https:\/\/luggagehero.com\/it\/","logo":{"@type":"ImageObject","inLanguage":"it-IT","@id":"https:\/\/luggagehero.com\/it\/#\/schema\/logo\/image\/","url":"https:\/\/luggagehero.com\/wp-content\/uploads\/2017\/04\/luggagehero_LOGO-RGB_kort_POS_200x200.png","contentUrl":"https:\/\/luggagehero.com\/wp-content\/uploads\/2017\/04\/luggagehero_LOGO-RGB_kort_POS_200x200.png","width":200,"height":200,"caption":"LuggageHero"},"image":{"@id":"https:\/\/luggagehero.com\/it\/#\/schema\/logo\/image\/"},"sameAs":["https:\/\/www.facebook.com\/luggagehero","https:\/\/x.com\/luggagehero","https:\/\/www.instagram.com\/luggagehero","https:\/\/www.linkedin.com\/company\/luggagehero\/"]}]}},"place_id":"","place_latitude_longitude":"45.46806570289786, 9.176880046429746","place_name":"Stazione Cadorna","criteria_title":"","criteria_description":"","meta_title":"","meta_description":"","children_criteria_title":"","children_criteria_description":"","children_meta_title":"","children_meta_description":"","_edit_last":"46","use_global_content":"","poi_type":"PublicTransit","content_raw":"<span style=\"font-weight: 400;\">Stai cercando un deposito bagagli vicino alla stazione di Cadorna? Puoi depositare le tue borse in uno dei nostri punti di deposito bagagli proprio dietro la stazione e visitare <a href=\"http:\/\/luggagehero.com\/it\/milano\/\">Milano<\/a> senza il peso del bagaglio.<\/span>\r\nI punti di deposito LuggageHero sono\r\n<span style=\"font-weight: 400;\">hotel, bar e negozi<\/span><a href=\"https:\/\/luggagehero.com\/about\/certified-shops\/\"><span style=\"font-weight: 400;\"> certificati.<\/span><\/a><span style=\"font-weight: 400;\">Le prenotazioni effettuate in anticipo ti garantiscono un posto disponibile per le tue borse.L\u2019indirizzo e le indicazioni stradali ai nostri negozi partner vengono messi a disposizione al momento della prenotazione. Tutte le borse vengono protette dai nostri <\/span><a href=\"https:\/\/luggagehero.com\/about\/security-seal\/\"><span style=\"font-weight: 400;\">sigilli di sicurezza<\/span><\/a><span style=\"font-weight: 400;\"> che garantiscono una copertura assicurativa fino a [pricing insurancecoverage] per ogni singolo bagaglio, una volta che siano state consegnate e che il timer di deposito sia stato avviato dalla tua pagina di prenotazione.<\/span>\r\n<h3 style=\"text-align: left;\"><strong>Ricordati di scaricare la nostra app!<\/strong><\/h3>\r\nGrazie all' app di LuggageHero puoi facilmente trovarci a Roma e lasciarci il tuo bagaglio. 1000+ location ti aspettano, scarica la nostra app!\r\n\r\n[appdownloader]\r\n\r\n<b>Il nostro servizio \u00e8 simile al deposito bagagli dell'hotel<\/b>\r\n\r\n<span style=\"font-weight: 400;\">Quante volte ti sei chiesto \u201csi possono lasciare i bagagli in stazione, o nell\u2019hotel?\u201d \u201cstazione termini deposito bagagli prezzi?\u201d<\/span>\r\n\r\n<span style=\"font-weight: 400;\">Molti viaggiatori si fanno queste domande, e molte volte vengono fatte al personale della reception. Non c'\u00e8 pi\u00f9 bisogno di farsi queste domande: LuggageHero offre, pi\u00f9 o meno, lo stesso servizio per tutti, non importa se soggiorni in un hotel, Airbnb o altrove. Siamo sempre pronti ad aiutarti.<\/span>\r\n\r\n<b>Riponi le tue valigie nei negozi verificati con questo codice sconto<\/b>\r\n\r\n<span style=\"font-weight: 400;\">Ai nostri affezionati clienti e nuovi clienti offriamo un codice sconto per due ore di deposito bagagli GRATUITO. Il codice sconto \u00e8 valido per il resto dell\u2019anno in TUTTE le citt\u00e0 e in TUTTI i negozi, inclusi i negozi Premium Partner!<\/span>\r\n<p style=\"text-align: center;\"><span style=\"font-weight: 400;\">Utilizza semplicemente il seguente codice sconto al momento della prenotazione:<\/span><\/p>\r\n<p style=\"text-align: center;\"><b>LOVE2<\/b><\/p>\r\n<img class=\"aligncenter size-large wp-image-8056\" src=\"https:\/\/luggagehero.com\/wp-content\/uploads\/2019\/06\/shutterstock_786578662-800x534.jpg\" alt=\"\" width=\"800\" height=\"534\" \/>\r\n<h2 style=\"text-align: center;\">Stazione Cadorna<\/h2>\r\nDalla stazione ferroviaria di Cadorna \u00e8 disponibile il collegamento diretto con l'aeroporto tramite il treno Malpensa Express e tutti i collegamenti ferroviari utilizzati dai pendolari, quelli verso l'hinterland, regionali e ad alta velocit\u00e0. Di fronte alla stazione di Cadorna si trova Piazzale Cadorna, la grande piazza che ospita uno dei centri nevralgici del trasporto pubblico di tutta Milano. Qui si trova lo snodo della linea metropolitana di Cadorna, oltre a una linea tranviaria e undici linee di autobus.\r\n\r\nSe atterri all'aeroporto di Malpensa puoi prendere un treno per la stazione di Cadorna o di <a href=\"https:\/\/luggagehero.com\/it\/milano\/stazione-centrale\/\">Milano Centrale<\/a>. La stazione di Cadorna \u00e8 pi\u00f9 vicina al <a href=\"https:\/\/luggagehero.com\/it\/milano\/duomo\/\">Duomo<\/a>, la famosa cattedrale di Milano, ma viaggiare verso la stazione di Cadorna pu\u00f2 essere leggermente pi\u00f9 costoso che non verso Milano Centrale.\r\n<h2><strong>Consulta la nostra mappa!<\/strong><\/h2>\r\n[mapofshops]\r\n\r\n&nbsp;\r\n\r\n<style><\/style>","_links":{"self":[{"href":"https:\/\/luggagehero.com\/it\/wp-json\/wp\/v2\/pages\/8156","targetHints":{"allow":["GET"]}}],"collection":[{"href":"https:\/\/luggagehero.com\/it\/wp-json\/wp\/v2\/pages"}],"about":[{"href":"https:\/\/luggagehero.com\/it\/wp-json\/wp\/v2\/types\/page"}],"author":[{"embeddable":true,"href":"https:\/\/luggagehero.com\/it\/wp-json\/wp\/v2\/users\/9"}],"replies":[{"embeddable":true,"href":"https:\/\/luggagehero.com\/it\/wp-json\/wp\/v2\/comments?post=8156"}],"version-history":[{"count":0,"href":"https:\/\/luggagehero.com\/it\/wp-json\/wp\/v2\/pages\/8156\/revisions"}],"up":[{"embeddable":true,"href":"https:\/\/luggagehero.com\/it\/wp-json\/wp\/v2\/pages\/8152"}],"wp:attachment":[{"href":"https:\/\/luggagehero.com\/it\/wp-json\/wp\/v2\/media?parent=8156"}],"curies":[{"name":"wp","href":"https:\/\/api.w.org\/{rel}","templated":true}]}}