{"id":8157,"date":"2019-07-06T05:26:55","date_gmt":"2019-07-06T05:26:55","guid":{"rendered":"https:\/\/luggagehero.com\/milano\/castello-sforzesco\/"},"modified":"2023-09-04T11:06:06","modified_gmt":"2023-09-04T11:06:06","slug":"castello-sforzesco","status":"publish","type":"page","link":"https:\/\/luggagehero.com\/it\/milano\/castello-sforzesco\/","title":{"rendered":"Castello Sforzesco"},"content":{"rendered":"<p><span style=\"font-weight: 400;\">Stai cercando un deposito bagagli vicino al Castello Sforzesco? Puoi depositare le tue borse in uno dei nostri punti di deposito bagagli proprio dietro la meravigliosa fortezza medievale-rinascimentale e visitare il Castello stesso, o la citt\u00e0 di <a href=\"https:\/\/luggagehero.com\/milan\">Milano<\/a>, senza il peso del bagaglio.<\/span><br \/>\nI punti di deposito LuggageHero sono<br \/>\n<span style=\"font-weight: 400;\">hotel, bar e negozi<\/span><a href=\"https:\/\/luggagehero.com\/about\/certified-shops\/\"><span style=\"font-weight: 400;\"> certificati.<\/span><\/a><span style=\"font-weight: 400;\">Le prenotazioni effettuate in anticipo ti garantiscono un posto disponibile per le tue borse.L\u2019indirizzo e le indicazioni stradali ai nostri negozi partner vengono messi a disposizione al momento della prenotazione. Tutte le borse vengono protette dai nostri <\/span><a href=\"https:\/\/luggagehero.com\/about\/security-seal\/\"><span style=\"font-weight: 400;\">sigilli di sicurezza<\/span><\/a><span style=\"font-weight: 400;\"> che garantiscono una copertura assicurativa fino a <pricing-component type=\"insurancecoverage\"><\/pricing-component> per ogni singolo bagaglio, una volta che siano state consegnate e che il timer di deposito sia stato avviato dalla tua pagina di prenotazione.<\/span><\/p>\n<p><img loading=\"lazy\" decoding=\"async\" class=\"aligncenter size-large wp-image-8062\" src=\"https:\/\/luggagehero.com\/wp-content\/uploads\/2019\/06\/shutterstock_1382020967-800x450.jpg\" alt=\"\" width=\"800\" height=\"450\" srcset=\"https:\/\/luggagehero.com\/wp-content\/uploads\/2019\/06\/shutterstock_1382020967-800x450.jpg 800w, https:\/\/luggagehero.com\/wp-content\/uploads\/2019\/06\/shutterstock_1382020967-300x169.jpg 300w, https:\/\/luggagehero.com\/wp-content\/uploads\/2019\/06\/shutterstock_1382020967-600x338.jpg 600w, https:\/\/luggagehero.com\/wp-content\/uploads\/2019\/06\/shutterstock_1382020967.jpg 1000w\" sizes=\"auto, (max-width: 800px) 100vw, 800px\" \/><\/p>\n<h2 style=\"text-align: center;\">Castello Sforzesco<\/h2>\n<p>Il Castello Sforzesco \u00e8 un monumento che ospita diversi musei specializzati e numerose vestigia del passato della citt\u00e0: una vera e propria oasi di arte e cultura. La fortezza si trova a nord-ovest dal centro della citt\u00e0, in prossimit\u00e0 di Piazza Castello. Puoi raggiungere il Castello dalla <a href=\"https:\/\/luggagehero.com\/milan\/cadorna-station\/\">stazione di Cadorna<\/a> e con diversi tram. Il Castello Sforzesco \u00e8 aperto tutti i giorni dalle 7.00 alle 19.30, ma il museo al suo interno \u00e8 aperto solamente dal marted\u00ec alla domenica, dalle 9.00 alle 17.30.<\/p>\n<p>L&#8217;ingresso al Castello \u00e8 gratuito, ma per visitare il museo bisogna acquistare un biglietto del costo di \u20ac10 per gli adulti, mentre \u00e8 gratuito sotto i 25 anni.<\/p>\n","protected":false},"excerpt":{"rendered":"<p>Stai cercando un deposito bagagli vicino al Castello Sforzesco? Puoi depositare le tue borse in uno dei nostri punti di deposito bagagli proprio dietro la meravigliosa fortezza medievale-rinascimentale e visitare il Castello stesso, o la citt\u00e0 di Milano, senza il peso del bagaglio. I punti di deposito LuggageHero sono hotel, bar e negozi certificati.Le prenotazioni [&hellip;]<\/p>\n","protected":false},"author":9,"featured_media":0,"parent":8152,"menu_order":0,"comment_status":"closed","ping_status":"closed","template":"template-location.php","meta":{"_acf_changed":false,"footnotes":""},"class_list":["post-8157","page","type-page","status-publish","hentry"],"acf":[],"yoast_head":"<!-- This site is optimized with the Yoast SEO Premium plugin v27.0 (Yoast SEO v27.0) - https:\/\/yoast.com\/product\/yoast-seo-premium-wordpress\/ -->\n<title>Castello Sforzesco - LuggageHero<\/title>\n<meta name=\"robots\" content=\"index, follow, max-snippet:-1, max-image-preview:large, max-video-preview:-1\" \/>\n<link rel=\"canonical\" href=\"https:\/\/luggagehero.com\/it\/milano\/castello-sforzesco\/\" \/>\n<meta property=\"og:locale\" content=\"it_IT\" \/>\n<meta property=\"og:type\" content=\"article\" \/>\n<meta property=\"og:title\" content=\"Castello Sforzesco\" \/>\n<meta property=\"og:description\" content=\"Stai cercando un deposito bagagli vicino al Castello Sforzesco? Puoi depositare le tue borse in uno dei nostri punti di deposito bagagli proprio dietro la meravigliosa fortezza medievale-rinascimentale e visitare il Castello stesso, o la citt\u00e0 di Milano, senza il peso del bagaglio. I punti di deposito LuggageHero sono hotel, bar e negozi certificati.Le prenotazioni [&hellip;]\" \/>\n<meta property=\"og:url\" content=\"https:\/\/luggagehero.com\/it\/milano\/castello-sforzesco\/\" \/>\n<meta property=\"og:site_name\" content=\"LuggageHero\" \/>\n<meta property=\"article:publisher\" content=\"https:\/\/www.facebook.com\/luggagehero\" \/>\n<meta property=\"article:modified_time\" content=\"2023-09-04T11:06:06+00:00\" \/>\n<meta property=\"og:image\" content=\"https:\/\/luggagehero.com\/wp-content\/uploads\/2019\/06\/shutterstock_1382020967-800x450.jpg\" \/>\n<meta name=\"twitter:card\" content=\"summary_large_image\" \/>\n<meta name=\"twitter:site\" content=\"@luggagehero\" \/>\n<meta name=\"twitter:label1\" content=\"Est. reading time\" \/>\n\t<meta name=\"twitter:data1\" content=\"2 minutes\" \/>\n<script type=\"application\/ld+json\" class=\"yoast-schema-graph\">{\"@context\":\"https:\/\/schema.org\",\"@graph\":[{\"@type\":\"WebPage\",\"@id\":\"https:\/\/luggagehero.com\/it\/milano\/castello-sforzesco\/\",\"url\":\"https:\/\/luggagehero.com\/it\/milano\/castello-sforzesco\/\",\"name\":\"Castello Sforzesco - LuggageHero\",\"isPartOf\":{\"@id\":\"https:\/\/luggagehero.com\/it\/#website\"},\"primaryImageOfPage\":{\"@id\":\"https:\/\/luggagehero.com\/it\/milano\/castello-sforzesco\/#primaryimage\"},\"image\":{\"@id\":\"https:\/\/luggagehero.com\/it\/milano\/castello-sforzesco\/#primaryimage\"},\"thumbnailUrl\":\"https:\/\/luggagehero.com\/wp-content\/uploads\/2019\/06\/shutterstock_1382020967-800x450.jpg\",\"datePublished\":\"2019-07-06T05:26:55+00:00\",\"dateModified\":\"2023-09-04T11:06:06+00:00\",\"breadcrumb\":{\"@id\":\"https:\/\/luggagehero.com\/it\/milano\/castello-sforzesco\/#breadcrumb\"},\"inLanguage\":\"it-IT\",\"potentialAction\":[{\"@type\":\"ReadAction\",\"target\":[\"https:\/\/luggagehero.com\/it\/milano\/castello-sforzesco\/\"]}]},{\"@type\":\"ImageObject\",\"inLanguage\":\"it-IT\",\"@id\":\"https:\/\/luggagehero.com\/it\/milano\/castello-sforzesco\/#primaryimage\",\"url\":\"https:\/\/luggagehero.com\/wp-content\/uploads\/2019\/06\/shutterstock_1382020967-800x450.jpg\",\"contentUrl\":\"https:\/\/luggagehero.com\/wp-content\/uploads\/2019\/06\/shutterstock_1382020967-800x450.jpg\"},{\"@type\":\"BreadcrumbList\",\"@id\":\"https:\/\/luggagehero.com\/it\/milano\/castello-sforzesco\/#breadcrumb\",\"itemListElement\":[{\"@type\":\"ListItem\",\"position\":1,\"name\":\"Home\",\"item\":\"https:\/\/luggagehero.com\/it\/\"},{\"@type\":\"ListItem\",\"position\":2,\"name\":\"Milano\",\"item\":\"https:\/\/luggagehero.com\/it\/milano\/\"},{\"@type\":\"ListItem\",\"position\":3,\"name\":\"Castello Sforzesco\"}]},{\"@type\":\"WebSite\",\"@id\":\"https:\/\/luggagehero.com\/it\/#website\",\"url\":\"https:\/\/luggagehero.com\/it\/\",\"name\":\"LuggageHero\",\"description\":\"Free yourself from luggage\",\"publisher\":{\"@id\":\"https:\/\/luggagehero.com\/it\/#organization\"},\"potentialAction\":[{\"@type\":\"SearchAction\",\"target\":{\"@type\":\"EntryPoint\",\"urlTemplate\":\"https:\/\/luggagehero.com\/it\/?s={search_term_string}\"},\"query-input\":{\"@type\":\"PropertyValueSpecification\",\"valueRequired\":true,\"valueName\":\"search_term_string\"}}],\"inLanguage\":\"it-IT\"},{\"@type\":\"Organization\",\"@id\":\"https:\/\/luggagehero.com\/it\/#organization\",\"name\":\"LuggageHero\",\"url\":\"https:\/\/luggagehero.com\/it\/\",\"logo\":{\"@type\":\"ImageObject\",\"inLanguage\":\"it-IT\",\"@id\":\"https:\/\/luggagehero.com\/it\/#\/schema\/logo\/image\/\",\"url\":\"https:\/\/luggagehero.com\/wp-content\/uploads\/2017\/04\/luggagehero_LOGO-RGB_kort_POS_200x200.png\",\"contentUrl\":\"https:\/\/luggagehero.com\/wp-content\/uploads\/2017\/04\/luggagehero_LOGO-RGB_kort_POS_200x200.png\",\"width\":200,\"height\":200,\"caption\":\"LuggageHero\"},\"image\":{\"@id\":\"https:\/\/luggagehero.com\/it\/#\/schema\/logo\/image\/\"},\"sameAs\":[\"https:\/\/www.facebook.com\/luggagehero\",\"https:\/\/x.com\/luggagehero\",\"https:\/\/www.instagram.com\/luggagehero\",\"https:\/\/www.linkedin.com\/company\/luggagehero\/\"]}]}<\/script>\n<!-- \/ Yoast SEO Premium plugin. -->","yoast_head_json":{"title":"Castello Sforzesco - LuggageHero","robots":{"index":"index","follow":"follow","max-snippet":"max-snippet:-1","max-image-preview":"max-image-preview:large","max-video-preview":"max-video-preview:-1"},"canonical":"https:\/\/luggagehero.com\/it\/milano\/castello-sforzesco\/","og_locale":"it_IT","og_type":"article","og_title":"Castello Sforzesco","og_description":"Stai cercando un deposito bagagli vicino al Castello Sforzesco? Puoi depositare le tue borse in uno dei nostri punti di deposito bagagli proprio dietro la meravigliosa fortezza medievale-rinascimentale e visitare il Castello stesso, o la citt\u00e0 di Milano, senza il peso del bagaglio. I punti di deposito LuggageHero sono hotel, bar e negozi certificati.Le prenotazioni [&hellip;]","og_url":"https:\/\/luggagehero.com\/it\/milano\/castello-sforzesco\/","og_site_name":"LuggageHero","article_publisher":"https:\/\/www.facebook.com\/luggagehero","article_modified_time":"2023-09-04T11:06:06+00:00","og_image":[{"url":"https:\/\/luggagehero.com\/wp-content\/uploads\/2019\/06\/shutterstock_1382020967-800x450.jpg","type":"","width":"","height":""}],"twitter_card":"summary_large_image","twitter_site":"@luggagehero","twitter_misc":{"Est. reading time":"2 minutes"},"schema":{"@context":"https:\/\/schema.org","@graph":[{"@type":"WebPage","@id":"https:\/\/luggagehero.com\/it\/milano\/castello-sforzesco\/","url":"https:\/\/luggagehero.com\/it\/milano\/castello-sforzesco\/","name":"Castello Sforzesco - LuggageHero","isPartOf":{"@id":"https:\/\/luggagehero.com\/it\/#website"},"primaryImageOfPage":{"@id":"https:\/\/luggagehero.com\/it\/milano\/castello-sforzesco\/#primaryimage"},"image":{"@id":"https:\/\/luggagehero.com\/it\/milano\/castello-sforzesco\/#primaryimage"},"thumbnailUrl":"https:\/\/luggagehero.com\/wp-content\/uploads\/2019\/06\/shutterstock_1382020967-800x450.jpg","datePublished":"2019-07-06T05:26:55+00:00","dateModified":"2023-09-04T11:06:06+00:00","breadcrumb":{"@id":"https:\/\/luggagehero.com\/it\/milano\/castello-sforzesco\/#breadcrumb"},"inLanguage":"it-IT","potentialAction":[{"@type":"ReadAction","target":["https:\/\/luggagehero.com\/it\/milano\/castello-sforzesco\/"]}]},{"@type":"ImageObject","inLanguage":"it-IT","@id":"https:\/\/luggagehero.com\/it\/milano\/castello-sforzesco\/#primaryimage","url":"https:\/\/luggagehero.com\/wp-content\/uploads\/2019\/06\/shutterstock_1382020967-800x450.jpg","contentUrl":"https:\/\/luggagehero.com\/wp-content\/uploads\/2019\/06\/shutterstock_1382020967-800x450.jpg"},{"@type":"BreadcrumbList","@id":"https:\/\/luggagehero.com\/it\/milano\/castello-sforzesco\/#breadcrumb","itemListElement":[{"@type":"ListItem","position":1,"name":"Home","item":"https:\/\/luggagehero.com\/it\/"},{"@type":"ListItem","position":2,"name":"Milano","item":"https:\/\/luggagehero.com\/it\/milano\/"},{"@type":"ListItem","position":3,"name":"Castello Sforzesco"}]},{"@type":"WebSite","@id":"https:\/\/luggagehero.com\/it\/#website","url":"https:\/\/luggagehero.com\/it\/","name":"LuggageHero","description":"Free yourself from luggage","publisher":{"@id":"https:\/\/luggagehero.com\/it\/#organization"},"potentialAction":[{"@type":"SearchAction","target":{"@type":"EntryPoint","urlTemplate":"https:\/\/luggagehero.com\/it\/?s={search_term_string}"},"query-input":{"@type":"PropertyValueSpecification","valueRequired":true,"valueName":"search_term_string"}}],"inLanguage":"it-IT"},{"@type":"Organization","@id":"https:\/\/luggagehero.com\/it\/#organization","name":"LuggageHero","url":"https:\/\/luggagehero.com\/it\/","logo":{"@type":"ImageObject","inLanguage":"it-IT","@id":"https:\/\/luggagehero.com\/it\/#\/schema\/logo\/image\/","url":"https:\/\/luggagehero.com\/wp-content\/uploads\/2017\/04\/luggagehero_LOGO-RGB_kort_POS_200x200.png","contentUrl":"https:\/\/luggagehero.com\/wp-content\/uploads\/2017\/04\/luggagehero_LOGO-RGB_kort_POS_200x200.png","width":200,"height":200,"caption":"LuggageHero"},"image":{"@id":"https:\/\/luggagehero.com\/it\/#\/schema\/logo\/image\/"},"sameAs":["https:\/\/www.facebook.com\/luggagehero","https:\/\/x.com\/luggagehero","https:\/\/www.instagram.com\/luggagehero","https:\/\/www.linkedin.com\/company\/luggagehero\/"]}]}},"place_id":"","place_latitude_longitude":"45.470604076936155, 9.179257396074863","place_name":"Castello Sforzesco","criteria_title":"","criteria_description":"","meta_title":"","meta_description":"","children_criteria_title":"","children_criteria_description":"","children_meta_title":"","children_meta_description":"","_edit_last":"46","use_global_content":"","poi_type":"TouristAttraction","content_raw":"<span style=\"font-weight: 400;\">Stai cercando un deposito bagagli vicino al Castello Sforzesco? Puoi depositare le tue borse in uno dei nostri punti di deposito bagagli proprio dietro la meravigliosa fortezza medievale-rinascimentale e visitare il Castello stesso, o la citt\u00e0 di <a href=\"https:\/\/luggagehero.com\/milan\">Milano<\/a>, senza il peso del bagaglio.<\/span>\r\nI punti di deposito LuggageHero sono\r\n<span style=\"font-weight: 400;\">hotel, bar e negozi<\/span><a href=\"https:\/\/luggagehero.com\/about\/certified-shops\/\"><span style=\"font-weight: 400;\"> certificati.<\/span><\/a><span style=\"font-weight: 400;\">Le prenotazioni effettuate in anticipo ti garantiscono un posto disponibile per le tue borse.L\u2019indirizzo e le indicazioni stradali ai nostri negozi partner vengono messi a disposizione al momento della prenotazione. Tutte le borse vengono protette dai nostri <\/span><a href=\"https:\/\/luggagehero.com\/about\/security-seal\/\"><span style=\"font-weight: 400;\">sigilli di sicurezza<\/span><\/a><span style=\"font-weight: 400;\"> che garantiscono una copertura assicurativa fino a [pricing insurancecoverage] per ogni singolo bagaglio, una volta che siano state consegnate e che il timer di deposito sia stato avviato dalla tua pagina di prenotazione.<\/span>\r\n\r\n<img class=\"aligncenter size-large wp-image-8062\" src=\"https:\/\/luggagehero.com\/wp-content\/uploads\/2019\/06\/shutterstock_1382020967-800x450.jpg\" alt=\"\" width=\"800\" height=\"450\" \/>\r\n<h2 style=\"text-align: center;\">Castello Sforzesco<\/h2>\r\nIl Castello Sforzesco \u00e8 un monumento che ospita diversi musei specializzati e numerose vestigia del passato della citt\u00e0: una vera e propria oasi di arte e cultura. La fortezza si trova a nord-ovest dal centro della citt\u00e0, in prossimit\u00e0 di Piazza Castello. Puoi raggiungere il Castello dalla <a href=\"https:\/\/luggagehero.com\/milan\/cadorna-station\/\">stazione di Cadorna<\/a> e con diversi tram. Il Castello Sforzesco \u00e8 aperto tutti i giorni dalle 7.00 alle 19.30, ma il museo al suo interno \u00e8 aperto solamente dal marted\u00ec alla domenica, dalle 9.00 alle 17.30.\r\n\r\nL'ingresso al Castello \u00e8 gratuito, ma per visitare il museo bisogna acquistare un biglietto del costo di \u20ac10 per gli adulti, mentre \u00e8 gratuito sotto i 25 anni.","_links":{"self":[{"href":"https:\/\/luggagehero.com\/it\/wp-json\/wp\/v2\/pages\/8157","targetHints":{"allow":["GET"]}}],"collection":[{"href":"https:\/\/luggagehero.com\/it\/wp-json\/wp\/v2\/pages"}],"about":[{"href":"https:\/\/luggagehero.com\/it\/wp-json\/wp\/v2\/types\/page"}],"author":[{"embeddable":true,"href":"https:\/\/luggagehero.com\/it\/wp-json\/wp\/v2\/users\/9"}],"replies":[{"embeddable":true,"href":"https:\/\/luggagehero.com\/it\/wp-json\/wp\/v2\/comments?post=8157"}],"version-history":[{"count":0,"href":"https:\/\/luggagehero.com\/it\/wp-json\/wp\/v2\/pages\/8157\/revisions"}],"up":[{"embeddable":true,"href":"https:\/\/luggagehero.com\/it\/wp-json\/wp\/v2\/pages\/8152"}],"wp:attachment":[{"href":"https:\/\/luggagehero.com\/it\/wp-json\/wp\/v2\/media?parent=8157"}],"curies":[{"name":"wp","href":"https:\/\/api.w.org\/{rel}","templated":true}]}}