{"id":8159,"date":"2019-07-06T05:26:56","date_gmt":"2019-07-06T05:26:56","guid":{"rendered":"https:\/\/luggagehero.com\/milano\/stadio-di-san-siro\/"},"modified":"2023-08-22T13:20:11","modified_gmt":"2023-08-22T13:20:11","slug":"stadio-di-san-siro","status":"publish","type":"page","link":"https:\/\/luggagehero.com\/it\/milano\/stadio-di-san-siro\/","title":{"rendered":"Stadio di San Siro"},"content":{"rendered":"<p><span style=\"font-weight: 400;\">Stai cercando un deposito bagagli vicino allo stadio di San Siro? Liberati dei tuoi bagagli e sfrutta al massimo la tua visita a San Siro. Puoi depositare le tue borse in uno dei nostri punti di deposito bagagli nella zona dello stadio o in qualsiasi altra zona di <a href=\"https:\/\/luggagehero.com\/milan\">Milano<\/a>.<\/span><\/p>\n<p><span style=\"font-weight: 400;\">I punti di deposito LuggageHero sono <\/span><a href=\"https:\/\/luggagehero.com\/about\/certified-shops\/\"><span style=\"font-weight: 400;\">hotel, bar e negozi certificati.<\/span><\/a><span style=\"font-weight: 400;\">Le prenotazioni effettuate in anticipo ti garantiscono un posto disponibile per le tue borse. L\u2019indirizzo e le indicazioni stradali ai nostri negozi partner vengono messi a disposizione al momento della prenotazione. Tutte le borse vengono protette dai nostri <\/span><a href=\"https:\/\/luggagehero.com\/about\/security-seal\/\"><span style=\"font-weight: 400;\">sigilli di sicurezza<\/span><\/a><span style=\"font-weight: 400;\"> che garantiscono una copertura assicurativa fino a <pricing-component type=\"insurancecoverage\"><\/pricing-component> per ogni singolo bagaglio, una volta che siano state consegnate e che il timer di deposito sia stato avviato dalla tua pagina di prenotazione.<\/span><\/p>\n<p><b>Il nostro servizio \u00e8 simile al deposito bagagli dell&#8217;hotel<\/b><\/p>\n<p><span style=\"font-weight: 400;\">Quante volte ti sei chiesto \u201csi possono lasciare i bagagli in stazione, o nell\u2019hotel?\u201d \u201cstazione termini deposito bagagli prezzi?\u201d<\/span><\/p>\n<p><span style=\"font-weight: 400;\">Molti viaggiatori si fanno queste domande, e molte volte vengono fatte al personale della reception. Non c&#8217;\u00e8 pi\u00f9 bisogno di farsi queste domande: LuggageHero offre, pi\u00f9 o meno, lo stesso servizio per tutti, non importa se soggiorni in un hotel, Airbnb o altrove. Siamo sempre pronti ad aiutarti.<\/span><\/p>\n<p><b>Riponi le tue valigie nei negozi verificati con questo codice sconto<\/b><\/p>\n<p style=\"text-align: left;\"><span style=\"font-weight: 400;\">Ai nostri affezionati clienti e nuovi clienti offriamo un codice sconto per due ore di deposito bagagli GRATUITO. Il codice sconto \u00e8 valido per il resto dell\u2019anno in TUTTE le citt\u00e0 e in TUTTI i negozi, inclusi i negozi Premium Partner!<\/span><\/p>\n<p style=\"text-align: center;\"><span style=\"font-weight: 400;\">Utilizza semplicemente il seguente codice sconto al momento della prenotazione:<\/span><\/p>\n<p style=\"text-align: center;\"><b>LOVE2<\/b><\/p>\n<p>&nbsp;<\/p>\n<p><img loading=\"lazy\" decoding=\"async\" class=\"aligncenter size-large wp-image-8093\" src=\"https:\/\/luggagehero.com\/wp-content\/uploads\/2019\/06\/shutterstock_179552-800x284.jpg\" alt=\"\" width=\"800\" height=\"284\" srcset=\"https:\/\/luggagehero.com\/wp-content\/uploads\/2019\/06\/shutterstock_179552-800x284.jpg 800w, https:\/\/luggagehero.com\/wp-content\/uploads\/2019\/06\/shutterstock_179552-300x107.jpg 300w, https:\/\/luggagehero.com\/wp-content\/uploads\/2019\/06\/shutterstock_179552-600x213.jpg 600w, https:\/\/luggagehero.com\/wp-content\/uploads\/2019\/06\/shutterstock_179552.jpg 1000w\" sizes=\"auto, (max-width: 800px) 100vw, 800px\" \/><\/p>\n<h2 style=\"text-align: center;\">Stadio di San Siro<\/h2>\n<p>Lo stadio di San Siro ha 80.018 posti a sedere ed \u00e8 l&#8217;impianto casalingo della squadra AC Milan: non solo \u00e8 lo stadio pi\u00f9 grande d&#8217;Italia, ma \u00e8 anche sempre affollato in qualsiasi giornata di gara.<\/p>\n<p>Lo stadio si trova nel quartiere San Siro di Milano, a nord-ovest dal centro della citt\u00e0 ed \u00e8 collegato dalle linee metropolitane a <a href=\"https:\/\/luggagehero.com\/milan\/duomo\/\">Piazza del Duomo<\/a>, alla <a href=\"https:\/\/luggagehero.com\/milan\/central-station\/\">stazione Centrale<\/a> e alla <a href=\"https:\/\/luggagehero.com\/milan\/porta-garibaldi\/\">stazione di Porta Garibaldi<\/a>. \u00c8 raggiungibile in soli 20-30 minuti.<\/p>\n<h3 style=\"text-align: left;\"><strong>Ricordati di scaricare la nostra app!<\/strong><\/h3>\n<p>Grazie all&#8217; app di LuggageHero puoi facilmente trovarci a Roma e lasciarci il tuo bagaglio. 1000+ location ti aspettano, scarica la nostra app!<\/p>\n\n<div class=\"block-app-downloader\">\n\t<ul class=\"app-images\">\n\t\t\t\t\t<li class=\"app-img\">\n\t\t\t\t<img decoding=\"async\" loading=\"lazy\" src=\"https:\/\/luggagehero.com\/wp-content\/uploads\/2020\/08\/app-1.png\" alt=\"App screenshot\">\n\t\t\t<\/li>\n\t\t\t\t\t<li class=\"app-img\">\n\t\t\t\t<img decoding=\"async\" loading=\"lazy\" src=\"https:\/\/luggagehero.com\/wp-content\/uploads\/2020\/08\/app-2.png\" alt=\"App screenshot\">\n\t\t\t<\/li>\n\t\t\t\t\t<li class=\"app-img\">\n\t\t\t\t<img decoding=\"async\" loading=\"lazy\" src=\"https:\/\/luggagehero.com\/wp-content\/uploads\/2020\/08\/app-3.png\" alt=\"App screenshot\">\n\t\t\t<\/li>\n\t\t\t\t\t<li class=\"app-img\">\n\t\t\t\t<img decoding=\"async\" loading=\"lazy\" src=\"https:\/\/luggagehero.com\/wp-content\/uploads\/2020\/08\/app-4.png\" alt=\"App screenshot\">\n\t\t\t<\/li>\n\t\t\t\t\t<li class=\"app-img\">\n\t\t\t\t<img decoding=\"async\" loading=\"lazy\" src=\"https:\/\/luggagehero.com\/wp-content\/uploads\/2020\/08\/app-5.png\" alt=\"App screenshot\">\n\t\t\t<\/li>\n\t\t\t<\/ul>\n\n\t<div class=\"apps-box\">\n\t\t<p> Usa LuggageHero ovunque con l'app ufficiale per iPhone e Android<\/p>\n\t\t<a href=\"https:\/\/apps.apple.com\/us\/app\/luggagehero-luggage-storage\/id1481057935\" target=\"_blank\">\n\t\t\t<img decoding=\"async\" loading=\"lazy\" src=\"https:\/\/luggagehero.com\/wp-content\/uploads\/2020\/08\/badge-as.png\" alt=\"Download on the ios App Store\">\n\t\t<\/a>\n\n\t\t<a href=\"https:\/\/play.google.com\/store\/apps\/details?id=com.luggagehero.android\" target=\"_blank\">\n\t\t\t<img decoding=\"async\" loading=\"lazy\" src=\"https:\/\/luggagehero.com\/wp-content\/uploads\/2020\/08\/badge-gp.png\" alt=\"Get it on Google Play\">\n\t\t<\/a>\n\t<\/div>\n<\/div>\n","protected":false},"excerpt":{"rendered":"<p>Stai cercando un deposito bagagli vicino allo stadio di San Siro? Liberati dei tuoi bagagli e sfrutta al massimo la tua visita a San Siro. Puoi depositare le tue borse in uno dei nostri punti di deposito bagagli nella zona dello stadio o in qualsiasi altra zona di Milano. I punti di deposito LuggageHero sono [&hellip;]<\/p>\n","protected":false},"author":9,"featured_media":0,"parent":8152,"menu_order":0,"comment_status":"closed","ping_status":"closed","template":"template-location.php","meta":{"_acf_changed":false,"footnotes":""},"class_list":["post-8159","page","type-page","status-publish","hentry"],"acf":[],"yoast_head":"<!-- This site is optimized with the Yoast SEO Premium plugin v27.0 (Yoast SEO v27.0) - https:\/\/yoast.com\/product\/yoast-seo-premium-wordpress\/ -->\n<title>Stadio di San Siro - LuggageHero<\/title>\n<meta name=\"robots\" content=\"index, follow, max-snippet:-1, max-image-preview:large, max-video-preview:-1\" \/>\n<link rel=\"canonical\" href=\"https:\/\/luggagehero.com\/it\/milano\/stadio-di-san-siro\/\" \/>\n<meta property=\"og:locale\" content=\"it_IT\" \/>\n<meta property=\"og:type\" content=\"article\" \/>\n<meta property=\"og:title\" content=\"Stadio di San Siro\" \/>\n<meta property=\"og:description\" content=\"Stai cercando un deposito bagagli vicino allo stadio di San Siro? Liberati dei tuoi bagagli e sfrutta al massimo la tua visita a San Siro. Puoi depositare le tue borse in uno dei nostri punti di deposito bagagli nella zona dello stadio o in qualsiasi altra zona di Milano. I punti di deposito LuggageHero sono [&hellip;]\" \/>\n<meta property=\"og:url\" content=\"https:\/\/luggagehero.com\/it\/milano\/stadio-di-san-siro\/\" \/>\n<meta property=\"og:site_name\" content=\"LuggageHero\" \/>\n<meta property=\"article:publisher\" content=\"https:\/\/www.facebook.com\/luggagehero\" \/>\n<meta property=\"article:modified_time\" content=\"2023-08-22T13:20:11+00:00\" \/>\n<meta property=\"og:image\" content=\"https:\/\/luggagehero.com\/wp-content\/uploads\/2019\/06\/shutterstock_179552-800x284.jpg\" \/>\n<meta name=\"twitter:card\" content=\"summary_large_image\" \/>\n<meta name=\"twitter:site\" content=\"@luggagehero\" \/>\n<meta name=\"twitter:label1\" content=\"Est. reading time\" \/>\n\t<meta name=\"twitter:data1\" content=\"2 minutes\" \/>\n<script type=\"application\/ld+json\" class=\"yoast-schema-graph\">{\"@context\":\"https:\/\/schema.org\",\"@graph\":[{\"@type\":\"WebPage\",\"@id\":\"https:\/\/luggagehero.com\/it\/milano\/stadio-di-san-siro\/\",\"url\":\"https:\/\/luggagehero.com\/it\/milano\/stadio-di-san-siro\/\",\"name\":\"Stadio di San Siro - LuggageHero\",\"isPartOf\":{\"@id\":\"https:\/\/luggagehero.com\/it\/#website\"},\"primaryImageOfPage\":{\"@id\":\"https:\/\/luggagehero.com\/it\/milano\/stadio-di-san-siro\/#primaryimage\"},\"image\":{\"@id\":\"https:\/\/luggagehero.com\/it\/milano\/stadio-di-san-siro\/#primaryimage\"},\"thumbnailUrl\":\"https:\/\/luggagehero.com\/wp-content\/uploads\/2019\/06\/shutterstock_179552-800x284.jpg\",\"datePublished\":\"2019-07-06T05:26:56+00:00\",\"dateModified\":\"2023-08-22T13:20:11+00:00\",\"breadcrumb\":{\"@id\":\"https:\/\/luggagehero.com\/it\/milano\/stadio-di-san-siro\/#breadcrumb\"},\"inLanguage\":\"it-IT\",\"potentialAction\":[{\"@type\":\"ReadAction\",\"target\":[\"https:\/\/luggagehero.com\/it\/milano\/stadio-di-san-siro\/\"]}]},{\"@type\":\"ImageObject\",\"inLanguage\":\"it-IT\",\"@id\":\"https:\/\/luggagehero.com\/it\/milano\/stadio-di-san-siro\/#primaryimage\",\"url\":\"https:\/\/luggagehero.com\/wp-content\/uploads\/2019\/06\/shutterstock_179552-800x284.jpg\",\"contentUrl\":\"https:\/\/luggagehero.com\/wp-content\/uploads\/2019\/06\/shutterstock_179552-800x284.jpg\"},{\"@type\":\"BreadcrumbList\",\"@id\":\"https:\/\/luggagehero.com\/it\/milano\/stadio-di-san-siro\/#breadcrumb\",\"itemListElement\":[{\"@type\":\"ListItem\",\"position\":1,\"name\":\"Home\",\"item\":\"https:\/\/luggagehero.com\/it\/\"},{\"@type\":\"ListItem\",\"position\":2,\"name\":\"Milano\",\"item\":\"https:\/\/luggagehero.com\/it\/milano\/\"},{\"@type\":\"ListItem\",\"position\":3,\"name\":\"Stadio di San Siro\"}]},{\"@type\":\"WebSite\",\"@id\":\"https:\/\/luggagehero.com\/it\/#website\",\"url\":\"https:\/\/luggagehero.com\/it\/\",\"name\":\"LuggageHero\",\"description\":\"Free yourself from luggage\",\"publisher\":{\"@id\":\"https:\/\/luggagehero.com\/it\/#organization\"},\"potentialAction\":[{\"@type\":\"SearchAction\",\"target\":{\"@type\":\"EntryPoint\",\"urlTemplate\":\"https:\/\/luggagehero.com\/it\/?s={search_term_string}\"},\"query-input\":{\"@type\":\"PropertyValueSpecification\",\"valueRequired\":true,\"valueName\":\"search_term_string\"}}],\"inLanguage\":\"it-IT\"},{\"@type\":\"Organization\",\"@id\":\"https:\/\/luggagehero.com\/it\/#organization\",\"name\":\"LuggageHero\",\"url\":\"https:\/\/luggagehero.com\/it\/\",\"logo\":{\"@type\":\"ImageObject\",\"inLanguage\":\"it-IT\",\"@id\":\"https:\/\/luggagehero.com\/it\/#\/schema\/logo\/image\/\",\"url\":\"https:\/\/luggagehero.com\/wp-content\/uploads\/2017\/04\/luggagehero_LOGO-RGB_kort_POS_200x200.png\",\"contentUrl\":\"https:\/\/luggagehero.com\/wp-content\/uploads\/2017\/04\/luggagehero_LOGO-RGB_kort_POS_200x200.png\",\"width\":200,\"height\":200,\"caption\":\"LuggageHero\"},\"image\":{\"@id\":\"https:\/\/luggagehero.com\/it\/#\/schema\/logo\/image\/\"},\"sameAs\":[\"https:\/\/www.facebook.com\/luggagehero\",\"https:\/\/x.com\/luggagehero\",\"https:\/\/www.instagram.com\/luggagehero\",\"https:\/\/www.linkedin.com\/company\/luggagehero\/\"]}]}<\/script>\n<!-- \/ Yoast SEO Premium plugin. -->","yoast_head_json":{"title":"Stadio di San Siro - LuggageHero","robots":{"index":"index","follow":"follow","max-snippet":"max-snippet:-1","max-image-preview":"max-image-preview:large","max-video-preview":"max-video-preview:-1"},"canonical":"https:\/\/luggagehero.com\/it\/milano\/stadio-di-san-siro\/","og_locale":"it_IT","og_type":"article","og_title":"Stadio di San Siro","og_description":"Stai cercando un deposito bagagli vicino allo stadio di San Siro? Liberati dei tuoi bagagli e sfrutta al massimo la tua visita a San Siro. Puoi depositare le tue borse in uno dei nostri punti di deposito bagagli nella zona dello stadio o in qualsiasi altra zona di Milano. I punti di deposito LuggageHero sono [&hellip;]","og_url":"https:\/\/luggagehero.com\/it\/milano\/stadio-di-san-siro\/","og_site_name":"LuggageHero","article_publisher":"https:\/\/www.facebook.com\/luggagehero","article_modified_time":"2023-08-22T13:20:11+00:00","og_image":[{"url":"https:\/\/luggagehero.com\/wp-content\/uploads\/2019\/06\/shutterstock_179552-800x284.jpg","type":"","width":"","height":""}],"twitter_card":"summary_large_image","twitter_site":"@luggagehero","twitter_misc":{"Est. reading time":"2 minutes"},"schema":{"@context":"https:\/\/schema.org","@graph":[{"@type":"WebPage","@id":"https:\/\/luggagehero.com\/it\/milano\/stadio-di-san-siro\/","url":"https:\/\/luggagehero.com\/it\/milano\/stadio-di-san-siro\/","name":"Stadio di San Siro - LuggageHero","isPartOf":{"@id":"https:\/\/luggagehero.com\/it\/#website"},"primaryImageOfPage":{"@id":"https:\/\/luggagehero.com\/it\/milano\/stadio-di-san-siro\/#primaryimage"},"image":{"@id":"https:\/\/luggagehero.com\/it\/milano\/stadio-di-san-siro\/#primaryimage"},"thumbnailUrl":"https:\/\/luggagehero.com\/wp-content\/uploads\/2019\/06\/shutterstock_179552-800x284.jpg","datePublished":"2019-07-06T05:26:56+00:00","dateModified":"2023-08-22T13:20:11+00:00","breadcrumb":{"@id":"https:\/\/luggagehero.com\/it\/milano\/stadio-di-san-siro\/#breadcrumb"},"inLanguage":"it-IT","potentialAction":[{"@type":"ReadAction","target":["https:\/\/luggagehero.com\/it\/milano\/stadio-di-san-siro\/"]}]},{"@type":"ImageObject","inLanguage":"it-IT","@id":"https:\/\/luggagehero.com\/it\/milano\/stadio-di-san-siro\/#primaryimage","url":"https:\/\/luggagehero.com\/wp-content\/uploads\/2019\/06\/shutterstock_179552-800x284.jpg","contentUrl":"https:\/\/luggagehero.com\/wp-content\/uploads\/2019\/06\/shutterstock_179552-800x284.jpg"},{"@type":"BreadcrumbList","@id":"https:\/\/luggagehero.com\/it\/milano\/stadio-di-san-siro\/#breadcrumb","itemListElement":[{"@type":"ListItem","position":1,"name":"Home","item":"https:\/\/luggagehero.com\/it\/"},{"@type":"ListItem","position":2,"name":"Milano","item":"https:\/\/luggagehero.com\/it\/milano\/"},{"@type":"ListItem","position":3,"name":"Stadio di San Siro"}]},{"@type":"WebSite","@id":"https:\/\/luggagehero.com\/it\/#website","url":"https:\/\/luggagehero.com\/it\/","name":"LuggageHero","description":"Free yourself from luggage","publisher":{"@id":"https:\/\/luggagehero.com\/it\/#organization"},"potentialAction":[{"@type":"SearchAction","target":{"@type":"EntryPoint","urlTemplate":"https:\/\/luggagehero.com\/it\/?s={search_term_string}"},"query-input":{"@type":"PropertyValueSpecification","valueRequired":true,"valueName":"search_term_string"}}],"inLanguage":"it-IT"},{"@type":"Organization","@id":"https:\/\/luggagehero.com\/it\/#organization","name":"LuggageHero","url":"https:\/\/luggagehero.com\/it\/","logo":{"@type":"ImageObject","inLanguage":"it-IT","@id":"https:\/\/luggagehero.com\/it\/#\/schema\/logo\/image\/","url":"https:\/\/luggagehero.com\/wp-content\/uploads\/2017\/04\/luggagehero_LOGO-RGB_kort_POS_200x200.png","contentUrl":"https:\/\/luggagehero.com\/wp-content\/uploads\/2017\/04\/luggagehero_LOGO-RGB_kort_POS_200x200.png","width":200,"height":200,"caption":"LuggageHero"},"image":{"@id":"https:\/\/luggagehero.com\/it\/#\/schema\/logo\/image\/"},"sameAs":["https:\/\/www.facebook.com\/luggagehero","https:\/\/x.com\/luggagehero","https:\/\/www.instagram.com\/luggagehero","https:\/\/www.linkedin.com\/company\/luggagehero\/"]}]}},"place_id":"","place_latitude_longitude":"45.47802793640502, 9.123920885056364","place_name":"Stadio di San Siro","criteria_title":"","criteria_description":"","meta_title":"","meta_description":"","children_criteria_title":"","children_criteria_description":"","children_meta_title":"","children_meta_description":"","_edit_last":"46","use_global_content":"","poi_type":"PublicTransit","content_raw":"<span style=\"font-weight: 400;\">Stai cercando un deposito bagagli vicino allo stadio di San Siro? Liberati dei tuoi bagagli e sfrutta al massimo la tua visita a San Siro. Puoi depositare le tue borse in uno dei nostri punti di deposito bagagli nella zona dello stadio o in qualsiasi altra zona di <a href=\"https:\/\/luggagehero.com\/milan\">Milano<\/a>.<\/span>\r\n\r\n<span style=\"font-weight: 400;\">I punti di deposito LuggageHero sono <\/span><a href=\"https:\/\/luggagehero.com\/about\/certified-shops\/\"><span style=\"font-weight: 400;\">hotel, bar e negozi certificati.<\/span><\/a><span style=\"font-weight: 400;\">Le prenotazioni effettuate in anticipo ti garantiscono un posto disponibile per le tue borse. L\u2019indirizzo e le indicazioni stradali ai nostri negozi partner vengono messi a disposizione al momento della prenotazione. Tutte le borse vengono protette dai nostri <\/span><a href=\"https:\/\/luggagehero.com\/about\/security-seal\/\"><span style=\"font-weight: 400;\">sigilli di sicurezza<\/span><\/a><span style=\"font-weight: 400;\"> che garantiscono una copertura assicurativa fino a [pricing insurancecoverage] per ogni singolo bagaglio, una volta che siano state consegnate e che il timer di deposito sia stato avviato dalla tua pagina di prenotazione.<\/span>\r\n\r\n<b>Il nostro servizio \u00e8 simile al deposito bagagli dell'hotel<\/b>\r\n\r\n<span style=\"font-weight: 400;\">Quante volte ti sei chiesto \u201csi possono lasciare i bagagli in stazione, o nell\u2019hotel?\u201d \u201cstazione termini deposito bagagli prezzi?\u201d<\/span>\r\n\r\n<span style=\"font-weight: 400;\">Molti viaggiatori si fanno queste domande, e molte volte vengono fatte al personale della reception. Non c'\u00e8 pi\u00f9 bisogno di farsi queste domande: LuggageHero offre, pi\u00f9 o meno, lo stesso servizio per tutti, non importa se soggiorni in un hotel, Airbnb o altrove. Siamo sempre pronti ad aiutarti.<\/span>\r\n\r\n<b>Riponi le tue valigie nei negozi verificati con questo codice sconto<\/b>\r\n<p style=\"text-align: left;\"><span style=\"font-weight: 400;\">Ai nostri affezionati clienti e nuovi clienti offriamo un codice sconto per due ore di deposito bagagli GRATUITO. Il codice sconto \u00e8 valido per il resto dell\u2019anno in TUTTE le citt\u00e0 e in TUTTI i negozi, inclusi i negozi Premium Partner!<\/span><\/p>\r\n<p style=\"text-align: center;\"><span style=\"font-weight: 400;\">Utilizza semplicemente il seguente codice sconto al momento della prenotazione:<\/span><\/p>\r\n<p style=\"text-align: center;\"><b>LOVE2<\/b><\/p>\r\n&nbsp;\r\n\r\n<img class=\"aligncenter size-large wp-image-8093\" src=\"https:\/\/luggagehero.com\/wp-content\/uploads\/2019\/06\/shutterstock_179552-800x284.jpg\" alt=\"\" width=\"800\" height=\"284\" \/>\r\n<h2 style=\"text-align: center;\">Stadio di San Siro<\/h2>\r\nLo stadio di San Siro ha 80.018 posti a sedere ed \u00e8 l'impianto casalingo della squadra AC Milan: non solo \u00e8 lo stadio pi\u00f9 grande d'Italia, ma \u00e8 anche sempre affollato in qualsiasi giornata di gara.\r\n\r\nLo stadio si trova nel quartiere San Siro di Milano, a nord-ovest dal centro della citt\u00e0 ed \u00e8 collegato dalle linee metropolitane a <a href=\"https:\/\/luggagehero.com\/milan\/duomo\/\">Piazza del Duomo<\/a>, alla <a href=\"https:\/\/luggagehero.com\/milan\/central-station\/\">stazione Centrale<\/a> e alla <a href=\"https:\/\/luggagehero.com\/milan\/porta-garibaldi\/\">stazione di Porta Garibaldi<\/a>. \u00c8 raggiungibile in soli 20-30 minuti.\r\n<h3 style=\"text-align: left;\"><strong>Ricordati di scaricare la nostra app!<\/strong><\/h3>\r\nGrazie all' app di LuggageHero puoi facilmente trovarci a Roma e lasciarci il tuo bagaglio. 1000+ location ti aspettano, scarica la nostra app!\r\n\r\n[appdownloader]","_links":{"self":[{"href":"https:\/\/luggagehero.com\/it\/wp-json\/wp\/v2\/pages\/8159","targetHints":{"allow":["GET"]}}],"collection":[{"href":"https:\/\/luggagehero.com\/it\/wp-json\/wp\/v2\/pages"}],"about":[{"href":"https:\/\/luggagehero.com\/it\/wp-json\/wp\/v2\/types\/page"}],"author":[{"embeddable":true,"href":"https:\/\/luggagehero.com\/it\/wp-json\/wp\/v2\/users\/9"}],"replies":[{"embeddable":true,"href":"https:\/\/luggagehero.com\/it\/wp-json\/wp\/v2\/comments?post=8159"}],"version-history":[{"count":0,"href":"https:\/\/luggagehero.com\/it\/wp-json\/wp\/v2\/pages\/8159\/revisions"}],"up":[{"embeddable":true,"href":"https:\/\/luggagehero.com\/it\/wp-json\/wp\/v2\/pages\/8152"}],"wp:attachment":[{"href":"https:\/\/luggagehero.com\/it\/wp-json\/wp\/v2\/media?parent=8159"}],"curies":[{"name":"wp","href":"https:\/\/api.w.org\/{rel}","templated":true}]}}