{"id":17936,"date":"2020-03-12T14:33:59","date_gmt":"2020-03-12T14:33:59","guid":{"rendered":"https:\/\/luggagehero.com\/?page_id=17936"},"modified":"2021-11-11T11:26:38","modified_gmt":"2021-11-11T11:26:38","slug":"hlavni-nadrazi","status":"publish","type":"page","link":"https:\/\/luggagehero.com\/nl\/prague\/hlavni-nadrazi\/","title":{"rendered":"Hlavn\u00ed N\u00e1dra\u017e\u00ed"},"content":{"rendered":"<p>Are you looking for a locker to store your luggage near Main Station (Hlavn\u00ed N\u00e1dra\u017e\u00ed)? LuggageHero has a better solution! You can store your luggage at LuggageHero partner shops and cafes, where they take care of your belongings so that you can enjoy <a href=\"https:\/\/luggagehero.com\/prague\/\">Prague<\/a> without worrying that your stuff might get stolen.<\/p>\n<p>All LuggageHero storage locations are <a href=\"https:\/\/luggagehero.com\/about\/certified-shops\/\">certified<\/a> cafes, shops, and hotels. You can come directly to any of our luggage storage Prague locations, or you can make your online booking in advance to ensure space for your bags in your chosen location. Each piece of your luggage is secured with our <a href=\"https:\/\/luggagehero.com\/about\/security-seal\/\">security seals<\/a> which can ensure each and every piece of your luggage, and everything inside of it, up to the moment you have dropped off your luggage and started your storage timer on the booking page.<\/p>\n<p>&nbsp;<\/p>\n<p><img loading=\"lazy\" decoding=\"async\" class=\"alignright size-full wp-image-17937\" src=\"https:\/\/luggagehero.com\/wp-content\/uploads\/2020\/03\/Hlanvi-nadrazi-scaled.jpg\" sizes=\"auto, (max-width: 2560px) 100vw, 2560px\" srcset=\"https:\/\/luggagehero.com\/wp-content\/uploads\/2020\/03\/Hlanvi-nadrazi-scaled.jpg 2560w, https:\/\/luggagehero.com\/wp-content\/uploads\/2020\/03\/Hlanvi-nadrazi-300x200.jpg 300w, https:\/\/luggagehero.com\/wp-content\/uploads\/2020\/03\/Hlanvi-nadrazi-800x533.jpg 800w, https:\/\/luggagehero.com\/wp-content\/uploads\/2020\/03\/Hlanvi-nadrazi-600x400.jpg 600w, https:\/\/luggagehero.com\/wp-content\/uploads\/2020\/03\/Hlanvi-nadrazi-1536x1024.jpg 1536w, https:\/\/luggagehero.com\/wp-content\/uploads\/2020\/03\/Hlanvi-nadrazi-2048x1366.jpg 2048w\" alt=\"\" width=\"2560\" height=\"1707\" \/><\/p>\n<h2><\/h2>\n<h2 style=\"text-align: center;\">Praha Hlavn\u00ed N\u00e1dra\u017e\u00ed<\/h2>\n<p style=\"text-align: left;\">Hlavn\u00ed N\u00e1dra\u017e\u00ed is the main railway station in Prague. It is the largest station in the Czech Republic that opened in 1871. The main building itself was designed in neo-renaissance style by the architects Anton\u00edn Viktor Barvitius and Vojt\u011bch Ign\u00e1c Ullmann. In 1979, a new terminal building extended the station together with an underground subway station. The building expansion took over a large area of the nearby park.<\/p>\n<p>The regional train services connect Prague with other large Czech cities like Brno, Pilsen, Ceske Budejovice, and Olomouc.<\/p>\n<p>The long-distance international train services get you to Germany, Poland, Slovakia, Hungary, Austria, Switzerland, Serbia, the Netherlands, Serbia, Russia, Ukraine, and even Croatia in the summertime. By taking Regio-Express or EuroCity\/EuroNight transport from Prague\u2019s Main Station (Hlavn\u00ed N\u00e1dra\u017e\u00ed) you get easily get to cities such as:<\/p>\n<ul>\n<li><a href=\"https:\/\/luggagehero.com\/munich\/\">Munich<\/a><\/li>\n<li><a href=\"https:\/\/luggagehero.com\/berlin\/\">Berlin<\/a><\/li>\n<li><a href=\"https:\/\/luggagehero.com\/hamburg\/\">Hamburg<\/a><\/li>\n<\/ul>\n<p><strong>Download our free luggage storage app:<\/strong><\/p>\n<p>For an even better experience, you can download the LuggageHero luggage storage app, where you can find all LugaggeHero locations around Hlavn\u00ed N\u00e1dra\u017e\u00ed (Main Station) and all the locations in Prague and other cities.<\/p>\n<p><img loading=\"lazy\" decoding=\"async\" class=\"aligncenter size-large wp-image-17384\" src=\"https:\/\/luggagehero.com\/wp-content\/uploads\/2020\/03\/apple-app-lh-800x388.jpg\" sizes=\"auto, (max-width: 800px) 100vw, 800px\" srcset=\"https:\/\/luggagehero.com\/wp-content\/uploads\/2020\/03\/apple-app-lh-800x388.jpg 800w, https:\/\/luggagehero.com\/wp-content\/uploads\/2020\/03\/apple-app-lh-300x146.jpg 300w, https:\/\/luggagehero.com\/wp-content\/uploads\/2020\/03\/apple-app-lh-600x291.jpg 600w, https:\/\/luggagehero.com\/wp-content\/uploads\/2020\/03\/apple-app-lh-1536x745.jpg 1536w, https:\/\/luggagehero.com\/wp-content\/uploads\/2020\/03\/apple-app-lh.jpg 1562w\" alt=\"LuggageHero bag storage app\" width=\"800\" height=\"388\" \/><\/p>\n<p>&nbsp;<\/p>\n<p><a href=\"https:\/\/apps.apple.com\/us\/app\/luggagehero-luggage-storage\/id1481057935\">For Apple click here<\/a><\/p>\n<p><a href=\"https:\/\/play.google.com\/store\/apps\/details?id=com.luggagehero.android\">For Android click here<\/a><\/p>\n","protected":false},"excerpt":{"rendered":"<p>Are you looking for a locker to store your luggage near Main Station (Hlavn\u00ed N\u00e1dra\u017e\u00ed)? LuggageHero has a better solution! You can store your luggage at LuggageHero partner shops and cafes, where they take care of your belongings so that you can enjoy Prague without worrying that your stuff might get stolen. All LuggageHero storage [&hellip;]<\/p>\n","protected":false},"author":22,"featured_media":40566,"parent":17847,"menu_order":0,"comment_status":"closed","ping_status":"closed","template":"template-location.php","meta":{"_acf_changed":false,"footnotes":""},"class_list":["post-17936","page","type-page","status-publish","has-post-thumbnail","hentry"],"acf":[],"yoast_head":"<!-- This site is optimized with the Yoast SEO Premium plugin v27.0 (Yoast SEO v27.0) - https:\/\/yoast.com\/product\/yoast-seo-premium-wordpress\/ -->\n<title>Hlavn\u00ed N\u00e1dra\u017e\u00ed - LuggageHero<\/title>\n<meta name=\"description\" content=\"Store your luggage using LuggageHero local lockers and sites located near Prague Main station Hlavni Nadrazi and enjoy the city hands-free!\" \/>\n<meta name=\"robots\" content=\"index, follow, max-snippet:-1, max-image-preview:large, max-video-preview:-1\" \/>\n<link rel=\"canonical\" href=\"https:\/\/luggagehero.com\/nl\/prague\/hlavni-nadrazi\/\" \/>\n<meta property=\"og:locale\" content=\"nl_NL\" \/>\n<meta property=\"og:type\" content=\"article\" \/>\n<meta property=\"og:title\" content=\"Hlavn\u00ed N\u00e1dra\u017e\u00ed\" \/>\n<meta property=\"og:description\" content=\"Store your luggage using LuggageHero local lockers and sites located near Prague Main station Hlavni Nadrazi and enjoy the city hands-free!\" \/>\n<meta property=\"og:url\" content=\"https:\/\/luggagehero.com\/nl\/prague\/hlavni-nadrazi\/\" \/>\n<meta property=\"og:site_name\" content=\"LuggageHero\" \/>\n<meta property=\"article:publisher\" content=\"https:\/\/www.facebook.com\/luggagehero\" \/>\n<meta property=\"article:modified_time\" content=\"2021-11-11T11:26:38+00:00\" \/>\n<meta property=\"og:image\" content=\"https:\/\/luggagehero.com\/wp-content\/uploads\/2021\/11\/Hlavni-Nadrazi.jpg\" \/>\n\t<meta property=\"og:image:width\" content=\"2560\" \/>\n\t<meta property=\"og:image:height\" content=\"1707\" \/>\n\t<meta property=\"og:image:type\" content=\"image\/jpeg\" \/>\n<meta name=\"twitter:card\" content=\"summary_large_image\" \/>\n<meta name=\"twitter:site\" content=\"@luggagehero\" \/>\n<meta name=\"twitter:label1\" content=\"Est. reading time\" \/>\n\t<meta name=\"twitter:data1\" content=\"2 minutes\" \/>\n<script type=\"application\/ld+json\" class=\"yoast-schema-graph\">{\"@context\":\"https:\/\/schema.org\",\"@graph\":[{\"@type\":\"WebPage\",\"@id\":\"https:\/\/luggagehero.com\/nl\/prague\/hlavni-nadrazi\/\",\"url\":\"https:\/\/luggagehero.com\/nl\/prague\/hlavni-nadrazi\/\",\"name\":\"Hlavn\u00ed N\u00e1dra\u017e\u00ed - LuggageHero\",\"isPartOf\":{\"@id\":\"https:\/\/luggagehero.com\/nl\/#website\"},\"primaryImageOfPage\":{\"@id\":\"https:\/\/luggagehero.com\/nl\/prague\/hlavni-nadrazi\/#primaryimage\"},\"image\":{\"@id\":\"https:\/\/luggagehero.com\/nl\/prague\/hlavni-nadrazi\/#primaryimage\"},\"thumbnailUrl\":\"https:\/\/luggagehero.com\/wp-content\/uploads\/2021\/11\/Hlavni-Nadrazi.jpg\",\"datePublished\":\"2020-03-12T14:33:59+00:00\",\"dateModified\":\"2021-11-11T11:26:38+00:00\",\"description\":\"Store your luggage using LuggageHero local lockers and sites located near Prague Main station Hlavni Nadrazi and enjoy the city hands-free!\",\"breadcrumb\":{\"@id\":\"https:\/\/luggagehero.com\/nl\/prague\/hlavni-nadrazi\/#breadcrumb\"},\"inLanguage\":\"nl-NL\",\"potentialAction\":[{\"@type\":\"ReadAction\",\"target\":[\"https:\/\/luggagehero.com\/nl\/prague\/hlavni-nadrazi\/\"]}]},{\"@type\":\"ImageObject\",\"inLanguage\":\"nl-NL\",\"@id\":\"https:\/\/luggagehero.com\/nl\/prague\/hlavni-nadrazi\/#primaryimage\",\"url\":\"https:\/\/luggagehero.com\/wp-content\/uploads\/2021\/11\/Hlavni-Nadrazi.jpg\",\"contentUrl\":\"https:\/\/luggagehero.com\/wp-content\/uploads\/2021\/11\/Hlavni-Nadrazi.jpg\",\"width\":2560,\"height\":1707},{\"@type\":\"BreadcrumbList\",\"@id\":\"https:\/\/luggagehero.com\/nl\/prague\/hlavni-nadrazi\/#breadcrumb\",\"itemListElement\":[{\"@type\":\"ListItem\",\"position\":1,\"name\":\"Home\",\"item\":\"https:\/\/luggagehero.com\/nl\/\"},{\"@type\":\"ListItem\",\"position\":2,\"name\":\"Prague\",\"item\":\"https:\/\/luggagehero.com\/nl\/prague\/\"},{\"@type\":\"ListItem\",\"position\":3,\"name\":\"Hlavn\u00ed N\u00e1dra\u017e\u00ed\"}]},{\"@type\":\"WebSite\",\"@id\":\"https:\/\/luggagehero.com\/nl\/#website\",\"url\":\"https:\/\/luggagehero.com\/nl\/\",\"name\":\"LuggageHero\",\"description\":\"Free yourself from luggage\",\"publisher\":{\"@id\":\"https:\/\/luggagehero.com\/nl\/#organization\"},\"potentialAction\":[{\"@type\":\"SearchAction\",\"target\":{\"@type\":\"EntryPoint\",\"urlTemplate\":\"https:\/\/luggagehero.com\/nl\/?s={search_term_string}\"},\"query-input\":{\"@type\":\"PropertyValueSpecification\",\"valueRequired\":true,\"valueName\":\"search_term_string\"}}],\"inLanguage\":\"nl-NL\"},{\"@type\":\"Organization\",\"@id\":\"https:\/\/luggagehero.com\/nl\/#organization\",\"name\":\"LuggageHero\",\"url\":\"https:\/\/luggagehero.com\/nl\/\",\"logo\":{\"@type\":\"ImageObject\",\"inLanguage\":\"nl-NL\",\"@id\":\"https:\/\/luggagehero.com\/nl\/#\/schema\/logo\/image\/\",\"url\":\"https:\/\/luggagehero.com\/wp-content\/uploads\/2017\/04\/luggagehero_LOGO-RGB_kort_POS_200x200.png\",\"contentUrl\":\"https:\/\/luggagehero.com\/wp-content\/uploads\/2017\/04\/luggagehero_LOGO-RGB_kort_POS_200x200.png\",\"width\":200,\"height\":200,\"caption\":\"LuggageHero\"},\"image\":{\"@id\":\"https:\/\/luggagehero.com\/nl\/#\/schema\/logo\/image\/\"},\"sameAs\":[\"https:\/\/www.facebook.com\/luggagehero\",\"https:\/\/x.com\/luggagehero\",\"https:\/\/www.instagram.com\/luggagehero\",\"https:\/\/www.linkedin.com\/company\/luggagehero\/\"]}]}<\/script>\n<!-- \/ Yoast SEO Premium plugin. -->","yoast_head_json":{"title":"Hlavn\u00ed N\u00e1dra\u017e\u00ed - LuggageHero","description":"Store your luggage using LuggageHero local lockers and sites located near Prague Main station Hlavni Nadrazi and enjoy the city hands-free!","robots":{"index":"index","follow":"follow","max-snippet":"max-snippet:-1","max-image-preview":"max-image-preview:large","max-video-preview":"max-video-preview:-1"},"canonical":"https:\/\/luggagehero.com\/nl\/prague\/hlavni-nadrazi\/","og_locale":"nl_NL","og_type":"article","og_title":"Hlavn\u00ed N\u00e1dra\u017e\u00ed","og_description":"Store your luggage using LuggageHero local lockers and sites located near Prague Main station Hlavni Nadrazi and enjoy the city hands-free!","og_url":"https:\/\/luggagehero.com\/nl\/prague\/hlavni-nadrazi\/","og_site_name":"LuggageHero","article_publisher":"https:\/\/www.facebook.com\/luggagehero","article_modified_time":"2021-11-11T11:26:38+00:00","og_image":[{"width":2560,"height":1707,"url":"https:\/\/luggagehero.com\/wp-content\/uploads\/2021\/11\/Hlavni-Nadrazi.jpg","type":"image\/jpeg"}],"twitter_card":"summary_large_image","twitter_site":"@luggagehero","twitter_misc":{"Est. reading time":"2 minutes"},"schema":{"@context":"https:\/\/schema.org","@graph":[{"@type":"WebPage","@id":"https:\/\/luggagehero.com\/nl\/prague\/hlavni-nadrazi\/","url":"https:\/\/luggagehero.com\/nl\/prague\/hlavni-nadrazi\/","name":"Hlavn\u00ed N\u00e1dra\u017e\u00ed - LuggageHero","isPartOf":{"@id":"https:\/\/luggagehero.com\/nl\/#website"},"primaryImageOfPage":{"@id":"https:\/\/luggagehero.com\/nl\/prague\/hlavni-nadrazi\/#primaryimage"},"image":{"@id":"https:\/\/luggagehero.com\/nl\/prague\/hlavni-nadrazi\/#primaryimage"},"thumbnailUrl":"https:\/\/luggagehero.com\/wp-content\/uploads\/2021\/11\/Hlavni-Nadrazi.jpg","datePublished":"2020-03-12T14:33:59+00:00","dateModified":"2021-11-11T11:26:38+00:00","description":"Store your luggage using LuggageHero local lockers and sites located near Prague Main station Hlavni Nadrazi and enjoy the city hands-free!","breadcrumb":{"@id":"https:\/\/luggagehero.com\/nl\/prague\/hlavni-nadrazi\/#breadcrumb"},"inLanguage":"nl-NL","potentialAction":[{"@type":"ReadAction","target":["https:\/\/luggagehero.com\/nl\/prague\/hlavni-nadrazi\/"]}]},{"@type":"ImageObject","inLanguage":"nl-NL","@id":"https:\/\/luggagehero.com\/nl\/prague\/hlavni-nadrazi\/#primaryimage","url":"https:\/\/luggagehero.com\/wp-content\/uploads\/2021\/11\/Hlavni-Nadrazi.jpg","contentUrl":"https:\/\/luggagehero.com\/wp-content\/uploads\/2021\/11\/Hlavni-Nadrazi.jpg","width":2560,"height":1707},{"@type":"BreadcrumbList","@id":"https:\/\/luggagehero.com\/nl\/prague\/hlavni-nadrazi\/#breadcrumb","itemListElement":[{"@type":"ListItem","position":1,"name":"Home","item":"https:\/\/luggagehero.com\/nl\/"},{"@type":"ListItem","position":2,"name":"Prague","item":"https:\/\/luggagehero.com\/nl\/prague\/"},{"@type":"ListItem","position":3,"name":"Hlavn\u00ed N\u00e1dra\u017e\u00ed"}]},{"@type":"WebSite","@id":"https:\/\/luggagehero.com\/nl\/#website","url":"https:\/\/luggagehero.com\/nl\/","name":"LuggageHero","description":"Free yourself from luggage","publisher":{"@id":"https:\/\/luggagehero.com\/nl\/#organization"},"potentialAction":[{"@type":"SearchAction","target":{"@type":"EntryPoint","urlTemplate":"https:\/\/luggagehero.com\/nl\/?s={search_term_string}"},"query-input":{"@type":"PropertyValueSpecification","valueRequired":true,"valueName":"search_term_string"}}],"inLanguage":"nl-NL"},{"@type":"Organization","@id":"https:\/\/luggagehero.com\/nl\/#organization","name":"LuggageHero","url":"https:\/\/luggagehero.com\/nl\/","logo":{"@type":"ImageObject","inLanguage":"nl-NL","@id":"https:\/\/luggagehero.com\/nl\/#\/schema\/logo\/image\/","url":"https:\/\/luggagehero.com\/wp-content\/uploads\/2017\/04\/luggagehero_LOGO-RGB_kort_POS_200x200.png","contentUrl":"https:\/\/luggagehero.com\/wp-content\/uploads\/2017\/04\/luggagehero_LOGO-RGB_kort_POS_200x200.png","width":200,"height":200,"caption":"LuggageHero"},"image":{"@id":"https:\/\/luggagehero.com\/nl\/#\/schema\/logo\/image\/"},"sameAs":["https:\/\/www.facebook.com\/luggagehero","https:\/\/x.com\/luggagehero","https:\/\/www.instagram.com\/luggagehero","https:\/\/www.linkedin.com\/company\/luggagehero\/"]}]}},"place_id":"","place_latitude_longitude":"50.0835,14.4342","place_name":"Hlavn\u00ed n\u00e1dra\u017e\u00ed\t","criteria_title":"","criteria_description":"","meta_title":"","meta_description":"","children_criteria_title":"","children_criteria_description":"","children_meta_title":"","children_meta_description":"","_edit_last":"47","use_global_content":"","poi_type":"PublicTransit","content_raw":"Are you looking for a locker to store your luggage near Main Station (Hlavn\u00ed N\u00e1dra\u017e\u00ed)? LuggageHero has a better solution! You can store your luggage at LuggageHero partner shops and cafes, where they take care of your belongings so that you can enjoy <a href=\"https:\/\/luggagehero.com\/prague\/\">Prague<\/a> without worrying that your stuff might get stolen.\r\n\r\nAll LuggageHero storage locations are <a href=\"https:\/\/luggagehero.com\/about\/certified-shops\/\">certified<\/a> cafes, shops, and hotels. You can come directly to any of our luggage storage Prague locations, or you can make your online booking in advance to ensure space for your bags in your chosen location. Each piece of your luggage is secured with our <a href=\"https:\/\/luggagehero.com\/about\/security-seal\/\">security seals<\/a> which can ensure each and every piece of your luggage, and everything inside of it, up to the moment you have dropped off your luggage and started your storage timer on the booking page.\r\n\r\n&nbsp;\r\n\r\n<img class=\"alignright size-full wp-image-17937\" src=\"https:\/\/luggagehero.com\/wp-content\/uploads\/2020\/03\/Hlanvi-nadrazi-scaled.jpg\" sizes=\"(max-width: 2560px) 100vw, 2560px\" srcset=\"https:\/\/luggagehero.com\/wp-content\/uploads\/2020\/03\/Hlanvi-nadrazi-scaled.jpg 2560w, https:\/\/luggagehero.com\/wp-content\/uploads\/2020\/03\/Hlanvi-nadrazi-300x200.jpg 300w, https:\/\/luggagehero.com\/wp-content\/uploads\/2020\/03\/Hlanvi-nadrazi-800x533.jpg 800w, https:\/\/luggagehero.com\/wp-content\/uploads\/2020\/03\/Hlanvi-nadrazi-600x400.jpg 600w, https:\/\/luggagehero.com\/wp-content\/uploads\/2020\/03\/Hlanvi-nadrazi-1536x1024.jpg 1536w, https:\/\/luggagehero.com\/wp-content\/uploads\/2020\/03\/Hlanvi-nadrazi-2048x1366.jpg 2048w\" alt=\"\" width=\"2560\" height=\"1707\" \/>\r\n<h2><\/h2>\r\n<h2 style=\"text-align: center;\">Praha Hlavn\u00ed N\u00e1dra\u017e\u00ed<\/h2>\r\n<p style=\"text-align: left;\">Hlavn\u00ed N\u00e1dra\u017e\u00ed is the main railway station in Prague. It is the largest station in the Czech Republic that opened in 1871. The main building itself was designed in neo-renaissance style by the architects Anton\u00edn Viktor Barvitius and Vojt\u011bch Ign\u00e1c Ullmann. In 1979, a new terminal building extended the station together with an underground subway station. The building expansion took over a large area of the nearby park.<\/p>\r\nThe regional train services connect Prague with other large Czech cities like Brno, Pilsen, Ceske Budejovice, and Olomouc.\r\n\r\nThe long-distance international train services get you to Germany, Poland, Slovakia, Hungary, Austria, Switzerland, Serbia, the Netherlands, Serbia, Russia, Ukraine, and even Croatia in the summertime. By taking Regio-Express or EuroCity\/EuroNight transport from Prague\u2019s Main Station (Hlavn\u00ed N\u00e1dra\u017e\u00ed) you get easily get to cities such as:\r\n<ul>\r\n \t<li><a href=\"https:\/\/luggagehero.com\/munich\/\">Munich<\/a><\/li>\r\n \t<li><a href=\"https:\/\/luggagehero.com\/berlin\/\">Berlin<\/a><\/li>\r\n \t<li><a href=\"https:\/\/luggagehero.com\/hamburg\/\">Hamburg<\/a><\/li>\r\n<\/ul>\r\n<strong>Download our free luggage storage app:<\/strong>\r\n\r\nFor an even better experience, you can download the LuggageHero luggage storage app, where you can find all LugaggeHero locations around Hlavn\u00ed N\u00e1dra\u017e\u00ed (Main Station) and all the locations in Prague and other cities.\r\n\r\n<img class=\"aligncenter size-large wp-image-17384\" src=\"https:\/\/luggagehero.com\/wp-content\/uploads\/2020\/03\/apple-app-lh-800x388.jpg\" sizes=\"(max-width: 800px) 100vw, 800px\" srcset=\"https:\/\/luggagehero.com\/wp-content\/uploads\/2020\/03\/apple-app-lh-800x388.jpg 800w, https:\/\/luggagehero.com\/wp-content\/uploads\/2020\/03\/apple-app-lh-300x146.jpg 300w, https:\/\/luggagehero.com\/wp-content\/uploads\/2020\/03\/apple-app-lh-600x291.jpg 600w, https:\/\/luggagehero.com\/wp-content\/uploads\/2020\/03\/apple-app-lh-1536x745.jpg 1536w, https:\/\/luggagehero.com\/wp-content\/uploads\/2020\/03\/apple-app-lh.jpg 1562w\" alt=\"LuggageHero bag storage app\" width=\"800\" height=\"388\" \/>\r\n\r\n&nbsp;\r\n\r\n<a href=\"https:\/\/apps.apple.com\/us\/app\/luggagehero-luggage-storage\/id1481057935\">For Apple click here<\/a>\r\n\r\n<a href=\"https:\/\/play.google.com\/store\/apps\/details?id=com.luggagehero.android\">For Android click here<\/a>","_links":{"self":[{"href":"https:\/\/luggagehero.com\/nl\/wp-json\/wp\/v2\/pages\/17936","targetHints":{"allow":["GET"]}}],"collection":[{"href":"https:\/\/luggagehero.com\/nl\/wp-json\/wp\/v2\/pages"}],"about":[{"href":"https:\/\/luggagehero.com\/nl\/wp-json\/wp\/v2\/types\/page"}],"author":[{"embeddable":true,"href":"https:\/\/luggagehero.com\/nl\/wp-json\/wp\/v2\/users\/22"}],"replies":[{"embeddable":true,"href":"https:\/\/luggagehero.com\/nl\/wp-json\/wp\/v2\/comments?post=17936"}],"version-history":[{"count":0,"href":"https:\/\/luggagehero.com\/nl\/wp-json\/wp\/v2\/pages\/17936\/revisions"}],"up":[{"embeddable":true,"href":"https:\/\/luggagehero.com\/nl\/wp-json\/wp\/v2\/pages\/17847"}],"wp:featuredmedia":[{"embeddable":true,"href":"https:\/\/luggagehero.com\/nl\/wp-json\/wp\/v2\/media\/40566"}],"wp:attachment":[{"href":"https:\/\/luggagehero.com\/nl\/wp-json\/wp\/v2\/media?parent=17936"}],"curies":[{"name":"wp","href":"https:\/\/api.w.org\/{rel}","templated":true}]}}