{"id":20688,"date":"2019-08-22T10:06:02","date_gmt":"2019-08-22T10:06:02","guid":{"rendered":"https:\/\/luggagehero.com\/munich\/"},"modified":"2023-08-22T10:38:03","modified_gmt":"2023-08-22T10:38:03","slug":"munich","status":"publish","type":"page","link":"https:\/\/luggagehero.com\/nl\/munich\/","title":{"rendered":"M\u00fcnchen"},"content":{"rendered":"<p>Op zoek naar kluisjes waar je je bagage achter kan laten? Als je in M\u00fcnchen bent, onthoud dan dat LuggageHero voor je klaar staat en je bagage veilig houdt.<\/p>\n<h2><\/h2>\n<p>Een paar jaar geleden vroegen vele toeristen zich, net als jij, af waar ze hun bagage moesten laten in M\u00fcnchen. Vandaag kan je tassen, koffers en alles wat je nog meer bij je hebt, simpelweg achterlaten bij meer dan 20 lokale zaken in de buurt van de belangrijkste bezienswaardigheden en verkeersknooppunten. Ook <a href=\"https:\/\/luggagehero.com\/nl\/munich\/ostbahnhof\/\">Ostbahnhof<\/a>, <a href=\"https:\/\/luggagehero.com\/nl\/munich\/hofbrauhaus\/\">Hofbrauhaus<\/a>, <a href=\"https:\/\/luggagehero.com\/nl\/munich\/glockenbachviertel\/\">Glockenbachviertel<\/a>, <a href=\"https:\/\/luggagehero.com\/nl\/munich\/maxvorstadt\/\">Maxvorstadt<\/a>, <a href=\"https:\/\/luggagehero.com\/nl\/munich\/marienplatz\/\">Marienplatz<\/a>, <a href=\"https:\/\/luggagehero.com\/nl\/munich\/munich-central-station\/\">Centraal Station M\u00fcnchen<\/a> en het centrum van M\u00fcnchen zijn inbegrepen.<\/p>\n<p>&nbsp;<\/p>\n<h3>Stel je dit reisprobleem eens voor<\/h3>\n<p>Laten we zeggen dat je aankomt op het treinstation of het vliegveld maar het duurt nog een paar uur voordat je kan inchecken bij je Airbnb appartement. Je wilt alvast het uitzicht bekijken zonder dat je je bagage mee hoeft te slepen. Misschien wil je alvast naar een van de beste musea, gaan shoppen of meegaan met een hop-on hop-off bus. Wat je ook van plan bent, je weet dat het plezier beperkt blijft als je die vervelende tassen overal mee naartoe moet nemen.<\/p>\n<h3>Wij hebben de oplossing voor jouw bagageprobleem in M\u00fcnchen<\/h3>\n<p>LuggageHero is er om je die zorgen uit handen te nemen zodat jij je gang kan gaan en de beste dingen in de stad kunt ontdekken zonder je tassen. Het enige wat jij hoeft te doen, is naar een <a href=\"https:\/\/app.luggagehero.com\/home;location=Munich;lat=48,1351253;lon=11,5819805;geolocate=false\">LuggageHero reserveringsplatform<\/a> gaan om een handige opslagruimte in een winkel of een ander bedrijf in de buurt te vinden. Al onze 20+ locaties in M\u00fcnchen, en in alle andere steden, zijn <a href=\"https:\/\/luggagehero.com\/about\/certified-shops\/\">door ons gecontroleerd<\/a> en zijn 100% veilig. Zie het mapje van Google onderaan de pagina en zie waar je jouw bagage bij jou in de buurt achter kunt laten \ud83d\udc47<\/p>\n<h4><strong>Je betaalt per uur \u2013 anders dan bij andere diensten!<\/strong><\/h4>\n<p>We bieden een snelle, handige en goedkope bagage opslag service voor alle toeristen in M\u00fcnchen.<\/p>\n<p>Wij bieden onze klanten veel verschillende betalingsmethoden zodat het voor iedereen toegankelijk is. Daarnaast rekent LuggageHero maar \u20ac1 per uur, in tegenstelling tot andere diensten die je vaak voor de hele dag laten betalen.<br \/>\nMocht je bagage voor de hele dag of langer achter willen laten, bieden we je een laag dagelijks bedrag van \u20ac8. Wij vinden dat de betaling van bagage opslag eenvoudig moet zijn in het jaar 2020.<\/p>\n<h2>Vind jou M\u00fcnchen bestemming in ons 2020 Google bagage opslagmap<\/h2>\n<p>We hebben een map gemaakt voor de klanten die het fijn vinden om hun route door M\u00fcnchen te plannen. Al onze opslagplaatsen staan erin dus je kan ontdekken waar je opslagplaatsen bij jou in de buurt kunt vinden. Klik om het mapje onderaan om jouw AirBnb, hotel, bezienswaardigheden of waar je ook je tassen achter wilt laten, te vinden.<\/p>\n<p>&nbsp;<\/p>\n<div id=\"attachment_2267\" style=\"width: 343px\" class=\"wp-caption aligncenter\"><img loading=\"lazy\" decoding=\"async\" aria-describedby=\"caption-attachment-2267\" class=\"wp-image-2267\" title=\"Leave your luggage in Munich with a Hero\" src=\"https:\/\/luggagehero.com\/wp-content\/uploads\/2017\/06\/LuggageHero_figur_fod-paa-kufferter-1-720x907.png\" alt=\"Leave your bags in Munich with a LuggageHero\" width=\"333\" height=\"420\" \/><p id=\"caption-attachment-2267\" class=\"wp-caption-text\">LuggageHero is er om jouw tassen te bewaren in M\u00fcnchen<\/p><\/div>\n<p>&nbsp;<\/p>\n<h4><strong>Wij zorgen voor jou en de door jou achtergelaten bagage<\/strong><\/h4>\n<p>Jouw veiligheid en zekerheid is onze prioriteit. Daarom hebben we werknemers van LuggageHero alle winkels in M\u00fcnchen laten controleren en beoordelen. We laten ook alle bagage insealen zodat alles onbeschadigd blijft. Daarnaast verzekeren we elke tas en wat erin zit tot \u20ac2500. Mocht je met iemand van LuggageHero willen praten, dan kan dat 24\/7 via ons online chatsysteem.<\/p>\n<h4>Bagage opslag gids M\u00fcnchen 2020<\/h4>\n<p>Je kunt onze <a href=\"https:\/\/luggagehero.com\/find-luggage-storage-munich\/\">2020 gids alles lezen over bagage opslag in M\u00fcnchen<\/a>. We hebben geprobeerd om alle relevante informatie over het achterlaten van bagage in M\u00fcnchen erin te verwerken.<\/p>\n<h3><strong>Ben jij klaar om je bagage op te bergen?<\/strong><\/h3>\n<p>Vind de perfecte plaats om bagage achter te laten en kies uit meer dan <a href=\"https:\/\/app.luggagehero.com\/home;location=Munich;lat=48,1351253;lon=11,5819805;geolocate=false\"><strong>20 locaties in M\u00fcnchen!<\/strong><\/a><\/p>\n<p><img loading=\"lazy\" decoding=\"async\" class=\"aligncenter wp-image-2271\" title=\"Luggage storage Munich\" src=\"https:\/\/luggagehero.com\/wp-content\/uploads\/2017\/06\/LuggageHero_figur_point-2_300x277.png\" alt=\"Luggage Storage Munich\" width=\"233\" height=\"215\" \/><\/p>\n<h4><\/h4>\n<h4 style=\"text-align: center;\">Veiligheid<\/h4>\n<p>We leren en <a href=\"https:\/\/luggagehero.com\/about\/certified-shops\/\">beoordelen<\/a> de werknemers van alle LuggageHero M\u00fcnchen locaties zorgvuldig, zodat ze weten hoe ze met je spullen om moeten gaan.<\/p>\n<p>Al onze zaken in M\u00fcnchen zijn beoordeeld door een LuggageHero werknemer en deze voert ook regelmatig kwaliteitscontroles uit om zeker te weten dat de eigendommen van de klanten veilig bewaard worden.<\/p>\n<p>Daarbij <a href=\"https:\/\/luggagehero.com\/about\/security-seal\/\"><strong>sealen<\/strong><\/a> we elke bagage in voor de veiligheid. Dat gebeurt wanneer je bij de zaak aan komt, zodat je zeker weet dat niemand bij jouw tassen kan.<\/p>\n<p>Daarnaast is elke bagage, inclusief de inhoud, verzekerd tot <pricing-component type=\"insurancecoverage\"><\/pricing-component>.<\/p>\n<p>Klik <a href=\"https:\/\/luggagehero.com\/nl\/hoe-werkt-het\/\">hier<\/a> om meer te lezen over hoe je onze handige service kunt gebruiken.<\/p>\n<p>Mocht je vragen hebben, weet dan dat onze online klantenservice chat 24\/7 beschikbaar is.<\/p>\n<h4><\/h4>\n<h4 style=\"text-align: center;\">Boek zonder risico met gratis annuleren<\/h4>\n<p>Wij willen je reis graag zo soepel en makkelijk mogelijk laten verlopen. Daarom is het belangrijk dat er GEEN KOSTEN in rekening worden gebracht totdat je je bagage hebt afgeleverd.<\/p>\n<p>Gebruik onze online reserveringsservice om een bagage-opslagplaats in M\u00fcnchen te kiezen die voor het handigst is voor jouw planning en locatie. Je kan ook bij aankomst boeken bij de winkel of online van tevoren zodat je zeker bent van een plekje. Door van tevoren heb je altijd gegarandeerd plek voor je bagage.<\/p>\n<p>Maar we weten dat plannen soms veranderen, zeker wanneer je onderweg bent! Dus als je niet komt opdagen, worden er geen kosten in rekening gebracht. Helemaal niks nada noppes! En nee, je hoeft het niet te cancelen! We bieden de moderne reiziger een kans om zo flexibel mogelijk te zijn zodat iedereen kan genieten van het avontuur.<\/p>\n","protected":false},"excerpt":{"rendered":"<p>Op zoek naar kluisjes waar je je bagage achter kan laten? Als je in M\u00fcnchen bent, onthoud dan dat LuggageHero voor je klaar staat en je bagage veilig houdt. Een paar jaar geleden vroegen vele toeristen zich, net als jij, af waar ze hun bagage moesten laten in M\u00fcnchen. Vandaag kan je tassen, koffers en [&hellip;]<\/p>\n","protected":false},"author":9,"featured_media":20689,"parent":0,"menu_order":0,"comment_status":"closed","ping_status":"closed","template":"template-location.php","meta":{"_acf_changed":false,"footnotes":""},"class_list":["post-20688","page","type-page","status-publish","has-post-thumbnail","hentry"],"acf":[],"yoast_head":"<!-- This site is optimized with the Yoast SEO Premium plugin v27.0 (Yoast SEO v27.0) - https:\/\/yoast.com\/product\/yoast-seo-premium-wordpress\/ -->\n<title>Bagage opslag M\u00fcnchen - 20 locaties - 24\/7 - \u20ac1 per uur<\/title>\n<meta name=\"description\" content=\"Opzoek naar een opslagruimte of kluisjes voor je bagage in M\u00fcnchen? Boek nu met LuggageHero - het grootste netwerk in M\u00fcnchen van het moment. +20 zaken beschikbaar in M\u00fcnchen. 7 dagen per week geopend. \u20ac2500 - verzekerd. Inclusief beveiligde sluiting.\" \/>\n<meta name=\"robots\" content=\"index, follow, max-snippet:-1, max-image-preview:large, max-video-preview:-1\" \/>\n<link rel=\"canonical\" href=\"https:\/\/luggagehero.com\/nl\/munich\/\" \/>\n<meta property=\"og:locale\" content=\"nl_NL\" \/>\n<meta property=\"og:type\" content=\"article\" \/>\n<meta property=\"og:title\" content=\"M\u00fcnchen\" \/>\n<meta property=\"og:description\" content=\"Opzoek naar een opslagruimte of kluisjes voor je bagage in M\u00fcnchen? Boek nu met LuggageHero - het grootste netwerk in M\u00fcnchen van het moment. +20 zaken beschikbaar in M\u00fcnchen. 7 dagen per week geopend. \u20ac2500 - verzekerd. Inclusief beveiligde sluiting.\" \/>\n<meta property=\"og:url\" content=\"https:\/\/luggagehero.com\/nl\/munich\/\" \/>\n<meta property=\"og:site_name\" content=\"LuggageHero\" \/>\n<meta property=\"article:publisher\" content=\"https:\/\/www.facebook.com\/luggagehero\" \/>\n<meta property=\"article:modified_time\" content=\"2023-08-22T10:38:03+00:00\" \/>\n<meta property=\"og:image\" content=\"https:\/\/luggagehero.com\/wp-content\/uploads\/2019\/09\/shutterstock_787736932.jpg\" \/>\n\t<meta property=\"og:image:width\" content=\"5616\" \/>\n\t<meta property=\"og:image:height\" content=\"3744\" \/>\n\t<meta property=\"og:image:type\" content=\"image\/jpeg\" \/>\n<meta name=\"twitter:card\" content=\"summary_large_image\" \/>\n<meta name=\"twitter:site\" content=\"@luggagehero\" \/>\n<meta name=\"twitter:label1\" content=\"Est. reading time\" \/>\n\t<meta name=\"twitter:data1\" content=\"5 minutes\" \/>\n<script type=\"application\/ld+json\" class=\"yoast-schema-graph\">{\"@context\":\"https:\/\/schema.org\",\"@graph\":[{\"@type\":\"WebPage\",\"@id\":\"https:\/\/luggagehero.com\/nl\/munich\/\",\"url\":\"https:\/\/luggagehero.com\/nl\/munich\/\",\"name\":\"Bagage opslag M\u00fcnchen - 20 locaties - 24\/7 - \u20ac1 per uur\",\"isPartOf\":{\"@id\":\"https:\/\/luggagehero.com\/nl\/#website\"},\"primaryImageOfPage\":{\"@id\":\"https:\/\/luggagehero.com\/nl\/munich\/#primaryimage\"},\"image\":{\"@id\":\"https:\/\/luggagehero.com\/nl\/munich\/#primaryimage\"},\"thumbnailUrl\":\"https:\/\/luggagehero.com\/wp-content\/uploads\/2019\/09\/shutterstock_787736932.jpg\",\"datePublished\":\"2019-08-22T10:06:02+00:00\",\"dateModified\":\"2023-08-22T10:38:03+00:00\",\"description\":\"Opzoek naar een opslagruimte of kluisjes voor je bagage in M\u00fcnchen? Boek nu met LuggageHero - het grootste netwerk in M\u00fcnchen van het moment. +20 zaken beschikbaar in M\u00fcnchen. 7 dagen per week geopend. \u20ac2500 - verzekerd. Inclusief beveiligde sluiting.\",\"breadcrumb\":{\"@id\":\"https:\/\/luggagehero.com\/nl\/munich\/#breadcrumb\"},\"inLanguage\":\"nl-NL\",\"potentialAction\":[{\"@type\":\"ReadAction\",\"target\":[\"https:\/\/luggagehero.com\/nl\/munich\/\"]}]},{\"@type\":\"ImageObject\",\"inLanguage\":\"nl-NL\",\"@id\":\"https:\/\/luggagehero.com\/nl\/munich\/#primaryimage\",\"url\":\"https:\/\/luggagehero.com\/wp-content\/uploads\/2019\/09\/shutterstock_787736932.jpg\",\"contentUrl\":\"https:\/\/luggagehero.com\/wp-content\/uploads\/2019\/09\/shutterstock_787736932.jpg\",\"width\":5616,\"height\":3744},{\"@type\":\"BreadcrumbList\",\"@id\":\"https:\/\/luggagehero.com\/nl\/munich\/#breadcrumb\",\"itemListElement\":[{\"@type\":\"ListItem\",\"position\":1,\"name\":\"Home\",\"item\":\"https:\/\/luggagehero.com\/nl\/\"},{\"@type\":\"ListItem\",\"position\":2,\"name\":\"M\u00fcnchen\"}]},{\"@type\":\"WebSite\",\"@id\":\"https:\/\/luggagehero.com\/nl\/#website\",\"url\":\"https:\/\/luggagehero.com\/nl\/\",\"name\":\"LuggageHero\",\"description\":\"Free yourself from luggage\",\"publisher\":{\"@id\":\"https:\/\/luggagehero.com\/nl\/#organization\"},\"potentialAction\":[{\"@type\":\"SearchAction\",\"target\":{\"@type\":\"EntryPoint\",\"urlTemplate\":\"https:\/\/luggagehero.com\/nl\/?s={search_term_string}\"},\"query-input\":{\"@type\":\"PropertyValueSpecification\",\"valueRequired\":true,\"valueName\":\"search_term_string\"}}],\"inLanguage\":\"nl-NL\"},{\"@type\":\"Organization\",\"@id\":\"https:\/\/luggagehero.com\/nl\/#organization\",\"name\":\"LuggageHero\",\"url\":\"https:\/\/luggagehero.com\/nl\/\",\"logo\":{\"@type\":\"ImageObject\",\"inLanguage\":\"nl-NL\",\"@id\":\"https:\/\/luggagehero.com\/nl\/#\/schema\/logo\/image\/\",\"url\":\"https:\/\/luggagehero.com\/wp-content\/uploads\/2017\/04\/luggagehero_LOGO-RGB_kort_POS_200x200.png\",\"contentUrl\":\"https:\/\/luggagehero.com\/wp-content\/uploads\/2017\/04\/luggagehero_LOGO-RGB_kort_POS_200x200.png\",\"width\":200,\"height\":200,\"caption\":\"LuggageHero\"},\"image\":{\"@id\":\"https:\/\/luggagehero.com\/nl\/#\/schema\/logo\/image\/\"},\"sameAs\":[\"https:\/\/www.facebook.com\/luggagehero\",\"https:\/\/x.com\/luggagehero\",\"https:\/\/www.instagram.com\/luggagehero\",\"https:\/\/www.linkedin.com\/company\/luggagehero\/\"]}]}<\/script>\n<!-- \/ Yoast SEO Premium plugin. -->","yoast_head_json":{"title":"Bagage opslag M\u00fcnchen - 20 locaties - 24\/7 - \u20ac1 per uur","description":"Opzoek naar een opslagruimte of kluisjes voor je bagage in M\u00fcnchen? Boek nu met LuggageHero - het grootste netwerk in M\u00fcnchen van het moment. +20 zaken beschikbaar in M\u00fcnchen. 7 dagen per week geopend. \u20ac2500 - verzekerd. Inclusief beveiligde sluiting.","robots":{"index":"index","follow":"follow","max-snippet":"max-snippet:-1","max-image-preview":"max-image-preview:large","max-video-preview":"max-video-preview:-1"},"canonical":"https:\/\/luggagehero.com\/nl\/munich\/","og_locale":"nl_NL","og_type":"article","og_title":"M\u00fcnchen","og_description":"Opzoek naar een opslagruimte of kluisjes voor je bagage in M\u00fcnchen? Boek nu met LuggageHero - het grootste netwerk in M\u00fcnchen van het moment. +20 zaken beschikbaar in M\u00fcnchen. 7 dagen per week geopend. \u20ac2500 - verzekerd. Inclusief beveiligde sluiting.","og_url":"https:\/\/luggagehero.com\/nl\/munich\/","og_site_name":"LuggageHero","article_publisher":"https:\/\/www.facebook.com\/luggagehero","article_modified_time":"2023-08-22T10:38:03+00:00","og_image":[{"width":5616,"height":3744,"url":"https:\/\/luggagehero.com\/wp-content\/uploads\/2019\/09\/shutterstock_787736932.jpg","type":"image\/jpeg"}],"twitter_card":"summary_large_image","twitter_site":"@luggagehero","twitter_misc":{"Est. reading time":"5 minutes"},"schema":{"@context":"https:\/\/schema.org","@graph":[{"@type":"WebPage","@id":"https:\/\/luggagehero.com\/nl\/munich\/","url":"https:\/\/luggagehero.com\/nl\/munich\/","name":"Bagage opslag M\u00fcnchen - 20 locaties - 24\/7 - \u20ac1 per uur","isPartOf":{"@id":"https:\/\/luggagehero.com\/nl\/#website"},"primaryImageOfPage":{"@id":"https:\/\/luggagehero.com\/nl\/munich\/#primaryimage"},"image":{"@id":"https:\/\/luggagehero.com\/nl\/munich\/#primaryimage"},"thumbnailUrl":"https:\/\/luggagehero.com\/wp-content\/uploads\/2019\/09\/shutterstock_787736932.jpg","datePublished":"2019-08-22T10:06:02+00:00","dateModified":"2023-08-22T10:38:03+00:00","description":"Opzoek naar een opslagruimte of kluisjes voor je bagage in M\u00fcnchen? Boek nu met LuggageHero - het grootste netwerk in M\u00fcnchen van het moment. +20 zaken beschikbaar in M\u00fcnchen. 7 dagen per week geopend. \u20ac2500 - verzekerd. Inclusief beveiligde sluiting.","breadcrumb":{"@id":"https:\/\/luggagehero.com\/nl\/munich\/#breadcrumb"},"inLanguage":"nl-NL","potentialAction":[{"@type":"ReadAction","target":["https:\/\/luggagehero.com\/nl\/munich\/"]}]},{"@type":"ImageObject","inLanguage":"nl-NL","@id":"https:\/\/luggagehero.com\/nl\/munich\/#primaryimage","url":"https:\/\/luggagehero.com\/wp-content\/uploads\/2019\/09\/shutterstock_787736932.jpg","contentUrl":"https:\/\/luggagehero.com\/wp-content\/uploads\/2019\/09\/shutterstock_787736932.jpg","width":5616,"height":3744},{"@type":"BreadcrumbList","@id":"https:\/\/luggagehero.com\/nl\/munich\/#breadcrumb","itemListElement":[{"@type":"ListItem","position":1,"name":"Home","item":"https:\/\/luggagehero.com\/nl\/"},{"@type":"ListItem","position":2,"name":"M\u00fcnchen"}]},{"@type":"WebSite","@id":"https:\/\/luggagehero.com\/nl\/#website","url":"https:\/\/luggagehero.com\/nl\/","name":"LuggageHero","description":"Free yourself from luggage","publisher":{"@id":"https:\/\/luggagehero.com\/nl\/#organization"},"potentialAction":[{"@type":"SearchAction","target":{"@type":"EntryPoint","urlTemplate":"https:\/\/luggagehero.com\/nl\/?s={search_term_string}"},"query-input":{"@type":"PropertyValueSpecification","valueRequired":true,"valueName":"search_term_string"}}],"inLanguage":"nl-NL"},{"@type":"Organization","@id":"https:\/\/luggagehero.com\/nl\/#organization","name":"LuggageHero","url":"https:\/\/luggagehero.com\/nl\/","logo":{"@type":"ImageObject","inLanguage":"nl-NL","@id":"https:\/\/luggagehero.com\/nl\/#\/schema\/logo\/image\/","url":"https:\/\/luggagehero.com\/wp-content\/uploads\/2017\/04\/luggagehero_LOGO-RGB_kort_POS_200x200.png","contentUrl":"https:\/\/luggagehero.com\/wp-content\/uploads\/2017\/04\/luggagehero_LOGO-RGB_kort_POS_200x200.png","width":200,"height":200,"caption":"LuggageHero"},"image":{"@id":"https:\/\/luggagehero.com\/nl\/#\/schema\/logo\/image\/"},"sameAs":["https:\/\/www.facebook.com\/luggagehero","https:\/\/x.com\/luggagehero","https:\/\/www.instagram.com\/luggagehero","https:\/\/www.linkedin.com\/company\/luggagehero\/"]}]}},"place_id":"","place_latitude_longitude":"48.1403,11.5600","place_name":"M\u00fcnchen","criteria_title":"Bagage opslag in 20+ zaken in de omgeving van [location]","criteria_description":"Laat je bagage achter voor \u20ac1 per uur","meta_title":"Bagage opslag [location]- 20 locaties - 24\/7 - \u20ac1 per uur","meta_description":"Bagage opslag in [location]. 24\/7 - 7 dagen per week geopend. \u20ac2500 - verzekerd. Inclusief beveiligde sluiting.","children_criteria_title":"Bagage opslag [location]","children_criteria_description":"De goedkoopste manier om je bagage op te bergen wanneer je in [location] bent. 1\u20ac per uur inclusief verzekering","children_meta_title":"Bagage opslag in [location] - 7 dagen per week - \u20ac1 per uur","children_meta_description":"Makkelijk, handig en goedkoper bagage opslag in [location]. Voor \u20ac1 per uur. \u20ac2500 - Inclusief beveiligde sluiting en verzekerd. Boek online.","_edit_last":"46","use_global_content":"","poi_type":"","content_raw":"Op zoek naar kluisjes waar je je bagage achter kan laten? Als je in M\u00fcnchen bent, onthoud dan dat LuggageHero voor je klaar staat en je bagage veilig houdt.\r\n<h2><\/h2>\r\nEen paar jaar geleden vroegen vele toeristen zich, net als jij, af waar ze hun bagage moesten laten in M\u00fcnchen. Vandaag kan je tassen, koffers en alles wat je nog meer bij je hebt, simpelweg achterlaten bij meer dan 20 lokale zaken in de buurt van de belangrijkste bezienswaardigheden en verkeersknooppunten. Ook <a href=\"https:\/\/luggagehero.com\/nl\/munich\/ostbahnhof\/\">Ostbahnhof<\/a>, <a href=\"https:\/\/luggagehero.com\/nl\/munich\/hofbrauhaus\/\">Hofbrauhaus<\/a>, <a href=\"https:\/\/luggagehero.com\/nl\/munich\/glockenbachviertel\/\">Glockenbachviertel<\/a>, <a href=\"https:\/\/luggagehero.com\/nl\/munich\/maxvorstadt\/\">Maxvorstadt<\/a>, <a href=\"https:\/\/luggagehero.com\/nl\/munich\/marienplatz\/\">Marienplatz<\/a>, <a href=\"https:\/\/luggagehero.com\/nl\/munich\/munich-central-station\/\">Centraal Station M\u00fcnchen<\/a> en het centrum van M\u00fcnchen zijn inbegrepen.\r\n\r\n&nbsp;\r\n<h3>Stel je dit reisprobleem eens voor<\/h3>\r\nLaten we zeggen dat je aankomt op het treinstation of het vliegveld maar het duurt nog een paar uur voordat je kan inchecken bij je Airbnb appartement. Je wilt alvast het uitzicht bekijken zonder dat je je bagage mee hoeft te slepen. Misschien wil je alvast naar een van de beste musea, gaan shoppen of meegaan met een hop-on hop-off bus. Wat je ook van plan bent, je weet dat het plezier beperkt blijft als je die vervelende tassen overal mee naartoe moet nemen.\r\n<h3>Wij hebben de oplossing voor jouw bagageprobleem in M\u00fcnchen<\/h3>\r\nLuggageHero is er om je die zorgen uit handen te nemen zodat jij je gang kan gaan en de beste dingen in de stad kunt ontdekken zonder je tassen. Het enige wat jij hoeft te doen, is naar een <a href=\"https:\/\/app.luggagehero.com\/home;location=Munich;lat=48,1351253;lon=11,5819805;geolocate=false\">LuggageHero reserveringsplatform<\/a> gaan om een handige opslagruimte in een winkel of een ander bedrijf in de buurt te vinden. Al onze 20+ locaties in M\u00fcnchen, en in alle andere steden, zijn <a href=\"https:\/\/luggagehero.com\/about\/certified-shops\/\">door ons gecontroleerd<\/a> en zijn 100% veilig. Zie het mapje van Google onderaan de pagina en zie waar je jouw bagage bij jou in de buurt achter kunt laten \ud83d\udc47\r\n<h4><strong>Je betaalt per uur \u2013 anders dan bij andere diensten!<\/strong><\/h4>\r\nWe bieden een snelle, handige en goedkope bagage opslag service voor alle toeristen in M\u00fcnchen.\r\n\r\nWij bieden onze klanten veel verschillende betalingsmethoden zodat het voor iedereen toegankelijk is. Daarnaast rekent LuggageHero maar \u20ac1 per uur, in tegenstelling tot andere diensten die je vaak voor de hele dag laten betalen.\r\nMocht je bagage voor de hele dag of langer achter willen laten, bieden we je een laag dagelijks bedrag van \u20ac8. Wij vinden dat de betaling van bagage opslag eenvoudig moet zijn in het jaar 2020.\r\n<h2>Vind jou M\u00fcnchen bestemming in ons 2020 Google bagage opslagmap<\/h2>\r\nWe hebben een map gemaakt voor de klanten die het fijn vinden om hun route door M\u00fcnchen te plannen. Al onze opslagplaatsen staan erin dus je kan ontdekken waar je opslagplaatsen bij jou in de buurt kunt vinden. Klik om het mapje onderaan om jouw AirBnb, hotel, bezienswaardigheden of waar je ook je tassen achter wilt laten, te vinden.\r\n\r\n&nbsp;\r\n\r\n[caption id=\"attachment_2267\" align=\"aligncenter\" width=\"333\"]<img class=\"wp-image-2267\" title=\"Leave your luggage in Munich with a Hero\" src=\"https:\/\/luggagehero.com\/wp-content\/uploads\/2017\/06\/LuggageHero_figur_fod-paa-kufferter-1-720x907.png\" alt=\"Leave your bags in Munich with a LuggageHero\" width=\"333\" height=\"420\" \/> LuggageHero is er om jouw tassen te bewaren in M\u00fcnchen[\/caption]\r\n\r\n&nbsp;\r\n<h4><strong>Wij zorgen voor jou en de door jou achtergelaten bagage<\/strong><\/h4>\r\nJouw veiligheid en zekerheid is onze prioriteit. Daarom hebben we werknemers van LuggageHero alle winkels in M\u00fcnchen laten controleren en beoordelen. We laten ook alle bagage insealen zodat alles onbeschadigd blijft. Daarnaast verzekeren we elke tas en wat erin zit tot \u20ac2500. Mocht je met iemand van LuggageHero willen praten, dan kan dat 24\/7 via ons online chatsysteem.\r\n<h4>Bagage opslag gids M\u00fcnchen 2020<\/h4>\r\nJe kunt onze <a href=\"https:\/\/luggagehero.com\/find-luggage-storage-munich\/\">2020 gids alles lezen over bagage opslag in M\u00fcnchen<\/a>. We hebben geprobeerd om alle relevante informatie over het achterlaten van bagage in M\u00fcnchen erin te verwerken.\r\n<h3><strong>Ben jij klaar om je bagage op te bergen?<\/strong><\/h3>\r\nVind de perfecte plaats om bagage achter te laten en kies uit meer dan <a href=\"https:\/\/app.luggagehero.com\/home;location=Munich;lat=48,1351253;lon=11,5819805;geolocate=false\"><strong>20 locaties in M\u00fcnchen!<\/strong><\/a>\r\n\r\n<img class=\"aligncenter wp-image-2271\" title=\"Luggage storage Munich\" src=\"https:\/\/luggagehero.com\/wp-content\/uploads\/2017\/06\/LuggageHero_figur_point-2_300x277.png\" alt=\"Luggage Storage Munich\" width=\"233\" height=\"215\" \/>\r\n<h4><\/h4>\r\n<h4 style=\"text-align: center;\">Veiligheid<\/h4>\r\nWe leren en <a href=\"https:\/\/luggagehero.com\/about\/certified-shops\/\">beoordelen<\/a> de werknemers van alle LuggageHero M\u00fcnchen locaties zorgvuldig, zodat ze weten hoe ze met je spullen om moeten gaan.\r\n\r\nAl onze zaken in M\u00fcnchen zijn beoordeeld door een LuggageHero werknemer en deze voert ook regelmatig kwaliteitscontroles uit om zeker te weten dat de eigendommen van de klanten veilig bewaard worden.\r\n\r\nDaarbij <a href=\"https:\/\/luggagehero.com\/about\/security-seal\/\"><strong>sealen<\/strong><\/a> we elke bagage in voor de veiligheid. Dat gebeurt wanneer je bij de zaak aan komt, zodat je zeker weet dat niemand bij jouw tassen kan.\r\n\r\nDaarnaast is elke bagage, inclusief de inhoud, verzekerd tot [pricing insurancecoverage].\r\n\r\nKlik <a href=\"https:\/\/luggagehero.com\/nl\/hoe-werkt-het\/\">hier<\/a> om meer te lezen over hoe je onze handige service kunt gebruiken.\r\n\r\nMocht je vragen hebben, weet dan dat onze online klantenservice chat 24\/7 beschikbaar is.\r\n<h4><\/h4>\r\n<h4 style=\"text-align: center;\">Boek zonder risico met gratis annuleren<\/h4>\r\nWij willen je reis graag zo soepel en makkelijk mogelijk laten verlopen. Daarom is het belangrijk dat er GEEN KOSTEN in rekening worden gebracht totdat je je bagage hebt afgeleverd.\r\n\r\nGebruik onze online reserveringsservice om een bagage-opslagplaats in M\u00fcnchen te kiezen die voor het handigst is voor jouw planning en locatie. Je kan ook bij aankomst boeken bij de winkel of online van tevoren zodat je zeker bent van een plekje. Door van tevoren heb je altijd gegarandeerd plek voor je bagage.\r\n\r\nMaar we weten dat plannen soms veranderen, zeker wanneer je onderweg bent! Dus als je niet komt opdagen, worden er geen kosten in rekening gebracht. Helemaal niks nada noppes! En nee, je hoeft het niet te cancelen! We bieden de moderne reiziger een kans om zo flexibel mogelijk te zijn zodat iedereen kan genieten van het avontuur.","_links":{"self":[{"href":"https:\/\/luggagehero.com\/nl\/wp-json\/wp\/v2\/pages\/20688","targetHints":{"allow":["GET"]}}],"collection":[{"href":"https:\/\/luggagehero.com\/nl\/wp-json\/wp\/v2\/pages"}],"about":[{"href":"https:\/\/luggagehero.com\/nl\/wp-json\/wp\/v2\/types\/page"}],"author":[{"embeddable":true,"href":"https:\/\/luggagehero.com\/nl\/wp-json\/wp\/v2\/users\/9"}],"replies":[{"embeddable":true,"href":"https:\/\/luggagehero.com\/nl\/wp-json\/wp\/v2\/comments?post=20688"}],"version-history":[{"count":0,"href":"https:\/\/luggagehero.com\/nl\/wp-json\/wp\/v2\/pages\/20688\/revisions"}],"wp:featuredmedia":[{"embeddable":true,"href":"https:\/\/luggagehero.com\/nl\/wp-json\/wp\/v2\/media\/20689"}],"wp:attachment":[{"href":"https:\/\/luggagehero.com\/nl\/wp-json\/wp\/v2\/media?parent=20688"}],"curies":[{"name":"wp","href":"https:\/\/api.w.org\/{rel}","templated":true}]}}