{"id":35815,"date":"2022-06-15T13:10:40","date_gmt":"2022-06-15T13:10:40","guid":{"rendered":"https:\/\/luggagehero.com\/lisbon\/estacao-do-oriente\/"},"modified":"2023-03-24T09:19:09","modified_gmt":"2023-03-24T09:19:09","slug":"estacao-do-oriente","status":"publish","type":"page","link":"https:\/\/luggagehero.com\/nl\/lisbon\/estacao-do-oriente\/","title":{"rendered":"Esta\u00e7\u00e3o do Oriente"},"content":{"rendered":"<h2>Luggage storage Esta\u00e7\u00e3o do Oriente<\/h2>\n<p>Are you looking for luggage storage near Esta\u00e7\u00e3o do Oriente? You can store your bags with one of our luggage storage locations just around Esta\u00e7\u00e3o do Oriente. Explore <a href=\"https:\/\/luggagehero.com\/lisbon\/\">Lisbon<\/a> hassle-free.<\/p>\n<p><span style=\"font-weight: 400;\"><div class=\"wrapper-narrow-break\">\n  <div class=\"comparison-table wrapper\">\n\n    <div class=\"item first-item\">\n      <ul class=\"left\">\n        <li><\/li>\n        <li>Name<\/li>\n\n        <li>Pricing models<\/li><li>Insurance<\/li><li>Flexible arrival <\/li><li>Reviews<\/li>\n      <\/ul>\n    <\/div>\n\n            <div class=\"item\">\n          <ul class=\"left\">\n            <li><\/li>\n            <li>Name<\/li>\n            <li>Pricing models<\/li><li>Insurance<\/li><li>Flexible arrival <\/li><li>Reviews<\/li>\n          <\/ul>\n          <ul class=\"right\">\n\n            <li class=\"logo\">\n              <div class=\"image-wrapper\">\n                <div class=\" image\">\n                                      <img decoding=\"async\" loading=\"lazy\" src=\"https:\/\/luggagehero.com\/wp-content\/uploads\/2022\/01\/luggagehero_LOGO-V2-RGB_kort_POS-600x396.png\" alt=\"LuggageHero\">\n                                  <\/div>\n\n                              <\/div>\n            <\/li>\n\n            <li class=\"title\">\n              LuggageHero            <\/li>\n\n                            <li>Daily, Hourly, & multi-day<\/li>\n                            <li>Up to \u20ac2,500<\/li>\n                            <li>Yes<\/li>\n                            <li>+200.000<\/li>\n            \n          <\/ul>\n        <\/div>\n\n            <div class=\"item\">\n          <ul class=\"left\">\n            <li><\/li>\n            <li>Name<\/li>\n            <li>Pricing models<\/li><li>Insurance<\/li><li>Flexible arrival <\/li><li>Reviews<\/li>\n          <\/ul>\n          <ul class=\"right\">\n\n            <li class=\"logo\">\n              <div class=\"image-wrapper\">\n                <div class=\" image\">\n                                      <img decoding=\"async\" loading=\"lazy\" src=\"https:\/\/luggagehero.com\/wp-content\/uploads\/2022\/01\/Logo-Nannybag-Blog-2-600x162.png\" alt=\"NannyBag\">\n                                  <\/div>\n\n                              <\/div>\n            <\/li>\n\n            <li class=\"title\">\n              NannyBag            <\/li>\n\n                            <li>Daily<\/li>\n                            <li>Up to $1100<\/li>\n                            <li>No<\/li>\n                            <li>27,802<\/li>\n            \n          <\/ul>\n        <\/div>\n\n            <div class=\"item\">\n          <ul class=\"left\">\n            <li><\/li>\n            <li>Name<\/li>\n            <li>Pricing models<\/li><li>Insurance<\/li><li>Flexible arrival <\/li><li>Reviews<\/li>\n          <\/ul>\n          <ul class=\"right\">\n\n            <li class=\"logo\">\n              <div class=\"image-wrapper\">\n                <div class=\" image\">\n                                      <img decoding=\"async\" loading=\"lazy\" src=\"https:\/\/luggagehero.com\/wp-content\/uploads\/2022\/01\/mbsg0wwjnwsli6lnwj4r-600x229.webp\" alt=\"Vertoe\">\n                                  <\/div>\n\n                              <\/div>\n            <\/li>\n\n            <li class=\"title\">\n              Vertoe            <\/li>\n\n                            <li>Daily<\/li>\n                            <li>Up to $5000<\/li>\n                            <li>No<\/li>\n                            <li>4,708<\/li>\n            \n          <\/ul>\n        <\/div>\n\n            <div class=\"item\">\n          <ul class=\"left\">\n            <li><\/li>\n            <li>Name<\/li>\n            <li>Pricing models<\/li><li>Insurance<\/li><li>Flexible arrival <\/li><li>Reviews<\/li>\n          <\/ul>\n          <ul class=\"right\">\n\n            <li class=\"logo\">\n              <div class=\"image-wrapper\">\n                <div class=\" image\">\n                                      <img decoding=\"async\" loading=\"lazy\" src=\"https:\/\/luggagehero.com\/wp-content\/uploads\/2022\/01\/radical-storage-network-default.png\" alt=\"Radical Storage \">\n                                  <\/div>\n\n                              <\/div>\n            <\/li>\n\n            <li class=\"title\">\n              Radical Storage             <\/li>\n\n                            <li>Daily<\/li>\n                            <li>No<\/li>\n                            <li>No<\/li>\n                            <li>900<\/li>\n            \n          <\/ul>\n        <\/div>\n\n      <\/div>\n<\/div><\/span><\/p>\n<p>LuggageHero storage sites are <a href=\"https:\/\/luggagehero.com\/about\/certified-shops\/\">certified hotels, cafes, and shops<\/a>. Advance bookings ensure space for your bags. The address and directions to our partner shops are available at the time of booking. All bags are sealed off with our <a href=\"https:\/\/luggagehero.com\/about\/security-seal\/\">security seals<\/a> <a href=\"https:\/\/luggagehero.com\/about\/insurance\/\">insuring<\/a> each piece of luggage up to <pricing-component type=\"insurancecoverage\"><\/pricing-component> once you have dropped off your bags and started our storage timer on your booking page.<\/p>\n<h2>Esta\u00e7\u00e3o do Oriente<\/h2>\n<p>Esta\u00e7\u00e3o do Oriente is one of the main portuguese stations with stops for trains, busses and metros. The station was open in 1998 and is located on 6 km from the city centre. The station has excellent facilities and is easy to navigate thanks to modern architecture. Esta\u00e7\u00e3o do Oriente represents a fusion between gothic style and striking modernism.<\/p>\n<p>The station has five levels. On the lowest one is metro and on top are trains with busses in the middle together with waiting rooms and entrance to Vasco de Gama shopping centre.<\/p>\n<p>The station also offers food courts and excalators to quickly move between the floors.<\/p>\n<p><img loading=\"lazy\" decoding=\"async\" class=\" wp-image-45242 aligncenter\" src=\"https:\/\/luggagehero.com\/wp-content\/uploads\/2022\/06\/46355810802_a48a67e912_b-300x157.jpg\" alt=\"\" width=\"858\" height=\"449\" srcset=\"https:\/\/luggagehero.com\/wp-content\/uploads\/2022\/06\/46355810802_a48a67e912_b-300x157.jpg 300w, https:\/\/luggagehero.com\/wp-content\/uploads\/2022\/06\/46355810802_a48a67e912_b-800x420.jpg 800w, https:\/\/luggagehero.com\/wp-content\/uploads\/2022\/06\/46355810802_a48a67e912_b-600x315.jpg 600w, https:\/\/luggagehero.com\/wp-content\/uploads\/2022\/06\/46355810802_a48a67e912_b.jpg 1024w\" sizes=\"auto, (max-width: 858px) 100vw, 858px\" \/><\/p>\n<h2>Luggage storage in Esta\u00e7\u00e3o do Oriente<\/h2>\n<p>LuggageHero storage sites are <a href=\"https:\/\/luggagehero.com\/about\/certified-shops\/\">certified hotels, cafes, and shops<\/a>. Advance bookings ensure space for your bags. The address and directions to our partner shops are available at the time of booking. All bags are sealed off with our <a href=\"https:\/\/luggagehero.com\/about\/security-seal\/\">security seals<\/a> <a href=\"https:\/\/luggagehero.com\/about\/insurance\/\">insuring<\/a> each piece of luggage up to <pricing-component type=\"insurancecoverage\"><\/pricing-component> once you have dropped off your bags and started our storage timer on your booking page.<\/p>\n<map-of-shops><\/map-of-shops>\n<h3><strong>Check out some of out other popular locations in Lisbon<\/strong><\/h3>\n<ul>\n<li><a href=\"https:\/\/luggagehero.com\/lisbon\/sintra\/\">Sintra<\/a><\/li>\n<li><a href=\"https:\/\/luggagehero.com\/lisbon\/tower-of-belem\/\">Tower of Belem<\/a><\/li>\n<li><a href=\"https:\/\/luggagehero.com\/lisbon\/time-out-market\/\">Time Out Market<\/a><\/li>\n<li><a href=\"https:\/\/luggagehero.com\/lisbon\/santa-apolonia\/\">Santa Apolonia<\/a><\/li>\n<li><a href=\"https:\/\/luggagehero.com\/lisbon\/martim-moniz\/\">Martim Moniz<\/a><\/li>\n<li><a href=\"https:\/\/luggagehero.com\/lisbon\/jeronimos-monastery\/\">Jeronimos Monastery<\/a><\/li>\n<\/ul>\n<h2>After storing your bags in Esta\u00e7\u00e3o do Oriente<\/h2>\n<p>After you store your bags, you can enjoy the Vasco De Gama shopping centre right next to the station. In a close vicinity of the station is also Pavilh\u00e3o de Portugal, Ocenan\u00e1rio de Lisboa or Marina park called Marina parque das Na\u00e7oes. All of these tourist attractions are in the same line as harbour<\/p>\n\n<div class=\"block-app-downloader\">\n\t<ul class=\"app-images\">\n\t\t\t\t\t<li class=\"app-img\">\n\t\t\t\t<img decoding=\"async\" loading=\"lazy\" src=\"https:\/\/luggagehero.com\/wp-content\/uploads\/2020\/08\/app-1.png\" alt=\"App screenshot\">\n\t\t\t<\/li>\n\t\t\t\t\t<li class=\"app-img\">\n\t\t\t\t<img decoding=\"async\" loading=\"lazy\" src=\"https:\/\/luggagehero.com\/wp-content\/uploads\/2020\/08\/app-2.png\" alt=\"App screenshot\">\n\t\t\t<\/li>\n\t\t\t\t\t<li class=\"app-img\">\n\t\t\t\t<img decoding=\"async\" loading=\"lazy\" src=\"https:\/\/luggagehero.com\/wp-content\/uploads\/2020\/08\/app-3.png\" alt=\"App screenshot\">\n\t\t\t<\/li>\n\t\t\t\t\t<li class=\"app-img\">\n\t\t\t\t<img decoding=\"async\" loading=\"lazy\" src=\"https:\/\/luggagehero.com\/wp-content\/uploads\/2020\/08\/app-4.png\" alt=\"App screenshot\">\n\t\t\t<\/li>\n\t\t\t\t\t<li class=\"app-img\">\n\t\t\t\t<img decoding=\"async\" loading=\"lazy\" src=\"https:\/\/luggagehero.com\/wp-content\/uploads\/2020\/08\/app-5.png\" alt=\"App screenshot\">\n\t\t\t<\/li>\n\t\t\t<\/ul>\n\n\t<div class=\"apps-box\">\n\t\t<p> Gebruik LuggageHero overal met de offici\u00eble app voor iPhone en Android<\/p>\n\t\t<a href=\"https:\/\/apps.apple.com\/us\/app\/luggagehero-luggage-storage\/id1481057935\" target=\"_blank\">\n\t\t\t<img decoding=\"async\" loading=\"lazy\" src=\"https:\/\/luggagehero.com\/wp-content\/uploads\/2020\/08\/badge-as.png\" alt=\"Download on the ios App Store\">\n\t\t<\/a>\n\n\t\t<a href=\"https:\/\/play.google.com\/store\/apps\/details?id=com.luggagehero.android\" target=\"_blank\">\n\t\t\t<img decoding=\"async\" loading=\"lazy\" src=\"https:\/\/luggagehero.com\/wp-content\/uploads\/2020\/08\/badge-gp.png\" alt=\"Get it on Google Play\">\n\t\t<\/a>\n\t<\/div>\n<\/div>\n","protected":false},"excerpt":{"rendered":"<p>Luggage storage Esta\u00e7\u00e3o do Oriente Are you looking for luggage storage near Esta\u00e7\u00e3o do Oriente? You can store your bags with one of our luggage storage locations just around Esta\u00e7\u00e3o do Oriente. Explore Lisbon hassle-free. LuggageHero storage sites are certified hotels, cafes, and shops. Advance bookings ensure space for your bags. The address and directions [&hellip;]<\/p>\n","protected":false},"author":45,"featured_media":40060,"parent":5029,"menu_order":0,"comment_status":"closed","ping_status":"closed","template":"template-location.php","meta":{"_acf_changed":false,"footnotes":""},"class_list":["post-35815","page","type-page","status-publish","has-post-thumbnail","hentry"],"acf":[],"yoast_head":"<!-- This site is optimized with the Yoast SEO Premium plugin v27.0 (Yoast SEO v27.0) - https:\/\/yoast.com\/product\/yoast-seo-premium-wordpress\/ -->\n<title>Esta\u00e7\u00e3o do Oriente - LuggageHero<\/title>\n<meta name=\"description\" content=\"Luggage storage in Estacao do Oriente with LuggageHero. Find the nearest place to store your luggage per hour or for the whole day with just a few clicks.\" \/>\n<meta name=\"robots\" content=\"index, follow, max-snippet:-1, max-image-preview:large, max-video-preview:-1\" \/>\n<link rel=\"canonical\" href=\"https:\/\/luggagehero.com\/nl\/lisbon\/estacao-do-oriente\/\" \/>\n<meta property=\"og:locale\" content=\"nl_NL\" \/>\n<meta property=\"og:type\" content=\"article\" \/>\n<meta property=\"og:title\" content=\"Esta\u00e7\u00e3o do Oriente\" \/>\n<meta property=\"og:description\" content=\"Luggage storage in Estacao do Oriente with LuggageHero. Find the nearest place to store your luggage per hour or for the whole day with just a few clicks.\" \/>\n<meta property=\"og:url\" content=\"https:\/\/luggagehero.com\/nl\/lisbon\/estacao-do-oriente\/\" \/>\n<meta property=\"og:site_name\" content=\"LuggageHero\" \/>\n<meta property=\"article:publisher\" content=\"https:\/\/www.facebook.com\/luggagehero\" \/>\n<meta property=\"article:modified_time\" content=\"2023-03-24T09:19:09+00:00\" \/>\n<meta property=\"og:image\" content=\"https:\/\/luggagehero.com\/wp-content\/uploads\/2021\/11\/Estacao-do-Oriente-scaled.jpg\" \/>\n\t<meta property=\"og:image:width\" content=\"2560\" \/>\n\t<meta property=\"og:image:height\" content=\"1840\" \/>\n\t<meta property=\"og:image:type\" content=\"image\/jpeg\" \/>\n<meta name=\"twitter:card\" content=\"summary_large_image\" \/>\n<meta name=\"twitter:site\" content=\"@luggagehero\" \/>\n<meta name=\"twitter:label1\" content=\"Est. reading time\" \/>\n\t<meta name=\"twitter:data1\" content=\"2 minutes\" \/>\n<script type=\"application\/ld+json\" class=\"yoast-schema-graph\">{\"@context\":\"https:\/\/schema.org\",\"@graph\":[{\"@type\":\"WebPage\",\"@id\":\"https:\/\/luggagehero.com\/nl\/lisbon\/estacao-do-oriente\/\",\"url\":\"https:\/\/luggagehero.com\/nl\/lisbon\/estacao-do-oriente\/\",\"name\":\"Esta\u00e7\u00e3o do Oriente - LuggageHero\",\"isPartOf\":{\"@id\":\"https:\/\/luggagehero.com\/nl\/#website\"},\"primaryImageOfPage\":{\"@id\":\"https:\/\/luggagehero.com\/nl\/lisbon\/estacao-do-oriente\/#primaryimage\"},\"image\":{\"@id\":\"https:\/\/luggagehero.com\/nl\/lisbon\/estacao-do-oriente\/#primaryimage\"},\"thumbnailUrl\":\"https:\/\/luggagehero.com\/wp-content\/uploads\/2021\/11\/Estacao-do-Oriente-scaled.jpg\",\"datePublished\":\"2022-06-15T13:10:40+00:00\",\"dateModified\":\"2023-03-24T09:19:09+00:00\",\"description\":\"Luggage storage in Estacao do Oriente with LuggageHero. Find the nearest place to store your luggage per hour or for the whole day with just a few clicks.\",\"breadcrumb\":{\"@id\":\"https:\/\/luggagehero.com\/nl\/lisbon\/estacao-do-oriente\/#breadcrumb\"},\"inLanguage\":\"nl-NL\",\"potentialAction\":[{\"@type\":\"ReadAction\",\"target\":[\"https:\/\/luggagehero.com\/nl\/lisbon\/estacao-do-oriente\/\"]}]},{\"@type\":\"ImageObject\",\"inLanguage\":\"nl-NL\",\"@id\":\"https:\/\/luggagehero.com\/nl\/lisbon\/estacao-do-oriente\/#primaryimage\",\"url\":\"https:\/\/luggagehero.com\/wp-content\/uploads\/2021\/11\/Estacao-do-Oriente-scaled.jpg\",\"contentUrl\":\"https:\/\/luggagehero.com\/wp-content\/uploads\/2021\/11\/Estacao-do-Oriente-scaled.jpg\",\"width\":2560,\"height\":1840},{\"@type\":\"BreadcrumbList\",\"@id\":\"https:\/\/luggagehero.com\/nl\/lisbon\/estacao-do-oriente\/#breadcrumb\",\"itemListElement\":[{\"@type\":\"ListItem\",\"position\":1,\"name\":\"Home\",\"item\":\"https:\/\/luggagehero.com\/nl\/\"},{\"@type\":\"ListItem\",\"position\":2,\"name\":\"Lisbon\",\"item\":\"https:\/\/luggagehero.com\/nl\/lisbon\/\"},{\"@type\":\"ListItem\",\"position\":3,\"name\":\"Esta\u00e7\u00e3o do Oriente\"}]},{\"@type\":\"WebSite\",\"@id\":\"https:\/\/luggagehero.com\/nl\/#website\",\"url\":\"https:\/\/luggagehero.com\/nl\/\",\"name\":\"LuggageHero\",\"description\":\"Free yourself from luggage\",\"publisher\":{\"@id\":\"https:\/\/luggagehero.com\/nl\/#organization\"},\"potentialAction\":[{\"@type\":\"SearchAction\",\"target\":{\"@type\":\"EntryPoint\",\"urlTemplate\":\"https:\/\/luggagehero.com\/nl\/?s={search_term_string}\"},\"query-input\":{\"@type\":\"PropertyValueSpecification\",\"valueRequired\":true,\"valueName\":\"search_term_string\"}}],\"inLanguage\":\"nl-NL\"},{\"@type\":\"Organization\",\"@id\":\"https:\/\/luggagehero.com\/nl\/#organization\",\"name\":\"LuggageHero\",\"url\":\"https:\/\/luggagehero.com\/nl\/\",\"logo\":{\"@type\":\"ImageObject\",\"inLanguage\":\"nl-NL\",\"@id\":\"https:\/\/luggagehero.com\/nl\/#\/schema\/logo\/image\/\",\"url\":\"https:\/\/luggagehero.com\/wp-content\/uploads\/2017\/04\/luggagehero_LOGO-RGB_kort_POS_200x200.png\",\"contentUrl\":\"https:\/\/luggagehero.com\/wp-content\/uploads\/2017\/04\/luggagehero_LOGO-RGB_kort_POS_200x200.png\",\"width\":200,\"height\":200,\"caption\":\"LuggageHero\"},\"image\":{\"@id\":\"https:\/\/luggagehero.com\/nl\/#\/schema\/logo\/image\/\"},\"sameAs\":[\"https:\/\/www.facebook.com\/luggagehero\",\"https:\/\/x.com\/luggagehero\",\"https:\/\/www.instagram.com\/luggagehero\",\"https:\/\/www.linkedin.com\/company\/luggagehero\/\"]}]}<\/script>\n<!-- \/ Yoast SEO Premium plugin. -->","yoast_head_json":{"title":"Esta\u00e7\u00e3o do Oriente - LuggageHero","description":"Luggage storage in Estacao do Oriente with LuggageHero. Find the nearest place to store your luggage per hour or for the whole day with just a few clicks.","robots":{"index":"index","follow":"follow","max-snippet":"max-snippet:-1","max-image-preview":"max-image-preview:large","max-video-preview":"max-video-preview:-1"},"canonical":"https:\/\/luggagehero.com\/nl\/lisbon\/estacao-do-oriente\/","og_locale":"nl_NL","og_type":"article","og_title":"Esta\u00e7\u00e3o do Oriente","og_description":"Luggage storage in Estacao do Oriente with LuggageHero. Find the nearest place to store your luggage per hour or for the whole day with just a few clicks.","og_url":"https:\/\/luggagehero.com\/nl\/lisbon\/estacao-do-oriente\/","og_site_name":"LuggageHero","article_publisher":"https:\/\/www.facebook.com\/luggagehero","article_modified_time":"2023-03-24T09:19:09+00:00","og_image":[{"width":2560,"height":1840,"url":"https:\/\/luggagehero.com\/wp-content\/uploads\/2021\/11\/Estacao-do-Oriente-scaled.jpg","type":"image\/jpeg"}],"twitter_card":"summary_large_image","twitter_site":"@luggagehero","twitter_misc":{"Est. reading time":"2 minutes"},"schema":{"@context":"https:\/\/schema.org","@graph":[{"@type":"WebPage","@id":"https:\/\/luggagehero.com\/nl\/lisbon\/estacao-do-oriente\/","url":"https:\/\/luggagehero.com\/nl\/lisbon\/estacao-do-oriente\/","name":"Esta\u00e7\u00e3o do Oriente - LuggageHero","isPartOf":{"@id":"https:\/\/luggagehero.com\/nl\/#website"},"primaryImageOfPage":{"@id":"https:\/\/luggagehero.com\/nl\/lisbon\/estacao-do-oriente\/#primaryimage"},"image":{"@id":"https:\/\/luggagehero.com\/nl\/lisbon\/estacao-do-oriente\/#primaryimage"},"thumbnailUrl":"https:\/\/luggagehero.com\/wp-content\/uploads\/2021\/11\/Estacao-do-Oriente-scaled.jpg","datePublished":"2022-06-15T13:10:40+00:00","dateModified":"2023-03-24T09:19:09+00:00","description":"Luggage storage in Estacao do Oriente with LuggageHero. Find the nearest place to store your luggage per hour or for the whole day with just a few clicks.","breadcrumb":{"@id":"https:\/\/luggagehero.com\/nl\/lisbon\/estacao-do-oriente\/#breadcrumb"},"inLanguage":"nl-NL","potentialAction":[{"@type":"ReadAction","target":["https:\/\/luggagehero.com\/nl\/lisbon\/estacao-do-oriente\/"]}]},{"@type":"ImageObject","inLanguage":"nl-NL","@id":"https:\/\/luggagehero.com\/nl\/lisbon\/estacao-do-oriente\/#primaryimage","url":"https:\/\/luggagehero.com\/wp-content\/uploads\/2021\/11\/Estacao-do-Oriente-scaled.jpg","contentUrl":"https:\/\/luggagehero.com\/wp-content\/uploads\/2021\/11\/Estacao-do-Oriente-scaled.jpg","width":2560,"height":1840},{"@type":"BreadcrumbList","@id":"https:\/\/luggagehero.com\/nl\/lisbon\/estacao-do-oriente\/#breadcrumb","itemListElement":[{"@type":"ListItem","position":1,"name":"Home","item":"https:\/\/luggagehero.com\/nl\/"},{"@type":"ListItem","position":2,"name":"Lisbon","item":"https:\/\/luggagehero.com\/nl\/lisbon\/"},{"@type":"ListItem","position":3,"name":"Esta\u00e7\u00e3o do Oriente"}]},{"@type":"WebSite","@id":"https:\/\/luggagehero.com\/nl\/#website","url":"https:\/\/luggagehero.com\/nl\/","name":"LuggageHero","description":"Free yourself from luggage","publisher":{"@id":"https:\/\/luggagehero.com\/nl\/#organization"},"potentialAction":[{"@type":"SearchAction","target":{"@type":"EntryPoint","urlTemplate":"https:\/\/luggagehero.com\/nl\/?s={search_term_string}"},"query-input":{"@type":"PropertyValueSpecification","valueRequired":true,"valueName":"search_term_string"}}],"inLanguage":"nl-NL"},{"@type":"Organization","@id":"https:\/\/luggagehero.com\/nl\/#organization","name":"LuggageHero","url":"https:\/\/luggagehero.com\/nl\/","logo":{"@type":"ImageObject","inLanguage":"nl-NL","@id":"https:\/\/luggagehero.com\/nl\/#\/schema\/logo\/image\/","url":"https:\/\/luggagehero.com\/wp-content\/uploads\/2017\/04\/luggagehero_LOGO-RGB_kort_POS_200x200.png","contentUrl":"https:\/\/luggagehero.com\/wp-content\/uploads\/2017\/04\/luggagehero_LOGO-RGB_kort_POS_200x200.png","width":200,"height":200,"caption":"LuggageHero"},"image":{"@id":"https:\/\/luggagehero.com\/nl\/#\/schema\/logo\/image\/"},"sameAs":["https:\/\/www.facebook.com\/luggagehero","https:\/\/x.com\/luggagehero","https:\/\/www.instagram.com\/luggagehero","https:\/\/www.linkedin.com\/company\/luggagehero\/"]}]}},"place_id":"","place_latitude_longitude":"38.7678,-9.0993","place_name":"Esta\u00e7\u00e3o do Oriente","criteria_title":"","criteria_description":"","meta_title":"","meta_description":"","children_criteria_title":"","children_criteria_description":"","children_meta_title":"","children_meta_description":"","_edit_last":"73","use_global_content":"1","poi_type":"PublicTransit","content_raw":"<h2>Luggage storage Esta\u00e7\u00e3o do Oriente<\/h2>\r\nAre you looking for luggage storage near Esta\u00e7\u00e3o do Oriente? You can store your bags with one of our luggage storage locations just around Esta\u00e7\u00e3o do Oriente. Explore <a href=\"https:\/\/luggagehero.com\/lisbon\/\">Lisbon<\/a> hassle-free.\r\n\r\n<span style=\"font-weight: 400;\">[comparisontable]<\/span>\r\n\r\nLuggageHero storage sites are <a href=\"https:\/\/luggagehero.com\/about\/certified-shops\/\">certified hotels, cafes, and shops<\/a>. Advance bookings ensure space for your bags. The address and directions to our partner shops are available at the time of booking. All bags are sealed off with our <a href=\"https:\/\/luggagehero.com\/about\/security-seal\/\">security seals<\/a> <a href=\"https:\/\/luggagehero.com\/about\/insurance\/\">insuring<\/a> each piece of luggage up to [pricing insurancecoverage] once you have dropped off your bags and started our storage timer on your booking page.\r\n<h2>Esta\u00e7\u00e3o do Oriente<\/h2>\r\nEsta\u00e7\u00e3o do Oriente is one of the main portuguese stations with stops for trains, busses and metros. The station was open in 1998 and is located on 6 km from the city centre. The station has excellent facilities and is easy to navigate thanks to modern architecture. Esta\u00e7\u00e3o do Oriente represents a fusion between gothic style and striking modernism.\r\n\r\nThe station has five levels. On the lowest one is metro and on top are trains with busses in the middle together with waiting rooms and entrance to Vasco de Gama shopping centre.\r\n\r\nThe station also offers food courts and excalators to quickly move between the floors.\r\n\r\n<img class=\" wp-image-45242 aligncenter\" src=\"https:\/\/luggagehero.com\/wp-content\/uploads\/2022\/06\/46355810802_a48a67e912_b-300x157.jpg\" alt=\"\" width=\"858\" height=\"449\" \/>\r\n<h2>Luggage storage in Esta\u00e7\u00e3o do Oriente<\/h2>\r\nLuggageHero storage sites are <a href=\"https:\/\/luggagehero.com\/about\/certified-shops\/\">certified hotels, cafes, and shops<\/a>. Advance bookings ensure space for your bags. The address and directions to our partner shops are available at the time of booking. All bags are sealed off with our <a href=\"https:\/\/luggagehero.com\/about\/security-seal\/\">security seals<\/a> <a href=\"https:\/\/luggagehero.com\/about\/insurance\/\">insuring<\/a> each piece of luggage up to [pricing insurancecoverage] once you have dropped off your bags and started our storage timer on your booking page.\r\n\r\n[mapofshops]\r\n<h3><strong>Check out some of out other popular locations in Lisbon<\/strong><\/h3>\r\n<ul>\r\n \t<li><a href=\"https:\/\/luggagehero.com\/lisbon\/sintra\/\">Sintra<\/a><\/li>\r\n \t<li><a href=\"https:\/\/luggagehero.com\/lisbon\/tower-of-belem\/\">Tower of Belem<\/a><\/li>\r\n \t<li><a href=\"https:\/\/luggagehero.com\/lisbon\/time-out-market\/\">Time Out Market<\/a><\/li>\r\n \t<li><a href=\"https:\/\/luggagehero.com\/lisbon\/santa-apolonia\/\">Santa Apolonia<\/a><\/li>\r\n \t<li><a href=\"https:\/\/luggagehero.com\/lisbon\/martim-moniz\/\">Martim Moniz<\/a><\/li>\r\n \t<li><a href=\"https:\/\/luggagehero.com\/lisbon\/jeronimos-monastery\/\">Jeronimos Monastery<\/a><\/li>\r\n<\/ul>\r\n<h2>After storing your bags in Esta\u00e7\u00e3o do Oriente<\/h2>\r\nAfter you store your bags, you can enjoy the Vasco De Gama shopping centre right next to the station. In a close vicinity of the station is also Pavilh\u00e3o de Portugal, Ocenan\u00e1rio de Lisboa or Marina park called Marina parque das Na\u00e7oes. All of these tourist attractions are in the same line as harbour\r\n\r\n[appdownloader]","_links":{"self":[{"href":"https:\/\/luggagehero.com\/nl\/wp-json\/wp\/v2\/pages\/35815","targetHints":{"allow":["GET"]}}],"collection":[{"href":"https:\/\/luggagehero.com\/nl\/wp-json\/wp\/v2\/pages"}],"about":[{"href":"https:\/\/luggagehero.com\/nl\/wp-json\/wp\/v2\/types\/page"}],"author":[{"embeddable":true,"href":"https:\/\/luggagehero.com\/nl\/wp-json\/wp\/v2\/users\/45"}],"replies":[{"embeddable":true,"href":"https:\/\/luggagehero.com\/nl\/wp-json\/wp\/v2\/comments?post=35815"}],"version-history":[{"count":0,"href":"https:\/\/luggagehero.com\/nl\/wp-json\/wp\/v2\/pages\/35815\/revisions"}],"up":[{"embeddable":true,"href":"https:\/\/luggagehero.com\/nl\/wp-json\/wp\/v2\/pages\/5029"}],"wp:featuredmedia":[{"embeddable":true,"href":"https:\/\/luggagehero.com\/nl\/wp-json\/wp\/v2\/media\/40060"}],"wp:attachment":[{"href":"https:\/\/luggagehero.com\/nl\/wp-json\/wp\/v2\/media?parent=35815"}],"curies":[{"name":"wp","href":"https:\/\/api.w.org\/{rel}","templated":true}]}}