{"id":6818,"date":"2019-05-11T12:02:17","date_gmt":"2019-05-11T12:02:17","guid":{"rendered":"https:\/\/luggagehero.com\/?page_id=6818"},"modified":"2021-11-11T10:04:07","modified_gmt":"2021-11-11T10:04:07","slug":"promenade-des-anglais","status":"publish","type":"page","link":"https:\/\/luggagehero.com\/nl\/nice\/promenade-des-anglais\/","title":{"rendered":"Promenade des Anglais"},"content":{"rendered":"<p>Are you looking for luggage storage near the Promenade des Anglais? You can store your bags with one of our luggage storage locations all around the area and explore the city of Nice hassle-free.<\/p>\n<p>LuggageHero storage sites are\u00a0<a href=\"https:\/\/luggagehero.com\/about\/certified-shops\/\">certified<\/a> hotels, cafes, and shops. Advance bookings ensure space for your bags. The address and directions to our store locations are available at the time of booking. All bags are sealed off with our\u00a0<a href=\"https:\/\/luggagehero.com\/about\/security-seal\/\">security seals<\/a> ensuring each piece of luggage up to <pricing-component type=\"insurancecoverage\"><\/pricing-component> once you have dropped off your bags and started our storage timer on your booking page. With LuggageHero you can find more than 20 luggage storage locations all around <a href=\"https:\/\/luggagehero.com\/nice\">Nice<\/a>.<\/p>\n<p>&nbsp;<\/p>\n<p><img loading=\"lazy\" decoding=\"async\" class=\"aligncenter size-large wp-image-7124\" src=\"https:\/\/luggagehero.com\/wp-content\/uploads\/2019\/05\/shutterstock_185425934-800x534.jpg\" alt=\"\" width=\"800\" height=\"534\" srcset=\"https:\/\/luggagehero.com\/wp-content\/uploads\/2019\/05\/shutterstock_185425934-800x534.jpg 800w, https:\/\/luggagehero.com\/wp-content\/uploads\/2019\/05\/shutterstock_185425934-300x200.jpg 300w, https:\/\/luggagehero.com\/wp-content\/uploads\/2019\/05\/shutterstock_185425934-600x400.jpg 600w, https:\/\/luggagehero.com\/wp-content\/uploads\/2019\/05\/shutterstock_185425934.jpg 1000w\" sizes=\"auto, (max-width: 800px) 100vw, 800px\" \/><\/p>\n<p>&nbsp;<\/p>\n<h2 style=\"text-align: center;\">Promenade des Anglais<\/h2>\n<p>From the airport of Nice and all the way to Quai Etats Unis along the Mediterranean sea stretches the famous Promenade des Anglais with a total of 7 kilometers. Along the promenade, you&#8217;ll find a 4-kilometer longs lane dedicated to bikes and skaters; if you don&#8217;t have any these can be rented all around Nice.<\/p>\n<p>If you decide to take a walk down the Promenade, then keep an eye out for a few of the promenade&#8217;s landmarks including the H\u00f4tel Negresco, the art-deco Palais de la M\u00e9diterran\u00e9e, and Nicoise sculptor Sabine G\u00e9raudie&#8217;s giant iron sculpture La Chaise de SAB, which pays homage to the city&#8217;s famous blue and white beach chairs<\/p>\n<p>&nbsp;<\/p>\n<h4><strong>Download our free app<\/strong><\/h4>\n<p>For even more comfort you can download our LuggageHero bag storage app where you can easily see all our locations around Nice. With our luggage storage app, you are able to store your bags anywhere in our 1000+ locations.<\/p>\n\n<div class=\"block-app-downloader\">\n\t<ul class=\"app-images\">\n\t\t\t\t\t<li class=\"app-img\">\n\t\t\t\t<img decoding=\"async\" loading=\"lazy\" src=\"https:\/\/luggagehero.com\/wp-content\/uploads\/2020\/08\/app-1.png\" alt=\"App screenshot\">\n\t\t\t<\/li>\n\t\t\t\t\t<li class=\"app-img\">\n\t\t\t\t<img decoding=\"async\" loading=\"lazy\" src=\"https:\/\/luggagehero.com\/wp-content\/uploads\/2020\/08\/app-2.png\" alt=\"App screenshot\">\n\t\t\t<\/li>\n\t\t\t\t\t<li class=\"app-img\">\n\t\t\t\t<img decoding=\"async\" loading=\"lazy\" src=\"https:\/\/luggagehero.com\/wp-content\/uploads\/2020\/08\/app-3.png\" alt=\"App screenshot\">\n\t\t\t<\/li>\n\t\t\t\t\t<li class=\"app-img\">\n\t\t\t\t<img decoding=\"async\" loading=\"lazy\" src=\"https:\/\/luggagehero.com\/wp-content\/uploads\/2020\/08\/app-4.png\" alt=\"App screenshot\">\n\t\t\t<\/li>\n\t\t\t\t\t<li class=\"app-img\">\n\t\t\t\t<img decoding=\"async\" loading=\"lazy\" src=\"https:\/\/luggagehero.com\/wp-content\/uploads\/2020\/08\/app-5.png\" alt=\"App screenshot\">\n\t\t\t<\/li>\n\t\t\t<\/ul>\n\n\t<div class=\"apps-box\">\n\t\t<p> Gebruik LuggageHero overal met de offici\u00eble app voor iPhone en Android<\/p>\n\t\t<a href=\"https:\/\/apps.apple.com\/us\/app\/luggagehero-luggage-storage\/id1481057935\" target=\"_blank\">\n\t\t\t<img decoding=\"async\" loading=\"lazy\" src=\"https:\/\/luggagehero.com\/wp-content\/uploads\/2020\/08\/badge-as.png\" alt=\"Download on the ios App Store\">\n\t\t<\/a>\n\n\t\t<a href=\"https:\/\/play.google.com\/store\/apps\/details?id=com.luggagehero.android\" target=\"_blank\">\n\t\t\t<img decoding=\"async\" loading=\"lazy\" src=\"https:\/\/luggagehero.com\/wp-content\/uploads\/2020\/08\/badge-gp.png\" alt=\"Get it on Google Play\">\n\t\t<\/a>\n\t<\/div>\n<\/div>\n","protected":false},"excerpt":{"rendered":"<p>Are you looking for luggage storage near the Promenade des Anglais? You can store your bags with one of our luggage storage locations all around the area and explore the city of Nice hassle-free. LuggageHero storage sites are\u00a0certified hotels, cafes, and shops. Advance bookings ensure space for your bags. The address and directions to our [&hellip;]<\/p>\n","protected":false},"author":9,"featured_media":40480,"parent":6817,"menu_order":0,"comment_status":"closed","ping_status":"closed","template":"template-location.php","meta":{"_acf_changed":false,"footnotes":""},"class_list":["post-6818","page","type-page","status-publish","has-post-thumbnail","hentry"],"acf":[],"yoast_head":"<!-- This site is optimized with the Yoast SEO Premium plugin v27.0 (Yoast SEO v27.0) - https:\/\/yoast.com\/product\/yoast-seo-premium-wordpress\/ -->\n<title>Promenade des Anglais - LuggageHero<\/title>\n<meta name=\"robots\" content=\"index, follow, max-snippet:-1, max-image-preview:large, max-video-preview:-1\" \/>\n<link rel=\"canonical\" href=\"https:\/\/luggagehero.com\/nl\/nice\/promenade-des-anglais\/\" \/>\n<meta property=\"og:locale\" content=\"nl_NL\" \/>\n<meta property=\"og:type\" content=\"article\" \/>\n<meta property=\"og:title\" content=\"Promenade des Anglais\" \/>\n<meta property=\"og:description\" content=\"Are you looking for luggage storage near the Promenade des Anglais? You can store your bags with one of our luggage storage locations all around the area and explore the city of Nice hassle-free. LuggageHero storage sites are\u00a0certified hotels, cafes, and shops. Advance bookings ensure space for your bags. The address and directions to our [&hellip;]\" \/>\n<meta property=\"og:url\" content=\"https:\/\/luggagehero.com\/nl\/nice\/promenade-des-anglais\/\" \/>\n<meta property=\"og:site_name\" content=\"LuggageHero\" \/>\n<meta property=\"article:publisher\" content=\"https:\/\/www.facebook.com\/luggagehero\" \/>\n<meta property=\"article:modified_time\" content=\"2021-11-11T10:04:07+00:00\" \/>\n<meta property=\"og:image\" content=\"https:\/\/luggagehero.com\/wp-content\/uploads\/2021\/11\/Promenade-des-Anglais.jpg\" \/>\n\t<meta property=\"og:image:width\" content=\"2411\" \/>\n\t<meta property=\"og:image:height\" content=\"1607\" \/>\n\t<meta property=\"og:image:type\" content=\"image\/jpeg\" \/>\n<meta name=\"twitter:card\" content=\"summary_large_image\" \/>\n<meta name=\"twitter:site\" content=\"@luggagehero\" \/>\n<meta name=\"twitter:label1\" content=\"Est. reading time\" \/>\n\t<meta name=\"twitter:data1\" content=\"2 minutes\" \/>\n<script type=\"application\/ld+json\" class=\"yoast-schema-graph\">{\"@context\":\"https:\/\/schema.org\",\"@graph\":[{\"@type\":\"WebPage\",\"@id\":\"https:\/\/luggagehero.com\/nl\/nice\/promenade-des-anglais\/\",\"url\":\"https:\/\/luggagehero.com\/nl\/nice\/promenade-des-anglais\/\",\"name\":\"Promenade des Anglais - LuggageHero\",\"isPartOf\":{\"@id\":\"https:\/\/luggagehero.com\/nl\/#website\"},\"primaryImageOfPage\":{\"@id\":\"https:\/\/luggagehero.com\/nl\/nice\/promenade-des-anglais\/#primaryimage\"},\"image\":{\"@id\":\"https:\/\/luggagehero.com\/nl\/nice\/promenade-des-anglais\/#primaryimage\"},\"thumbnailUrl\":\"https:\/\/luggagehero.com\/wp-content\/uploads\/2021\/11\/Promenade-des-Anglais.jpg\",\"datePublished\":\"2019-05-11T12:02:17+00:00\",\"dateModified\":\"2021-11-11T10:04:07+00:00\",\"breadcrumb\":{\"@id\":\"https:\/\/luggagehero.com\/nl\/nice\/promenade-des-anglais\/#breadcrumb\"},\"inLanguage\":\"nl-NL\",\"potentialAction\":[{\"@type\":\"ReadAction\",\"target\":[\"https:\/\/luggagehero.com\/nl\/nice\/promenade-des-anglais\/\"]}]},{\"@type\":\"ImageObject\",\"inLanguage\":\"nl-NL\",\"@id\":\"https:\/\/luggagehero.com\/nl\/nice\/promenade-des-anglais\/#primaryimage\",\"url\":\"https:\/\/luggagehero.com\/wp-content\/uploads\/2021\/11\/Promenade-des-Anglais.jpg\",\"contentUrl\":\"https:\/\/luggagehero.com\/wp-content\/uploads\/2021\/11\/Promenade-des-Anglais.jpg\",\"width\":2411,\"height\":1607},{\"@type\":\"BreadcrumbList\",\"@id\":\"https:\/\/luggagehero.com\/nl\/nice\/promenade-des-anglais\/#breadcrumb\",\"itemListElement\":[{\"@type\":\"ListItem\",\"position\":1,\"name\":\"Home\",\"item\":\"https:\/\/luggagehero.com\/nl\/\"},{\"@type\":\"ListItem\",\"position\":2,\"name\":\"Nice\",\"item\":\"https:\/\/luggagehero.com\/nl\/nice\/\"},{\"@type\":\"ListItem\",\"position\":3,\"name\":\"Promenade des Anglais\"}]},{\"@type\":\"WebSite\",\"@id\":\"https:\/\/luggagehero.com\/nl\/#website\",\"url\":\"https:\/\/luggagehero.com\/nl\/\",\"name\":\"LuggageHero\",\"description\":\"Free yourself from luggage\",\"publisher\":{\"@id\":\"https:\/\/luggagehero.com\/nl\/#organization\"},\"potentialAction\":[{\"@type\":\"SearchAction\",\"target\":{\"@type\":\"EntryPoint\",\"urlTemplate\":\"https:\/\/luggagehero.com\/nl\/?s={search_term_string}\"},\"query-input\":{\"@type\":\"PropertyValueSpecification\",\"valueRequired\":true,\"valueName\":\"search_term_string\"}}],\"inLanguage\":\"nl-NL\"},{\"@type\":\"Organization\",\"@id\":\"https:\/\/luggagehero.com\/nl\/#organization\",\"name\":\"LuggageHero\",\"url\":\"https:\/\/luggagehero.com\/nl\/\",\"logo\":{\"@type\":\"ImageObject\",\"inLanguage\":\"nl-NL\",\"@id\":\"https:\/\/luggagehero.com\/nl\/#\/schema\/logo\/image\/\",\"url\":\"https:\/\/luggagehero.com\/wp-content\/uploads\/2017\/04\/luggagehero_LOGO-RGB_kort_POS_200x200.png\",\"contentUrl\":\"https:\/\/luggagehero.com\/wp-content\/uploads\/2017\/04\/luggagehero_LOGO-RGB_kort_POS_200x200.png\",\"width\":200,\"height\":200,\"caption\":\"LuggageHero\"},\"image\":{\"@id\":\"https:\/\/luggagehero.com\/nl\/#\/schema\/logo\/image\/\"},\"sameAs\":[\"https:\/\/www.facebook.com\/luggagehero\",\"https:\/\/x.com\/luggagehero\",\"https:\/\/www.instagram.com\/luggagehero\",\"https:\/\/www.linkedin.com\/company\/luggagehero\/\"]}]}<\/script>\n<!-- \/ Yoast SEO Premium plugin. -->","yoast_head_json":{"title":"Promenade des Anglais - LuggageHero","robots":{"index":"index","follow":"follow","max-snippet":"max-snippet:-1","max-image-preview":"max-image-preview:large","max-video-preview":"max-video-preview:-1"},"canonical":"https:\/\/luggagehero.com\/nl\/nice\/promenade-des-anglais\/","og_locale":"nl_NL","og_type":"article","og_title":"Promenade des Anglais","og_description":"Are you looking for luggage storage near the Promenade des Anglais? You can store your bags with one of our luggage storage locations all around the area and explore the city of Nice hassle-free. LuggageHero storage sites are\u00a0certified hotels, cafes, and shops. Advance bookings ensure space for your bags. The address and directions to our [&hellip;]","og_url":"https:\/\/luggagehero.com\/nl\/nice\/promenade-des-anglais\/","og_site_name":"LuggageHero","article_publisher":"https:\/\/www.facebook.com\/luggagehero","article_modified_time":"2021-11-11T10:04:07+00:00","og_image":[{"width":2411,"height":1607,"url":"https:\/\/luggagehero.com\/wp-content\/uploads\/2021\/11\/Promenade-des-Anglais.jpg","type":"image\/jpeg"}],"twitter_card":"summary_large_image","twitter_site":"@luggagehero","twitter_misc":{"Est. reading time":"2 minutes"},"schema":{"@context":"https:\/\/schema.org","@graph":[{"@type":"WebPage","@id":"https:\/\/luggagehero.com\/nl\/nice\/promenade-des-anglais\/","url":"https:\/\/luggagehero.com\/nl\/nice\/promenade-des-anglais\/","name":"Promenade des Anglais - LuggageHero","isPartOf":{"@id":"https:\/\/luggagehero.com\/nl\/#website"},"primaryImageOfPage":{"@id":"https:\/\/luggagehero.com\/nl\/nice\/promenade-des-anglais\/#primaryimage"},"image":{"@id":"https:\/\/luggagehero.com\/nl\/nice\/promenade-des-anglais\/#primaryimage"},"thumbnailUrl":"https:\/\/luggagehero.com\/wp-content\/uploads\/2021\/11\/Promenade-des-Anglais.jpg","datePublished":"2019-05-11T12:02:17+00:00","dateModified":"2021-11-11T10:04:07+00:00","breadcrumb":{"@id":"https:\/\/luggagehero.com\/nl\/nice\/promenade-des-anglais\/#breadcrumb"},"inLanguage":"nl-NL","potentialAction":[{"@type":"ReadAction","target":["https:\/\/luggagehero.com\/nl\/nice\/promenade-des-anglais\/"]}]},{"@type":"ImageObject","inLanguage":"nl-NL","@id":"https:\/\/luggagehero.com\/nl\/nice\/promenade-des-anglais\/#primaryimage","url":"https:\/\/luggagehero.com\/wp-content\/uploads\/2021\/11\/Promenade-des-Anglais.jpg","contentUrl":"https:\/\/luggagehero.com\/wp-content\/uploads\/2021\/11\/Promenade-des-Anglais.jpg","width":2411,"height":1607},{"@type":"BreadcrumbList","@id":"https:\/\/luggagehero.com\/nl\/nice\/promenade-des-anglais\/#breadcrumb","itemListElement":[{"@type":"ListItem","position":1,"name":"Home","item":"https:\/\/luggagehero.com\/nl\/"},{"@type":"ListItem","position":2,"name":"Nice","item":"https:\/\/luggagehero.com\/nl\/nice\/"},{"@type":"ListItem","position":3,"name":"Promenade des Anglais"}]},{"@type":"WebSite","@id":"https:\/\/luggagehero.com\/nl\/#website","url":"https:\/\/luggagehero.com\/nl\/","name":"LuggageHero","description":"Free yourself from luggage","publisher":{"@id":"https:\/\/luggagehero.com\/nl\/#organization"},"potentialAction":[{"@type":"SearchAction","target":{"@type":"EntryPoint","urlTemplate":"https:\/\/luggagehero.com\/nl\/?s={search_term_string}"},"query-input":{"@type":"PropertyValueSpecification","valueRequired":true,"valueName":"search_term_string"}}],"inLanguage":"nl-NL"},{"@type":"Organization","@id":"https:\/\/luggagehero.com\/nl\/#organization","name":"LuggageHero","url":"https:\/\/luggagehero.com\/nl\/","logo":{"@type":"ImageObject","inLanguage":"nl-NL","@id":"https:\/\/luggagehero.com\/nl\/#\/schema\/logo\/image\/","url":"https:\/\/luggagehero.com\/wp-content\/uploads\/2017\/04\/luggagehero_LOGO-RGB_kort_POS_200x200.png","contentUrl":"https:\/\/luggagehero.com\/wp-content\/uploads\/2017\/04\/luggagehero_LOGO-RGB_kort_POS_200x200.png","width":200,"height":200,"caption":"LuggageHero"},"image":{"@id":"https:\/\/luggagehero.com\/nl\/#\/schema\/logo\/image\/"},"sameAs":["https:\/\/www.facebook.com\/luggagehero","https:\/\/x.com\/luggagehero","https:\/\/www.instagram.com\/luggagehero","https:\/\/www.linkedin.com\/company\/luggagehero\/"]}]}},"place_id":"","place_latitude_longitude":"43.6937,7.2551","place_name":"Gambetta \/ Promenade","criteria_title":"","criteria_description":"","meta_title":"","meta_description":"","children_criteria_title":"","children_criteria_description":"","children_meta_title":"","children_meta_description":"","_edit_last":"47","use_global_content":"","poi_type":"","content_raw":"Are you looking for luggage storage near the Promenade des Anglais? You can store your bags with one of our luggage storage locations all around the area and explore the city of Nice hassle-free.\r\n\r\nLuggageHero storage sites are\u00a0<a href=\"https:\/\/luggagehero.com\/about\/certified-shops\/\">certified<\/a> hotels, cafes, and shops. Advance bookings ensure space for your bags. The address and directions to our store locations are available at the time of booking. All bags are sealed off with our\u00a0<a href=\"https:\/\/luggagehero.com\/about\/security-seal\/\">security seals<\/a> ensuring each piece of luggage up to [pricing insurancecoverage] once you have dropped off your bags and started our storage timer on your booking page. With LuggageHero you can find more than 20 luggage storage locations all around <a href=\"https:\/\/luggagehero.com\/nice\">Nice<\/a>.\r\n\r\n&nbsp;\r\n\r\n<img class=\"aligncenter size-large wp-image-7124\" src=\"https:\/\/luggagehero.com\/wp-content\/uploads\/2019\/05\/shutterstock_185425934-800x534.jpg\" alt=\"\" width=\"800\" height=\"534\" \/>\r\n\r\n&nbsp;\r\n<h2 style=\"text-align: center;\">Promenade des Anglais<\/h2>\r\nFrom the airport of Nice and all the way to Quai Etats Unis along the Mediterranean sea stretches the famous Promenade des Anglais with a total of 7 kilometers. Along the promenade, you'll find a 4-kilometer longs lane dedicated to bikes and skaters; if you don't have any these can be rented all around Nice.\r\n\r\nIf you decide to take a walk down the Promenade, then keep an eye out for a few of the promenade's landmarks including the H\u00f4tel Negresco, the art-deco Palais de la M\u00e9diterran\u00e9e, and Nicoise sculptor Sabine G\u00e9raudie's giant iron sculpture La Chaise de SAB, which pays homage to the city's famous blue and white beach chairs\r\n\r\n&nbsp;\r\n<h4><strong>Download our free app<\/strong><\/h4>\r\nFor even more comfort you can download our LuggageHero bag storage app where you can easily see all our locations around Nice. With our luggage storage app, you are able to store your bags anywhere in our 1000+ locations.\r\n\r\n[appdownloader]","_links":{"self":[{"href":"https:\/\/luggagehero.com\/nl\/wp-json\/wp\/v2\/pages\/6818","targetHints":{"allow":["GET"]}}],"collection":[{"href":"https:\/\/luggagehero.com\/nl\/wp-json\/wp\/v2\/pages"}],"about":[{"href":"https:\/\/luggagehero.com\/nl\/wp-json\/wp\/v2\/types\/page"}],"author":[{"embeddable":true,"href":"https:\/\/luggagehero.com\/nl\/wp-json\/wp\/v2\/users\/9"}],"replies":[{"embeddable":true,"href":"https:\/\/luggagehero.com\/nl\/wp-json\/wp\/v2\/comments?post=6818"}],"version-history":[{"count":0,"href":"https:\/\/luggagehero.com\/nl\/wp-json\/wp\/v2\/pages\/6818\/revisions"}],"up":[{"embeddable":true,"href":"https:\/\/luggagehero.com\/nl\/wp-json\/wp\/v2\/pages\/6817"}],"wp:featuredmedia":[{"embeddable":true,"href":"https:\/\/luggagehero.com\/nl\/wp-json\/wp\/v2\/media\/40480"}],"wp:attachment":[{"href":"https:\/\/luggagehero.com\/nl\/wp-json\/wp\/v2\/media?parent=6818"}],"curies":[{"name":"wp","href":"https:\/\/api.w.org\/{rel}","templated":true}]}}