{"id":20711,"date":"2019-08-23T13:05:14","date_gmt":"2019-08-23T13:05:14","guid":{"rendered":"https:\/\/luggagehero.com\/seville\/"},"modified":"2023-09-04T08:23:34","modified_gmt":"2023-09-04T08:23:34","slug":"seville","status":"publish","type":"page","link":"https:\/\/luggagehero.com\/pl\/seville\/","title":{"rendered":"Sewilla"},"content":{"rendered":"","protected":false},"excerpt":{"rendered":"","protected":false},"author":9,"featured_media":20707,"parent":0,"menu_order":0,"comment_status":"closed","ping_status":"closed","template":"template-location.php","meta":{"_acf_changed":false,"footnotes":""},"class_list":["post-20711","page","type-page","status-publish","has-post-thumbnail","hentry"],"acf":[],"yoast_head":"<!-- This site is optimized with the Yoast SEO Premium plugin v27.0 (Yoast SEO v27.0) - https:\/\/yoast.com\/product\/yoast-seo-premium-wordpress\/ -->\n<title>Przechowalnia baga\u017cu w Sewilli - 20 lokalizacje - 24\/7 - \u20ac1\/za godzin\u0119<\/title>\n<meta name=\"description\" content=\"Szukasz przechowalni baga\u017cu czy schowku na baga\u017c w Sewilli? Zarezerwuj ju\u017c teraz z LuggageHero - obecnie najwi\u0119ksza sie\u0107 w Sewilli + 20 punkt\u00f3w dost\u0119pnych w Sewilli. Otwarte 24h na dob\u0119 - 7 dni w tygodniu. 2500\u20ac - warto\u015b\u0107 ubezpieczenia. Pakiet ubezpieczenia w cenie.\" \/>\n<meta name=\"robots\" content=\"index, follow, max-snippet:-1, max-image-preview:large, max-video-preview:-1\" \/>\n<link rel=\"canonical\" href=\"https:\/\/luggagehero.com\/pl\/seville\/\" \/>\n<meta property=\"og:locale\" content=\"pl_PL\" \/>\n<meta property=\"og:type\" content=\"article\" \/>\n<meta property=\"og:title\" content=\"Sewilla\" \/>\n<meta property=\"og:description\" content=\"Szukasz przechowalni baga\u017cu czy schowku na baga\u017c w Sewilli? Zarezerwuj ju\u017c teraz z LuggageHero - obecnie najwi\u0119ksza sie\u0107 w Sewilli + 20 punkt\u00f3w dost\u0119pnych w Sewilli. Otwarte 24h na dob\u0119 - 7 dni w tygodniu. 2500\u20ac - warto\u015b\u0107 ubezpieczenia. Pakiet ubezpieczenia w cenie.\" \/>\n<meta property=\"og:url\" content=\"https:\/\/luggagehero.com\/pl\/seville\/\" \/>\n<meta property=\"og:site_name\" content=\"LuggageHero\" \/>\n<meta property=\"article:publisher\" content=\"https:\/\/www.facebook.com\/luggagehero\" \/>\n<meta property=\"article:modified_time\" content=\"2023-09-04T08:23:34+00:00\" \/>\n<meta property=\"og:image\" content=\"https:\/\/luggagehero.com\/wp-content\/uploads\/2019\/08\/shutterstock_179024282-800x533.jpg\" \/>\n\t<meta property=\"og:image:width\" content=\"800\" \/>\n\t<meta property=\"og:image:height\" content=\"533\" \/>\n\t<meta property=\"og:image:type\" content=\"image\/jpeg\" \/>\n<meta name=\"twitter:card\" content=\"summary_large_image\" \/>\n<meta name=\"twitter:site\" content=\"@luggagehero\" \/>\n<script type=\"application\/ld+json\" class=\"yoast-schema-graph\">{\"@context\":\"https:\/\/schema.org\",\"@graph\":[{\"@type\":\"WebPage\",\"@id\":\"https:\/\/luggagehero.com\/pl\/seville\/\",\"url\":\"https:\/\/luggagehero.com\/pl\/seville\/\",\"name\":\"Przechowalnia baga\u017cu w Sewilli - 20 lokalizacje - 24\/7 - \u20ac1\/za godzin\u0119\",\"isPartOf\":{\"@id\":\"https:\/\/luggagehero.com\/pl\/#website\"},\"primaryImageOfPage\":{\"@id\":\"https:\/\/luggagehero.com\/pl\/seville\/#primaryimage\"},\"image\":{\"@id\":\"https:\/\/luggagehero.com\/pl\/seville\/#primaryimage\"},\"thumbnailUrl\":\"https:\/\/luggagehero.com\/wp-content\/uploads\/2019\/08\/shutterstock_179024282.jpg\",\"datePublished\":\"2019-08-23T13:05:14+00:00\",\"dateModified\":\"2023-09-04T08:23:34+00:00\",\"description\":\"Szukasz przechowalni baga\u017cu czy schowku na baga\u017c w Sewilli? Zarezerwuj ju\u017c teraz z LuggageHero - obecnie najwi\u0119ksza sie\u0107 w Sewilli + 20 punkt\u00f3w dost\u0119pnych w Sewilli. Otwarte 24h na dob\u0119 - 7 dni w tygodniu. 2500\u20ac - warto\u015b\u0107 ubezpieczenia. Pakiet ubezpieczenia w cenie.\",\"breadcrumb\":{\"@id\":\"https:\/\/luggagehero.com\/pl\/seville\/#breadcrumb\"},\"inLanguage\":\"pl-PL\",\"potentialAction\":[{\"@type\":\"ReadAction\",\"target\":[\"https:\/\/luggagehero.com\/pl\/seville\/\"]}]},{\"@type\":\"ImageObject\",\"inLanguage\":\"pl-PL\",\"@id\":\"https:\/\/luggagehero.com\/pl\/seville\/#primaryimage\",\"url\":\"https:\/\/luggagehero.com\/wp-content\/uploads\/2019\/08\/shutterstock_179024282.jpg\",\"contentUrl\":\"https:\/\/luggagehero.com\/wp-content\/uploads\/2019\/08\/shutterstock_179024282.jpg\",\"width\":5616,\"height\":3744},{\"@type\":\"BreadcrumbList\",\"@id\":\"https:\/\/luggagehero.com\/pl\/seville\/#breadcrumb\",\"itemListElement\":[{\"@type\":\"ListItem\",\"position\":1,\"name\":\"Home\",\"item\":\"https:\/\/luggagehero.com\/pl\/\"},{\"@type\":\"ListItem\",\"position\":2,\"name\":\"Sewilla\"}]},{\"@type\":\"WebSite\",\"@id\":\"https:\/\/luggagehero.com\/pl\/#website\",\"url\":\"https:\/\/luggagehero.com\/pl\/\",\"name\":\"LuggageHero\",\"description\":\"Free yourself from luggage\",\"publisher\":{\"@id\":\"https:\/\/luggagehero.com\/pl\/#organization\"},\"potentialAction\":[{\"@type\":\"SearchAction\",\"target\":{\"@type\":\"EntryPoint\",\"urlTemplate\":\"https:\/\/luggagehero.com\/pl\/?s={search_term_string}\"},\"query-input\":{\"@type\":\"PropertyValueSpecification\",\"valueRequired\":true,\"valueName\":\"search_term_string\"}}],\"inLanguage\":\"pl-PL\"},{\"@type\":\"Organization\",\"@id\":\"https:\/\/luggagehero.com\/pl\/#organization\",\"name\":\"LuggageHero\",\"url\":\"https:\/\/luggagehero.com\/pl\/\",\"logo\":{\"@type\":\"ImageObject\",\"inLanguage\":\"pl-PL\",\"@id\":\"https:\/\/luggagehero.com\/pl\/#\/schema\/logo\/image\/\",\"url\":\"https:\/\/luggagehero.com\/wp-content\/uploads\/2017\/04\/luggagehero_LOGO-RGB_kort_POS_200x200.png\",\"contentUrl\":\"https:\/\/luggagehero.com\/wp-content\/uploads\/2017\/04\/luggagehero_LOGO-RGB_kort_POS_200x200.png\",\"width\":200,\"height\":200,\"caption\":\"LuggageHero\"},\"image\":{\"@id\":\"https:\/\/luggagehero.com\/pl\/#\/schema\/logo\/image\/\"},\"sameAs\":[\"https:\/\/www.facebook.com\/luggagehero\",\"https:\/\/x.com\/luggagehero\",\"https:\/\/www.instagram.com\/luggagehero\",\"https:\/\/www.linkedin.com\/company\/luggagehero\/\"]}]}<\/script>\n<!-- \/ Yoast SEO Premium plugin. -->","yoast_head_json":{"title":"Przechowalnia baga\u017cu w Sewilli - 20 lokalizacje - 24\/7 - \u20ac1\/za godzin\u0119","description":"Szukasz przechowalni baga\u017cu czy schowku na baga\u017c w Sewilli? Zarezerwuj ju\u017c teraz z LuggageHero - obecnie najwi\u0119ksza sie\u0107 w Sewilli + 20 punkt\u00f3w dost\u0119pnych w Sewilli. Otwarte 24h na dob\u0119 - 7 dni w tygodniu. 2500\u20ac - warto\u015b\u0107 ubezpieczenia. Pakiet ubezpieczenia w cenie.","robots":{"index":"index","follow":"follow","max-snippet":"max-snippet:-1","max-image-preview":"max-image-preview:large","max-video-preview":"max-video-preview:-1"},"canonical":"https:\/\/luggagehero.com\/pl\/seville\/","og_locale":"pl_PL","og_type":"article","og_title":"Sewilla","og_description":"Szukasz przechowalni baga\u017cu czy schowku na baga\u017c w Sewilli? Zarezerwuj ju\u017c teraz z LuggageHero - obecnie najwi\u0119ksza sie\u0107 w Sewilli + 20 punkt\u00f3w dost\u0119pnych w Sewilli. Otwarte 24h na dob\u0119 - 7 dni w tygodniu. 2500\u20ac - warto\u015b\u0107 ubezpieczenia. Pakiet ubezpieczenia w cenie.","og_url":"https:\/\/luggagehero.com\/pl\/seville\/","og_site_name":"LuggageHero","article_publisher":"https:\/\/www.facebook.com\/luggagehero","article_modified_time":"2023-09-04T08:23:34+00:00","og_image":[{"width":800,"height":533,"url":"https:\/\/luggagehero.com\/wp-content\/uploads\/2019\/08\/shutterstock_179024282-800x533.jpg","type":"image\/jpeg"}],"twitter_card":"summary_large_image","twitter_site":"@luggagehero","schema":{"@context":"https:\/\/schema.org","@graph":[{"@type":"WebPage","@id":"https:\/\/luggagehero.com\/pl\/seville\/","url":"https:\/\/luggagehero.com\/pl\/seville\/","name":"Przechowalnia baga\u017cu w Sewilli - 20 lokalizacje - 24\/7 - \u20ac1\/za godzin\u0119","isPartOf":{"@id":"https:\/\/luggagehero.com\/pl\/#website"},"primaryImageOfPage":{"@id":"https:\/\/luggagehero.com\/pl\/seville\/#primaryimage"},"image":{"@id":"https:\/\/luggagehero.com\/pl\/seville\/#primaryimage"},"thumbnailUrl":"https:\/\/luggagehero.com\/wp-content\/uploads\/2019\/08\/shutterstock_179024282.jpg","datePublished":"2019-08-23T13:05:14+00:00","dateModified":"2023-09-04T08:23:34+00:00","description":"Szukasz przechowalni baga\u017cu czy schowku na baga\u017c w Sewilli? Zarezerwuj ju\u017c teraz z LuggageHero - obecnie najwi\u0119ksza sie\u0107 w Sewilli + 20 punkt\u00f3w dost\u0119pnych w Sewilli. Otwarte 24h na dob\u0119 - 7 dni w tygodniu. 2500\u20ac - warto\u015b\u0107 ubezpieczenia. Pakiet ubezpieczenia w cenie.","breadcrumb":{"@id":"https:\/\/luggagehero.com\/pl\/seville\/#breadcrumb"},"inLanguage":"pl-PL","potentialAction":[{"@type":"ReadAction","target":["https:\/\/luggagehero.com\/pl\/seville\/"]}]},{"@type":"ImageObject","inLanguage":"pl-PL","@id":"https:\/\/luggagehero.com\/pl\/seville\/#primaryimage","url":"https:\/\/luggagehero.com\/wp-content\/uploads\/2019\/08\/shutterstock_179024282.jpg","contentUrl":"https:\/\/luggagehero.com\/wp-content\/uploads\/2019\/08\/shutterstock_179024282.jpg","width":5616,"height":3744},{"@type":"BreadcrumbList","@id":"https:\/\/luggagehero.com\/pl\/seville\/#breadcrumb","itemListElement":[{"@type":"ListItem","position":1,"name":"Home","item":"https:\/\/luggagehero.com\/pl\/"},{"@type":"ListItem","position":2,"name":"Sewilla"}]},{"@type":"WebSite","@id":"https:\/\/luggagehero.com\/pl\/#website","url":"https:\/\/luggagehero.com\/pl\/","name":"LuggageHero","description":"Free yourself from luggage","publisher":{"@id":"https:\/\/luggagehero.com\/pl\/#organization"},"potentialAction":[{"@type":"SearchAction","target":{"@type":"EntryPoint","urlTemplate":"https:\/\/luggagehero.com\/pl\/?s={search_term_string}"},"query-input":{"@type":"PropertyValueSpecification","valueRequired":true,"valueName":"search_term_string"}}],"inLanguage":"pl-PL"},{"@type":"Organization","@id":"https:\/\/luggagehero.com\/pl\/#organization","name":"LuggageHero","url":"https:\/\/luggagehero.com\/pl\/","logo":{"@type":"ImageObject","inLanguage":"pl-PL","@id":"https:\/\/luggagehero.com\/pl\/#\/schema\/logo\/image\/","url":"https:\/\/luggagehero.com\/wp-content\/uploads\/2017\/04\/luggagehero_LOGO-RGB_kort_POS_200x200.png","contentUrl":"https:\/\/luggagehero.com\/wp-content\/uploads\/2017\/04\/luggagehero_LOGO-RGB_kort_POS_200x200.png","width":200,"height":200,"caption":"LuggageHero"},"image":{"@id":"https:\/\/luggagehero.com\/pl\/#\/schema\/logo\/image\/"},"sameAs":["https:\/\/www.facebook.com\/luggagehero","https:\/\/x.com\/luggagehero","https:\/\/www.instagram.com\/luggagehero","https:\/\/www.linkedin.com\/company\/luggagehero\/"]}]}},"place_id":"","place_latitude_longitude":"37.3919,-5.9753","place_name":"Sewilla","criteria_title":"Przechowalnia baga\u017cu w ponad +20 lokalizacjach w ca\u0142ym [location]","criteria_description":"Przechowaj sw\u00f3j baga\u017c ju\u017c od \u20ac1\/za godzin\u0119","meta_title":"Przechowalnia baga\u017cu [location] - 20 lokalizacje - 24\/7 - od \u20ac1\/za godzin\u0119","meta_description":"Szukasz przechowalni baga\u017cu czy schowku na baga\u017c w [location]? Zarezerwuj ju\u017c teraz z LuggageHero - obecnie najwi\u0119ksza sie\u0107 w [location] + 20 punkt\u00f3w dost\u0119pnych w [location]. Otwarte 24h na dob\u0119 - 7 dni w tygodniu. 2500\u20ac - warto\u015b\u0107 ubezpieczenia. Pakiet ubezpieczenia w cenie.","children_criteria_title":"Przechowalnia baga\u017cu [location]","children_criteria_description":"Najta\u0144szy spos\u00f3b na przechowanie Twojego baga\u017cu w [location]. 1\u20ac\/h  ubezpieczenie w cenie. ","children_meta_title":"Przechowalnia baga\u017cu [location] - 7 dni w tygodniu - od \u20ac1\/za godzin\u0119","children_meta_description":"Wygodna i tania us\u0142uga przechowania baga\u017cu w [location]. Od \u20ac1 za godzin\u0119. Ubezpieczenie o warto\u015bci \u20ac2500 i plomba zabezpieczaj\u0105ca przymocowana do ka\u017cdej torby. Zarezerwuj online.","_edit_last":"9","use_global_content":"","poi_type":"","content_raw":"","_links":{"self":[{"href":"https:\/\/luggagehero.com\/pl\/wp-json\/wp\/v2\/pages\/20711","targetHints":{"allow":["GET"]}}],"collection":[{"href":"https:\/\/luggagehero.com\/pl\/wp-json\/wp\/v2\/pages"}],"about":[{"href":"https:\/\/luggagehero.com\/pl\/wp-json\/wp\/v2\/types\/page"}],"author":[{"embeddable":true,"href":"https:\/\/luggagehero.com\/pl\/wp-json\/wp\/v2\/users\/9"}],"replies":[{"embeddable":true,"href":"https:\/\/luggagehero.com\/pl\/wp-json\/wp\/v2\/comments?post=20711"}],"version-history":[{"count":0,"href":"https:\/\/luggagehero.com\/pl\/wp-json\/wp\/v2\/pages\/20711\/revisions"}],"wp:featuredmedia":[{"embeddable":true,"href":"https:\/\/luggagehero.com\/pl\/wp-json\/wp\/v2\/media\/20707"}],"wp:attachment":[{"href":"https:\/\/luggagehero.com\/pl\/wp-json\/wp\/v2\/media?parent=20711"}],"curies":[{"name":"wp","href":"https:\/\/api.w.org\/{rel}","templated":true}]}}