{"id":44556,"date":"2022-05-02T15:22:00","date_gmt":"2022-05-02T15:22:00","guid":{"rendered":"https:\/\/luggagehero.com\/buenos-aires\/cruceros-quinquela-martin\/"},"modified":"2022-05-02T15:22:00","modified_gmt":"2022-05-02T15:22:00","slug":"cruceros-quinquela-martin","status":"publish","type":"page","link":"https:\/\/luggagehero.com\/pl\/buenos-aires\/cruceros-quinquela-martin\/","title":{"rendered":"Cruceros Quinquela Mart\u00edn"},"content":{"rendered":"<p>Are you looking for luggage storage near Cruceros Quinquela Mart\u00edn? You can store your bags with one of our luggage storage locations just around Cruceros Quinquela Mart\u00edn. Explore <a href=\"https:\/\/luggagehero.com\/buenos-aires\/\">Buenos Aires<\/a>  hassle-free.<\/p>\n<p>LuggageHero storage sites are <a href=\"https:\/\/luggagehero.com\/about\/certified-shops\/\">certified hotels, cafes, and shops<\/a>. Advance bookings ensure space for your bags. The address and directions to our partner shops are available at the time of booking. All bags are sealed off with our <a href=\"https:\/\/luggagehero.com\/about\/security-seal\/\">security seals<\/a> <a href=\"https:\/\/luggagehero.com\/about\/insurance\/\">insuring<\/a> each piece of luggage up to <pricing-component type=\"insurancecoverage\"><\/pricing-component> once you have dropped off your bags and started our storage timer on your booking page.<\/p>\n<p>&nbsp;<br \/>\n\n<div class=\"block-app-downloader\">\n\t<ul class=\"app-images\">\n\t\t\t\t\t<li class=\"app-img\">\n\t\t\t\t<img decoding=\"async\" loading=\"lazy\" src=\"https:\/\/luggagehero.com\/wp-content\/uploads\/2020\/08\/app-1.png\" alt=\"App screenshot\">\n\t\t\t<\/li>\n\t\t\t\t\t<li class=\"app-img\">\n\t\t\t\t<img decoding=\"async\" loading=\"lazy\" src=\"https:\/\/luggagehero.com\/wp-content\/uploads\/2020\/08\/app-2.png\" alt=\"App screenshot\">\n\t\t\t<\/li>\n\t\t\t\t\t<li class=\"app-img\">\n\t\t\t\t<img decoding=\"async\" loading=\"lazy\" src=\"https:\/\/luggagehero.com\/wp-content\/uploads\/2020\/08\/app-3.png\" alt=\"App screenshot\">\n\t\t\t<\/li>\n\t\t\t\t\t<li class=\"app-img\">\n\t\t\t\t<img decoding=\"async\" loading=\"lazy\" src=\"https:\/\/luggagehero.com\/wp-content\/uploads\/2020\/08\/app-4.png\" alt=\"App screenshot\">\n\t\t\t<\/li>\n\t\t\t\t\t<li class=\"app-img\">\n\t\t\t\t<img decoding=\"async\" loading=\"lazy\" src=\"https:\/\/luggagehero.com\/wp-content\/uploads\/2020\/08\/app-5.png\" alt=\"App screenshot\">\n\t\t\t<\/li>\n\t\t\t<\/ul>\n\n\t<div class=\"apps-box\">\n\t\t<p> Korzystaj z LuggageHero w dowolnym miejscu dzi\u0119ki oficjalnej aplikacji na iPhone'a i Androida<\/p>\n\t\t<a href=\"https:\/\/apps.apple.com\/us\/app\/luggagehero-luggage-storage\/id1481057935\" target=\"_blank\">\n\t\t\t<img decoding=\"async\" loading=\"lazy\" src=\"https:\/\/luggagehero.com\/wp-content\/uploads\/2020\/08\/badge-as.png\" alt=\"Download on the ios App Store\">\n\t\t<\/a>\n\n\t\t<a href=\"https:\/\/play.google.com\/store\/apps\/details?id=com.luggagehero.android\" target=\"_blank\">\n\t\t\t<img decoding=\"async\" loading=\"lazy\" src=\"https:\/\/luggagehero.com\/wp-content\/uploads\/2020\/08\/badge-gp.png\" alt=\"Get it on Google Play\">\n\t\t<\/a>\n\t<\/div>\n<\/div><br \/>\n&nbsp;<\/p>\n","protected":false},"excerpt":{"rendered":"<p>Are you looking for luggage storage near Cruceros Quinquela Mart\u00edn? You can store your bags with one of our luggage storage locations just around Cruceros Quinquela Mart\u00edn. Explore Buenos Aires hassle-free. LuggageHero storage sites are certified hotels, cafes, and shops. Advance bookings ensure space for your bags. The address and directions to our partner shops [&hellip;]<\/p>\n","protected":false},"author":45,"featured_media":0,"parent":44548,"menu_order":0,"comment_status":"closed","ping_status":"closed","template":"template-location.php","meta":{"_acf_changed":false,"footnotes":""},"class_list":["post-44556","page","type-page","status-publish","hentry"],"acf":[],"yoast_head":"<!-- This site is optimized with the Yoast SEO Premium plugin v27.0 (Yoast SEO v27.0) - https:\/\/yoast.com\/product\/yoast-seo-premium-wordpress\/ -->\n<title>Cruceros Quinquela Mart\u00edn - LuggageHero<\/title>\n<meta name=\"robots\" content=\"index, follow, max-snippet:-1, max-image-preview:large, max-video-preview:-1\" \/>\n<link rel=\"canonical\" href=\"https:\/\/luggagehero.com\/pl\/buenos-aires\/cruceros-quinquela-martin\/\" \/>\n<meta property=\"og:locale\" content=\"pl_PL\" \/>\n<meta property=\"og:type\" content=\"article\" \/>\n<meta property=\"og:title\" content=\"Cruceros Quinquela Mart\u00edn\" \/>\n<meta property=\"og:description\" content=\"Are you looking for luggage storage near Cruceros Quinquela Mart\u00edn? You can store your bags with one of our luggage storage locations just around Cruceros Quinquela Mart\u00edn. Explore Buenos Aires hassle-free. LuggageHero storage sites are certified hotels, cafes, and shops. Advance bookings ensure space for your bags. The address and directions to our partner shops [&hellip;]\" \/>\n<meta property=\"og:url\" content=\"https:\/\/luggagehero.com\/pl\/buenos-aires\/cruceros-quinquela-martin\/\" \/>\n<meta property=\"og:site_name\" content=\"LuggageHero\" \/>\n<meta property=\"article:publisher\" content=\"https:\/\/www.facebook.com\/luggagehero\" \/>\n<meta property=\"og:image\" content=\"https:\/\/luggagehero.com\/wp-content\/uploads\/2017\/05\/luggagehero-luggage-storage-2.png\" \/>\n\t<meta property=\"og:image:width\" content=\"200\" \/>\n\t<meta property=\"og:image:height\" content=\"200\" \/>\n\t<meta property=\"og:image:type\" content=\"image\/png\" \/>\n<meta name=\"twitter:card\" content=\"summary_large_image\" \/>\n<meta name=\"twitter:site\" content=\"@luggagehero\" \/>\n<meta name=\"twitter:label1\" content=\"Est. reading time\" \/>\n\t<meta name=\"twitter:data1\" content=\"1 minute\" \/>\n<script type=\"application\/ld+json\" class=\"yoast-schema-graph\">{\"@context\":\"https:\/\/schema.org\",\"@graph\":[{\"@type\":\"WebPage\",\"@id\":\"https:\/\/luggagehero.com\/pl\/buenos-aires\/cruceros-quinquela-martin\/\",\"url\":\"https:\/\/luggagehero.com\/pl\/buenos-aires\/cruceros-quinquela-martin\/\",\"name\":\"Cruceros Quinquela Mart\u00edn - LuggageHero\",\"isPartOf\":{\"@id\":\"https:\/\/luggagehero.com\/pl\/#website\"},\"datePublished\":\"2022-05-02T15:22:00+00:00\",\"breadcrumb\":{\"@id\":\"https:\/\/luggagehero.com\/pl\/buenos-aires\/cruceros-quinquela-martin\/#breadcrumb\"},\"inLanguage\":\"pl-PL\",\"potentialAction\":[{\"@type\":\"ReadAction\",\"target\":[\"https:\/\/luggagehero.com\/pl\/buenos-aires\/cruceros-quinquela-martin\/\"]}]},{\"@type\":\"BreadcrumbList\",\"@id\":\"https:\/\/luggagehero.com\/pl\/buenos-aires\/cruceros-quinquela-martin\/#breadcrumb\",\"itemListElement\":[{\"@type\":\"ListItem\",\"position\":1,\"name\":\"Home\",\"item\":\"https:\/\/luggagehero.com\/pl\/\"},{\"@type\":\"ListItem\",\"position\":2,\"name\":\"Buenos Aires\",\"item\":\"https:\/\/luggagehero.com\/pl\/buenos-aires\/\"},{\"@type\":\"ListItem\",\"position\":3,\"name\":\"Cruceros Quinquela Mart\u00edn\"}]},{\"@type\":\"WebSite\",\"@id\":\"https:\/\/luggagehero.com\/pl\/#website\",\"url\":\"https:\/\/luggagehero.com\/pl\/\",\"name\":\"LuggageHero\",\"description\":\"Free yourself from luggage\",\"publisher\":{\"@id\":\"https:\/\/luggagehero.com\/pl\/#organization\"},\"potentialAction\":[{\"@type\":\"SearchAction\",\"target\":{\"@type\":\"EntryPoint\",\"urlTemplate\":\"https:\/\/luggagehero.com\/pl\/?s={search_term_string}\"},\"query-input\":{\"@type\":\"PropertyValueSpecification\",\"valueRequired\":true,\"valueName\":\"search_term_string\"}}],\"inLanguage\":\"pl-PL\"},{\"@type\":\"Organization\",\"@id\":\"https:\/\/luggagehero.com\/pl\/#organization\",\"name\":\"LuggageHero\",\"url\":\"https:\/\/luggagehero.com\/pl\/\",\"logo\":{\"@type\":\"ImageObject\",\"inLanguage\":\"pl-PL\",\"@id\":\"https:\/\/luggagehero.com\/pl\/#\/schema\/logo\/image\/\",\"url\":\"https:\/\/luggagehero.com\/wp-content\/uploads\/2017\/04\/luggagehero_LOGO-RGB_kort_POS_200x200.png\",\"contentUrl\":\"https:\/\/luggagehero.com\/wp-content\/uploads\/2017\/04\/luggagehero_LOGO-RGB_kort_POS_200x200.png\",\"width\":200,\"height\":200,\"caption\":\"LuggageHero\"},\"image\":{\"@id\":\"https:\/\/luggagehero.com\/pl\/#\/schema\/logo\/image\/\"},\"sameAs\":[\"https:\/\/www.facebook.com\/luggagehero\",\"https:\/\/x.com\/luggagehero\",\"https:\/\/www.instagram.com\/luggagehero\",\"https:\/\/www.linkedin.com\/company\/luggagehero\/\"]}]}<\/script>\n<!-- \/ Yoast SEO Premium plugin. -->","yoast_head_json":{"title":"Cruceros Quinquela Mart\u00edn - LuggageHero","robots":{"index":"index","follow":"follow","max-snippet":"max-snippet:-1","max-image-preview":"max-image-preview:large","max-video-preview":"max-video-preview:-1"},"canonical":"https:\/\/luggagehero.com\/pl\/buenos-aires\/cruceros-quinquela-martin\/","og_locale":"pl_PL","og_type":"article","og_title":"Cruceros Quinquela Mart\u00edn","og_description":"Are you looking for luggage storage near Cruceros Quinquela Mart\u00edn? You can store your bags with one of our luggage storage locations just around Cruceros Quinquela Mart\u00edn. Explore Buenos Aires hassle-free. LuggageHero storage sites are certified hotels, cafes, and shops. Advance bookings ensure space for your bags. The address and directions to our partner shops [&hellip;]","og_url":"https:\/\/luggagehero.com\/pl\/buenos-aires\/cruceros-quinquela-martin\/","og_site_name":"LuggageHero","article_publisher":"https:\/\/www.facebook.com\/luggagehero","og_image":[{"width":200,"height":200,"url":"https:\/\/luggagehero.com\/wp-content\/uploads\/2017\/05\/luggagehero-luggage-storage-2.png","type":"image\/png"}],"twitter_card":"summary_large_image","twitter_site":"@luggagehero","twitter_misc":{"Est. reading time":"1 minute"},"schema":{"@context":"https:\/\/schema.org","@graph":[{"@type":"WebPage","@id":"https:\/\/luggagehero.com\/pl\/buenos-aires\/cruceros-quinquela-martin\/","url":"https:\/\/luggagehero.com\/pl\/buenos-aires\/cruceros-quinquela-martin\/","name":"Cruceros Quinquela Mart\u00edn - LuggageHero","isPartOf":{"@id":"https:\/\/luggagehero.com\/pl\/#website"},"datePublished":"2022-05-02T15:22:00+00:00","breadcrumb":{"@id":"https:\/\/luggagehero.com\/pl\/buenos-aires\/cruceros-quinquela-martin\/#breadcrumb"},"inLanguage":"pl-PL","potentialAction":[{"@type":"ReadAction","target":["https:\/\/luggagehero.com\/pl\/buenos-aires\/cruceros-quinquela-martin\/"]}]},{"@type":"BreadcrumbList","@id":"https:\/\/luggagehero.com\/pl\/buenos-aires\/cruceros-quinquela-martin\/#breadcrumb","itemListElement":[{"@type":"ListItem","position":1,"name":"Home","item":"https:\/\/luggagehero.com\/pl\/"},{"@type":"ListItem","position":2,"name":"Buenos Aires","item":"https:\/\/luggagehero.com\/pl\/buenos-aires\/"},{"@type":"ListItem","position":3,"name":"Cruceros Quinquela Mart\u00edn"}]},{"@type":"WebSite","@id":"https:\/\/luggagehero.com\/pl\/#website","url":"https:\/\/luggagehero.com\/pl\/","name":"LuggageHero","description":"Free yourself from luggage","publisher":{"@id":"https:\/\/luggagehero.com\/pl\/#organization"},"potentialAction":[{"@type":"SearchAction","target":{"@type":"EntryPoint","urlTemplate":"https:\/\/luggagehero.com\/pl\/?s={search_term_string}"},"query-input":{"@type":"PropertyValueSpecification","valueRequired":true,"valueName":"search_term_string"}}],"inLanguage":"pl-PL"},{"@type":"Organization","@id":"https:\/\/luggagehero.com\/pl\/#organization","name":"LuggageHero","url":"https:\/\/luggagehero.com\/pl\/","logo":{"@type":"ImageObject","inLanguage":"pl-PL","@id":"https:\/\/luggagehero.com\/pl\/#\/schema\/logo\/image\/","url":"https:\/\/luggagehero.com\/wp-content\/uploads\/2017\/04\/luggagehero_LOGO-RGB_kort_POS_200x200.png","contentUrl":"https:\/\/luggagehero.com\/wp-content\/uploads\/2017\/04\/luggagehero_LOGO-RGB_kort_POS_200x200.png","width":200,"height":200,"caption":"LuggageHero"},"image":{"@id":"https:\/\/luggagehero.com\/pl\/#\/schema\/logo\/image\/"},"sameAs":["https:\/\/www.facebook.com\/luggagehero","https:\/\/x.com\/luggagehero","https:\/\/www.instagram.com\/luggagehero","https:\/\/www.linkedin.com\/company\/luggagehero\/"]}]}},"place_id":"","place_latitude_longitude":"-34.583055364044846,-58.373182184900465","place_name":"Cruceros Quinquela Mart\u00edn","criteria_title":"","criteria_description":"","meta_title":"","meta_description":"","children_criteria_title":"","children_criteria_description":"","children_meta_title":"","children_meta_description":"","_edit_last":"","use_global_content":"","poi_type":"PublicTransit","content_raw":"<p>Are you looking for luggage storage near Cruceros Quinquela Mart\u00edn? You can store your bags with one of our luggage storage locations just around Cruceros Quinquela Mart\u00edn. Explore <a href=\"https:\/\/luggagehero.com\/buenos-aires\/\">Buenos Aires<\/a>  hassle-free.<\/p>\n<p>LuggageHero storage sites are <a href=\"https:\/\/luggagehero.com\/about\/certified-shops\/\">certified hotels, cafes, and shops<\/a>. Advance bookings ensure space for your bags. The address and directions to our partner shops are available at the time of booking. All bags are sealed off with our <a href=\"https:\/\/luggagehero.com\/about\/security-seal\/\">security seals<\/a> <a href=\"https:\/\/luggagehero.com\/about\/insurance\/\">insuring<\/a> each piece of luggage up to [pricing insurancecoverage] once you have dropped off your bags and started our storage timer on your booking page.<\/p>\n&nbsp;\n[appdownloader]\n&nbsp;\n","_links":{"self":[{"href":"https:\/\/luggagehero.com\/pl\/wp-json\/wp\/v2\/pages\/44556","targetHints":{"allow":["GET"]}}],"collection":[{"href":"https:\/\/luggagehero.com\/pl\/wp-json\/wp\/v2\/pages"}],"about":[{"href":"https:\/\/luggagehero.com\/pl\/wp-json\/wp\/v2\/types\/page"}],"author":[{"embeddable":true,"href":"https:\/\/luggagehero.com\/pl\/wp-json\/wp\/v2\/users\/45"}],"replies":[{"embeddable":true,"href":"https:\/\/luggagehero.com\/pl\/wp-json\/wp\/v2\/comments?post=44556"}],"version-history":[{"count":0,"href":"https:\/\/luggagehero.com\/pl\/wp-json\/wp\/v2\/pages\/44556\/revisions"}],"up":[{"embeddable":true,"href":"https:\/\/luggagehero.com\/pl\/wp-json\/wp\/v2\/pages\/44548"}],"wp:attachment":[{"href":"https:\/\/luggagehero.com\/pl\/wp-json\/wp\/v2\/media?parent=44556"}],"curies":[{"name":"wp","href":"https:\/\/api.w.org\/{rel}","templated":true}]}}