{"id":45690,"date":"2022-06-09T09:33:22","date_gmt":"2022-06-09T09:33:22","guid":{"rendered":"https:\/\/luggagehero.com\/madrid\/santiago-bernabeu\/"},"modified":"2022-11-07T13:50:23","modified_gmt":"2022-11-07T13:50:23","slug":"santiago-bernabeu","status":"publish","type":"page","link":"https:\/\/luggagehero.com\/pl\/madrid\/santiago-bernabeu\/","title":{"rendered":"Santiago Bernab\u00e9u"},"content":{"rendered":"<h2>Santiago Bernab\u00e9u Stadium<\/h2>\n<p>Santiago Bernab\u00e9u stadium locates in the capital of Spain, Madrid. It is the home ground for a well-known football team Real Madrid and at the same time, it is the second largest stadium in Spain. The stadium was named after the president of Real Madrid, who was president from 1943 to 1978. Several important football matches have been hosted here, such as the European Cup, the UEFA Champions League, and the Copa Libertadores.<\/p>\n<p>Before heading to a football match, look at the stadium&#8217;s bag and security policy to avoid unnecessary complications.<\/p>\n<p><img loading=\"lazy\" decoding=\"async\" class=\"alignnone wp-image-52699 size-full\" src=\"https:\/\/luggagehero.com\/wp-content\/uploads\/2022\/11\/vienna-reyes-LDuFjsin71k-unsplash-scaled.jpg\" alt=\"\" width=\"2560\" height=\"1707\" srcset=\"https:\/\/luggagehero.com\/wp-content\/uploads\/2022\/11\/vienna-reyes-LDuFjsin71k-unsplash-scaled.jpg 2560w, https:\/\/luggagehero.com\/wp-content\/uploads\/2022\/11\/vienna-reyes-LDuFjsin71k-unsplash-300x200.jpg 300w, https:\/\/luggagehero.com\/wp-content\/uploads\/2022\/11\/vienna-reyes-LDuFjsin71k-unsplash-800x533.jpg 800w, https:\/\/luggagehero.com\/wp-content\/uploads\/2022\/11\/vienna-reyes-LDuFjsin71k-unsplash-600x400.jpg 600w, https:\/\/luggagehero.com\/wp-content\/uploads\/2022\/11\/vienna-reyes-LDuFjsin71k-unsplash-1536x1024.jpg 1536w, https:\/\/luggagehero.com\/wp-content\/uploads\/2022\/11\/vienna-reyes-LDuFjsin71k-unsplash-2048x1365.jpg 2048w\" sizes=\"auto, (max-width: 2560px) 100vw, 2560px\" \/><\/p>\n<h2>What you can and cannot bring inside Santiago Bernab\u00e9u<\/h2>\n<p>There are no cloakrooms at the stadium.<\/p>\n<p><strong>Allowed bags:<\/strong><\/p>\n<p>There is not an official bag policy for the stadium but be aware that bags are checked before entering the stadium and the smaller bag is, the better.<\/p>\n<p><strong>Prohibited items:<\/strong><\/p>\n<ul>\n<li>no food or drinks in metal packaging, glass, ceramics or wood\u00a0that is over 500ml<\/li>\n<li>alcoholic beverages, narcotics,\u00a0psychoactive drugs, stimulants<\/li>\n<li>strollers<\/li>\n<li>weapons<\/li>\n<li>flares, fireworks<\/li>\n<\/ul>\n<p><strong>It is not possible to leave and re-enter the stadium, so make sure to store your luggage safely with LuggageHero near the stadium and go have fun!<\/strong><\/p>\n<h2 class=\"p1\"><b>LuggageHero can store your belongings close to Santiago Bernab\u00e9u<\/b><\/h2>\n<p class=\"p3\">At LuggageHero, we offer secure and cheap luggage storage just near this stadium. All our shops are\u00a0<a href=\"https:\/\/luggagehero.com\/about\/certified-shops\/\"><span class=\"s1\">certified by LuggageHero<\/span><\/a>.<\/p>\n<p class=\"p3\">Drop off your bags by using LuggageHero\u2019s network of local shops and hotels located in Madrid.<\/p>\n<p class=\"p3\"><map-of-shops><\/map-of-shops><\/p>\n","protected":false},"excerpt":{"rendered":"<p>Santiago Bernab\u00e9u Stadium Santiago Bernab\u00e9u stadium locates in the capital of Spain, Madrid. It is the home ground for a well-known football team Real Madrid and at the same time, it is the second largest stadium in Spain. The stadium was named after the president of Real Madrid, who was president from 1943 to 1978. [&hellip;]<\/p>\n","protected":false},"author":45,"featured_media":0,"parent":5143,"menu_order":0,"comment_status":"closed","ping_status":"closed","template":"template-location.php","meta":{"_acf_changed":false,"footnotes":""},"class_list":["post-45690","page","type-page","status-publish","hentry"],"acf":[],"yoast_head":"<!-- This site is optimized with the Yoast SEO Premium plugin v27.0 (Yoast SEO v27.0) - https:\/\/yoast.com\/product\/yoast-seo-premium-wordpress\/ -->\n<title>Santiago Bernab\u00e9u - LuggageHero<\/title>\n<meta name=\"robots\" content=\"index, follow, max-snippet:-1, max-image-preview:large, max-video-preview:-1\" \/>\n<link rel=\"canonical\" href=\"https:\/\/luggagehero.com\/pl\/madrid\/santiago-bernabeu\/\" \/>\n<meta property=\"og:locale\" content=\"pl_PL\" \/>\n<meta property=\"og:type\" content=\"article\" \/>\n<meta property=\"og:title\" content=\"Santiago Bernab\u00e9u\" \/>\n<meta property=\"og:description\" content=\"Santiago Bernab\u00e9u Stadium Santiago Bernab\u00e9u stadium locates in the capital of Spain, Madrid. It is the home ground for a well-known football team Real Madrid and at the same time, it is the second largest stadium in Spain. The stadium was named after the president of Real Madrid, who was president from 1943 to 1978. [&hellip;]\" \/>\n<meta property=\"og:url\" content=\"https:\/\/luggagehero.com\/pl\/madrid\/santiago-bernabeu\/\" \/>\n<meta property=\"og:site_name\" content=\"LuggageHero\" \/>\n<meta property=\"article:publisher\" content=\"https:\/\/www.facebook.com\/luggagehero\" \/>\n<meta property=\"article:modified_time\" content=\"2022-11-07T13:50:23+00:00\" \/>\n<meta property=\"og:image\" content=\"https:\/\/luggagehero.com\/wp-content\/uploads\/2022\/11\/vienna-reyes-LDuFjsin71k-unsplash-scaled.jpg\" \/>\n<meta name=\"twitter:card\" content=\"summary_large_image\" \/>\n<meta name=\"twitter:site\" content=\"@luggagehero\" \/>\n<meta name=\"twitter:label1\" content=\"Est. reading time\" \/>\n\t<meta name=\"twitter:data1\" content=\"2 minutes\" \/>\n<script type=\"application\/ld+json\" class=\"yoast-schema-graph\">{\"@context\":\"https:\/\/schema.org\",\"@graph\":[{\"@type\":\"WebPage\",\"@id\":\"https:\/\/luggagehero.com\/pl\/madrid\/santiago-bernabeu\/\",\"url\":\"https:\/\/luggagehero.com\/pl\/madrid\/santiago-bernabeu\/\",\"name\":\"Santiago Bernab\u00e9u - LuggageHero\",\"isPartOf\":{\"@id\":\"https:\/\/luggagehero.com\/pl\/#website\"},\"primaryImageOfPage\":{\"@id\":\"https:\/\/luggagehero.com\/pl\/madrid\/santiago-bernabeu\/#primaryimage\"},\"image\":{\"@id\":\"https:\/\/luggagehero.com\/pl\/madrid\/santiago-bernabeu\/#primaryimage\"},\"thumbnailUrl\":\"https:\/\/luggagehero.com\/wp-content\/uploads\/2022\/11\/vienna-reyes-LDuFjsin71k-unsplash-scaled.jpg\",\"datePublished\":\"2022-06-09T09:33:22+00:00\",\"dateModified\":\"2022-11-07T13:50:23+00:00\",\"breadcrumb\":{\"@id\":\"https:\/\/luggagehero.com\/pl\/madrid\/santiago-bernabeu\/#breadcrumb\"},\"inLanguage\":\"pl-PL\",\"potentialAction\":[{\"@type\":\"ReadAction\",\"target\":[\"https:\/\/luggagehero.com\/pl\/madrid\/santiago-bernabeu\/\"]}]},{\"@type\":\"ImageObject\",\"inLanguage\":\"pl-PL\",\"@id\":\"https:\/\/luggagehero.com\/pl\/madrid\/santiago-bernabeu\/#primaryimage\",\"url\":\"https:\/\/luggagehero.com\/wp-content\/uploads\/2022\/11\/vienna-reyes-LDuFjsin71k-unsplash-scaled.jpg\",\"contentUrl\":\"https:\/\/luggagehero.com\/wp-content\/uploads\/2022\/11\/vienna-reyes-LDuFjsin71k-unsplash-scaled.jpg\"},{\"@type\":\"BreadcrumbList\",\"@id\":\"https:\/\/luggagehero.com\/pl\/madrid\/santiago-bernabeu\/#breadcrumb\",\"itemListElement\":[{\"@type\":\"ListItem\",\"position\":1,\"name\":\"Home\",\"item\":\"https:\/\/luggagehero.com\/pl\/\"},{\"@type\":\"ListItem\",\"position\":2,\"name\":\"Madrid\",\"item\":\"https:\/\/luggagehero.com\/pl\/madrid\/\"},{\"@type\":\"ListItem\",\"position\":3,\"name\":\"Santiago Bernab\u00e9u\"}]},{\"@type\":\"WebSite\",\"@id\":\"https:\/\/luggagehero.com\/pl\/#website\",\"url\":\"https:\/\/luggagehero.com\/pl\/\",\"name\":\"LuggageHero\",\"description\":\"Free yourself from luggage\",\"publisher\":{\"@id\":\"https:\/\/luggagehero.com\/pl\/#organization\"},\"potentialAction\":[{\"@type\":\"SearchAction\",\"target\":{\"@type\":\"EntryPoint\",\"urlTemplate\":\"https:\/\/luggagehero.com\/pl\/?s={search_term_string}\"},\"query-input\":{\"@type\":\"PropertyValueSpecification\",\"valueRequired\":true,\"valueName\":\"search_term_string\"}}],\"inLanguage\":\"pl-PL\"},{\"@type\":\"Organization\",\"@id\":\"https:\/\/luggagehero.com\/pl\/#organization\",\"name\":\"LuggageHero\",\"url\":\"https:\/\/luggagehero.com\/pl\/\",\"logo\":{\"@type\":\"ImageObject\",\"inLanguage\":\"pl-PL\",\"@id\":\"https:\/\/luggagehero.com\/pl\/#\/schema\/logo\/image\/\",\"url\":\"https:\/\/luggagehero.com\/wp-content\/uploads\/2017\/04\/luggagehero_LOGO-RGB_kort_POS_200x200.png\",\"contentUrl\":\"https:\/\/luggagehero.com\/wp-content\/uploads\/2017\/04\/luggagehero_LOGO-RGB_kort_POS_200x200.png\",\"width\":200,\"height\":200,\"caption\":\"LuggageHero\"},\"image\":{\"@id\":\"https:\/\/luggagehero.com\/pl\/#\/schema\/logo\/image\/\"},\"sameAs\":[\"https:\/\/www.facebook.com\/luggagehero\",\"https:\/\/x.com\/luggagehero\",\"https:\/\/www.instagram.com\/luggagehero\",\"https:\/\/www.linkedin.com\/company\/luggagehero\/\"]}]}<\/script>\n<!-- \/ Yoast SEO Premium plugin. -->","yoast_head_json":{"title":"Santiago Bernab\u00e9u - LuggageHero","robots":{"index":"index","follow":"follow","max-snippet":"max-snippet:-1","max-image-preview":"max-image-preview:large","max-video-preview":"max-video-preview:-1"},"canonical":"https:\/\/luggagehero.com\/pl\/madrid\/santiago-bernabeu\/","og_locale":"pl_PL","og_type":"article","og_title":"Santiago Bernab\u00e9u","og_description":"Santiago Bernab\u00e9u Stadium Santiago Bernab\u00e9u stadium locates in the capital of Spain, Madrid. It is the home ground for a well-known football team Real Madrid and at the same time, it is the second largest stadium in Spain. The stadium was named after the president of Real Madrid, who was president from 1943 to 1978. [&hellip;]","og_url":"https:\/\/luggagehero.com\/pl\/madrid\/santiago-bernabeu\/","og_site_name":"LuggageHero","article_publisher":"https:\/\/www.facebook.com\/luggagehero","article_modified_time":"2022-11-07T13:50:23+00:00","og_image":[{"url":"https:\/\/luggagehero.com\/wp-content\/uploads\/2022\/11\/vienna-reyes-LDuFjsin71k-unsplash-scaled.jpg","type":"","width":"","height":""}],"twitter_card":"summary_large_image","twitter_site":"@luggagehero","twitter_misc":{"Est. reading time":"2 minutes"},"schema":{"@context":"https:\/\/schema.org","@graph":[{"@type":"WebPage","@id":"https:\/\/luggagehero.com\/pl\/madrid\/santiago-bernabeu\/","url":"https:\/\/luggagehero.com\/pl\/madrid\/santiago-bernabeu\/","name":"Santiago Bernab\u00e9u - LuggageHero","isPartOf":{"@id":"https:\/\/luggagehero.com\/pl\/#website"},"primaryImageOfPage":{"@id":"https:\/\/luggagehero.com\/pl\/madrid\/santiago-bernabeu\/#primaryimage"},"image":{"@id":"https:\/\/luggagehero.com\/pl\/madrid\/santiago-bernabeu\/#primaryimage"},"thumbnailUrl":"https:\/\/luggagehero.com\/wp-content\/uploads\/2022\/11\/vienna-reyes-LDuFjsin71k-unsplash-scaled.jpg","datePublished":"2022-06-09T09:33:22+00:00","dateModified":"2022-11-07T13:50:23+00:00","breadcrumb":{"@id":"https:\/\/luggagehero.com\/pl\/madrid\/santiago-bernabeu\/#breadcrumb"},"inLanguage":"pl-PL","potentialAction":[{"@type":"ReadAction","target":["https:\/\/luggagehero.com\/pl\/madrid\/santiago-bernabeu\/"]}]},{"@type":"ImageObject","inLanguage":"pl-PL","@id":"https:\/\/luggagehero.com\/pl\/madrid\/santiago-bernabeu\/#primaryimage","url":"https:\/\/luggagehero.com\/wp-content\/uploads\/2022\/11\/vienna-reyes-LDuFjsin71k-unsplash-scaled.jpg","contentUrl":"https:\/\/luggagehero.com\/wp-content\/uploads\/2022\/11\/vienna-reyes-LDuFjsin71k-unsplash-scaled.jpg"},{"@type":"BreadcrumbList","@id":"https:\/\/luggagehero.com\/pl\/madrid\/santiago-bernabeu\/#breadcrumb","itemListElement":[{"@type":"ListItem","position":1,"name":"Home","item":"https:\/\/luggagehero.com\/pl\/"},{"@type":"ListItem","position":2,"name":"Madrid","item":"https:\/\/luggagehero.com\/pl\/madrid\/"},{"@type":"ListItem","position":3,"name":"Santiago Bernab\u00e9u"}]},{"@type":"WebSite","@id":"https:\/\/luggagehero.com\/pl\/#website","url":"https:\/\/luggagehero.com\/pl\/","name":"LuggageHero","description":"Free yourself from luggage","publisher":{"@id":"https:\/\/luggagehero.com\/pl\/#organization"},"potentialAction":[{"@type":"SearchAction","target":{"@type":"EntryPoint","urlTemplate":"https:\/\/luggagehero.com\/pl\/?s={search_term_string}"},"query-input":{"@type":"PropertyValueSpecification","valueRequired":true,"valueName":"search_term_string"}}],"inLanguage":"pl-PL"},{"@type":"Organization","@id":"https:\/\/luggagehero.com\/pl\/#organization","name":"LuggageHero","url":"https:\/\/luggagehero.com\/pl\/","logo":{"@type":"ImageObject","inLanguage":"pl-PL","@id":"https:\/\/luggagehero.com\/pl\/#\/schema\/logo\/image\/","url":"https:\/\/luggagehero.com\/wp-content\/uploads\/2017\/04\/luggagehero_LOGO-RGB_kort_POS_200x200.png","contentUrl":"https:\/\/luggagehero.com\/wp-content\/uploads\/2017\/04\/luggagehero_LOGO-RGB_kort_POS_200x200.png","width":200,"height":200,"caption":"LuggageHero"},"image":{"@id":"https:\/\/luggagehero.com\/pl\/#\/schema\/logo\/image\/"},"sameAs":["https:\/\/www.facebook.com\/luggagehero","https:\/\/x.com\/luggagehero","https:\/\/www.instagram.com\/luggagehero","https:\/\/www.linkedin.com\/company\/luggagehero\/"]}]}},"place_id":"","place_latitude_longitude":"40.4521893,-3.690659","place_name":"Santiago Bernab\u00e9u","criteria_title":"","criteria_description":"","meta_title":"","meta_description":"","children_criteria_title":"","children_criteria_description":"","children_meta_title":"","children_meta_description":"","_edit_last":"65","use_global_content":"1","poi_type":"PublicTransit","content_raw":"<h2>Santiago Bernab\u00e9u Stadium<\/h2>\r\nSantiago Bernab\u00e9u stadium locates in the capital of Spain, Madrid. It is the home ground for a well-known football team Real Madrid and at the same time, it is the second largest stadium in Spain. The stadium was named after the president of Real Madrid, who was president from 1943 to 1978. Several important football matches have been hosted here, such as the European Cup, the UEFA Champions League, and the Copa Libertadores.\r\n\r\nBefore heading to a football match, look at the stadium's bag and security policy to avoid unnecessary complications.\r\n\r\n<img class=\"alignnone wp-image-52699 size-full\" src=\"https:\/\/luggagehero.com\/wp-content\/uploads\/2022\/11\/vienna-reyes-LDuFjsin71k-unsplash-scaled.jpg\" alt=\"\" width=\"2560\" height=\"1707\" \/>\r\n<h2>What you can and cannot bring inside Santiago Bernab\u00e9u<\/h2>\r\nThere are no cloakrooms at the stadium.\r\n\r\n<strong>Allowed bags:<\/strong>\r\n\r\nThere is not an official bag policy for the stadium but be aware that bags are checked before entering the stadium and the smaller bag is, the better.\r\n\r\n<strong>Prohibited items:<\/strong>\r\n<ul>\r\n \t<li>no food or drinks in metal packaging, glass, ceramics or wood\u00a0that is over 500ml<\/li>\r\n \t<li>alcoholic beverages, narcotics,\u00a0psychoactive drugs, stimulants<\/li>\r\n \t<li>strollers<\/li>\r\n \t<li>weapons<\/li>\r\n \t<li>flares, fireworks<\/li>\r\n<\/ul>\r\n<strong>It is not possible to leave and re-enter the stadium, so make sure to store your luggage safely with LuggageHero near the stadium and go have fun!<\/strong>\r\n<h2 class=\"p1\"><b>LuggageHero can store your belongings close to Santiago Bernab\u00e9u<\/b><\/h2>\r\n<p class=\"p3\">At LuggageHero, we offer secure and cheap luggage storage just near this stadium. All our shops are\u00a0<a href=\"https:\/\/luggagehero.com\/about\/certified-shops\/\"><span class=\"s1\">certified by LuggageHero<\/span><\/a>.<\/p>\r\n<p class=\"p3\">Drop off your bags by using LuggageHero\u2019s network of local shops and hotels located in Madrid.<\/p>\r\n<p class=\"p3\">[mapofshops]<\/p>","_links":{"self":[{"href":"https:\/\/luggagehero.com\/pl\/wp-json\/wp\/v2\/pages\/45690","targetHints":{"allow":["GET"]}}],"collection":[{"href":"https:\/\/luggagehero.com\/pl\/wp-json\/wp\/v2\/pages"}],"about":[{"href":"https:\/\/luggagehero.com\/pl\/wp-json\/wp\/v2\/types\/page"}],"author":[{"embeddable":true,"href":"https:\/\/luggagehero.com\/pl\/wp-json\/wp\/v2\/users\/45"}],"replies":[{"embeddable":true,"href":"https:\/\/luggagehero.com\/pl\/wp-json\/wp\/v2\/comments?post=45690"}],"version-history":[{"count":0,"href":"https:\/\/luggagehero.com\/pl\/wp-json\/wp\/v2\/pages\/45690\/revisions"}],"up":[{"embeddable":true,"href":"https:\/\/luggagehero.com\/pl\/wp-json\/wp\/v2\/pages\/5143"}],"wp:attachment":[{"href":"https:\/\/luggagehero.com\/pl\/wp-json\/wp\/v2\/media?parent=45690"}],"curies":[{"name":"wp","href":"https:\/\/api.w.org\/{rel}","templated":true}]}}