{"id":5158,"date":"2019-03-13T10:06:14","date_gmt":"2019-03-13T10:06:14","guid":{"rendered":"https:\/\/luggagehero.com\/?page_id=5158"},"modified":"2022-08-26T08:48:47","modified_gmt":"2022-08-26T08:48:47","slug":"chamartin-train-station","status":"publish","type":"page","link":"https:\/\/luggagehero.com\/pl\/madrid\/chamartin-train-station\/","title":{"rendered":"Chamartin Train Station"},"content":{"rendered":"<p><span style=\"font-weight: 400;\">You can store your bags with one of <strong>LuggageHero&#8217;s<\/strong> luggage storage locations just around the corner from Chamart\u00edn and explore <a href=\"https:\/\/luggagehero.com\/madrid\/\">Madrid<\/a> hassle-free.<\/span><\/p>\n<h4 class=\"p1\"><span class=\"s1\"><b>Use our map to find the nearest certified shops in Chamartin Train Station<\/b><\/span><\/h4>\n<map-of-shops><\/map-of-shops>\n<p>&nbsp;<\/p>\n<p><span style=\"font-weight: 400;\">LuggageHero storage sites are <\/span><a href=\"https:\/\/luggagehero.com\/about\/certified-shops\/\"><span style=\"font-weight: 400;\">certified<\/span><\/a><span style=\"font-weight: 400;\"> hotels, cafes, and shops. Advance bookings ensure space for your bags. The address and directions to our partner shops are available at the time of booking. All bags are i<\/span><span style=\"font-weight: 400;\">nsured up to <pricing-component type=\"insurancecoverage\"><\/pricing-component> once you have dropped off your bags and started our storage timer on your booking page. LuggageHero has more than 50 luggage storage locations all around <a href=\"https:\/\/luggagehero.com\/madrid\/\">Madrid<\/a><\/span><span style=\"font-weight: 400;\">.<\/span><\/p>\n<h2><img loading=\"lazy\" decoding=\"async\" class=\"wp-image-5159 size-full aligncenter\" src=\"https:\/\/luggagehero.com\/wp-content\/uploads\/2019\/02\/Luggage-storage-Chamartin-train-station.jpg\" alt=\"Store your luggage near Chamartin Train Station\" width=\"760\" height=\"509\" srcset=\"https:\/\/luggagehero.com\/wp-content\/uploads\/2019\/02\/Luggage-storage-Chamartin-train-station.jpg 760w, https:\/\/luggagehero.com\/wp-content\/uploads\/2019\/02\/Luggage-storage-Chamartin-train-station-300x201.jpg 300w, https:\/\/luggagehero.com\/wp-content\/uploads\/2019\/02\/Luggage-storage-Chamartin-train-station-600x402.jpg 600w\" sizes=\"auto, (max-width: 760px) 100vw, 760px\" \/><\/h2>\n<h2 style=\"text-align: center;\">Chamart\u00edn Train Station<\/h2>\n<p>Chamart\u00edn Train Station or in Spanish, Estac\u00edon de Tren de Chamart\u00edn, is the second largest train station in <a href=\"https:\/\/luggagehero.com\/madrid\/\">Madrid<\/a>. The train station is located\u00a0in the north of the city about six kilometers from Barajas-Madrid Int. Airport. The station mainly serves trains from the north and the east of Spain as well as from France. The Cercan\u00edas train will take you back and forth between <a href=\"https:\/\/luggagehero.com\/madrid\/atocha-train-station\/\">Atocha Train Station<\/a> and Chamart\u00edn. It will cost you around \u20ac2 and it takes 13 minutes.<\/p>\n<p>The station is also serviced by the Chamart\u00edn Metro Station which can be used to reach the city center of Madrid. The C-1 and C-10 lines can take you to the Madrid Barajas International Airport in just about 15 minutes.<\/p>\n<p>Madrid Chamart\u00edn is a modern and spacious railway station that includes bars, restaurants, luggage service, parking, shops, and ticket vending machines.<\/p>\n","protected":false},"excerpt":{"rendered":"<p>You can store your bags with one of LuggageHero&#8217;s luggage storage locations just around the corner from Chamart\u00edn and explore Madrid hassle-free. Use our map to find the nearest certified shops in Chamartin Train Station &nbsp; LuggageHero storage sites are certified hotels, cafes, and shops. Advance bookings ensure space for your bags. The address and [&hellip;]<\/p>\n","protected":false},"author":9,"featured_media":5159,"parent":5143,"menu_order":0,"comment_status":"closed","ping_status":"closed","template":"template-location.php","meta":{"_acf_changed":false,"footnotes":""},"class_list":["post-5158","page","type-page","status-publish","has-post-thumbnail","hentry"],"acf":[],"yoast_head":"<!-- This site is optimized with the Yoast SEO Premium plugin v27.0 (Yoast SEO v27.0) - https:\/\/yoast.com\/product\/yoast-seo-premium-wordpress\/ -->\n<title>Chamartin Train Station - LuggageHero<\/title>\n<meta name=\"robots\" content=\"index, follow, max-snippet:-1, max-image-preview:large, max-video-preview:-1\" \/>\n<link rel=\"canonical\" href=\"https:\/\/luggagehero.com\/pl\/madrid\/chamartin-train-station\/\" \/>\n<meta property=\"og:locale\" content=\"pl_PL\" \/>\n<meta property=\"og:type\" content=\"article\" \/>\n<meta property=\"og:title\" content=\"Chamartin Train Station\" \/>\n<meta property=\"og:description\" content=\"You can store your bags with one of LuggageHero&#8217;s luggage storage locations just around the corner from Chamart\u00edn and explore Madrid hassle-free. Use our map to find the nearest certified shops in Chamartin Train Station &nbsp; LuggageHero storage sites are certified hotels, cafes, and shops. Advance bookings ensure space for your bags. The address and [&hellip;]\" \/>\n<meta property=\"og:url\" content=\"https:\/\/luggagehero.com\/pl\/madrid\/chamartin-train-station\/\" \/>\n<meta property=\"og:site_name\" content=\"LuggageHero\" \/>\n<meta property=\"article:publisher\" content=\"https:\/\/www.facebook.com\/luggagehero\" \/>\n<meta property=\"article:modified_time\" content=\"2022-08-26T08:48:47+00:00\" \/>\n<meta property=\"og:image\" content=\"https:\/\/luggagehero.com\/wp-content\/uploads\/2019\/02\/Luggage-storage-Chamartin-train-station.jpg\" \/>\n\t<meta property=\"og:image:width\" content=\"760\" \/>\n\t<meta property=\"og:image:height\" content=\"509\" \/>\n\t<meta property=\"og:image:type\" content=\"image\/jpeg\" \/>\n<meta name=\"twitter:card\" content=\"summary_large_image\" \/>\n<meta name=\"twitter:site\" content=\"@luggagehero\" \/>\n<meta name=\"twitter:label1\" content=\"Est. reading time\" \/>\n\t<meta name=\"twitter:data1\" content=\"2 minutes\" \/>\n<script type=\"application\/ld+json\" class=\"yoast-schema-graph\">{\"@context\":\"https:\/\/schema.org\",\"@graph\":[{\"@type\":\"WebPage\",\"@id\":\"https:\/\/luggagehero.com\/pl\/madrid\/chamartin-train-station\/\",\"url\":\"https:\/\/luggagehero.com\/pl\/madrid\/chamartin-train-station\/\",\"name\":\"Chamartin Train Station - LuggageHero\",\"isPartOf\":{\"@id\":\"https:\/\/luggagehero.com\/pl\/#website\"},\"primaryImageOfPage\":{\"@id\":\"https:\/\/luggagehero.com\/pl\/madrid\/chamartin-train-station\/#primaryimage\"},\"image\":{\"@id\":\"https:\/\/luggagehero.com\/pl\/madrid\/chamartin-train-station\/#primaryimage\"},\"thumbnailUrl\":\"https:\/\/luggagehero.com\/wp-content\/uploads\/2019\/02\/Luggage-storage-Chamartin-train-station.jpg\",\"datePublished\":\"2019-03-13T10:06:14+00:00\",\"dateModified\":\"2022-08-26T08:48:47+00:00\",\"breadcrumb\":{\"@id\":\"https:\/\/luggagehero.com\/pl\/madrid\/chamartin-train-station\/#breadcrumb\"},\"inLanguage\":\"pl-PL\",\"potentialAction\":[{\"@type\":\"ReadAction\",\"target\":[\"https:\/\/luggagehero.com\/pl\/madrid\/chamartin-train-station\/\"]}]},{\"@type\":\"ImageObject\",\"inLanguage\":\"pl-PL\",\"@id\":\"https:\/\/luggagehero.com\/pl\/madrid\/chamartin-train-station\/#primaryimage\",\"url\":\"https:\/\/luggagehero.com\/wp-content\/uploads\/2019\/02\/Luggage-storage-Chamartin-train-station.jpg\",\"contentUrl\":\"https:\/\/luggagehero.com\/wp-content\/uploads\/2019\/02\/Luggage-storage-Chamartin-train-station.jpg\",\"width\":760,\"height\":509,\"caption\":\"Store your luggage near Chamartin Train Station\"},{\"@type\":\"BreadcrumbList\",\"@id\":\"https:\/\/luggagehero.com\/pl\/madrid\/chamartin-train-station\/#breadcrumb\",\"itemListElement\":[{\"@type\":\"ListItem\",\"position\":1,\"name\":\"Home\",\"item\":\"https:\/\/luggagehero.com\/pl\/\"},{\"@type\":\"ListItem\",\"position\":2,\"name\":\"Madrid\",\"item\":\"https:\/\/luggagehero.com\/pl\/madrid\/\"},{\"@type\":\"ListItem\",\"position\":3,\"name\":\"Chamartin Train Station\"}]},{\"@type\":\"WebSite\",\"@id\":\"https:\/\/luggagehero.com\/pl\/#website\",\"url\":\"https:\/\/luggagehero.com\/pl\/\",\"name\":\"LuggageHero\",\"description\":\"Free yourself from luggage\",\"publisher\":{\"@id\":\"https:\/\/luggagehero.com\/pl\/#organization\"},\"potentialAction\":[{\"@type\":\"SearchAction\",\"target\":{\"@type\":\"EntryPoint\",\"urlTemplate\":\"https:\/\/luggagehero.com\/pl\/?s={search_term_string}\"},\"query-input\":{\"@type\":\"PropertyValueSpecification\",\"valueRequired\":true,\"valueName\":\"search_term_string\"}}],\"inLanguage\":\"pl-PL\"},{\"@type\":\"Organization\",\"@id\":\"https:\/\/luggagehero.com\/pl\/#organization\",\"name\":\"LuggageHero\",\"url\":\"https:\/\/luggagehero.com\/pl\/\",\"logo\":{\"@type\":\"ImageObject\",\"inLanguage\":\"pl-PL\",\"@id\":\"https:\/\/luggagehero.com\/pl\/#\/schema\/logo\/image\/\",\"url\":\"https:\/\/luggagehero.com\/wp-content\/uploads\/2017\/04\/luggagehero_LOGO-RGB_kort_POS_200x200.png\",\"contentUrl\":\"https:\/\/luggagehero.com\/wp-content\/uploads\/2017\/04\/luggagehero_LOGO-RGB_kort_POS_200x200.png\",\"width\":200,\"height\":200,\"caption\":\"LuggageHero\"},\"image\":{\"@id\":\"https:\/\/luggagehero.com\/pl\/#\/schema\/logo\/image\/\"},\"sameAs\":[\"https:\/\/www.facebook.com\/luggagehero\",\"https:\/\/x.com\/luggagehero\",\"https:\/\/www.instagram.com\/luggagehero\",\"https:\/\/www.linkedin.com\/company\/luggagehero\/\"]}]}<\/script>\n<!-- \/ Yoast SEO Premium plugin. -->","yoast_head_json":{"title":"Chamartin Train Station - LuggageHero","robots":{"index":"index","follow":"follow","max-snippet":"max-snippet:-1","max-image-preview":"max-image-preview:large","max-video-preview":"max-video-preview:-1"},"canonical":"https:\/\/luggagehero.com\/pl\/madrid\/chamartin-train-station\/","og_locale":"pl_PL","og_type":"article","og_title":"Chamartin Train Station","og_description":"You can store your bags with one of LuggageHero&#8217;s luggage storage locations just around the corner from Chamart\u00edn and explore Madrid hassle-free. Use our map to find the nearest certified shops in Chamartin Train Station &nbsp; LuggageHero storage sites are certified hotels, cafes, and shops. Advance bookings ensure space for your bags. The address and [&hellip;]","og_url":"https:\/\/luggagehero.com\/pl\/madrid\/chamartin-train-station\/","og_site_name":"LuggageHero","article_publisher":"https:\/\/www.facebook.com\/luggagehero","article_modified_time":"2022-08-26T08:48:47+00:00","og_image":[{"width":760,"height":509,"url":"https:\/\/luggagehero.com\/wp-content\/uploads\/2019\/02\/Luggage-storage-Chamartin-train-station.jpg","type":"image\/jpeg"}],"twitter_card":"summary_large_image","twitter_site":"@luggagehero","twitter_misc":{"Est. reading time":"2 minutes"},"schema":{"@context":"https:\/\/schema.org","@graph":[{"@type":"WebPage","@id":"https:\/\/luggagehero.com\/pl\/madrid\/chamartin-train-station\/","url":"https:\/\/luggagehero.com\/pl\/madrid\/chamartin-train-station\/","name":"Chamartin Train Station - LuggageHero","isPartOf":{"@id":"https:\/\/luggagehero.com\/pl\/#website"},"primaryImageOfPage":{"@id":"https:\/\/luggagehero.com\/pl\/madrid\/chamartin-train-station\/#primaryimage"},"image":{"@id":"https:\/\/luggagehero.com\/pl\/madrid\/chamartin-train-station\/#primaryimage"},"thumbnailUrl":"https:\/\/luggagehero.com\/wp-content\/uploads\/2019\/02\/Luggage-storage-Chamartin-train-station.jpg","datePublished":"2019-03-13T10:06:14+00:00","dateModified":"2022-08-26T08:48:47+00:00","breadcrumb":{"@id":"https:\/\/luggagehero.com\/pl\/madrid\/chamartin-train-station\/#breadcrumb"},"inLanguage":"pl-PL","potentialAction":[{"@type":"ReadAction","target":["https:\/\/luggagehero.com\/pl\/madrid\/chamartin-train-station\/"]}]},{"@type":"ImageObject","inLanguage":"pl-PL","@id":"https:\/\/luggagehero.com\/pl\/madrid\/chamartin-train-station\/#primaryimage","url":"https:\/\/luggagehero.com\/wp-content\/uploads\/2019\/02\/Luggage-storage-Chamartin-train-station.jpg","contentUrl":"https:\/\/luggagehero.com\/wp-content\/uploads\/2019\/02\/Luggage-storage-Chamartin-train-station.jpg","width":760,"height":509,"caption":"Store your luggage near Chamartin Train Station"},{"@type":"BreadcrumbList","@id":"https:\/\/luggagehero.com\/pl\/madrid\/chamartin-train-station\/#breadcrumb","itemListElement":[{"@type":"ListItem","position":1,"name":"Home","item":"https:\/\/luggagehero.com\/pl\/"},{"@type":"ListItem","position":2,"name":"Madrid","item":"https:\/\/luggagehero.com\/pl\/madrid\/"},{"@type":"ListItem","position":3,"name":"Chamartin Train Station"}]},{"@type":"WebSite","@id":"https:\/\/luggagehero.com\/pl\/#website","url":"https:\/\/luggagehero.com\/pl\/","name":"LuggageHero","description":"Free yourself from luggage","publisher":{"@id":"https:\/\/luggagehero.com\/pl\/#organization"},"potentialAction":[{"@type":"SearchAction","target":{"@type":"EntryPoint","urlTemplate":"https:\/\/luggagehero.com\/pl\/?s={search_term_string}"},"query-input":{"@type":"PropertyValueSpecification","valueRequired":true,"valueName":"search_term_string"}}],"inLanguage":"pl-PL"},{"@type":"Organization","@id":"https:\/\/luggagehero.com\/pl\/#organization","name":"LuggageHero","url":"https:\/\/luggagehero.com\/pl\/","logo":{"@type":"ImageObject","inLanguage":"pl-PL","@id":"https:\/\/luggagehero.com\/pl\/#\/schema\/logo\/image\/","url":"https:\/\/luggagehero.com\/wp-content\/uploads\/2017\/04\/luggagehero_LOGO-RGB_kort_POS_200x200.png","contentUrl":"https:\/\/luggagehero.com\/wp-content\/uploads\/2017\/04\/luggagehero_LOGO-RGB_kort_POS_200x200.png","width":200,"height":200,"caption":"LuggageHero"},"image":{"@id":"https:\/\/luggagehero.com\/pl\/#\/schema\/logo\/image\/"},"sameAs":["https:\/\/www.facebook.com\/luggagehero","https:\/\/x.com\/luggagehero","https:\/\/www.instagram.com\/luggagehero","https:\/\/www.linkedin.com\/company\/luggagehero\/"]}]}},"place_id":"","place_latitude_longitude":"40.4723,-3.6824","place_name":"Chamartin","criteria_title":"","criteria_description":"","meta_title":"","meta_description":"","children_criteria_title":"","children_criteria_description":"","children_meta_title":"","children_meta_description":"","_edit_last":"61","use_global_content":"","poi_type":"","content_raw":"<span style=\"font-weight: 400;\">You can store your bags with one of <strong>LuggageHero's<\/strong> luggage storage locations just around the corner from Chamart\u00edn and explore <a href=\"https:\/\/luggagehero.com\/madrid\/\">Madrid<\/a> hassle-free.<\/span>\r\n<h4 class=\"p1\"><span class=\"s1\"><b>Use our map to find the nearest certified shops in Chamartin Train Station<\/b><\/span><\/h4>\r\n[mapofshops]\r\n\r\n&nbsp;\r\n\r\n<span style=\"font-weight: 400;\">LuggageHero storage sites are <\/span><a href=\"https:\/\/luggagehero.com\/about\/certified-shops\/\"><span style=\"font-weight: 400;\">certified<\/span><\/a><span style=\"font-weight: 400;\"> hotels, cafes, and shops. Advance bookings ensure space for your bags. The address and directions to our partner shops are available at the time of booking. All bags are i<\/span><span style=\"font-weight: 400;\">nsured up to [pricing insurancecoverage] once you have dropped off your bags and started our storage timer on your booking page. LuggageHero has more than 50 luggage storage locations all around <a href=\"https:\/\/luggagehero.com\/madrid\/\">Madrid<\/a><\/span><span style=\"font-weight: 400;\">.<\/span>\r\n<h2><img class=\"wp-image-5159 size-full aligncenter\" src=\"https:\/\/luggagehero.com\/wp-content\/uploads\/2019\/02\/Luggage-storage-Chamartin-train-station.jpg\" alt=\"Store your luggage near Chamartin Train Station\" width=\"760\" height=\"509\" \/><\/h2>\r\n<h2 style=\"text-align: center;\">Chamart\u00edn Train Station<\/h2>\r\nChamart\u00edn Train Station or in Spanish, Estac\u00edon de Tren de Chamart\u00edn, is the second largest train station in <a href=\"https:\/\/luggagehero.com\/madrid\/\">Madrid<\/a>. The train station is located\u00a0in the north of the city about six kilometers from Barajas-Madrid Int. Airport. The station mainly serves trains from the north and the east of Spain as well as from France. The Cercan\u00edas train will take you back and forth between <a href=\"https:\/\/luggagehero.com\/madrid\/atocha-train-station\/\">Atocha Train Station<\/a> and Chamart\u00edn. It will cost you around \u20ac2 and it takes 13 minutes.\r\n\r\nThe station is also serviced by the Chamart\u00edn Metro Station which can be used to reach the city center of Madrid. The C-1 and C-10 lines can take you to the Madrid Barajas International Airport in just about 15 minutes.\r\n\r\nMadrid Chamart\u00edn is a modern and spacious railway station that includes bars, restaurants, luggage service, parking, shops, and ticket vending machines.","_links":{"self":[{"href":"https:\/\/luggagehero.com\/pl\/wp-json\/wp\/v2\/pages\/5158","targetHints":{"allow":["GET"]}}],"collection":[{"href":"https:\/\/luggagehero.com\/pl\/wp-json\/wp\/v2\/pages"}],"about":[{"href":"https:\/\/luggagehero.com\/pl\/wp-json\/wp\/v2\/types\/page"}],"author":[{"embeddable":true,"href":"https:\/\/luggagehero.com\/pl\/wp-json\/wp\/v2\/users\/9"}],"replies":[{"embeddable":true,"href":"https:\/\/luggagehero.com\/pl\/wp-json\/wp\/v2\/comments?post=5158"}],"version-history":[{"count":0,"href":"https:\/\/luggagehero.com\/pl\/wp-json\/wp\/v2\/pages\/5158\/revisions"}],"up":[{"embeddable":true,"href":"https:\/\/luggagehero.com\/pl\/wp-json\/wp\/v2\/pages\/5143"}],"wp:featuredmedia":[{"embeddable":true,"href":"https:\/\/luggagehero.com\/pl\/wp-json\/wp\/v2\/media\/5159"}],"wp:attachment":[{"href":"https:\/\/luggagehero.com\/pl\/wp-json\/wp\/v2\/media?parent=5158"}],"curies":[{"name":"wp","href":"https:\/\/api.w.org\/{rel}","templated":true}]}}