{"id":10289,"date":"2019-10-02T14:59:00","date_gmt":"2019-10-02T14:59:00","guid":{"rendered":"https:\/\/luggagehero.com\/?page_id=10289"},"modified":"2025-02-28T09:30:21","modified_gmt":"2025-02-28T09:30:21","slug":"alcantara-terra","status":"publish","type":"page","link":"https:\/\/luggagehero.com\/pt-pt\/lisbon\/alcantara-terra\/","title":{"rendered":"Alcantara-Terra"},"content":{"rendered":"<p>Are you looking for luggage storage near Alcantara-Terra? You can store your bags with our luggage storage just around the corner from the station.<\/p>\n<p>LuggageHero storage sites are\u00a0<a href=\"https:\/\/luggagehero.com\/about\/certified-shops\/\">certified hotels, cafes, and shops<\/a>. Advance bookings ensure space for your bags. The address and directions to our partner shops are available at the time of booking. All bags are sealed off with our\u00a0<a href=\"https:\/\/luggagehero.com\/about\/security-seal\/\">security seal<\/a>\u00a0<a href=\"https:\/\/luggagehero.com\/about\/insurance\/\">insuring<\/a> each piece of luggage up once you have dropped off your bags and started our storage on your booking page.<\/p>\n<h2><img loading=\"lazy\" decoding=\"async\" class=\"aligncenter wp-image-10400 size-large\" src=\"https:\/\/luggagehero.com\/wp-content\/uploads\/2019\/10\/shutterstock_583841875-800x533.jpg\" sizes=\"auto, (max-width: 800px) 100vw, 800px\" srcset=\"https:\/\/luggagehero.com\/wp-content\/uploads\/2019\/10\/shutterstock_583841875-800x533.jpg 800w, https:\/\/luggagehero.com\/wp-content\/uploads\/2019\/10\/shutterstock_583841875-300x200.jpg 300w, https:\/\/luggagehero.com\/wp-content\/uploads\/2019\/10\/shutterstock_583841875-600x400.jpg 600w\" alt=\"\" width=\"800\" height=\"533\" \/><\/h2>\n<h2 style=\"text-align: center;\">Alcantara-Terra<span style=\"font-weight: 400;\"><br \/>\n<\/span><\/h2>\n<p><span style=\"font-weight: 400;\">Alcantara-Terra, also known as <\/span><span style=\"font-weight: 400;\">Esta\u00e7\u00e3o Ferrovi\u00e1ria de Alc\u00e2ntara Terra is rail-station in the waist line in <a href=\"https:\/\/luggagehero.com\/lisbon\/\" target=\"_blank\" rel=\"noopener noreferrer\">Lisbon<\/a>. It was opened on April 2nd, 1887 and the station is located next to Avenida de Ceuta. <\/span><span style=\"font-weight: 400;\">Many tourist locations are accessible from this train station such as <a href=\"https:\/\/luggagehero.com\/lisbon\/avenida\/\" target=\"_blank\" rel=\"noopener noreferrer\">Avenida de Liberdade<\/a>, <a href=\"https:\/\/luggagehero.com\/lisbon\/alfama\/\" target=\"_blank\" rel=\"noopener noreferrer\">Alfama<\/a>, <a href=\"https:\/\/luggagehero.com\/lisbon\/sintra\/\" target=\"_blank\" rel=\"noopener noreferrer\">Sintra<\/a>, <a href=\"https:\/\/luggagehero.com\/lisbon\/martim-moniz\/\" target=\"_blank\" rel=\"noopener noreferrer\">Martim Moniz<\/a>, <a href=\"https:\/\/luggagehero.com\/lisbon\/tower-of-belem\/\" target=\"_blank\" rel=\"noopener noreferrer\">Tower of Belem<\/a> and just a 9 minute walk from the station to Alcantar Mar.\u00a0 It must be noted however that <\/span>Alc\u00e2ntara-Terra no longer has rail connections on weekends and holidays, since the \u201cCastanheira do Ribatejo \u2013 Alc\u00e2ntara-Terra\u201d train family has connections during working hours only.<\/p>\n<p><span style=\"font-weight: 400;\">With a great connection between Alcantara-Terra, <a href=\"https:\/\/luggagehero.com\/lisbon\/rossio-railway-station\/\" target=\"_blank\" rel=\"noopener noreferrer\">Rossio Railway Station<\/a> and <a href=\"https:\/\/luggagehero.com\/lisbon\/santa-apolonia\/\" target=\"_blank\" rel=\"noopener noreferrer\">Santa Apolonia<\/a>, you can minimize your travel time while maximizing your experience of Lisbon. On top of saving time so you can visit more places on your arrival and departure day, you can also make your trip hassle-free when you drop off your bags at any of our 30+ luggage storage locations around Lisbon. Conveniently, there is one just outside of the station, so make the most of your trip by using our convenient service. We\u2019ll gladly hold on to your luggage so you can experience one of the most beautiful cities in the world!\u00a0<\/span><\/p>\n<p>&nbsp;<\/p>\n","protected":false},"excerpt":{"rendered":"<p>Are you looking for luggage storage near Alcantara-Terra? You can store your bags with our luggage storage just around the corner from the station. LuggageHero storage sites are\u00a0certified hotels, cafes, and shops. Advance bookings ensure space for your bags. The address and directions to our partner shops are available at the time of booking. All [&hellip;]<\/p>\n","protected":false},"author":9,"featured_media":0,"parent":5029,"menu_order":0,"comment_status":"closed","ping_status":"closed","template":"template-location.php","meta":{"_acf_changed":false,"footnotes":""},"class_list":["post-10289","page","type-page","status-publish","hentry"],"acf":[],"yoast_head":"<!-- This site is optimized with the Yoast SEO Premium plugin v27.0 (Yoast SEO v27.0) - https:\/\/yoast.com\/product\/yoast-seo-premium-wordpress\/ -->\n<title>Alcantara-Terra - LuggageHero<\/title>\n<meta name=\"robots\" content=\"index, follow, max-snippet:-1, max-image-preview:large, max-video-preview:-1\" \/>\n<link rel=\"canonical\" href=\"https:\/\/luggagehero.com\/pt-pt\/lisbon\/alcantara-terra\/\" \/>\n<meta property=\"og:locale\" content=\"pt_PT\" \/>\n<meta property=\"og:type\" content=\"article\" \/>\n<meta property=\"og:title\" content=\"Alcantara-Terra\" \/>\n<meta property=\"og:description\" content=\"Are you looking for luggage storage near Alcantara-Terra? You can store your bags with our luggage storage just around the corner from the station. LuggageHero storage sites are\u00a0certified hotels, cafes, and shops. Advance bookings ensure space for your bags. The address and directions to our partner shops are available at the time of booking. All [&hellip;]\" \/>\n<meta property=\"og:url\" content=\"https:\/\/luggagehero.com\/pt-pt\/lisbon\/alcantara-terra\/\" \/>\n<meta property=\"og:site_name\" content=\"LuggageHero\" \/>\n<meta property=\"article:publisher\" content=\"https:\/\/www.facebook.com\/luggagehero\" \/>\n<meta property=\"article:modified_time\" content=\"2025-02-28T09:30:21+00:00\" \/>\n<meta property=\"og:image\" content=\"https:\/\/luggagehero.com\/wp-content\/uploads\/2019\/10\/shutterstock_583841875-800x533.jpg\" \/>\n<meta name=\"twitter:card\" content=\"summary_large_image\" \/>\n<meta name=\"twitter:site\" content=\"@luggagehero\" \/>\n<meta name=\"twitter:label1\" content=\"Est. reading time\" \/>\n\t<meta name=\"twitter:data1\" content=\"2 minutes\" \/>\n<script type=\"application\/ld+json\" class=\"yoast-schema-graph\">{\"@context\":\"https:\/\/schema.org\",\"@graph\":[{\"@type\":\"WebPage\",\"@id\":\"https:\/\/luggagehero.com\/pt-pt\/lisbon\/alcantara-terra\/\",\"url\":\"https:\/\/luggagehero.com\/pt-pt\/lisbon\/alcantara-terra\/\",\"name\":\"Alcantara-Terra - LuggageHero\",\"isPartOf\":{\"@id\":\"https:\/\/luggagehero.com\/pt-pt\/#website\"},\"primaryImageOfPage\":{\"@id\":\"https:\/\/luggagehero.com\/pt-pt\/lisbon\/alcantara-terra\/#primaryimage\"},\"image\":{\"@id\":\"https:\/\/luggagehero.com\/pt-pt\/lisbon\/alcantara-terra\/#primaryimage\"},\"thumbnailUrl\":\"https:\/\/luggagehero.com\/wp-content\/uploads\/2019\/10\/shutterstock_583841875-800x533.jpg\",\"datePublished\":\"2019-10-02T14:59:00+00:00\",\"dateModified\":\"2025-02-28T09:30:21+00:00\",\"breadcrumb\":{\"@id\":\"https:\/\/luggagehero.com\/pt-pt\/lisbon\/alcantara-terra\/#breadcrumb\"},\"inLanguage\":\"pt-PT\",\"potentialAction\":[{\"@type\":\"ReadAction\",\"target\":[\"https:\/\/luggagehero.com\/pt-pt\/lisbon\/alcantara-terra\/\"]}]},{\"@type\":\"ImageObject\",\"inLanguage\":\"pt-PT\",\"@id\":\"https:\/\/luggagehero.com\/pt-pt\/lisbon\/alcantara-terra\/#primaryimage\",\"url\":\"https:\/\/luggagehero.com\/wp-content\/uploads\/2019\/10\/shutterstock_583841875-800x533.jpg\",\"contentUrl\":\"https:\/\/luggagehero.com\/wp-content\/uploads\/2019\/10\/shutterstock_583841875-800x533.jpg\"},{\"@type\":\"BreadcrumbList\",\"@id\":\"https:\/\/luggagehero.com\/pt-pt\/lisbon\/alcantara-terra\/#breadcrumb\",\"itemListElement\":[{\"@type\":\"ListItem\",\"position\":1,\"name\":\"Home\",\"item\":\"https:\/\/luggagehero.com\/pt-pt\/\"},{\"@type\":\"ListItem\",\"position\":2,\"name\":\"Lisbon\",\"item\":\"https:\/\/luggagehero.com\/pt-pt\/lisbon\/\"},{\"@type\":\"ListItem\",\"position\":3,\"name\":\"Alcantara-Terra\"}]},{\"@type\":\"WebSite\",\"@id\":\"https:\/\/luggagehero.com\/pt-pt\/#website\",\"url\":\"https:\/\/luggagehero.com\/pt-pt\/\",\"name\":\"LuggageHero\",\"description\":\"Free yourself from luggage\",\"publisher\":{\"@id\":\"https:\/\/luggagehero.com\/pt-pt\/#organization\"},\"potentialAction\":[{\"@type\":\"SearchAction\",\"target\":{\"@type\":\"EntryPoint\",\"urlTemplate\":\"https:\/\/luggagehero.com\/pt-pt\/?s={search_term_string}\"},\"query-input\":{\"@type\":\"PropertyValueSpecification\",\"valueRequired\":true,\"valueName\":\"search_term_string\"}}],\"inLanguage\":\"pt-PT\"},{\"@type\":\"Organization\",\"@id\":\"https:\/\/luggagehero.com\/pt-pt\/#organization\",\"name\":\"LuggageHero\",\"url\":\"https:\/\/luggagehero.com\/pt-pt\/\",\"logo\":{\"@type\":\"ImageObject\",\"inLanguage\":\"pt-PT\",\"@id\":\"https:\/\/luggagehero.com\/pt-pt\/#\/schema\/logo\/image\/\",\"url\":\"https:\/\/luggagehero.com\/wp-content\/uploads\/2017\/04\/luggagehero_LOGO-RGB_kort_POS_200x200.png\",\"contentUrl\":\"https:\/\/luggagehero.com\/wp-content\/uploads\/2017\/04\/luggagehero_LOGO-RGB_kort_POS_200x200.png\",\"width\":200,\"height\":200,\"caption\":\"LuggageHero\"},\"image\":{\"@id\":\"https:\/\/luggagehero.com\/pt-pt\/#\/schema\/logo\/image\/\"},\"sameAs\":[\"https:\/\/www.facebook.com\/luggagehero\",\"https:\/\/x.com\/luggagehero\",\"https:\/\/www.instagram.com\/luggagehero\",\"https:\/\/www.linkedin.com\/company\/luggagehero\/\"]}]}<\/script>\n<!-- \/ Yoast SEO Premium plugin. -->","yoast_head_json":{"title":"Alcantara-Terra - LuggageHero","robots":{"index":"index","follow":"follow","max-snippet":"max-snippet:-1","max-image-preview":"max-image-preview:large","max-video-preview":"max-video-preview:-1"},"canonical":"https:\/\/luggagehero.com\/pt-pt\/lisbon\/alcantara-terra\/","og_locale":"pt_PT","og_type":"article","og_title":"Alcantara-Terra","og_description":"Are you looking for luggage storage near Alcantara-Terra? You can store your bags with our luggage storage just around the corner from the station. LuggageHero storage sites are\u00a0certified hotels, cafes, and shops. Advance bookings ensure space for your bags. The address and directions to our partner shops are available at the time of booking. All [&hellip;]","og_url":"https:\/\/luggagehero.com\/pt-pt\/lisbon\/alcantara-terra\/","og_site_name":"LuggageHero","article_publisher":"https:\/\/www.facebook.com\/luggagehero","article_modified_time":"2025-02-28T09:30:21+00:00","og_image":[{"url":"https:\/\/luggagehero.com\/wp-content\/uploads\/2019\/10\/shutterstock_583841875-800x533.jpg","type":"","width":"","height":""}],"twitter_card":"summary_large_image","twitter_site":"@luggagehero","twitter_misc":{"Est. reading time":"2 minutes"},"schema":{"@context":"https:\/\/schema.org","@graph":[{"@type":"WebPage","@id":"https:\/\/luggagehero.com\/pt-pt\/lisbon\/alcantara-terra\/","url":"https:\/\/luggagehero.com\/pt-pt\/lisbon\/alcantara-terra\/","name":"Alcantara-Terra - LuggageHero","isPartOf":{"@id":"https:\/\/luggagehero.com\/pt-pt\/#website"},"primaryImageOfPage":{"@id":"https:\/\/luggagehero.com\/pt-pt\/lisbon\/alcantara-terra\/#primaryimage"},"image":{"@id":"https:\/\/luggagehero.com\/pt-pt\/lisbon\/alcantara-terra\/#primaryimage"},"thumbnailUrl":"https:\/\/luggagehero.com\/wp-content\/uploads\/2019\/10\/shutterstock_583841875-800x533.jpg","datePublished":"2019-10-02T14:59:00+00:00","dateModified":"2025-02-28T09:30:21+00:00","breadcrumb":{"@id":"https:\/\/luggagehero.com\/pt-pt\/lisbon\/alcantara-terra\/#breadcrumb"},"inLanguage":"pt-PT","potentialAction":[{"@type":"ReadAction","target":["https:\/\/luggagehero.com\/pt-pt\/lisbon\/alcantara-terra\/"]}]},{"@type":"ImageObject","inLanguage":"pt-PT","@id":"https:\/\/luggagehero.com\/pt-pt\/lisbon\/alcantara-terra\/#primaryimage","url":"https:\/\/luggagehero.com\/wp-content\/uploads\/2019\/10\/shutterstock_583841875-800x533.jpg","contentUrl":"https:\/\/luggagehero.com\/wp-content\/uploads\/2019\/10\/shutterstock_583841875-800x533.jpg"},{"@type":"BreadcrumbList","@id":"https:\/\/luggagehero.com\/pt-pt\/lisbon\/alcantara-terra\/#breadcrumb","itemListElement":[{"@type":"ListItem","position":1,"name":"Home","item":"https:\/\/luggagehero.com\/pt-pt\/"},{"@type":"ListItem","position":2,"name":"Lisbon","item":"https:\/\/luggagehero.com\/pt-pt\/lisbon\/"},{"@type":"ListItem","position":3,"name":"Alcantara-Terra"}]},{"@type":"WebSite","@id":"https:\/\/luggagehero.com\/pt-pt\/#website","url":"https:\/\/luggagehero.com\/pt-pt\/","name":"LuggageHero","description":"Free yourself from luggage","publisher":{"@id":"https:\/\/luggagehero.com\/pt-pt\/#organization"},"potentialAction":[{"@type":"SearchAction","target":{"@type":"EntryPoint","urlTemplate":"https:\/\/luggagehero.com\/pt-pt\/?s={search_term_string}"},"query-input":{"@type":"PropertyValueSpecification","valueRequired":true,"valueName":"search_term_string"}}],"inLanguage":"pt-PT"},{"@type":"Organization","@id":"https:\/\/luggagehero.com\/pt-pt\/#organization","name":"LuggageHero","url":"https:\/\/luggagehero.com\/pt-pt\/","logo":{"@type":"ImageObject","inLanguage":"pt-PT","@id":"https:\/\/luggagehero.com\/pt-pt\/#\/schema\/logo\/image\/","url":"https:\/\/luggagehero.com\/wp-content\/uploads\/2017\/04\/luggagehero_LOGO-RGB_kort_POS_200x200.png","contentUrl":"https:\/\/luggagehero.com\/wp-content\/uploads\/2017\/04\/luggagehero_LOGO-RGB_kort_POS_200x200.png","width":200,"height":200,"caption":"LuggageHero"},"image":{"@id":"https:\/\/luggagehero.com\/pt-pt\/#\/schema\/logo\/image\/"},"sameAs":["https:\/\/www.facebook.com\/luggagehero","https:\/\/x.com\/luggagehero","https:\/\/www.instagram.com\/luggagehero","https:\/\/www.linkedin.com\/company\/luggagehero\/"]}]}},"place_id":"","place_latitude_longitude":"38.707685771704334, -9.173311686920762","place_name":"Alcantara-Terra","criteria_title":"","criteria_description":"","meta_title":"","meta_description":"","children_criteria_title":"","children_criteria_description":"","children_meta_title":"","children_meta_description":"","_edit_last":"3","use_global_content":"","poi_type":"PublicTransit","content_raw":"Are you looking for luggage storage near Alcantara-Terra? You can store your bags with our luggage storage just around the corner from the station.\r\n\r\nLuggageHero storage sites are\u00a0<a href=\"https:\/\/luggagehero.com\/about\/certified-shops\/\">certified hotels, cafes, and shops<\/a>. Advance bookings ensure space for your bags. The address and directions to our partner shops are available at the time of booking. All bags are sealed off with our\u00a0<a href=\"https:\/\/luggagehero.com\/about\/security-seal\/\">security seal<\/a>\u00a0<a href=\"https:\/\/luggagehero.com\/about\/insurance\/\">insuring<\/a> each piece of luggage up once you have dropped off your bags and started our storage on your booking page.\r\n<h2><img class=\"aligncenter wp-image-10400 size-large\" src=\"https:\/\/luggagehero.com\/wp-content\/uploads\/2019\/10\/shutterstock_583841875-800x533.jpg\" sizes=\"(max-width: 800px) 100vw, 800px\" srcset=\"https:\/\/luggagehero.com\/wp-content\/uploads\/2019\/10\/shutterstock_583841875-800x533.jpg 800w, https:\/\/luggagehero.com\/wp-content\/uploads\/2019\/10\/shutterstock_583841875-300x200.jpg 300w, https:\/\/luggagehero.com\/wp-content\/uploads\/2019\/10\/shutterstock_583841875-600x400.jpg 600w\" alt=\"\" width=\"800\" height=\"533\" \/><\/h2>\r\n<h2 style=\"text-align: center;\">Alcantara-Terra<span style=\"font-weight: 400;\">\r\n<\/span><\/h2>\r\n<span style=\"font-weight: 400;\">Alcantara-Terra, also known as <\/span><span style=\"font-weight: 400;\">Esta\u00e7\u00e3o Ferrovi\u00e1ria de Alc\u00e2ntara Terra is rail-station in the waist line in <a href=\"https:\/\/luggagehero.com\/lisbon\/\" target=\"_blank\" rel=\"noopener noreferrer\">Lisbon<\/a>. It was opened on April 2nd, 1887 and the station is located next to Avenida de Ceuta. <\/span><span style=\"font-weight: 400;\">Many tourist locations are accessible from this train station such as <a href=\"https:\/\/luggagehero.com\/lisbon\/avenida\/\" target=\"_blank\" rel=\"noopener noreferrer\">Avenida de Liberdade<\/a>, <a href=\"https:\/\/luggagehero.com\/lisbon\/alfama\/\" target=\"_blank\" rel=\"noopener noreferrer\">Alfama<\/a>, <a href=\"https:\/\/luggagehero.com\/lisbon\/sintra\/\" target=\"_blank\" rel=\"noopener noreferrer\">Sintra<\/a>, <a href=\"https:\/\/luggagehero.com\/lisbon\/martim-moniz\/\" target=\"_blank\" rel=\"noopener noreferrer\">Martim Moniz<\/a>, <a href=\"https:\/\/luggagehero.com\/lisbon\/tower-of-belem\/\" target=\"_blank\" rel=\"noopener noreferrer\">Tower of Belem<\/a> and just a 9 minute walk from the station to Alcantar Mar.\u00a0 It must be noted however that <\/span>Alc\u00e2ntara-Terra no longer has rail connections on weekends and holidays, since the \u201cCastanheira do Ribatejo \u2013 Alc\u00e2ntara-Terra\u201d train family has connections during working hours only.\r\n\r\n<span style=\"font-weight: 400;\">With a great connection between Alcantara-Terra, <a href=\"https:\/\/luggagehero.com\/lisbon\/rossio-railway-station\/\" target=\"_blank\" rel=\"noopener noreferrer\">Rossio Railway Station<\/a> and <a href=\"https:\/\/luggagehero.com\/lisbon\/santa-apolonia\/\" target=\"_blank\" rel=\"noopener noreferrer\">Santa Apolonia<\/a>, you can minimize your travel time while maximizing your experience of Lisbon. On top of saving time so you can visit more places on your arrival and departure day, you can also make your trip hassle-free when you drop off your bags at any of our 30+ luggage storage locations around Lisbon. Conveniently, there is one just outside of the station, so make the most of your trip by using our convenient service. We\u2019ll gladly hold on to your luggage so you can experience one of the most beautiful cities in the world!\u00a0<\/span>\r\n\r\n&nbsp;","_links":{"self":[{"href":"https:\/\/luggagehero.com\/pt-pt\/wp-json\/wp\/v2\/pages\/10289","targetHints":{"allow":["GET"]}}],"collection":[{"href":"https:\/\/luggagehero.com\/pt-pt\/wp-json\/wp\/v2\/pages"}],"about":[{"href":"https:\/\/luggagehero.com\/pt-pt\/wp-json\/wp\/v2\/types\/page"}],"author":[{"embeddable":true,"href":"https:\/\/luggagehero.com\/pt-pt\/wp-json\/wp\/v2\/users\/9"}],"replies":[{"embeddable":true,"href":"https:\/\/luggagehero.com\/pt-pt\/wp-json\/wp\/v2\/comments?post=10289"}],"version-history":[{"count":0,"href":"https:\/\/luggagehero.com\/pt-pt\/wp-json\/wp\/v2\/pages\/10289\/revisions"}],"up":[{"embeddable":true,"href":"https:\/\/luggagehero.com\/pt-pt\/wp-json\/wp\/v2\/pages\/5029"}],"wp:attachment":[{"href":"https:\/\/luggagehero.com\/pt-pt\/wp-json\/wp\/v2\/media?parent=10289"}],"curies":[{"name":"wp","href":"https:\/\/api.w.org\/{rel}","templated":true}]}}