{"id":14492,"date":"2020-02-06T09:02:13","date_gmt":"2020-02-06T09:02:13","guid":{"rendered":"https:\/\/luggagehero.com\/como-funciona\/"},"modified":"2023-12-21T10:08:32","modified_gmt":"2023-12-21T10:08:32","slug":"como-funciona","status":"publish","type":"page","link":"https:\/\/luggagehero.com\/pt-pt\/como-funciona\/","title":{"rendered":"Como funciona"},"content":{"rendered":"<h1 style=\"text-align: center;\">Reserve online e receba indica\u00e7\u00f5es<\/h1>\n<p>&nbsp;<\/p>\n<p style=\"text-align: center;\">Para garantir uma entrega simples e r\u00e1pida,\u00a0 ter\u00e1 de <strong>reservar com anteced\u00eancia para receber indica\u00e7\u00f5es. <\/strong>Mas n\u00e3o se preocupe. A <a href=\"https:\/\/luggagehero.com\/\">LuggageHero<\/a> j\u00e1 assegurou quase 2.000.000 horas de dep\u00f3sito de bagagem simplesmente porque o nosso servi\u00e7o \u00e9 muito<em> simples<\/em> e <em>r\u00e1pido<\/em>.\u00a0<strong><br \/>\n<\/strong><\/p>\n<ul>\n<li><strong>Inicie o cron\u00f3metro<\/strong> na p\u00e1gina de reservas quando entregar a sua bagagem.<\/li>\n<li><strong>Pare o cron\u00f3metro<\/strong> quando recolher a bagagem.<\/li>\n<\/ul>\n<h2>A habitual experi\u00eancia LuggageHero<\/h2>\n<p>Sabemos que muitas pessoas t\u00eam dificuldades com a bagagem quando viajam. Por isso, cri\u00e1mos um v\u00eddeo para mostrar como \u00e9 f\u00e1cil garantir umas f\u00e9rias ou viagens de neg\u00f3cios descansadas.<\/p>\n<p>No v\u00eddeo, ir\u00e1 conhecer um t\u00edpico viajante chamado Scott.<\/p>\n<p>Viajou de Amesterd\u00e3o para Copenhaga de manh\u00e3, mas s\u00f3 pode fazer check-in no alojamento durante a tarde.<\/p>\n<p>Como n\u00e3o gosta de andar com as malas atr\u00e1s, utiliza a aplica\u00e7\u00e3o LuggageHero para reservar um espa\u00e7o num local de dep\u00f3sito de bagagem nas proximidades.<\/p>\n<div class=\"text_exposed_show\">\n<p>Tem ali perto a <a href=\"https:\/\/copenhagenbicycles.dk\/?gclid=EAIaIQobChMItezcyPb15QIVBZzVCh2V9w_5EAAYAiAAEgJHZfD_BwE\">Copenhagen Bicycles<\/a>. As malas do Scotty s\u00e3o protegidas por fechos de seguran\u00e7a e guardadas, enquanto ele aluga uma bicicleta para explorar a cidade. LuggageHero ao resgate!\u00a0<span class=\"_5mfr\"><span class=\"_6qdm\">\u200d\u2642\ufe0f<\/span><\/span><\/p>\n<p>Se teve uma experi\u00eancia semelhante, clique no link abaixo<\/p>\n<\/div>\n<p><a href=\"http:\/\/player.vimeo.com\/video\/373348195\">http:\/\/player.vimeo.com\/video\/373348195<\/a><\/p>\n<p style=\"text-align: center;\"><a href=\"http:\/\/luggagehero.com\"><img loading=\"lazy\" decoding=\"async\" class=\"aligncenter wp-image-1507 size-full\" src=\"https:\/\/luggagehero.com\/wp-content\/uploads\/2017\/11\/xBook-online-button.png.pagespeed.ic_.2va7b6a3Bl.png\" alt=\"\" width=\"232\" height=\"40\" \/><\/a><\/p>\n","protected":false},"excerpt":{"rendered":"<p>Reserve online e receba indica\u00e7\u00f5es &nbsp; Para garantir uma entrega simples e r\u00e1pida,\u00a0 ter\u00e1 de reservar com anteced\u00eancia para receber indica\u00e7\u00f5es. Mas n\u00e3o se preocupe. A LuggageHero j\u00e1 assegurou quase 2.000.000 horas de dep\u00f3sito de bagagem simplesmente porque o nosso servi\u00e7o \u00e9 muito simples e r\u00e1pido.\u00a0 Inicie o cron\u00f3metro na p\u00e1gina de reservas quando entregar [&hellip;]<\/p>\n","protected":false},"author":9,"featured_media":0,"parent":0,"menu_order":0,"comment_status":"closed","ping_status":"closed","template":"","meta":{"_acf_changed":false,"footnotes":""},"class_list":["post-14492","page","type-page","status-publish","hentry"],"acf":[],"yoast_head":"<!-- This site is optimized with the Yoast SEO Premium plugin v27.0 (Yoast SEO v27.0) - https:\/\/yoast.com\/product\/yoast-seo-premium-wordpress\/ -->\n<title>Como funciona - LuggageHero<\/title>\n<meta name=\"robots\" content=\"index, follow, max-snippet:-1, max-image-preview:large, max-video-preview:-1\" \/>\n<link rel=\"canonical\" href=\"https:\/\/luggagehero.com\/pt-pt\/como-funciona\/\" \/>\n<meta property=\"og:locale\" content=\"pt_PT\" \/>\n<meta property=\"og:type\" content=\"article\" \/>\n<meta property=\"og:title\" content=\"Como funciona\" \/>\n<meta property=\"og:description\" content=\"Reserve online e receba indica\u00e7\u00f5es &nbsp; Para garantir uma entrega simples e r\u00e1pida,\u00a0 ter\u00e1 de reservar com anteced\u00eancia para receber indica\u00e7\u00f5es. Mas n\u00e3o se preocupe. A LuggageHero j\u00e1 assegurou quase 2.000.000 horas de dep\u00f3sito de bagagem simplesmente porque o nosso servi\u00e7o \u00e9 muito simples e r\u00e1pido.\u00a0 Inicie o cron\u00f3metro na p\u00e1gina de reservas quando entregar [&hellip;]\" \/>\n<meta property=\"og:url\" content=\"https:\/\/luggagehero.com\/pt-pt\/como-funciona\/\" \/>\n<meta property=\"og:site_name\" content=\"LuggageHero\" \/>\n<meta property=\"article:publisher\" content=\"https:\/\/www.facebook.com\/luggagehero\" \/>\n<meta property=\"article:modified_time\" content=\"2023-12-21T10:08:32+00:00\" \/>\n<meta property=\"og:image\" content=\"https:\/\/luggagehero.com\/wp-content\/uploads\/2017\/11\/xBook-online-button.png.pagespeed.ic_.2va7b6a3Bl.png\" \/>\n<meta name=\"twitter:card\" content=\"summary_large_image\" \/>\n<meta name=\"twitter:site\" content=\"@luggagehero\" \/>\n<meta name=\"twitter:label1\" content=\"Est. reading time\" \/>\n\t<meta name=\"twitter:data1\" content=\"2 minutes\" \/>\n<script type=\"application\/ld+json\" class=\"yoast-schema-graph\">{\"@context\":\"https:\/\/schema.org\",\"@graph\":[{\"@type\":\"WebPage\",\"@id\":\"https:\/\/luggagehero.com\/pt-pt\/como-funciona\/\",\"url\":\"https:\/\/luggagehero.com\/pt-pt\/como-funciona\/\",\"name\":\"Como funciona - LuggageHero\",\"isPartOf\":{\"@id\":\"https:\/\/luggagehero.com\/pt-pt\/#website\"},\"primaryImageOfPage\":{\"@id\":\"https:\/\/luggagehero.com\/pt-pt\/como-funciona\/#primaryimage\"},\"image\":{\"@id\":\"https:\/\/luggagehero.com\/pt-pt\/como-funciona\/#primaryimage\"},\"thumbnailUrl\":\"https:\/\/luggagehero.com\/wp-content\/uploads\/2017\/11\/xBook-online-button.png.pagespeed.ic_.2va7b6a3Bl.png\",\"datePublished\":\"2020-02-06T09:02:13+00:00\",\"dateModified\":\"2023-12-21T10:08:32+00:00\",\"breadcrumb\":{\"@id\":\"https:\/\/luggagehero.com\/pt-pt\/como-funciona\/#breadcrumb\"},\"inLanguage\":\"pt-PT\",\"potentialAction\":[{\"@type\":\"ReadAction\",\"target\":[\"https:\/\/luggagehero.com\/pt-pt\/como-funciona\/\"]}]},{\"@type\":\"ImageObject\",\"inLanguage\":\"pt-PT\",\"@id\":\"https:\/\/luggagehero.com\/pt-pt\/como-funciona\/#primaryimage\",\"url\":\"https:\/\/luggagehero.com\/wp-content\/uploads\/2017\/11\/xBook-online-button.png.pagespeed.ic_.2va7b6a3Bl.png\",\"contentUrl\":\"https:\/\/luggagehero.com\/wp-content\/uploads\/2017\/11\/xBook-online-button.png.pagespeed.ic_.2va7b6a3Bl.png\"},{\"@type\":\"BreadcrumbList\",\"@id\":\"https:\/\/luggagehero.com\/pt-pt\/como-funciona\/#breadcrumb\",\"itemListElement\":[{\"@type\":\"ListItem\",\"position\":1,\"name\":\"Home\",\"item\":\"https:\/\/luggagehero.com\/pt-pt\/\"},{\"@type\":\"ListItem\",\"position\":2,\"name\":\"Como funciona\"}]},{\"@type\":\"WebSite\",\"@id\":\"https:\/\/luggagehero.com\/pt-pt\/#website\",\"url\":\"https:\/\/luggagehero.com\/pt-pt\/\",\"name\":\"LuggageHero\",\"description\":\"Free yourself from luggage\",\"publisher\":{\"@id\":\"https:\/\/luggagehero.com\/pt-pt\/#organization\"},\"potentialAction\":[{\"@type\":\"SearchAction\",\"target\":{\"@type\":\"EntryPoint\",\"urlTemplate\":\"https:\/\/luggagehero.com\/pt-pt\/?s={search_term_string}\"},\"query-input\":{\"@type\":\"PropertyValueSpecification\",\"valueRequired\":true,\"valueName\":\"search_term_string\"}}],\"inLanguage\":\"pt-PT\"},{\"@type\":\"Organization\",\"@id\":\"https:\/\/luggagehero.com\/pt-pt\/#organization\",\"name\":\"LuggageHero\",\"url\":\"https:\/\/luggagehero.com\/pt-pt\/\",\"logo\":{\"@type\":\"ImageObject\",\"inLanguage\":\"pt-PT\",\"@id\":\"https:\/\/luggagehero.com\/pt-pt\/#\/schema\/logo\/image\/\",\"url\":\"https:\/\/luggagehero.com\/wp-content\/uploads\/2017\/04\/luggagehero_LOGO-RGB_kort_POS_200x200.png\",\"contentUrl\":\"https:\/\/luggagehero.com\/wp-content\/uploads\/2017\/04\/luggagehero_LOGO-RGB_kort_POS_200x200.png\",\"width\":200,\"height\":200,\"caption\":\"LuggageHero\"},\"image\":{\"@id\":\"https:\/\/luggagehero.com\/pt-pt\/#\/schema\/logo\/image\/\"},\"sameAs\":[\"https:\/\/www.facebook.com\/luggagehero\",\"https:\/\/x.com\/luggagehero\",\"https:\/\/www.instagram.com\/luggagehero\",\"https:\/\/www.linkedin.com\/company\/luggagehero\/\"]}]}<\/script>\n<!-- \/ Yoast SEO Premium plugin. -->","yoast_head_json":{"title":"Como funciona - LuggageHero","robots":{"index":"index","follow":"follow","max-snippet":"max-snippet:-1","max-image-preview":"max-image-preview:large","max-video-preview":"max-video-preview:-1"},"canonical":"https:\/\/luggagehero.com\/pt-pt\/como-funciona\/","og_locale":"pt_PT","og_type":"article","og_title":"Como funciona","og_description":"Reserve online e receba indica\u00e7\u00f5es &nbsp; Para garantir uma entrega simples e r\u00e1pida,\u00a0 ter\u00e1 de reservar com anteced\u00eancia para receber indica\u00e7\u00f5es. Mas n\u00e3o se preocupe. A LuggageHero j\u00e1 assegurou quase 2.000.000 horas de dep\u00f3sito de bagagem simplesmente porque o nosso servi\u00e7o \u00e9 muito simples e r\u00e1pido.\u00a0 Inicie o cron\u00f3metro na p\u00e1gina de reservas quando entregar [&hellip;]","og_url":"https:\/\/luggagehero.com\/pt-pt\/como-funciona\/","og_site_name":"LuggageHero","article_publisher":"https:\/\/www.facebook.com\/luggagehero","article_modified_time":"2023-12-21T10:08:32+00:00","og_image":[{"url":"https:\/\/luggagehero.com\/wp-content\/uploads\/2017\/11\/xBook-online-button.png.pagespeed.ic_.2va7b6a3Bl.png","type":"","width":"","height":""}],"twitter_card":"summary_large_image","twitter_site":"@luggagehero","twitter_misc":{"Est. reading time":"2 minutes"},"schema":{"@context":"https:\/\/schema.org","@graph":[{"@type":"WebPage","@id":"https:\/\/luggagehero.com\/pt-pt\/como-funciona\/","url":"https:\/\/luggagehero.com\/pt-pt\/como-funciona\/","name":"Como funciona - LuggageHero","isPartOf":{"@id":"https:\/\/luggagehero.com\/pt-pt\/#website"},"primaryImageOfPage":{"@id":"https:\/\/luggagehero.com\/pt-pt\/como-funciona\/#primaryimage"},"image":{"@id":"https:\/\/luggagehero.com\/pt-pt\/como-funciona\/#primaryimage"},"thumbnailUrl":"https:\/\/luggagehero.com\/wp-content\/uploads\/2017\/11\/xBook-online-button.png.pagespeed.ic_.2va7b6a3Bl.png","datePublished":"2020-02-06T09:02:13+00:00","dateModified":"2023-12-21T10:08:32+00:00","breadcrumb":{"@id":"https:\/\/luggagehero.com\/pt-pt\/como-funciona\/#breadcrumb"},"inLanguage":"pt-PT","potentialAction":[{"@type":"ReadAction","target":["https:\/\/luggagehero.com\/pt-pt\/como-funciona\/"]}]},{"@type":"ImageObject","inLanguage":"pt-PT","@id":"https:\/\/luggagehero.com\/pt-pt\/como-funciona\/#primaryimage","url":"https:\/\/luggagehero.com\/wp-content\/uploads\/2017\/11\/xBook-online-button.png.pagespeed.ic_.2va7b6a3Bl.png","contentUrl":"https:\/\/luggagehero.com\/wp-content\/uploads\/2017\/11\/xBook-online-button.png.pagespeed.ic_.2va7b6a3Bl.png"},{"@type":"BreadcrumbList","@id":"https:\/\/luggagehero.com\/pt-pt\/como-funciona\/#breadcrumb","itemListElement":[{"@type":"ListItem","position":1,"name":"Home","item":"https:\/\/luggagehero.com\/pt-pt\/"},{"@type":"ListItem","position":2,"name":"Como funciona"}]},{"@type":"WebSite","@id":"https:\/\/luggagehero.com\/pt-pt\/#website","url":"https:\/\/luggagehero.com\/pt-pt\/","name":"LuggageHero","description":"Free yourself from luggage","publisher":{"@id":"https:\/\/luggagehero.com\/pt-pt\/#organization"},"potentialAction":[{"@type":"SearchAction","target":{"@type":"EntryPoint","urlTemplate":"https:\/\/luggagehero.com\/pt-pt\/?s={search_term_string}"},"query-input":{"@type":"PropertyValueSpecification","valueRequired":true,"valueName":"search_term_string"}}],"inLanguage":"pt-PT"},{"@type":"Organization","@id":"https:\/\/luggagehero.com\/pt-pt\/#organization","name":"LuggageHero","url":"https:\/\/luggagehero.com\/pt-pt\/","logo":{"@type":"ImageObject","inLanguage":"pt-PT","@id":"https:\/\/luggagehero.com\/pt-pt\/#\/schema\/logo\/image\/","url":"https:\/\/luggagehero.com\/wp-content\/uploads\/2017\/04\/luggagehero_LOGO-RGB_kort_POS_200x200.png","contentUrl":"https:\/\/luggagehero.com\/wp-content\/uploads\/2017\/04\/luggagehero_LOGO-RGB_kort_POS_200x200.png","width":200,"height":200,"caption":"LuggageHero"},"image":{"@id":"https:\/\/luggagehero.com\/pt-pt\/#\/schema\/logo\/image\/"},"sameAs":["https:\/\/www.facebook.com\/luggagehero","https:\/\/x.com\/luggagehero","https:\/\/www.instagram.com\/luggagehero","https:\/\/www.linkedin.com\/company\/luggagehero\/"]}]}},"place_id":"","place_latitude_longitude":"","place_name":"","criteria_title":"","criteria_description":"","meta_title":"","meta_description":"","children_criteria_title":"","children_criteria_description":"","children_meta_title":"","children_meta_description":"","_edit_last":"46","use_global_content":"","poi_type":"","content_raw":"<h1 style=\"text-align: center;\">Reserve online e receba indica\u00e7\u00f5es<\/h1>\r\n&nbsp;\r\n<p style=\"text-align: center;\">Para garantir uma entrega simples e r\u00e1pida,\u00a0 ter\u00e1 de <strong>reservar com anteced\u00eancia para receber indica\u00e7\u00f5es. <\/strong>Mas n\u00e3o se preocupe. A <a href=\"https:\/\/luggagehero.com\/\">LuggageHero<\/a> j\u00e1 assegurou quase 2.000.000 horas de dep\u00f3sito de bagagem simplesmente porque o nosso servi\u00e7o \u00e9 muito<em> simples<\/em> e <em>r\u00e1pido<\/em>.\u00a0<strong>\r\n<\/strong><\/p>\r\n\r\n<ul>\r\n \t<li><strong>Inicie o cron\u00f3metro<\/strong> na p\u00e1gina de reservas quando entregar a sua bagagem.<\/li>\r\n \t<li><strong>Pare o cron\u00f3metro<\/strong> quando recolher a bagagem.<\/li>\r\n<\/ul>\r\n<h2>A habitual experi\u00eancia LuggageHero<\/h2>\r\nSabemos que muitas pessoas t\u00eam dificuldades com a bagagem quando viajam. Por isso, cri\u00e1mos um v\u00eddeo para mostrar como \u00e9 f\u00e1cil garantir umas f\u00e9rias ou viagens de neg\u00f3cios descansadas.\r\n\r\nNo v\u00eddeo, ir\u00e1 conhecer um t\u00edpico viajante chamado Scott.\r\n\r\nViajou de Amesterd\u00e3o para Copenhaga de manh\u00e3, mas s\u00f3 pode fazer check-in no alojamento durante a tarde.\r\n\r\nComo n\u00e3o gosta de andar com as malas atr\u00e1s, utiliza a aplica\u00e7\u00e3o LuggageHero para reservar um espa\u00e7o num local de dep\u00f3sito de bagagem nas proximidades.\r\n<div class=\"text_exposed_show\">\r\n\r\nTem ali perto a <a href=\"https:\/\/copenhagenbicycles.dk\/?gclid=EAIaIQobChMItezcyPb15QIVBZzVCh2V9w_5EAAYAiAAEgJHZfD_BwE\">Copenhagen Bicycles<\/a>. As malas do Scotty s\u00e3o protegidas por fechos de seguran\u00e7a e guardadas, enquanto ele aluga uma bicicleta para explorar a cidade. LuggageHero ao resgate!\u00a0<span class=\"_5mfr\"><span class=\"_6qdm\">\u200d\u2642\ufe0f<\/span><\/span>\r\n\r\nSe teve uma experi\u00eancia semelhante, clique no link abaixo\r\n\r\n<\/div>\r\n[embed]http:\/\/player.vimeo.com\/video\/373348195[\/embed]\r\n<p style=\"text-align: center;\"><a href=\"http:\/\/luggagehero.com\"><img class=\"aligncenter wp-image-1507 size-full\" src=\"https:\/\/luggagehero.com\/wp-content\/uploads\/2017\/11\/xBook-online-button.png.pagespeed.ic_.2va7b6a3Bl.png\" alt=\"\" width=\"232\" height=\"40\" \/><\/a><\/p>","_links":{"self":[{"href":"https:\/\/luggagehero.com\/pt-pt\/wp-json\/wp\/v2\/pages\/14492","targetHints":{"allow":["GET"]}}],"collection":[{"href":"https:\/\/luggagehero.com\/pt-pt\/wp-json\/wp\/v2\/pages"}],"about":[{"href":"https:\/\/luggagehero.com\/pt-pt\/wp-json\/wp\/v2\/types\/page"}],"author":[{"embeddable":true,"href":"https:\/\/luggagehero.com\/pt-pt\/wp-json\/wp\/v2\/users\/9"}],"replies":[{"embeddable":true,"href":"https:\/\/luggagehero.com\/pt-pt\/wp-json\/wp\/v2\/comments?post=14492"}],"version-history":[{"count":0,"href":"https:\/\/luggagehero.com\/pt-pt\/wp-json\/wp\/v2\/pages\/14492\/revisions"}],"wp:attachment":[{"href":"https:\/\/luggagehero.com\/pt-pt\/wp-json\/wp\/v2\/media?parent=14492"}],"curies":[{"name":"wp","href":"https:\/\/api.w.org\/{rel}","templated":true}]}}