{"id":18046,"date":"2020-03-13T12:17:14","date_gmt":"2020-03-13T12:17:14","guid":{"rendered":"https:\/\/luggagehero.com\/?page_id=18046"},"modified":"2023-08-21T13:22:10","modified_gmt":"2023-08-21T13:22:10","slug":"namesti-republiky","status":"publish","type":"page","link":"https:\/\/luggagehero.com\/ru\/prague\/namesti-republiky\/","title":{"rendered":"N\u00e1m\u011bst\u00ed Republiky"},"content":{"rendered":"<h2 style=\"text-align: center;\">N\u00e1m\u011bst\u00ed Republiky<\/h2>\n<p>N\u00e1m\u011bst\u00ed Republiky is a metro station of line B in Prague 1 district. One of its exits leads you to the area of the Republic Square, and the second one to the <a href=\"https:\/\/luggagehero.com\/prague\/masarykovo-nadrazi\/\">Praha Masarykovo N\u00e1dra\u017e\u00ed. <\/a>The station was opened in 1985.\u00a0 N\u00e1m\u011bst\u00ed Republiky or the Republic Square in Prague is a square located on the edge of the Old Town and New Town. Around the square, you can see several significant buildings such as a beautiful Powder Tower, Municipal House right next to it, or the Czech National Bank. If you are not a big architecture fan, there is the Kotva Department Store or Palladium shopping mall.<\/p>\n<p>Besides the metro, you can also get to N\u00e1m\u011bst\u00ed Republiky by train, bus and light rail.<\/p>\n<p>&nbsp;<\/p>\n<p><strong>Download our free luggage storage app:<\/strong><\/p>\n<p>For an even smoother luggage storage experience, download our LuggageHero app, where you can find all LugaggeHero sites near N\u00e1m\u011bst\u00ed Republiky and all the other locations in Prague that might come in handy, as well as other cities around the world.<\/p>\n<p>&nbsp;<\/p>\n","protected":false},"excerpt":{"rendered":"<p>N\u00e1m\u011bst\u00ed Republiky N\u00e1m\u011bst\u00ed Republiky is a metro station of line B in Prague 1 district. One of its exits leads you to the area of the Republic Square, and the second one to the Praha Masarykovo N\u00e1dra\u017e\u00ed. The station was opened in 1985.\u00a0 N\u00e1m\u011bst\u00ed Republiky or the Republic Square in Prague is a square located [&hellip;]<\/p>\n","protected":false},"author":22,"featured_media":0,"parent":17847,"menu_order":0,"comment_status":"closed","ping_status":"closed","template":"template-location.php","meta":{"_acf_changed":false,"footnotes":""},"class_list":["post-18046","page","type-page","status-publish","hentry"],"acf":[],"yoast_head":"<!-- This site is optimized with the Yoast SEO Premium plugin v27.0 (Yoast SEO v27.0) - https:\/\/yoast.com\/product\/yoast-seo-premium-wordpress\/ -->\n<title>N\u00e1m\u011bst\u00ed Republiky - LuggageHero<\/title>\n<meta name=\"description\" content=\"Drop off your luggage at any of LuggageHero sites near N\u00e1m\u011bst\u00ed Republiky and enjoy Prague. Luggage storage around Prague has never been easier!\" \/>\n<meta name=\"robots\" content=\"index, follow, max-snippet:-1, max-image-preview:large, max-video-preview:-1\" \/>\n<link rel=\"canonical\" href=\"https:\/\/luggagehero.com\/ru\/prague\/namesti-republiky\/\" \/>\n<meta property=\"og:locale\" content=\"ru_RU\" \/>\n<meta property=\"og:type\" content=\"article\" \/>\n<meta property=\"og:title\" content=\"N\u00e1m\u011bst\u00ed Republiky\" \/>\n<meta property=\"og:description\" content=\"Drop off your luggage at any of LuggageHero sites near N\u00e1m\u011bst\u00ed Republiky and enjoy Prague. Luggage storage around Prague has never been easier!\" \/>\n<meta property=\"og:url\" content=\"https:\/\/luggagehero.com\/ru\/prague\/namesti-republiky\/\" \/>\n<meta property=\"og:site_name\" content=\"LuggageHero\" \/>\n<meta property=\"article:publisher\" content=\"https:\/\/www.facebook.com\/luggagehero\" \/>\n<meta property=\"article:modified_time\" content=\"2023-08-21T13:22:10+00:00\" \/>\n<meta property=\"og:image\" content=\"https:\/\/luggagehero.com\/wp-content\/uploads\/2017\/05\/luggagehero-luggage-storage-2.png\" \/>\n\t<meta property=\"og:image:width\" content=\"200\" \/>\n\t<meta property=\"og:image:height\" content=\"200\" \/>\n\t<meta property=\"og:image:type\" content=\"image\/png\" \/>\n<meta name=\"twitter:card\" content=\"summary_large_image\" \/>\n<meta name=\"twitter:site\" content=\"@luggagehero\" \/>\n<meta name=\"twitter:label1\" content=\"Est. reading time\" \/>\n\t<meta name=\"twitter:data1\" content=\"1 minute\" \/>\n<script type=\"application\/ld+json\" class=\"yoast-schema-graph\">{\"@context\":\"https:\/\/schema.org\",\"@graph\":[{\"@type\":\"WebPage\",\"@id\":\"https:\/\/luggagehero.com\/ru\/prague\/namesti-republiky\/\",\"url\":\"https:\/\/luggagehero.com\/ru\/prague\/namesti-republiky\/\",\"name\":\"N\u00e1m\u011bst\u00ed Republiky - LuggageHero\",\"isPartOf\":{\"@id\":\"https:\/\/luggagehero.com\/ru\/#website\"},\"datePublished\":\"2020-03-13T12:17:14+00:00\",\"dateModified\":\"2023-08-21T13:22:10+00:00\",\"description\":\"Drop off your luggage at any of LuggageHero sites near N\u00e1m\u011bst\u00ed Republiky and enjoy Prague. Luggage storage around Prague has never been easier!\",\"breadcrumb\":{\"@id\":\"https:\/\/luggagehero.com\/ru\/prague\/namesti-republiky\/#breadcrumb\"},\"inLanguage\":\"ru-RU\",\"potentialAction\":[{\"@type\":\"ReadAction\",\"target\":[\"https:\/\/luggagehero.com\/ru\/prague\/namesti-republiky\/\"]}]},{\"@type\":\"BreadcrumbList\",\"@id\":\"https:\/\/luggagehero.com\/ru\/prague\/namesti-republiky\/#breadcrumb\",\"itemListElement\":[{\"@type\":\"ListItem\",\"position\":1,\"name\":\"Home\",\"item\":\"https:\/\/luggagehero.com\/ru\/\"},{\"@type\":\"ListItem\",\"position\":2,\"name\":\"Prague\",\"item\":\"https:\/\/luggagehero.com\/ru\/prague\/\"},{\"@type\":\"ListItem\",\"position\":3,\"name\":\"N\u00e1m\u011bst\u00ed Republiky\"}]},{\"@type\":\"WebSite\",\"@id\":\"https:\/\/luggagehero.com\/ru\/#website\",\"url\":\"https:\/\/luggagehero.com\/ru\/\",\"name\":\"LuggageHero\",\"description\":\"Free yourself from luggage\",\"publisher\":{\"@id\":\"https:\/\/luggagehero.com\/ru\/#organization\"},\"potentialAction\":[{\"@type\":\"SearchAction\",\"target\":{\"@type\":\"EntryPoint\",\"urlTemplate\":\"https:\/\/luggagehero.com\/ru\/?s={search_term_string}\"},\"query-input\":{\"@type\":\"PropertyValueSpecification\",\"valueRequired\":true,\"valueName\":\"search_term_string\"}}],\"inLanguage\":\"ru-RU\"},{\"@type\":\"Organization\",\"@id\":\"https:\/\/luggagehero.com\/ru\/#organization\",\"name\":\"LuggageHero\",\"url\":\"https:\/\/luggagehero.com\/ru\/\",\"logo\":{\"@type\":\"ImageObject\",\"inLanguage\":\"ru-RU\",\"@id\":\"https:\/\/luggagehero.com\/ru\/#\/schema\/logo\/image\/\",\"url\":\"https:\/\/luggagehero.com\/wp-content\/uploads\/2017\/04\/luggagehero_LOGO-RGB_kort_POS_200x200.png\",\"contentUrl\":\"https:\/\/luggagehero.com\/wp-content\/uploads\/2017\/04\/luggagehero_LOGO-RGB_kort_POS_200x200.png\",\"width\":200,\"height\":200,\"caption\":\"LuggageHero\"},\"image\":{\"@id\":\"https:\/\/luggagehero.com\/ru\/#\/schema\/logo\/image\/\"},\"sameAs\":[\"https:\/\/www.facebook.com\/luggagehero\",\"https:\/\/x.com\/luggagehero\",\"https:\/\/www.instagram.com\/luggagehero\",\"https:\/\/www.linkedin.com\/company\/luggagehero\/\"]}]}<\/script>\n<!-- \/ Yoast SEO Premium plugin. -->","yoast_head_json":{"title":"N\u00e1m\u011bst\u00ed Republiky - LuggageHero","description":"Drop off your luggage at any of LuggageHero sites near N\u00e1m\u011bst\u00ed Republiky and enjoy Prague. Luggage storage around Prague has never been easier!","robots":{"index":"index","follow":"follow","max-snippet":"max-snippet:-1","max-image-preview":"max-image-preview:large","max-video-preview":"max-video-preview:-1"},"canonical":"https:\/\/luggagehero.com\/ru\/prague\/namesti-republiky\/","og_locale":"ru_RU","og_type":"article","og_title":"N\u00e1m\u011bst\u00ed Republiky","og_description":"Drop off your luggage at any of LuggageHero sites near N\u00e1m\u011bst\u00ed Republiky and enjoy Prague. Luggage storage around Prague has never been easier!","og_url":"https:\/\/luggagehero.com\/ru\/prague\/namesti-republiky\/","og_site_name":"LuggageHero","article_publisher":"https:\/\/www.facebook.com\/luggagehero","article_modified_time":"2023-08-21T13:22:10+00:00","og_image":[{"width":200,"height":200,"url":"https:\/\/luggagehero.com\/wp-content\/uploads\/2017\/05\/luggagehero-luggage-storage-2.png","type":"image\/png"}],"twitter_card":"summary_large_image","twitter_site":"@luggagehero","twitter_misc":{"Est. reading time":"1 minute"},"schema":{"@context":"https:\/\/schema.org","@graph":[{"@type":"WebPage","@id":"https:\/\/luggagehero.com\/ru\/prague\/namesti-republiky\/","url":"https:\/\/luggagehero.com\/ru\/prague\/namesti-republiky\/","name":"N\u00e1m\u011bst\u00ed Republiky - LuggageHero","isPartOf":{"@id":"https:\/\/luggagehero.com\/ru\/#website"},"datePublished":"2020-03-13T12:17:14+00:00","dateModified":"2023-08-21T13:22:10+00:00","description":"Drop off your luggage at any of LuggageHero sites near N\u00e1m\u011bst\u00ed Republiky and enjoy Prague. Luggage storage around Prague has never been easier!","breadcrumb":{"@id":"https:\/\/luggagehero.com\/ru\/prague\/namesti-republiky\/#breadcrumb"},"inLanguage":"ru-RU","potentialAction":[{"@type":"ReadAction","target":["https:\/\/luggagehero.com\/ru\/prague\/namesti-republiky\/"]}]},{"@type":"BreadcrumbList","@id":"https:\/\/luggagehero.com\/ru\/prague\/namesti-republiky\/#breadcrumb","itemListElement":[{"@type":"ListItem","position":1,"name":"Home","item":"https:\/\/luggagehero.com\/ru\/"},{"@type":"ListItem","position":2,"name":"Prague","item":"https:\/\/luggagehero.com\/ru\/prague\/"},{"@type":"ListItem","position":3,"name":"N\u00e1m\u011bst\u00ed Republiky"}]},{"@type":"WebSite","@id":"https:\/\/luggagehero.com\/ru\/#website","url":"https:\/\/luggagehero.com\/ru\/","name":"LuggageHero","description":"Free yourself from luggage","publisher":{"@id":"https:\/\/luggagehero.com\/ru\/#organization"},"potentialAction":[{"@type":"SearchAction","target":{"@type":"EntryPoint","urlTemplate":"https:\/\/luggagehero.com\/ru\/?s={search_term_string}"},"query-input":{"@type":"PropertyValueSpecification","valueRequired":true,"valueName":"search_term_string"}}],"inLanguage":"ru-RU"},{"@type":"Organization","@id":"https:\/\/luggagehero.com\/ru\/#organization","name":"LuggageHero","url":"https:\/\/luggagehero.com\/ru\/","logo":{"@type":"ImageObject","inLanguage":"ru-RU","@id":"https:\/\/luggagehero.com\/ru\/#\/schema\/logo\/image\/","url":"https:\/\/luggagehero.com\/wp-content\/uploads\/2017\/04\/luggagehero_LOGO-RGB_kort_POS_200x200.png","contentUrl":"https:\/\/luggagehero.com\/wp-content\/uploads\/2017\/04\/luggagehero_LOGO-RGB_kort_POS_200x200.png","width":200,"height":200,"caption":"LuggageHero"},"image":{"@id":"https:\/\/luggagehero.com\/ru\/#\/schema\/logo\/image\/"},"sameAs":["https:\/\/www.facebook.com\/luggagehero","https:\/\/x.com\/luggagehero","https:\/\/www.instagram.com\/luggagehero","https:\/\/www.linkedin.com\/company\/luggagehero\/"]}]}},"place_id":"","place_latitude_longitude":"50.0887, 14.4306","place_name":"N\u00e1m\u011bst\u00ed Republiky","criteria_title":"","criteria_description":"","meta_title":"","meta_description":"","children_criteria_title":"","children_criteria_description":"","children_meta_title":"","children_meta_description":"","_edit_last":"46","use_global_content":"","poi_type":"PublicTransit","content_raw":"<h2 style=\"text-align: center;\">N\u00e1m\u011bst\u00ed Republiky<\/h2>\r\nN\u00e1m\u011bst\u00ed Republiky is a metro station of line B in Prague 1 district. One of its exits leads you to the area of the Republic Square, and the second one to the <a href=\"https:\/\/luggagehero.com\/prague\/masarykovo-nadrazi\/\">Praha Masarykovo N\u00e1dra\u017e\u00ed. <\/a>The station was opened in 1985.\u00a0 N\u00e1m\u011bst\u00ed Republiky or the Republic Square in Prague is a square located on the edge of the Old Town and New Town. Around the square, you can see several significant buildings such as a beautiful Powder Tower, Municipal House right next to it, or the Czech National Bank. If you are not a big architecture fan, there is the Kotva Department Store or Palladium shopping mall.\r\n\r\nBesides the metro, you can also get to N\u00e1m\u011bst\u00ed Republiky by train, bus and light rail.\r\n\r\n&nbsp;\r\n\r\n<strong>Download our free luggage storage app:<\/strong>\r\n\r\nFor an even smoother luggage storage experience, download our LuggageHero app, where you can find all LugaggeHero sites near N\u00e1m\u011bst\u00ed Republiky and all the other locations in Prague that might come in handy, as well as other cities around the world.\r\n\r\n&nbsp;","_links":{"self":[{"href":"https:\/\/luggagehero.com\/ru\/wp-json\/wp\/v2\/pages\/18046","targetHints":{"allow":["GET"]}}],"collection":[{"href":"https:\/\/luggagehero.com\/ru\/wp-json\/wp\/v2\/pages"}],"about":[{"href":"https:\/\/luggagehero.com\/ru\/wp-json\/wp\/v2\/types\/page"}],"author":[{"embeddable":true,"href":"https:\/\/luggagehero.com\/ru\/wp-json\/wp\/v2\/users\/22"}],"replies":[{"embeddable":true,"href":"https:\/\/luggagehero.com\/ru\/wp-json\/wp\/v2\/comments?post=18046"}],"version-history":[{"count":0,"href":"https:\/\/luggagehero.com\/ru\/wp-json\/wp\/v2\/pages\/18046\/revisions"}],"up":[{"embeddable":true,"href":"https:\/\/luggagehero.com\/ru\/wp-json\/wp\/v2\/pages\/17847"}],"wp:attachment":[{"href":"https:\/\/luggagehero.com\/ru\/wp-json\/wp\/v2\/media?parent=18046"}],"curies":[{"name":"wp","href":"https:\/\/api.w.org\/{rel}","templated":true}]}}