{"id":5234,"date":"2019-03-13T10:06:24","date_gmt":"2019-03-13T10:06:24","guid":{"rendered":"https:\/\/luggagehero.com\/?page_id=5234"},"modified":"2021-12-08T13:01:56","modified_gmt":"2021-12-08T13:01:56","slug":"mendez-alvaro-bus-station","status":"publish","type":"page","link":"https:\/\/luggagehero.com\/ru\/madrid\/mendez-alvaro-bus-station\/","title":{"rendered":"Mendez Alvaro Bus Station"},"content":{"rendered":"<p>Are you looking for luggage storage at Mendez Alvaro Bus Station? You can store your bags with one of <strong>LuggageHero&#8217;s<\/strong> luggage storage locations just around Mendez Alvaro and explore <a href=\"https:\/\/luggagehero.com\/madrid\/\">Madrid<\/a> hassle-free.<\/p>\n<h3><strong>Download the LuggageHero app to find out more about luggage storage<\/strong><\/h3>\n\n<div class=\"block-app-downloader\">\n\t<ul class=\"app-images\">\n\t\t\t\t\t<li class=\"app-img\">\n\t\t\t\t<img decoding=\"async\" loading=\"lazy\" src=\"https:\/\/luggagehero.com\/wp-content\/uploads\/2020\/08\/app-1.png\" alt=\"App screenshot\">\n\t\t\t<\/li>\n\t\t\t\t\t<li class=\"app-img\">\n\t\t\t\t<img decoding=\"async\" loading=\"lazy\" src=\"https:\/\/luggagehero.com\/wp-content\/uploads\/2020\/08\/app-2.png\" alt=\"App screenshot\">\n\t\t\t<\/li>\n\t\t\t\t\t<li class=\"app-img\">\n\t\t\t\t<img decoding=\"async\" loading=\"lazy\" src=\"https:\/\/luggagehero.com\/wp-content\/uploads\/2020\/08\/app-3.png\" alt=\"App screenshot\">\n\t\t\t<\/li>\n\t\t\t\t\t<li class=\"app-img\">\n\t\t\t\t<img decoding=\"async\" loading=\"lazy\" src=\"https:\/\/luggagehero.com\/wp-content\/uploads\/2020\/08\/app-4.png\" alt=\"App screenshot\">\n\t\t\t<\/li>\n\t\t\t\t\t<li class=\"app-img\">\n\t\t\t\t<img decoding=\"async\" loading=\"lazy\" src=\"https:\/\/luggagehero.com\/wp-content\/uploads\/2020\/08\/app-5.png\" alt=\"App screenshot\">\n\t\t\t<\/li>\n\t\t\t<\/ul>\n\n\t<div class=\"apps-box\">\n\t\t<p> \u0418\u0441\u043f\u043e\u043b\u044c\u0437\u0443\u0439\u0442\u0435 LgageHero \u0433\u0434\u0435 \u0443\u0433\u043e\u0434\u043d\u043e \u0441 \u043e\u0444\u0438\u0446\u0438\u0430\u043b\u044c\u043d\u044b\u043c \u043f\u0440\u0438\u043b\u043e\u0436\u0435\u043d\u0438\u0435\u043c \u0434\u043b\u044f iPhone \u0438 Android<\/p>\n\t\t<a href=\"https:\/\/apps.apple.com\/us\/app\/luggagehero-luggage-storage\/id1481057935\" target=\"_blank\">\n\t\t\t<img decoding=\"async\" loading=\"lazy\" src=\"https:\/\/luggagehero.com\/wp-content\/uploads\/2020\/08\/badge-as.png\" alt=\"Download on the ios App Store\">\n\t\t<\/a>\n\n\t\t<a href=\"https:\/\/play.google.com\/store\/apps\/details?id=com.luggagehero.android\" target=\"_blank\">\n\t\t\t<img decoding=\"async\" loading=\"lazy\" src=\"https:\/\/luggagehero.com\/wp-content\/uploads\/2020\/08\/badge-gp.png\" alt=\"Get it on Google Play\">\n\t\t<\/a>\n\t<\/div>\n<\/div>\n<p>&nbsp;<\/p>\n<p>LuggageHero storage sites are certified hotels, cafes, and shops. Advance bookings ensure space for your bags. The address and directions to our partner shops are available at the time of booking. All bags are sealed off with our <a href=\"https:\/\/luggagehero.com\/about\/security-seal\/\">security seals<\/a>\u00a0<a href=\"https:\/\/luggagehero.com\/about\/insurance\/\">insuring<\/a> each piece of luggage up to <pricing-component type=\"insurancecoverage\"><\/pricing-component> once you have dropped off your bags and started our storage timer on your booking page.<\/p>\n<p><img loading=\"lazy\" decoding=\"async\" class=\"wp-image-5235 size-large aligncenter\" src=\"https:\/\/luggagehero.com\/wp-content\/uploads\/2019\/02\/EstacionMendezAlvaroMadrid_luggagestorage-800x534.jpg\" alt=\"Luggage storage Alvaro Mendez Station\" width=\"800\" height=\"534\" srcset=\"https:\/\/luggagehero.com\/wp-content\/uploads\/2019\/02\/EstacionMendezAlvaroMadrid_luggagestorage-800x534.jpg 800w, https:\/\/luggagehero.com\/wp-content\/uploads\/2019\/02\/EstacionMendezAlvaroMadrid_luggagestorage-300x200.jpg 300w, https:\/\/luggagehero.com\/wp-content\/uploads\/2019\/02\/EstacionMendezAlvaroMadrid_luggagestorage-600x400.jpg 600w, https:\/\/luggagehero.com\/wp-content\/uploads\/2019\/02\/EstacionMendezAlvaroMadrid_luggagestorage.jpg 1000w\" sizes=\"auto, (max-width: 800px) 100vw, 800px\" \/><\/p>\n<p>&nbsp;<\/p>\n<h2 style=\"text-align: center;\">Mendez Alvaro Bus Station<\/h2>\n<p>The main bus station in Madrid, Mendez Alvaro Station, also known as Estaci\u00f3n Sur, is the busiest bus station in all of Madrid. It is located within the enormous &#8220;Intercambio&#8221; or interchange Station called Mendez \u00c1lvaro. The M\u00e9ndez \u00c0lvaro also contains a metro and train station. Getting to Estaci\u00f3n Sur is easy. You can take the Metro to M\u00e9ndez \u00c0lvaro station or one of the Cercanias trains from <a href=\"https:\/\/luggagehero.com\/madrid\/chamartin-train-station\/\">Chamartin<\/a> or <a href=\"https:\/\/luggagehero.com\/madrid\/atocha-train-station\/\">Atocha Station<\/a>.<\/p>\n<p>Close to Estaci\u00f3n Sur de Autobuses you&#8217;ll find Parque Tierne Galv\u00e1n which houses La Planetario de Madrid, a place well worth a visit for the sheer spectacle it presents.<\/p>\n<p>Estaci\u00f3n Sur also serves international routes. These include Algarve and <a href=\"https:\/\/luggagehero.com\/lisbon\/\">Lisbon<\/a> in Portugal, <a href=\"https:\/\/luggagehero.com\/paris\/\">Paris<\/a> in France, and <a href=\"https:\/\/luggagehero.com\/venice\/\">Venice<\/a> in Italy.<\/p>\n<p>&nbsp;<\/p>\n","protected":false},"excerpt":{"rendered":"<p>Are you looking for luggage storage at Mendez Alvaro Bus Station? You can store your bags with one of LuggageHero&#8217;s luggage storage locations just around Mendez Alvaro and explore Madrid hassle-free. Download the LuggageHero app to find out more about luggage storage &nbsp; LuggageHero storage sites are certified hotels, cafes, and shops. Advance bookings ensure [&hellip;]<\/p>\n","protected":false},"author":9,"featured_media":5235,"parent":5143,"menu_order":0,"comment_status":"closed","ping_status":"closed","template":"template-location.php","meta":{"_acf_changed":false,"footnotes":""},"class_list":["post-5234","page","type-page","status-publish","has-post-thumbnail","hentry"],"acf":[],"yoast_head":"<!-- This site is optimized with the Yoast SEO Premium plugin v27.0 (Yoast SEO v27.0) - https:\/\/yoast.com\/product\/yoast-seo-premium-wordpress\/ -->\n<title>Mendez Alvaro Bus Station - LuggageHero<\/title>\n<meta name=\"robots\" content=\"index, follow, max-snippet:-1, max-image-preview:large, max-video-preview:-1\" \/>\n<link rel=\"canonical\" href=\"https:\/\/luggagehero.com\/ru\/madrid\/mendez-alvaro-bus-station\/\" \/>\n<meta property=\"og:locale\" content=\"ru_RU\" \/>\n<meta property=\"og:type\" content=\"article\" \/>\n<meta property=\"og:title\" content=\"Mendez Alvaro Bus Station\" \/>\n<meta property=\"og:description\" content=\"Are you looking for luggage storage at Mendez Alvaro Bus Station? You can store your bags with one of LuggageHero&#8217;s luggage storage locations just around Mendez Alvaro and explore Madrid hassle-free. Download the LuggageHero app to find out more about luggage storage &nbsp; LuggageHero storage sites are certified hotels, cafes, and shops. Advance bookings ensure [&hellip;]\" \/>\n<meta property=\"og:url\" content=\"https:\/\/luggagehero.com\/ru\/madrid\/mendez-alvaro-bus-station\/\" \/>\n<meta property=\"og:site_name\" content=\"LuggageHero\" \/>\n<meta property=\"article:publisher\" content=\"https:\/\/www.facebook.com\/luggagehero\" \/>\n<meta property=\"article:modified_time\" content=\"2021-12-08T13:01:56+00:00\" \/>\n<meta property=\"og:image\" content=\"https:\/\/luggagehero.com\/wp-content\/uploads\/2019\/02\/EstacionMendezAlvaroMadrid_luggagestorage.jpg\" \/>\n\t<meta property=\"og:image:width\" content=\"1000\" \/>\n\t<meta property=\"og:image:height\" content=\"667\" \/>\n\t<meta property=\"og:image:type\" content=\"image\/jpeg\" \/>\n<meta name=\"twitter:card\" content=\"summary_large_image\" \/>\n<meta name=\"twitter:site\" content=\"@luggagehero\" \/>\n<meta name=\"twitter:label1\" content=\"Est. reading time\" \/>\n\t<meta name=\"twitter:data1\" content=\"2 minutes\" \/>\n<script type=\"application\/ld+json\" class=\"yoast-schema-graph\">{\"@context\":\"https:\/\/schema.org\",\"@graph\":[{\"@type\":\"WebPage\",\"@id\":\"https:\/\/luggagehero.com\/ru\/madrid\/mendez-alvaro-bus-station\/\",\"url\":\"https:\/\/luggagehero.com\/ru\/madrid\/mendez-alvaro-bus-station\/\",\"name\":\"Mendez Alvaro Bus Station - LuggageHero\",\"isPartOf\":{\"@id\":\"https:\/\/luggagehero.com\/ru\/#website\"},\"primaryImageOfPage\":{\"@id\":\"https:\/\/luggagehero.com\/ru\/madrid\/mendez-alvaro-bus-station\/#primaryimage\"},\"image\":{\"@id\":\"https:\/\/luggagehero.com\/ru\/madrid\/mendez-alvaro-bus-station\/#primaryimage\"},\"thumbnailUrl\":\"https:\/\/luggagehero.com\/wp-content\/uploads\/2019\/02\/EstacionMendezAlvaroMadrid_luggagestorage.jpg\",\"datePublished\":\"2019-03-13T10:06:24+00:00\",\"dateModified\":\"2021-12-08T13:01:56+00:00\",\"breadcrumb\":{\"@id\":\"https:\/\/luggagehero.com\/ru\/madrid\/mendez-alvaro-bus-station\/#breadcrumb\"},\"inLanguage\":\"ru-RU\",\"potentialAction\":[{\"@type\":\"ReadAction\",\"target\":[\"https:\/\/luggagehero.com\/ru\/madrid\/mendez-alvaro-bus-station\/\"]}]},{\"@type\":\"ImageObject\",\"inLanguage\":\"ru-RU\",\"@id\":\"https:\/\/luggagehero.com\/ru\/madrid\/mendez-alvaro-bus-station\/#primaryimage\",\"url\":\"https:\/\/luggagehero.com\/wp-content\/uploads\/2019\/02\/EstacionMendezAlvaroMadrid_luggagestorage.jpg\",\"contentUrl\":\"https:\/\/luggagehero.com\/wp-content\/uploads\/2019\/02\/EstacionMendezAlvaroMadrid_luggagestorage.jpg\",\"width\":1000,\"height\":667,\"caption\":\"Luggage storage Alvaro Mendez Station\"},{\"@type\":\"BreadcrumbList\",\"@id\":\"https:\/\/luggagehero.com\/ru\/madrid\/mendez-alvaro-bus-station\/#breadcrumb\",\"itemListElement\":[{\"@type\":\"ListItem\",\"position\":1,\"name\":\"Home\",\"item\":\"https:\/\/luggagehero.com\/ru\/\"},{\"@type\":\"ListItem\",\"position\":2,\"name\":\"Madrid\",\"item\":\"https:\/\/luggagehero.com\/ru\/madrid\/\"},{\"@type\":\"ListItem\",\"position\":3,\"name\":\"Mendez Alvaro Bus Station\"}]},{\"@type\":\"WebSite\",\"@id\":\"https:\/\/luggagehero.com\/ru\/#website\",\"url\":\"https:\/\/luggagehero.com\/ru\/\",\"name\":\"LuggageHero\",\"description\":\"Free yourself from luggage\",\"publisher\":{\"@id\":\"https:\/\/luggagehero.com\/ru\/#organization\"},\"potentialAction\":[{\"@type\":\"SearchAction\",\"target\":{\"@type\":\"EntryPoint\",\"urlTemplate\":\"https:\/\/luggagehero.com\/ru\/?s={search_term_string}\"},\"query-input\":{\"@type\":\"PropertyValueSpecification\",\"valueRequired\":true,\"valueName\":\"search_term_string\"}}],\"inLanguage\":\"ru-RU\"},{\"@type\":\"Organization\",\"@id\":\"https:\/\/luggagehero.com\/ru\/#organization\",\"name\":\"LuggageHero\",\"url\":\"https:\/\/luggagehero.com\/ru\/\",\"logo\":{\"@type\":\"ImageObject\",\"inLanguage\":\"ru-RU\",\"@id\":\"https:\/\/luggagehero.com\/ru\/#\/schema\/logo\/image\/\",\"url\":\"https:\/\/luggagehero.com\/wp-content\/uploads\/2017\/04\/luggagehero_LOGO-RGB_kort_POS_200x200.png\",\"contentUrl\":\"https:\/\/luggagehero.com\/wp-content\/uploads\/2017\/04\/luggagehero_LOGO-RGB_kort_POS_200x200.png\",\"width\":200,\"height\":200,\"caption\":\"LuggageHero\"},\"image\":{\"@id\":\"https:\/\/luggagehero.com\/ru\/#\/schema\/logo\/image\/\"},\"sameAs\":[\"https:\/\/www.facebook.com\/luggagehero\",\"https:\/\/x.com\/luggagehero\",\"https:\/\/www.instagram.com\/luggagehero\",\"https:\/\/www.linkedin.com\/company\/luggagehero\/\"]}]}<\/script>\n<!-- \/ Yoast SEO Premium plugin. -->","yoast_head_json":{"title":"Mendez Alvaro Bus Station - LuggageHero","robots":{"index":"index","follow":"follow","max-snippet":"max-snippet:-1","max-image-preview":"max-image-preview:large","max-video-preview":"max-video-preview:-1"},"canonical":"https:\/\/luggagehero.com\/ru\/madrid\/mendez-alvaro-bus-station\/","og_locale":"ru_RU","og_type":"article","og_title":"Mendez Alvaro Bus Station","og_description":"Are you looking for luggage storage at Mendez Alvaro Bus Station? You can store your bags with one of LuggageHero&#8217;s luggage storage locations just around Mendez Alvaro and explore Madrid hassle-free. Download the LuggageHero app to find out more about luggage storage &nbsp; LuggageHero storage sites are certified hotels, cafes, and shops. Advance bookings ensure [&hellip;]","og_url":"https:\/\/luggagehero.com\/ru\/madrid\/mendez-alvaro-bus-station\/","og_site_name":"LuggageHero","article_publisher":"https:\/\/www.facebook.com\/luggagehero","article_modified_time":"2021-12-08T13:01:56+00:00","og_image":[{"width":1000,"height":667,"url":"https:\/\/luggagehero.com\/wp-content\/uploads\/2019\/02\/EstacionMendezAlvaroMadrid_luggagestorage.jpg","type":"image\/jpeg"}],"twitter_card":"summary_large_image","twitter_site":"@luggagehero","twitter_misc":{"Est. reading time":"2 minutes"},"schema":{"@context":"https:\/\/schema.org","@graph":[{"@type":"WebPage","@id":"https:\/\/luggagehero.com\/ru\/madrid\/mendez-alvaro-bus-station\/","url":"https:\/\/luggagehero.com\/ru\/madrid\/mendez-alvaro-bus-station\/","name":"Mendez Alvaro Bus Station - LuggageHero","isPartOf":{"@id":"https:\/\/luggagehero.com\/ru\/#website"},"primaryImageOfPage":{"@id":"https:\/\/luggagehero.com\/ru\/madrid\/mendez-alvaro-bus-station\/#primaryimage"},"image":{"@id":"https:\/\/luggagehero.com\/ru\/madrid\/mendez-alvaro-bus-station\/#primaryimage"},"thumbnailUrl":"https:\/\/luggagehero.com\/wp-content\/uploads\/2019\/02\/EstacionMendezAlvaroMadrid_luggagestorage.jpg","datePublished":"2019-03-13T10:06:24+00:00","dateModified":"2021-12-08T13:01:56+00:00","breadcrumb":{"@id":"https:\/\/luggagehero.com\/ru\/madrid\/mendez-alvaro-bus-station\/#breadcrumb"},"inLanguage":"ru-RU","potentialAction":[{"@type":"ReadAction","target":["https:\/\/luggagehero.com\/ru\/madrid\/mendez-alvaro-bus-station\/"]}]},{"@type":"ImageObject","inLanguage":"ru-RU","@id":"https:\/\/luggagehero.com\/ru\/madrid\/mendez-alvaro-bus-station\/#primaryimage","url":"https:\/\/luggagehero.com\/wp-content\/uploads\/2019\/02\/EstacionMendezAlvaroMadrid_luggagestorage.jpg","contentUrl":"https:\/\/luggagehero.com\/wp-content\/uploads\/2019\/02\/EstacionMendezAlvaroMadrid_luggagestorage.jpg","width":1000,"height":667,"caption":"Luggage storage Alvaro Mendez Station"},{"@type":"BreadcrumbList","@id":"https:\/\/luggagehero.com\/ru\/madrid\/mendez-alvaro-bus-station\/#breadcrumb","itemListElement":[{"@type":"ListItem","position":1,"name":"Home","item":"https:\/\/luggagehero.com\/ru\/"},{"@type":"ListItem","position":2,"name":"Madrid","item":"https:\/\/luggagehero.com\/ru\/madrid\/"},{"@type":"ListItem","position":3,"name":"Mendez Alvaro Bus Station"}]},{"@type":"WebSite","@id":"https:\/\/luggagehero.com\/ru\/#website","url":"https:\/\/luggagehero.com\/ru\/","name":"LuggageHero","description":"Free yourself from luggage","publisher":{"@id":"https:\/\/luggagehero.com\/ru\/#organization"},"potentialAction":[{"@type":"SearchAction","target":{"@type":"EntryPoint","urlTemplate":"https:\/\/luggagehero.com\/ru\/?s={search_term_string}"},"query-input":{"@type":"PropertyValueSpecification","valueRequired":true,"valueName":"search_term_string"}}],"inLanguage":"ru-RU"},{"@type":"Organization","@id":"https:\/\/luggagehero.com\/ru\/#organization","name":"LuggageHero","url":"https:\/\/luggagehero.com\/ru\/","logo":{"@type":"ImageObject","inLanguage":"ru-RU","@id":"https:\/\/luggagehero.com\/ru\/#\/schema\/logo\/image\/","url":"https:\/\/luggagehero.com\/wp-content\/uploads\/2017\/04\/luggagehero_LOGO-RGB_kort_POS_200x200.png","contentUrl":"https:\/\/luggagehero.com\/wp-content\/uploads\/2017\/04\/luggagehero_LOGO-RGB_kort_POS_200x200.png","width":200,"height":200,"caption":"LuggageHero"},"image":{"@id":"https:\/\/luggagehero.com\/ru\/#\/schema\/logo\/image\/"},"sameAs":["https:\/\/www.facebook.com\/luggagehero","https:\/\/x.com\/luggagehero","https:\/\/www.instagram.com\/luggagehero","https:\/\/www.linkedin.com\/company\/luggagehero\/"]}]}},"place_id":"","place_latitude_longitude":"40.3957,-3.6778","place_name":"M\u00e9ndez Alvaro","criteria_title":"","criteria_description":"","meta_title":"","meta_description":"","children_criteria_title":"","children_criteria_description":"","children_meta_title":"","children_meta_description":"","_edit_last":"47","use_global_content":"","poi_type":"","content_raw":"Are you looking for luggage storage at Mendez Alvaro Bus Station? You can store your bags with one of <strong>LuggageHero's<\/strong> luggage storage locations just around Mendez Alvaro and explore <a href=\"https:\/\/luggagehero.com\/madrid\/\">Madrid<\/a> hassle-free.\r\n<h3><strong>Download the LuggageHero app to find out more about luggage storage<\/strong><\/h3>\r\n[appdownloader]\r\n\r\n&nbsp;\r\n\r\nLuggageHero storage sites are certified hotels, cafes, and shops. Advance bookings ensure space for your bags. The address and directions to our partner shops are available at the time of booking. All bags are sealed off with our <a href=\"https:\/\/luggagehero.com\/about\/security-seal\/\">security seals<\/a>\u00a0<a href=\"https:\/\/luggagehero.com\/about\/insurance\/\">insuring<\/a> each piece of luggage up to [pricing insurancecoverage] once you have dropped off your bags and started our storage timer on your booking page.\r\n\r\n<img class=\"wp-image-5235 size-large aligncenter\" src=\"https:\/\/luggagehero.com\/wp-content\/uploads\/2019\/02\/EstacionMendezAlvaroMadrid_luggagestorage-800x534.jpg\" alt=\"Luggage storage Alvaro Mendez Station\" width=\"800\" height=\"534\" \/>\r\n\r\n&nbsp;\r\n<h2 style=\"text-align: center;\">Mendez Alvaro Bus Station<\/h2>\r\nThe main bus station in Madrid, Mendez Alvaro Station, also known as Estaci\u00f3n Sur, is the busiest bus station in all of Madrid. It is located within the enormous \"Intercambio\" or interchange Station called Mendez \u00c1lvaro. The M\u00e9ndez \u00c0lvaro also contains a metro and train station. Getting to Estaci\u00f3n Sur is easy. You can take the Metro to M\u00e9ndez \u00c0lvaro station or one of the Cercanias trains from <a href=\"https:\/\/luggagehero.com\/madrid\/chamartin-train-station\/\">Chamartin<\/a> or <a href=\"https:\/\/luggagehero.com\/madrid\/atocha-train-station\/\">Atocha Station<\/a>.\r\n\r\nClose to Estaci\u00f3n Sur de Autobuses you'll find Parque Tierne Galv\u00e1n which houses La Planetario de Madrid, a place well worth a visit for the sheer spectacle it presents.\r\n\r\nEstaci\u00f3n Sur also serves international routes. These include Algarve and <a href=\"https:\/\/luggagehero.com\/lisbon\/\">Lisbon<\/a> in Portugal, <a href=\"https:\/\/luggagehero.com\/paris\/\">Paris<\/a> in France, and <a href=\"https:\/\/luggagehero.com\/venice\/\">Venice<\/a> in Italy.\r\n\r\n&nbsp;","_links":{"self":[{"href":"https:\/\/luggagehero.com\/ru\/wp-json\/wp\/v2\/pages\/5234","targetHints":{"allow":["GET"]}}],"collection":[{"href":"https:\/\/luggagehero.com\/ru\/wp-json\/wp\/v2\/pages"}],"about":[{"href":"https:\/\/luggagehero.com\/ru\/wp-json\/wp\/v2\/types\/page"}],"author":[{"embeddable":true,"href":"https:\/\/luggagehero.com\/ru\/wp-json\/wp\/v2\/users\/9"}],"replies":[{"embeddable":true,"href":"https:\/\/luggagehero.com\/ru\/wp-json\/wp\/v2\/comments?post=5234"}],"version-history":[{"count":0,"href":"https:\/\/luggagehero.com\/ru\/wp-json\/wp\/v2\/pages\/5234\/revisions"}],"up":[{"embeddable":true,"href":"https:\/\/luggagehero.com\/ru\/wp-json\/wp\/v2\/pages\/5143"}],"wp:featuredmedia":[{"embeddable":true,"href":"https:\/\/luggagehero.com\/ru\/wp-json\/wp\/v2\/media\/5235"}],"wp:attachment":[{"href":"https:\/\/luggagehero.com\/ru\/wp-json\/wp\/v2\/media?parent=5234"}],"curies":[{"name":"wp","href":"https:\/\/api.w.org\/{rel}","templated":true}]}}