{"id":5906,"date":"2019-04-23T20:06:34","date_gmt":"2019-04-23T20:06:34","guid":{"rendered":"https:\/\/luggagehero.com\/?page_id=5906"},"modified":"2023-09-04T08:34:36","modified_gmt":"2023-09-04T08:34:36","slug":"beaudry","status":"publish","type":"page","link":"https:\/\/luggagehero.com\/ru\/montreal\/beaudry\/","title":{"rendered":"Beaudry"},"content":{"rendered":"<p>If you are looking for luggage storage near Beaudry Metro Station in <a href=\"https:\/\/luggagehero.com\/montreal\/\">Montreal<\/a>, look no further! You can store your bags with one of our luggage storage locations nearby and explore <a href=\"https:\/\/luggagehero.com\/montreal\/\">Montreal<\/a> hassle-free.<\/p>\n<p>LuggageHero storage sites are\u00a0<a href=\"https:\/\/luggagehero.com\/about\/certified-shops\/\">certified<\/a>\u00a0hotels, cafes, and shops. Advance bookings ensure space for your bags. The address and directions to our partner shops are available at the time of booking.\u00a0All bags are sealed off with our\u00a0<a href=\"https:\/\/luggagehero.com\/about\/security-seal\/\">security seals<\/a>\u00a0ensuring each piece of luggage up to once you have dropped off your bags and started our storage timer on your booking page.<\/p>\n<p><img loading=\"lazy\" decoding=\"async\" class=\"aligncenter wp-image-5897 size-full\" src=\"https:\/\/luggagehero.com\/wp-content\/uploads\/2019\/03\/shutterstock_552885901.jpg\" sizes=\"auto, (max-width: 1000px) 100vw, 1000px\" srcset=\"https:\/\/luggagehero.com\/wp-content\/uploads\/2019\/03\/shutterstock_552885901.jpg 1000w, https:\/\/luggagehero.com\/wp-content\/uploads\/2019\/03\/shutterstock_552885901-300x116.jpg 300w, https:\/\/luggagehero.com\/wp-content\/uploads\/2019\/03\/shutterstock_552885901-600x233.jpg 600w, https:\/\/luggagehero.com\/wp-content\/uploads\/2019\/03\/shutterstock_552885901-800x310.jpg 800w\" alt=\"Store your bags with LuggageHero and explore Montreal hassle-free\" width=\"1000\" height=\"388\" \/><\/p>\n<h2 style=\"text-align: center;\">Beaudry station<\/h2>\n<p>The colorful subway station Beaudry, located in the borough of Ville-Marie, in Montreal, is operated by the Soci\u00e9t\u00e9 de transport de Montr\u00e9al (STM) and serves the Green Line and it is the only one of its kind in the Metro, traversing the distance between De Maisonneuve Boulevard and Saint Catherine Street, on which it\u2019s entrance is located.<\/p>\n<p>With many nearby points of interest, such as Saint-Pierre-Ap\u00f4tre Church, Sky Complex, Parc de l\u2019Espoir and a variety of cafes, bars and clubs located in the area, storing your luggage safely and with a free security seal provided will definitely make your tour around a lot easier and much more fun.<\/p>\n","protected":false},"excerpt":{"rendered":"<p>If you are looking for luggage storage near Beaudry Metro Station in Montreal, look no further! You can store your bags with one of our luggage storage locations nearby and explore Montreal hassle-free. LuggageHero storage sites are\u00a0certified\u00a0hotels, cafes, and shops. Advance bookings ensure space for your bags. The address and directions to our partner shops [&hellip;]<\/p>\n","protected":false},"author":9,"featured_media":0,"parent":5895,"menu_order":0,"comment_status":"closed","ping_status":"closed","template":"template-location.php","meta":{"_acf_changed":false,"footnotes":""},"class_list":["post-5906","page","type-page","status-publish","hentry"],"acf":[],"yoast_head":"<!-- This site is optimized with the Yoast SEO Premium plugin v27.0 (Yoast SEO v27.0) - https:\/\/yoast.com\/product\/yoast-seo-premium-wordpress\/ -->\n<title>Beaudry - LuggageHero<\/title>\n<meta name=\"robots\" content=\"index, follow, max-snippet:-1, max-image-preview:large, max-video-preview:-1\" \/>\n<link rel=\"canonical\" href=\"https:\/\/luggagehero.com\/ru\/montreal\/beaudry\/\" \/>\n<meta property=\"og:locale\" content=\"ru_RU\" \/>\n<meta property=\"og:type\" content=\"article\" \/>\n<meta property=\"og:title\" content=\"Beaudry\" \/>\n<meta property=\"og:description\" content=\"If you are looking for luggage storage near Beaudry Metro Station in Montreal, look no further! You can store your bags with one of our luggage storage locations nearby and explore Montreal hassle-free. LuggageHero storage sites are\u00a0certified\u00a0hotels, cafes, and shops. Advance bookings ensure space for your bags. The address and directions to our partner shops [&hellip;]\" \/>\n<meta property=\"og:url\" content=\"https:\/\/luggagehero.com\/ru\/montreal\/beaudry\/\" \/>\n<meta property=\"og:site_name\" content=\"LuggageHero\" \/>\n<meta property=\"article:publisher\" content=\"https:\/\/www.facebook.com\/luggagehero\" \/>\n<meta property=\"article:modified_time\" content=\"2023-09-04T08:34:36+00:00\" \/>\n<meta property=\"og:image\" content=\"https:\/\/luggagehero.com\/wp-content\/uploads\/2019\/03\/shutterstock_552885901.jpg\" \/>\n<meta name=\"twitter:card\" content=\"summary_large_image\" \/>\n<meta name=\"twitter:site\" content=\"@luggagehero\" \/>\n<meta name=\"twitter:label1\" content=\"Est. reading time\" \/>\n\t<meta name=\"twitter:data1\" content=\"2 minutes\" \/>\n<script type=\"application\/ld+json\" class=\"yoast-schema-graph\">{\"@context\":\"https:\/\/schema.org\",\"@graph\":[{\"@type\":\"WebPage\",\"@id\":\"https:\/\/luggagehero.com\/ru\/montreal\/beaudry\/\",\"url\":\"https:\/\/luggagehero.com\/ru\/montreal\/beaudry\/\",\"name\":\"Beaudry - LuggageHero\",\"isPartOf\":{\"@id\":\"https:\/\/luggagehero.com\/ru\/#website\"},\"primaryImageOfPage\":{\"@id\":\"https:\/\/luggagehero.com\/ru\/montreal\/beaudry\/#primaryimage\"},\"image\":{\"@id\":\"https:\/\/luggagehero.com\/ru\/montreal\/beaudry\/#primaryimage\"},\"thumbnailUrl\":\"https:\/\/luggagehero.com\/wp-content\/uploads\/2019\/03\/shutterstock_552885901.jpg\",\"datePublished\":\"2019-04-23T20:06:34+00:00\",\"dateModified\":\"2023-09-04T08:34:36+00:00\",\"breadcrumb\":{\"@id\":\"https:\/\/luggagehero.com\/ru\/montreal\/beaudry\/#breadcrumb\"},\"inLanguage\":\"ru-RU\",\"potentialAction\":[{\"@type\":\"ReadAction\",\"target\":[\"https:\/\/luggagehero.com\/ru\/montreal\/beaudry\/\"]}]},{\"@type\":\"ImageObject\",\"inLanguage\":\"ru-RU\",\"@id\":\"https:\/\/luggagehero.com\/ru\/montreal\/beaudry\/#primaryimage\",\"url\":\"https:\/\/luggagehero.com\/wp-content\/uploads\/2019\/03\/shutterstock_552885901.jpg\",\"contentUrl\":\"https:\/\/luggagehero.com\/wp-content\/uploads\/2019\/03\/shutterstock_552885901.jpg\"},{\"@type\":\"BreadcrumbList\",\"@id\":\"https:\/\/luggagehero.com\/ru\/montreal\/beaudry\/#breadcrumb\",\"itemListElement\":[{\"@type\":\"ListItem\",\"position\":1,\"name\":\"Home\",\"item\":\"https:\/\/luggagehero.com\/ru\/\"},{\"@type\":\"ListItem\",\"position\":2,\"name\":\"Montreal\",\"item\":\"https:\/\/luggagehero.com\/ru\/montreal\/\"},{\"@type\":\"ListItem\",\"position\":3,\"name\":\"Beaudry\"}]},{\"@type\":\"WebSite\",\"@id\":\"https:\/\/luggagehero.com\/ru\/#website\",\"url\":\"https:\/\/luggagehero.com\/ru\/\",\"name\":\"LuggageHero\",\"description\":\"Free yourself from luggage\",\"publisher\":{\"@id\":\"https:\/\/luggagehero.com\/ru\/#organization\"},\"potentialAction\":[{\"@type\":\"SearchAction\",\"target\":{\"@type\":\"EntryPoint\",\"urlTemplate\":\"https:\/\/luggagehero.com\/ru\/?s={search_term_string}\"},\"query-input\":{\"@type\":\"PropertyValueSpecification\",\"valueRequired\":true,\"valueName\":\"search_term_string\"}}],\"inLanguage\":\"ru-RU\"},{\"@type\":\"Organization\",\"@id\":\"https:\/\/luggagehero.com\/ru\/#organization\",\"name\":\"LuggageHero\",\"url\":\"https:\/\/luggagehero.com\/ru\/\",\"logo\":{\"@type\":\"ImageObject\",\"inLanguage\":\"ru-RU\",\"@id\":\"https:\/\/luggagehero.com\/ru\/#\/schema\/logo\/image\/\",\"url\":\"https:\/\/luggagehero.com\/wp-content\/uploads\/2017\/04\/luggagehero_LOGO-RGB_kort_POS_200x200.png\",\"contentUrl\":\"https:\/\/luggagehero.com\/wp-content\/uploads\/2017\/04\/luggagehero_LOGO-RGB_kort_POS_200x200.png\",\"width\":200,\"height\":200,\"caption\":\"LuggageHero\"},\"image\":{\"@id\":\"https:\/\/luggagehero.com\/ru\/#\/schema\/logo\/image\/\"},\"sameAs\":[\"https:\/\/www.facebook.com\/luggagehero\",\"https:\/\/x.com\/luggagehero\",\"https:\/\/www.instagram.com\/luggagehero\",\"https:\/\/www.linkedin.com\/company\/luggagehero\/\"]}]}<\/script>\n<!-- \/ Yoast SEO Premium plugin. -->","yoast_head_json":{"title":"Beaudry - LuggageHero","robots":{"index":"index","follow":"follow","max-snippet":"max-snippet:-1","max-image-preview":"max-image-preview:large","max-video-preview":"max-video-preview:-1"},"canonical":"https:\/\/luggagehero.com\/ru\/montreal\/beaudry\/","og_locale":"ru_RU","og_type":"article","og_title":"Beaudry","og_description":"If you are looking for luggage storage near Beaudry Metro Station in Montreal, look no further! You can store your bags with one of our luggage storage locations nearby and explore Montreal hassle-free. LuggageHero storage sites are\u00a0certified\u00a0hotels, cafes, and shops. Advance bookings ensure space for your bags. The address and directions to our partner shops [&hellip;]","og_url":"https:\/\/luggagehero.com\/ru\/montreal\/beaudry\/","og_site_name":"LuggageHero","article_publisher":"https:\/\/www.facebook.com\/luggagehero","article_modified_time":"2023-09-04T08:34:36+00:00","og_image":[{"url":"https:\/\/luggagehero.com\/wp-content\/uploads\/2019\/03\/shutterstock_552885901.jpg","type":"","width":"","height":""}],"twitter_card":"summary_large_image","twitter_site":"@luggagehero","twitter_misc":{"Est. reading time":"2 minutes"},"schema":{"@context":"https:\/\/schema.org","@graph":[{"@type":"WebPage","@id":"https:\/\/luggagehero.com\/ru\/montreal\/beaudry\/","url":"https:\/\/luggagehero.com\/ru\/montreal\/beaudry\/","name":"Beaudry - LuggageHero","isPartOf":{"@id":"https:\/\/luggagehero.com\/ru\/#website"},"primaryImageOfPage":{"@id":"https:\/\/luggagehero.com\/ru\/montreal\/beaudry\/#primaryimage"},"image":{"@id":"https:\/\/luggagehero.com\/ru\/montreal\/beaudry\/#primaryimage"},"thumbnailUrl":"https:\/\/luggagehero.com\/wp-content\/uploads\/2019\/03\/shutterstock_552885901.jpg","datePublished":"2019-04-23T20:06:34+00:00","dateModified":"2023-09-04T08:34:36+00:00","breadcrumb":{"@id":"https:\/\/luggagehero.com\/ru\/montreal\/beaudry\/#breadcrumb"},"inLanguage":"ru-RU","potentialAction":[{"@type":"ReadAction","target":["https:\/\/luggagehero.com\/ru\/montreal\/beaudry\/"]}]},{"@type":"ImageObject","inLanguage":"ru-RU","@id":"https:\/\/luggagehero.com\/ru\/montreal\/beaudry\/#primaryimage","url":"https:\/\/luggagehero.com\/wp-content\/uploads\/2019\/03\/shutterstock_552885901.jpg","contentUrl":"https:\/\/luggagehero.com\/wp-content\/uploads\/2019\/03\/shutterstock_552885901.jpg"},{"@type":"BreadcrumbList","@id":"https:\/\/luggagehero.com\/ru\/montreal\/beaudry\/#breadcrumb","itemListElement":[{"@type":"ListItem","position":1,"name":"Home","item":"https:\/\/luggagehero.com\/ru\/"},{"@type":"ListItem","position":2,"name":"Montreal","item":"https:\/\/luggagehero.com\/ru\/montreal\/"},{"@type":"ListItem","position":3,"name":"Beaudry"}]},{"@type":"WebSite","@id":"https:\/\/luggagehero.com\/ru\/#website","url":"https:\/\/luggagehero.com\/ru\/","name":"LuggageHero","description":"Free yourself from luggage","publisher":{"@id":"https:\/\/luggagehero.com\/ru\/#organization"},"potentialAction":[{"@type":"SearchAction","target":{"@type":"EntryPoint","urlTemplate":"https:\/\/luggagehero.com\/ru\/?s={search_term_string}"},"query-input":{"@type":"PropertyValueSpecification","valueRequired":true,"valueName":"search_term_string"}}],"inLanguage":"ru-RU"},{"@type":"Organization","@id":"https:\/\/luggagehero.com\/ru\/#organization","name":"LuggageHero","url":"https:\/\/luggagehero.com\/ru\/","logo":{"@type":"ImageObject","inLanguage":"ru-RU","@id":"https:\/\/luggagehero.com\/ru\/#\/schema\/logo\/image\/","url":"https:\/\/luggagehero.com\/wp-content\/uploads\/2017\/04\/luggagehero_LOGO-RGB_kort_POS_200x200.png","contentUrl":"https:\/\/luggagehero.com\/wp-content\/uploads\/2017\/04\/luggagehero_LOGO-RGB_kort_POS_200x200.png","width":200,"height":200,"caption":"LuggageHero"},"image":{"@id":"https:\/\/luggagehero.com\/ru\/#\/schema\/logo\/image\/"},"sameAs":["https:\/\/www.facebook.com\/luggagehero","https:\/\/x.com\/luggagehero","https:\/\/www.instagram.com\/luggagehero","https:\/\/www.linkedin.com\/company\/luggagehero\/"]}]}},"place_id":"","place_latitude_longitude":"45.51882142422299, -73.55581854272022","place_name":"Beaudry","criteria_title":"","criteria_description":"","meta_title":"","meta_description":"","children_criteria_title":"","children_criteria_description":"","children_meta_title":"","children_meta_description":"","_edit_last":"9","use_global_content":"","poi_type":"PublicTransit","content_raw":"If you are looking for luggage storage near Beaudry Metro Station in <a href=\"https:\/\/luggagehero.com\/montreal\/\">Montreal<\/a>, look no further! You can store your bags with one of our luggage storage locations nearby and explore <a href=\"https:\/\/luggagehero.com\/montreal\/\">Montreal<\/a> hassle-free.\r\n\r\nLuggageHero storage sites are\u00a0<a href=\"https:\/\/luggagehero.com\/about\/certified-shops\/\">certified<\/a>\u00a0hotels, cafes, and shops. Advance bookings ensure space for your bags. The address and directions to our partner shops are available at the time of booking.\u00a0All bags are sealed off with our\u00a0<a href=\"https:\/\/luggagehero.com\/about\/security-seal\/\">security seals<\/a>\u00a0ensuring each piece of luggage up to once you have dropped off your bags and started our storage timer on your booking page.\r\n\r\n<img class=\"aligncenter wp-image-5897 size-full\" src=\"https:\/\/luggagehero.com\/wp-content\/uploads\/2019\/03\/shutterstock_552885901.jpg\" sizes=\"(max-width: 1000px) 100vw, 1000px\" srcset=\"https:\/\/luggagehero.com\/wp-content\/uploads\/2019\/03\/shutterstock_552885901.jpg 1000w, https:\/\/luggagehero.com\/wp-content\/uploads\/2019\/03\/shutterstock_552885901-300x116.jpg 300w, https:\/\/luggagehero.com\/wp-content\/uploads\/2019\/03\/shutterstock_552885901-600x233.jpg 600w, https:\/\/luggagehero.com\/wp-content\/uploads\/2019\/03\/shutterstock_552885901-800x310.jpg 800w\" alt=\"Store your bags with LuggageHero and explore Montreal hassle-free\" width=\"1000\" height=\"388\" \/>\r\n<h2 style=\"text-align: center;\">Beaudry station<\/h2>\r\nThe colorful subway station Beaudry, located in the borough of Ville-Marie, in Montreal, is operated by the Soci\u00e9t\u00e9 de transport de Montr\u00e9al (STM) and serves the Green Line and it is the only one of its kind in the Metro, traversing the distance between De Maisonneuve Boulevard and Saint Catherine Street, on which it\u2019s entrance is located.\r\n\r\nWith many nearby points of interest, such as Saint-Pierre-Ap\u00f4tre Church, Sky Complex, Parc de l\u2019Espoir and a variety of cafes, bars and clubs located in the area, storing your luggage safely and with a free security seal provided will definitely make your tour around a lot easier and much more fun.","_links":{"self":[{"href":"https:\/\/luggagehero.com\/ru\/wp-json\/wp\/v2\/pages\/5906","targetHints":{"allow":["GET"]}}],"collection":[{"href":"https:\/\/luggagehero.com\/ru\/wp-json\/wp\/v2\/pages"}],"about":[{"href":"https:\/\/luggagehero.com\/ru\/wp-json\/wp\/v2\/types\/page"}],"author":[{"embeddable":true,"href":"https:\/\/luggagehero.com\/ru\/wp-json\/wp\/v2\/users\/9"}],"replies":[{"embeddable":true,"href":"https:\/\/luggagehero.com\/ru\/wp-json\/wp\/v2\/comments?post=5906"}],"version-history":[{"count":0,"href":"https:\/\/luggagehero.com\/ru\/wp-json\/wp\/v2\/pages\/5906\/revisions"}],"up":[{"embeddable":true,"href":"https:\/\/luggagehero.com\/ru\/wp-json\/wp\/v2\/pages\/5895"}],"wp:attachment":[{"href":"https:\/\/luggagehero.com\/ru\/wp-json\/wp\/v2\/media?parent=5906"}],"curies":[{"name":"wp","href":"https:\/\/api.w.org\/{rel}","templated":true}]}}